{"id":521,"date":"2021-06-12T20:20:06","date_gmt":"2021-06-12T18:20:06","guid":{"rendered":"https:\/\/agora.xtec.cat\/inseugenixammar\/?page_id=521"},"modified":"2021-09-17T23:54:21","modified_gmt":"2021-09-17T21:54:21","slug":"beques-i-ajuts","status":"publish","type":"page","link":"https:\/\/agora.xtec.cat\/inseugenixammar\/secretaria\/beques-i-ajuts\/","title":{"rendered":"Beques i ajuts"},"content":{"rendered":"<p style=\"text-align: justify;\">Una <b>beca<\/b> \u00e9s una aportaci\u00f3 monet\u00e0ria que es concedeix a aquells estudiants que no compten amb suficients recursos econ\u00f2mics per poder dur a terme els seus estudis. <sup id=\"cite_ref-1\" class=\"reference\"><\/sup><\/p>\n<p style=\"text-align: justify;\">Es tracta d&#8217;una quantitat de diners que es concedeix a una persona que cursi, acabi o completi uns estudis per tal que pugui adquirir o ampliar coneixements sense les dificultats econ\u00f2miques. El seu destinatari \u00e9s un individu concret dedicat a l&#8217;estudi en general.<\/p>\n<p>Informa&#8217;t de les Beques i els ajuts que ofereix la Generalitat en el seg\u00fcent enlla\u00e7:\u00a0<a href=\"https:\/\/educacio.gencat.cat\/ca\/serveis-tramits\/beques\/\" target=\"_blank\" rel=\"noopener\">Beques i ajuts Generalitat<\/a><\/p>\n<p>Informa&#8217;t de les Beques i els ajuts que ofereix el Govern d&#8217;Espanya en el seg\u00fcent enlla\u00e7:\u00a0<a href=\"https:\/\/www.becaseducacion.gob.es\/portada.html\" target=\"_blank\" rel=\"noopener\">Becas y ayudas del Gobierno de Espa\u00f1a<\/a><\/p>\n","protected":false},"excerpt":{"rendered":"<p>Una beca \u00e9s una aportaci\u00f3 monet\u00e0ria que es concedeix a aquells estudiants que no compten amb suficients recursos econ\u00f2mics per poder dur a terme els seus estudis.<br \/>\nEs tracta d&#8217;una quantitat de diners que es concedeix a una persona que cursi, acabi o completi uns&hellip;  <a href=\"https:\/\/agora.xtec.cat\/inseugenixammar\/secretaria\/beques-i-ajuts\/\" title=\"Read Beques i ajuts\">Llegeix m\u00e9s\u00bb<\/a><\/p>\n","protected":false},"author":1,"featured_media":0,"parent":81,"menu_order":70,"comment_status":"closed","ping_status":"closed","template":"page-templates\/side-menu.php","meta":{"_bbp_topic_count":0,"_bbp_reply_count":0,"_bbp_total_topic_count":0,"_bbp_total_reply_count":0,"_bbp_voice_count":0,"_bbp_anonymous_reply_count":0,"_bbp_topic_count_hidden":0,"_bbp_reply_count_hidden":0,"_bbp_forum_subforum_count":0,"footnotes":""},"class_list":["post-521","page","type-page","status-publish","hentry"],"post_mailing_queue_ids":[],"_links":{"self":[{"href":"https:\/\/agora.xtec.cat\/inseugenixammar\/wp-json\/wp\/v2\/pages\/521","targetHints":{"allow":["GET"]}}],"collection":[{"href":"https:\/\/agora.xtec.cat\/inseugenixammar\/wp-json\/wp\/v2\/pages"}],"about":[{"href":"https:\/\/agora.xtec.cat\/inseugenixammar\/wp-json\/wp\/v2\/types\/page"}],"author":[{"embeddable":true,"href":"https:\/\/agora.xtec.cat\/inseugenixammar\/wp-json\/wp\/v2\/users\/1"}],"replies":[{"embeddable":true,"href":"https:\/\/agora.xtec.cat\/inseugenixammar\/wp-json\/wp\/v2\/comments?post=521"}],"version-history":[{"count":3,"href":"https:\/\/agora.xtec.cat\/inseugenixammar\/wp-json\/wp\/v2\/pages\/521\/revisions"}],"predecessor-version":[{"id":1056,"href":"https:\/\/agora.xtec.cat\/inseugenixammar\/wp-json\/wp\/v2\/pages\/521\/revisions\/1056"}],"up":[{"embeddable":true,"href":"https:\/\/agora.xtec.cat\/inseugenixammar\/wp-json\/wp\/v2\/pages\/81"}],"wp:attachment":[{"href":"https:\/\/agora.xtec.cat\/inseugenixammar\/wp-json\/wp\/v2\/media?parent=521"}],"curies":[{"name":"wp","href":"https:\/\/api.w.org\/{rel}","templated":true}]}}