{"id":520,"date":"2021-06-12T20:20:06","date_gmt":"2021-06-12T18:20:06","guid":{"rendered":"https:\/\/agora.xtec.cat\/inseugenixammar\/?page_id=520"},"modified":"2026-04-08T18:09:20","modified_gmt":"2026-04-08T16:09:20","slug":"preinscripcio-i-matricula","status":"publish","type":"page","link":"https:\/\/agora.xtec.cat\/inseugenixammar\/secretaria\/preinscripcio-i-matricula\/","title":{"rendered":"Preinscripci\u00f3 i Matr\u00edcula"},"content":{"rendered":"<p class=\"font_7\">Podeu trobar tota la informaci\u00f3 referida a la preinscripci\u00f3 a qualsevol tipus d&#8217;estudi cursat a Catalunya donada pel departament d&#8217;educaci\u00f3 al seg\u00fcent enlla\u00e7:\u00a0<a href=\"http:\/\/queestudiar.gencat.cat\/ca\/preinscripcio\/\" target=\"_blank\" rel=\"noopener\">Informaci\u00f3 preinscripci\u00f3 Generalitat<\/a><\/p>\n<p class=\"font_7\">Clicant als seg\u00fcents enlla\u00e7os podeu trobar la informaci\u00f3 referida als estudis d&#8217;ESO i Batxillerat que publica el Departament d&#8217;Educaci\u00f3:<\/p>\n<p class=\"font_7\"><a href=\"https:\/\/preinscripcio.gencat.cat\/ca\/estudis\/eso\/inici\/\" target=\"_blank\" rel=\"noopener\">Preinscripci\u00f3 i matr\u00edcula ESO<\/a><\/p>\n<p class=\"font_7\"><a href=\"https:\/\/preinscripcio.gencat.cat\/ca\/estudis\/batxillerat\/inici\/\" target=\"_blank\" rel=\"noopener\">Preinscripci\u00f3 i matr\u00edcula Batxillerat<\/a><\/p>\n<p>Si voleu accedir a la informaci\u00f3 que fa p\u00fablica el nostre centre per a la preinscripci\u00f3 i matr\u00edcula al curs 2024-25, la trobareu en els seg\u00fcents enlla\u00e7os:<\/p>\n<ul>\n<li>Informaci\u00f3 Ins Eugeni Xammar &#8211; <a href=\"https:\/\/padlet.com\/a8054241\/preinscripci-i-matr-cula-eso-i-batxillerat-3ha0t5x8n8v7fj3w\" target=\"_blank\" rel=\"noopener\">ESO i Batxillerat curs 2026-27<\/a><\/li>\n<li>I aqu\u00ed podeu consultar la <a href=\"https:\/\/view.genially.com\/686a3875fd26688091bb7d8f\/presentation-25-26-reunio-families-noves-al-centre\" target=\"_blank\" rel=\"noopener\">presentaci\u00f3 per a fam\u00edlies noves al centre<\/a> i la\u00a0 <a href=\"https:\/\/docs.google.com\/document\/d\/1_sDymMzxgrRFuc285KNil8NAwjoHhIs5G85sj4oNlFA\/edit?tab=t.0\" target=\"_blank\" rel=\"noopener\"><strong>guia informativa d&#8217;aquest curs 2025\/26<\/strong><\/a><\/li>\n<\/ul>\n<h2 class=\"font_2\"><\/h2>\n","protected":false},"excerpt":{"rendered":"<p>Podeu trobar tota la informaci\u00f3 referida a la preinscripci\u00f3 a qualsevol tipus d&#8217;estudi cursat a Catalunya donada pel departament d&#8217;educaci\u00f3 al seg\u00fcent enlla\u00e7:\u00a0<a href=\"http:\/\/queestudiar.gencat.cat\/ca\/preinscripcio\/\" target=\"_blank\" rel=\"noopener\">Informaci\u00f3 preinscripci\u00f3 Generalitat<\/a><br \/>\nClicant als seg\u00fcents enlla\u00e7os podeu trobar la informaci\u00f3 referida als estudis d&#8217;ESO i Batxillerat que publica el Departament&hellip;  <a href=\"https:\/\/agora.xtec.cat\/inseugenixammar\/secretaria\/preinscripcio-i-matricula\/\" title=\"Read Preinscripci\u00f3 i Matr\u00edcula\">Llegeix m\u00e9s\u00bb<\/a><\/p>\n","protected":false},"author":1,"featured_media":0,"parent":81,"menu_order":40,"comment_status":"closed","ping_status":"closed","template":"page-templates\/side-menu.php","meta":{"_bbp_topic_count":0,"_bbp_reply_count":0,"_bbp_total_topic_count":0,"_bbp_total_reply_count":0,"_bbp_voice_count":0,"_bbp_anonymous_reply_count":0,"_bbp_topic_count_hidden":0,"_bbp_reply_count_hidden":0,"_bbp_forum_subforum_count":0,"footnotes":""},"class_list":["post-520","page","type-page","status-publish","hentry"],"post_mailing_queue_ids":[],"_links":{"self":[{"href":"https:\/\/agora.xtec.cat\/inseugenixammar\/wp-json\/wp\/v2\/pages\/520","targetHints":{"allow":["GET"]}}],"collection":[{"href":"https:\/\/agora.xtec.cat\/inseugenixammar\/wp-json\/wp\/v2\/pages"}],"about":[{"href":"https:\/\/agora.xtec.cat\/inseugenixammar\/wp-json\/wp\/v2\/types\/page"}],"author":[{"embeddable":true,"href":"https:\/\/agora.xtec.cat\/inseugenixammar\/wp-json\/wp\/v2\/users\/1"}],"replies":[{"embeddable":true,"href":"https:\/\/agora.xtec.cat\/inseugenixammar\/wp-json\/wp\/v2\/comments?post=520"}],"version-history":[{"count":6,"href":"https:\/\/agora.xtec.cat\/inseugenixammar\/wp-json\/wp\/v2\/pages\/520\/revisions"}],"predecessor-version":[{"id":4008,"href":"https:\/\/agora.xtec.cat\/inseugenixammar\/wp-json\/wp\/v2\/pages\/520\/revisions\/4008"}],"up":[{"embeddable":true,"href":"https:\/\/agora.xtec.cat\/inseugenixammar\/wp-json\/wp\/v2\/pages\/81"}],"wp:attachment":[{"href":"https:\/\/agora.xtec.cat\/inseugenixammar\/wp-json\/wp\/v2\/media?parent=520"}],"curies":[{"name":"wp","href":"https:\/\/api.w.org\/{rel}","templated":true}]}}