{"id":519,"date":"2021-06-12T20:20:06","date_gmt":"2021-06-12T18:20:06","guid":{"rendered":"https:\/\/agora.xtec.cat\/inseugenixammar\/?page_id=519"},"modified":"2025-05-28T09:40:49","modified_gmt":"2025-05-28T07:40:49","slug":"sollicitud-de-titols","status":"publish","type":"page","link":"https:\/\/agora.xtec.cat\/inseugenixammar\/secretaria\/sollicitud-de-titols\/","title":{"rendered":"Sol\u00b7licitud de t\u00edtols"},"content":{"rendered":"<h5 class=\"font_5\"><span style=\"color: #000000;\">Expedici\u00f3 de t\u00edtols<\/span><\/h5>\n<p>Des del curs 2024-25, els ciutadans o ciutadanes que tinguin dret a l&#8217;expedici\u00f3 d&#8217;un t\u00edtol de batxillerat o que ja tinguin expedit un t\u00edtol de graduat o graduada en educaci\u00f3 secund\u00e0ria obligat\u00f2ria o de batxillerat i necessitin sol\u00b7licitar-ne un duplicat o una actualitzaci\u00f3, poden fer-ho a trav\u00e9s del seg\u00fcent enlla\u00e7:<\/p>\n<div>\n<p>\u00a0<a href=\"https:\/\/objenv.gencat.cat\/v4\/public\/estadisticas\/link\/gencat_educacio\/1870\/1\/8603\/afeffcde9d851a8ea964abd7ddaccfaa\/\" target=\"_blank\" rel=\"noopener\" data-saferedirecturl=\"https:\/\/www.google.com\/url?q=https:\/\/objenv.gencat.cat\/v4\/public\/estadisticas\/link\/gencat_educacio\/1870\/1\/8603\/afeffcde9d851a8ea964abd7ddaccfaa\/&amp;source=gmail&amp;ust=1748502972711000&amp;usg=AOvVaw2Zcp8gh1lym72aQrWBrLkC\">Tramitaci\u00f3 de t\u00edtols acad\u00e8mics i professionals no universitaris<\/a><\/p>\n<\/div>\n<h5><\/h5>\n<h5 class=\"font_5\"><span style=\"color: #000000;\">T\u00edtol de Graduat en ESO<\/span><\/h5>\n<p class=\"font_7\" style=\"text-align: justify;\">El t\u00edtol de Graduat en ESO, quan es tramita per primera vegada, \u00e9s el centre que el tramita autom\u00e0ticament.<\/p>\n","protected":false},"excerpt":{"rendered":"<p>Expedici\u00f3 de t\u00edtols<br \/>\nDes del curs 2024-25, els ciutadans o ciutadanes que tinguin dret a l&#8217;expedici\u00f3 d&#8217;un t\u00edtol de batxillerat o que ja tinguin expedit un t\u00edtol de graduat o graduada en educaci\u00f3 secund\u00e0ria obligat\u00f2ria o de batxillerat i necessitin sol\u00b7licitar-ne un duplicat o una actualitzaci\u00f3,&hellip;  <a href=\"https:\/\/agora.xtec.cat\/inseugenixammar\/secretaria\/sollicitud-de-titols\/\" title=\"Read Sol\u00b7licitud de t\u00edtols\">Llegeix m\u00e9s\u00bb<\/a><\/p>\n","protected":false},"author":1,"featured_media":0,"parent":81,"menu_order":45,"comment_status":"closed","ping_status":"closed","template":"page-templates\/side-menu.php","meta":{"_bbp_topic_count":0,"_bbp_reply_count":0,"_bbp_total_topic_count":0,"_bbp_total_reply_count":0,"_bbp_voice_count":0,"_bbp_anonymous_reply_count":0,"_bbp_topic_count_hidden":0,"_bbp_reply_count_hidden":0,"_bbp_forum_subforum_count":0,"footnotes":""},"class_list":["post-519","page","type-page","status-publish","hentry"],"post_mailing_queue_ids":[],"_links":{"self":[{"href":"https:\/\/agora.xtec.cat\/inseugenixammar\/wp-json\/wp\/v2\/pages\/519","targetHints":{"allow":["GET"]}}],"collection":[{"href":"https:\/\/agora.xtec.cat\/inseugenixammar\/wp-json\/wp\/v2\/pages"}],"about":[{"href":"https:\/\/agora.xtec.cat\/inseugenixammar\/wp-json\/wp\/v2\/types\/page"}],"author":[{"embeddable":true,"href":"https:\/\/agora.xtec.cat\/inseugenixammar\/wp-json\/wp\/v2\/users\/1"}],"replies":[{"embeddable":true,"href":"https:\/\/agora.xtec.cat\/inseugenixammar\/wp-json\/wp\/v2\/comments?post=519"}],"version-history":[{"count":5,"href":"https:\/\/agora.xtec.cat\/inseugenixammar\/wp-json\/wp\/v2\/pages\/519\/revisions"}],"predecessor-version":[{"id":3747,"href":"https:\/\/agora.xtec.cat\/inseugenixammar\/wp-json\/wp\/v2\/pages\/519\/revisions\/3747"}],"up":[{"embeddable":true,"href":"https:\/\/agora.xtec.cat\/inseugenixammar\/wp-json\/wp\/v2\/pages\/81"}],"wp:attachment":[{"href":"https:\/\/agora.xtec.cat\/inseugenixammar\/wp-json\/wp\/v2\/media?parent=519"}],"curies":[{"name":"wp","href":"https:\/\/api.w.org\/{rel}","templated":true}]}}