{"id":518,"date":"2021-06-12T20:20:06","date_gmt":"2021-06-12T18:20:06","guid":{"rendered":"https:\/\/agora.xtec.cat\/inseugenixammar\/?page_id=518"},"modified":"2021-08-05T08:49:44","modified_gmt":"2021-08-05T06:49:44","slug":"certificats","status":"publish","type":"page","link":"https:\/\/agora.xtec.cat\/inseugenixammar\/secretaria\/certificats\/","title":{"rendered":"Certificats"},"content":{"rendered":"<h5 class=\"font_5\">Certificat de coneixements de catal\u00e0<\/h5>\n<p class=\"font_7\">Requeriments:<\/p>\n<ul class=\"font_2\">\n<li>\n<p class=\"font_7\">Escolaritzaci\u00f3 complerta a Catalunya (des de l\u2019EGB o Prim\u00e0ria).<\/p>\n<\/li>\n<li>\n<p class=\"font_7\">No haver estat exempt de catal\u00e0.<\/p>\n<\/li>\n<li>\n<p class=\"font_7\">Inici de l\u2019escolaritzaci\u00f3 a partir del curs 78-79 (incl\u00f2s).<\/p>\n<\/li>\n<li>\n<p class=\"font_7\">Els estudis han de ser presencials en la seva totalitat.<\/p>\n<\/li>\n<\/ul>\n<p class=\"font_7\"><a href=\"https:\/\/8fa43146-21a5-4dfb-a743-383e18fe4a03.filesusr.com\/ugd\/44d33e_28e9f4129f64427d9df59d958fb16812.pdf\" target=\"_blank\" rel=\"noopener\">Descarregar document<\/a><\/p>\n<p><strong>Taules de requisits<\/strong><\/p>\n<table style=\"border-collapse: collapse; width: 100%;\">\n<tbody>\n<tr>\n<td style=\"width: 33.3333%;\"><strong>Nivell de sufici\u00e8ncia C<\/strong><\/td>\n<td style=\"width: 33.3333%;\"><strong>Haver estudiat a Catalunya<\/strong><\/td>\n<td style=\"width: 33.3333%;\"><strong>Documents que cal presentar<\/strong><\/td>\n<\/tr>\n<tr>\n<td style=\"width: 33.3333%;\">T\u00edtol BUP<\/td>\n<td style=\"width: 33.3333%;\">EGB i BUP<\/td>\n<td style=\"width: 33.3333%;\">DNI, llibre EGB i BUP<\/td>\n<\/tr>\n<tr>\n<td style=\"width: 33.3333%;\">T\u00edtol FP II<\/td>\n<td style=\"width: 33.3333%;\">EGB, FP I i II<\/td>\n<td style=\"width: 33.3333%;\">DNI, llibre EGB i certificat d&#8217;estudis d&#8217;FP I i II<\/td>\n<\/tr>\n<tr>\n<td style=\"width: 33.3333%;\">Batxillerat<\/td>\n<td style=\"width: 33.3333%;\">Almenys 3 cursos de prim\u00e0ria i 5 entre ESO i batxillerat<\/td>\n<td style=\"width: 33.3333%;\">DNI, llibre ESO i llibre de batx.<\/td>\n<\/tr>\n<tr>\n<td style=\"width: 33.3333%;\">ESO<\/td>\n<td style=\"width: 33.3333%;\">Almenys 3 cursos de prim\u00e0ria i tota la ESO i a partir del curs 07\/08, el catal\u00e0 aprovat.<\/td>\n<td style=\"width: 33.3333%;\">DNI i llibre d&#8217;ESO<\/td>\n<\/tr>\n<\/tbody>\n<\/table>\n<table style=\"border-collapse: collapse; width: 100%;\">\n<tbody>\n<tr>\n<td style=\"width: 33.3333%;\"><strong>Nivell intermedi\u00a0 B<\/strong><\/td>\n<td style=\"width: 33.3333%;\"><strong>Haver estudiat a Catalunya<\/strong><\/td>\n<td style=\"width: 33.3333%;\"><strong>Documents que cal presentar<\/strong><\/td>\n<\/tr>\n<tr>\n<td style=\"width: 33.3333%;\">EGB<\/td>\n<td style=\"width: 33.3333%;\">EGB<\/td>\n<td style=\"width: 33.3333%;\">DNI i llibre EGB<\/td>\n<\/tr>\n<tr>\n<td style=\"width: 33.3333%;\">FP I<\/td>\n<td style=\"width: 33.3333%;\">FP I<\/td>\n<td style=\"width: 33.3333%;\">DNI, llibre EGB i certificat d&#8217;estudis d&#8217;FP I<\/td>\n<\/tr>\n<\/tbody>\n<\/table>\n<p class=\"font_7\">\n<p class=\"font_7\">\n<p class=\"font_7\">\n<p class=\"font_7\">\n<p class=\"font_7\">\n<p class=\"font_7\">\n<p class=\"font_7\">\n<p class=\"font_7\">\n<p class=\"font_7\">\n<p class=\"font_7\">\n<p class=\"font_7\">\n<p class=\"font_7\">\n<p class=\"font_7\">\n<p class=\"font_7\">\n<p class=\"font_7\">\n<p class=\"font_7\">\n<h5 class=\"font_5\">Altres certificacions<\/h5>\n<p class=\"font_7\">Per a qualsevol altre tipus de certificaci\u00f3, cal omplir la seg\u00fcent petici\u00f3 de certificat i enviar-la\u00a0 per correu electr\u00f2nic, a la direcci\u00f3\u00a0<a href=\"mailto:secretariaeugenixammar@gmail.com\" target=\"_self\" rel=\"noopener\">secretaria@inseugenixammar.cat<\/a>, o portar-la a secretaria.<\/p>\n<p class=\"font_7\"><a href=\"https:\/\/8fa43146-21a5-4dfb-a743-383e18fe4a03.filesusr.com\/ugd\/44d33e_cbd7f986d8604c8983c93409cf93e1f8.pdf\" target=\"_blank\" rel=\"noopener\">Descarregar document<\/a><\/p>\n","protected":false},"excerpt":{"rendered":"<p>Certificat de coneixements de catal\u00e0<br \/>\nRequeriments:<\/p>\n<ul class=\"font_2\">\n<li>\nEscolaritzaci\u00f3 complerta a Catalunya (des de l\u2019EGB o Prim\u00e0ria).\n<\/li>\n<li>\nNo haver estat exempt de catal\u00e0.\n<\/li>\n<li>\nInici de l\u2019escolaritzaci\u00f3 a partir del curs 78-79 (incl\u00f2s).\n<\/li>\n<li>\nEls estudis han de ser presencials en la seva totalitat.\n<\/li>\n<\/ul>\n<p><a href=\"https:\/\/8fa43146-21a5-4dfb-a743-383e18fe4a03.filesusr.com\/ugd\/44d33e_28e9f4129f64427d9df59d958fb16812.pdf\" target=\"_blank\" rel=\"noopener\">Descarregar document<\/a><br \/>\nTaules de requisits<\/p>\n<p>Nivell de sufici\u00e8ncia C<br \/>\nHaver&hellip;  <a href=\"https:\/\/agora.xtec.cat\/inseugenixammar\/secretaria\/certificats\/\" title=\"Read Certificats\">Llegeix m\u00e9s\u00bb<\/a><\/p>\n","protected":false},"author":1,"featured_media":0,"parent":81,"menu_order":30,"comment_status":"closed","ping_status":"closed","template":"page-templates\/side-menu.php","meta":{"_bbp_topic_count":0,"_bbp_reply_count":0,"_bbp_total_topic_count":0,"_bbp_total_reply_count":0,"_bbp_voice_count":0,"_bbp_anonymous_reply_count":0,"_bbp_topic_count_hidden":0,"_bbp_reply_count_hidden":0,"_bbp_forum_subforum_count":0,"footnotes":""},"class_list":["post-518","page","type-page","status-publish","hentry"],"post_mailing_queue_ids":[],"_links":{"self":[{"href":"https:\/\/agora.xtec.cat\/inseugenixammar\/wp-json\/wp\/v2\/pages\/518","targetHints":{"allow":["GET"]}}],"collection":[{"href":"https:\/\/agora.xtec.cat\/inseugenixammar\/wp-json\/wp\/v2\/pages"}],"about":[{"href":"https:\/\/agora.xtec.cat\/inseugenixammar\/wp-json\/wp\/v2\/types\/page"}],"author":[{"embeddable":true,"href":"https:\/\/agora.xtec.cat\/inseugenixammar\/wp-json\/wp\/v2\/users\/1"}],"replies":[{"embeddable":true,"href":"https:\/\/agora.xtec.cat\/inseugenixammar\/wp-json\/wp\/v2\/comments?post=518"}],"version-history":[{"count":3,"href":"https:\/\/agora.xtec.cat\/inseugenixammar\/wp-json\/wp\/v2\/pages\/518\/revisions"}],"predecessor-version":[{"id":1072,"href":"https:\/\/agora.xtec.cat\/inseugenixammar\/wp-json\/wp\/v2\/pages\/518\/revisions\/1072"}],"up":[{"embeddable":true,"href":"https:\/\/agora.xtec.cat\/inseugenixammar\/wp-json\/wp\/v2\/pages\/81"}],"wp:attachment":[{"href":"https:\/\/agora.xtec.cat\/inseugenixammar\/wp-json\/wp\/v2\/media?parent=518"}],"curies":[{"name":"wp","href":"https:\/\/api.w.org\/{rel}","templated":true}]}}