{"id":3886,"date":"2025-10-22T17:31:18","date_gmt":"2025-10-22T15:31:18","guid":{"rendered":"https:\/\/agora.xtec.cat\/inseugenixammar\/?page_id=3886"},"modified":"2026-01-15T17:11:11","modified_gmt":"2026-01-15T16:11:11","slug":"agendes-virtuals","status":"publish","type":"page","link":"https:\/\/agora.xtec.cat\/inseugenixammar\/1r-eso\/agendes-virtuals\/","title":{"rendered":"Agendes Virtuals"},"content":{"rendered":"<p>Aquest recurs est\u00e0 pensat per facilitar el seguiment a aquelles fam\u00edlies d&#8217;alumnes amb necessitats espec\u00edfiques d&#8217;organitzaci\u00f3 o que puguin presentar m\u00e9s dificultats en aquest inici d&#8217;etapa. En cap cas \u00e9s recomanable que la utilitzin els alumnes, ja que considerem que han de ser prou responsables per portar al dia la seva agenda en paper per s\u00ed sols.<\/p>\n<p>Les agendes de cada grup les actualitzen alumnes de 1r ESO cada dia a les 11h30, ho fan el millor que poden, per\u00f2 poden tenir descuits. <strong><span style=\"color: #993300;\">Si algun dia hi ha algun error, aquest no eximir\u00e0 de portar els deures fets.<\/span><\/strong><\/p>\n<table style=\"border-collapse: collapse; width: 100%;\">\n<tbody>\n<tr>\n<td style=\"width: 25%; text-align: center;\"><a href=\"https:\/\/agora.xtec.cat\/inseugenixammar\/1r-eso\/agendes-virtuals\/agenda-virtual-1r-eso-a\/\" target=\"_blank\" rel=\"noopener\"><img loading=\"lazy\" decoding=\"async\" class=\"alignnone wp-image-3887 size-full\" src=\"https:\/\/agora.xtec.cat\/inseugenixammar\/wp-content\/uploads\/usu2541\/2025\/10\/agenda-1r-A.png\" alt=\"\" width=\"353\" height=\"348\" srcset=\"https:\/\/agora.xtec.cat\/inseugenixammar\/wp-content\/uploads\/usu2541\/2025\/10\/agenda-1r-A.png 353w, https:\/\/agora.xtec.cat\/inseugenixammar\/wp-content\/uploads\/usu2541\/2025\/10\/agenda-1r-A-300x296.png 300w\" sizes=\"auto, (max-width: 353px) 100vw, 353px\" \/><\/a><\/td>\n<td style=\"width: 25%; text-align: center;\"><a href=\"https:\/\/agora.xtec.cat\/inseugenixammar\/1r-eso\/agendes-virtuals\/agenda-virtual-1r-eso-b\/\" target=\"_blank\" rel=\"noopener\"><img loading=\"lazy\" decoding=\"async\" class=\"alignnone wp-image-3891 size-full\" src=\"https:\/\/agora.xtec.cat\/inseugenixammar\/wp-content\/uploads\/usu2541\/2025\/10\/agenda-1r-B-1.png\" alt=\"\" width=\"346\" height=\"341\" srcset=\"https:\/\/agora.xtec.cat\/inseugenixammar\/wp-content\/uploads\/usu2541\/2025\/10\/agenda-1r-B-1.png 346w, https:\/\/agora.xtec.cat\/inseugenixammar\/wp-content\/uploads\/usu2541\/2025\/10\/agenda-1r-B-1-300x296.png 300w\" sizes=\"auto, (max-width: 346px) 100vw, 346px\" \/><\/a><\/td>\n<td style=\"width: 25%; text-align: center;\"><a href=\"https:\/\/agora.xtec.cat\/inseugenixammar\/1r-eso\/agendes-virtuals\/agenda-virtual-1r-eso-c\/\" target=\"_blank\" rel=\"noopener\"><img loading=\"lazy\" decoding=\"async\" class=\"alignnone wp-image-3889 size-full\" src=\"https:\/\/agora.xtec.cat\/inseugenixammar\/wp-content\/uploads\/usu2541\/2025\/10\/agenda-1r-C.png\" alt=\"\" width=\"358\" height=\"344\" srcset=\"https:\/\/agora.xtec.cat\/inseugenixammar\/wp-content\/uploads\/usu2541\/2025\/10\/agenda-1r-C.png 358w, https:\/\/agora.xtec.cat\/inseugenixammar\/wp-content\/uploads\/usu2541\/2025\/10\/agenda-1r-C-300x288.png 300w\" sizes=\"auto, (max-width: 358px) 100vw, 358px\" \/><\/a><\/td>\n<td style=\"width: 25%; text-align: center;\"><a href=\"https:\/\/agora.xtec.cat\/inseugenixammar\/1r-eso\/agendes-virtuals\/agenda-virtual-1r-eso-d\/\" target=\"_blank\" rel=\"noopener\"><img loading=\"lazy\" decoding=\"async\" class=\"alignnone wp-image-3890 size-full\" src=\"https:\/\/agora.xtec.cat\/inseugenixammar\/wp-content\/uploads\/usu2541\/2025\/10\/agenda-1r-D.png\" alt=\"\" width=\"350\" height=\"344\" srcset=\"https:\/\/agora.xtec.cat\/inseugenixammar\/wp-content\/uploads\/usu2541\/2025\/10\/agenda-1r-D.png 350w, https:\/\/agora.xtec.cat\/inseugenixammar\/wp-content\/uploads\/usu2541\/2025\/10\/agenda-1r-D-300x295.png 300w\" sizes=\"auto, (max-width: 350px) 100vw, 350px\" \/><\/a><\/td>\n<\/tr>\n<\/tbody>\n<\/table>\n","protected":false},"excerpt":{"rendered":"<p>Aquest recurs est\u00e0 pensat per facilitar el seguiment a aquelles fam\u00edlies d&#8217;alumnes amb necessitats espec\u00edfiques d&#8217;organitzaci\u00f3 o que puguin presentar m\u00e9s dificultats en aquest inici d&#8217;etapa. En cap cas \u00e9s recomanable que la utilitzin els alumnes, ja que considerem que han de ser prou responsables&hellip;  <a href=\"https:\/\/agora.xtec.cat\/inseugenixammar\/1r-eso\/agendes-virtuals\/\" title=\"Read Agendes Virtuals\">Llegeix m\u00e9s\u00bb<\/a><\/p>\n","protected":false},"author":1,"featured_media":0,"parent":1112,"menu_order":0,"comment_status":"closed","ping_status":"closed","template":"page-templates\/side-menu.php","meta":{"_bbp_topic_count":0,"_bbp_reply_count":0,"_bbp_total_topic_count":0,"_bbp_total_reply_count":0,"_bbp_voice_count":0,"_bbp_anonymous_reply_count":0,"_bbp_topic_count_hidden":0,"_bbp_reply_count_hidden":0,"_bbp_forum_subforum_count":0,"footnotes":""},"class_list":["post-3886","page","type-page","status-publish","hentry"],"post_mailing_queue_ids":[],"_links":{"self":[{"href":"https:\/\/agora.xtec.cat\/inseugenixammar\/wp-json\/wp\/v2\/pages\/3886","targetHints":{"allow":["GET"]}}],"collection":[{"href":"https:\/\/agora.xtec.cat\/inseugenixammar\/wp-json\/wp\/v2\/pages"}],"about":[{"href":"https:\/\/agora.xtec.cat\/inseugenixammar\/wp-json\/wp\/v2\/types\/page"}],"author":[{"embeddable":true,"href":"https:\/\/agora.xtec.cat\/inseugenixammar\/wp-json\/wp\/v2\/users\/1"}],"replies":[{"embeddable":true,"href":"https:\/\/agora.xtec.cat\/inseugenixammar\/wp-json\/wp\/v2\/comments?post=3886"}],"version-history":[{"count":7,"href":"https:\/\/agora.xtec.cat\/inseugenixammar\/wp-json\/wp\/v2\/pages\/3886\/revisions"}],"predecessor-version":[{"id":3971,"href":"https:\/\/agora.xtec.cat\/inseugenixammar\/wp-json\/wp\/v2\/pages\/3886\/revisions\/3971"}],"up":[{"embeddable":true,"href":"https:\/\/agora.xtec.cat\/inseugenixammar\/wp-json\/wp\/v2\/pages\/1112"}],"wp:attachment":[{"href":"https:\/\/agora.xtec.cat\/inseugenixammar\/wp-json\/wp\/v2\/media?parent=3886"}],"curies":[{"name":"wp","href":"https:\/\/api.w.org\/{rel}","templated":true}]}}