{"id":3615,"date":"2025-01-08T20:11:22","date_gmt":"2025-01-08T19:11:22","guid":{"rendered":"https:\/\/agora.xtec.cat\/inseugenixammar\/?page_id=3615"},"modified":"2026-03-24T13:07:40","modified_gmt":"2026-03-24T12:07:40","slug":"obtencio-titol-geso","status":"publish","type":"page","link":"https:\/\/agora.xtec.cat\/inseugenixammar\/secretaria\/obtencio-titol-geso\/","title":{"rendered":"Informaci\u00f3 proves GESO"},"content":{"rendered":"<p>Els alumnes que no obtenen el t\u00edtol de graduat o graduada en educaci\u00f3 secund\u00e0ria obligat\u00f2ria en finalitzar l&#8217;etapa es poden presentar a la prova que els centres organitzen el mes de mar\u00e7 de cada any.<\/p>\n<p><a href=\"https:\/\/docs.google.com\/document\/d\/1au1Tse392eBijG6A5EnjZRjuTuPRCkwX8OyAk8NA3Sw\/edit?usp=sharing\" target=\"_blank\" rel=\"noopener\">INFORMACIONS PROVES GESO 25\/26<\/a><\/p>\n","protected":false},"excerpt":{"rendered":"<p>Els alumnes que no obtenen el t\u00edtol de graduat o graduada en educaci\u00f3 secund\u00e0ria obligat\u00f2ria en finalitzar l&#8217;etapa es poden presentar a la prova que els centres organitzen el mes de mar\u00e7 de cada any.<br \/>\n<a href=\"https:\/\/docs.google.com\/document\/d\/1au1Tse392eBijG6A5EnjZRjuTuPRCkwX8OyAk8NA3Sw\/edit?usp=sharing\" target=\"_blank\" rel=\"noopener\">INFORMACIONS PROVES GESO 25\/26<\/a><\/p>\n","protected":false},"author":5,"featured_media":0,"parent":81,"menu_order":68,"comment_status":"closed","ping_status":"closed","template":"page-templates\/side-menu.php","meta":{"_bbp_topic_count":0,"_bbp_reply_count":0,"_bbp_total_topic_count":0,"_bbp_total_reply_count":0,"_bbp_voice_count":0,"_bbp_anonymous_reply_count":0,"_bbp_topic_count_hidden":0,"_bbp_reply_count_hidden":0,"_bbp_forum_subforum_count":0,"footnotes":""},"class_list":["post-3615","page","type-page","status-publish","hentry"],"post_mailing_queue_ids":[],"_links":{"self":[{"href":"https:\/\/agora.xtec.cat\/inseugenixammar\/wp-json\/wp\/v2\/pages\/3615","targetHints":{"allow":["GET"]}}],"collection":[{"href":"https:\/\/agora.xtec.cat\/inseugenixammar\/wp-json\/wp\/v2\/pages"}],"about":[{"href":"https:\/\/agora.xtec.cat\/inseugenixammar\/wp-json\/wp\/v2\/types\/page"}],"author":[{"embeddable":true,"href":"https:\/\/agora.xtec.cat\/inseugenixammar\/wp-json\/wp\/v2\/users\/5"}],"replies":[{"embeddable":true,"href":"https:\/\/agora.xtec.cat\/inseugenixammar\/wp-json\/wp\/v2\/comments?post=3615"}],"version-history":[{"count":4,"href":"https:\/\/agora.xtec.cat\/inseugenixammar\/wp-json\/wp\/v2\/pages\/3615\/revisions"}],"predecessor-version":[{"id":3992,"href":"https:\/\/agora.xtec.cat\/inseugenixammar\/wp-json\/wp\/v2\/pages\/3615\/revisions\/3992"}],"up":[{"embeddable":true,"href":"https:\/\/agora.xtec.cat\/inseugenixammar\/wp-json\/wp\/v2\/pages\/81"}],"wp:attachment":[{"href":"https:\/\/agora.xtec.cat\/inseugenixammar\/wp-json\/wp\/v2\/media?parent=3615"}],"curies":[{"name":"wp","href":"https:\/\/api.w.org\/{rel}","templated":true}]}}