{"id":3452,"date":"2024-08-09T20:54:15","date_gmt":"2024-08-09T18:54:15","guid":{"rendered":"https:\/\/agora.xtec.cat\/inseugenixammar\/?page_id=3452"},"modified":"2024-08-09T20:54:26","modified_gmt":"2024-08-09T18:54:26","slug":"punt-lila-3","status":"publish","type":"page","link":"https:\/\/agora.xtec.cat\/inseugenixammar\/punt-lila-3\/","title":{"rendered":"Punt Lila"},"content":{"rendered":"<p>Logotip guanyador per a representar a la comissi\u00f3 lila del centre:<\/p>\n<p><a href=\"https:\/\/agora.xtec.cat\/inseugenixammar\/wp-content\/uploads\/usu2541\/2024\/08\/logo-comissio-lila.jpg\"><br \/>\n<img loading=\"lazy\" decoding=\"async\" class=\"wp-image-3453 aligncenter\" src=\"https:\/\/agora.xtec.cat\/inseugenixammar\/wp-content\/uploads\/usu2541\/2024\/08\/logo-comissio-lila.jpg\" alt=\"\" width=\"210\" height=\"253\" srcset=\"https:\/\/agora.xtec.cat\/inseugenixammar\/wp-content\/uploads\/usu2541\/2024\/08\/logo-comissio-lila.jpg 345w, https:\/\/agora.xtec.cat\/inseugenixammar\/wp-content\/uploads\/usu2541\/2024\/08\/logo-comissio-lila-249x300.jpg 249w\" sizes=\"auto, (max-width: 210px) 100vw, 210px\" \/><\/a><\/p>\n<p>&nbsp;<\/p>\n<p style=\"text-align: center;\"><span style=\"color: #ff0000;\">Aquesta p\u00e0gina est\u00e0 en construcci\u00f3. Disculpeu les mol\u00e8sties!<\/span><\/p>\n","protected":false},"excerpt":{"rendered":"<p>Logotip guanyador per a representar a la comissi\u00f3 lila del centre:<br \/>\n<a href=\"https:\/\/agora.xtec.cat\/inseugenixammar\/wp-content\/uploads\/usu2541\/2024\/08\/logo-comissio-lila.jpg\"><br \/>\n<\/a><br \/>\n&nbsp;<br \/>\nAquesta p\u00e0gina est\u00e0 en construcci\u00f3. Disculpeu les mol\u00e8sties!<\/p>\n","protected":false},"author":1,"featured_media":0,"parent":0,"menu_order":0,"comment_status":"closed","ping_status":"closed","template":"page-templates\/side-menu.php","meta":{"_bbp_topic_count":0,"_bbp_reply_count":0,"_bbp_total_topic_count":0,"_bbp_total_reply_count":0,"_bbp_voice_count":0,"_bbp_anonymous_reply_count":0,"_bbp_topic_count_hidden":0,"_bbp_reply_count_hidden":0,"_bbp_forum_subforum_count":0,"footnotes":""},"class_list":["post-3452","page","type-page","status-publish","hentry"],"post_mailing_queue_ids":[],"_links":{"self":[{"href":"https:\/\/agora.xtec.cat\/inseugenixammar\/wp-json\/wp\/v2\/pages\/3452","targetHints":{"allow":["GET"]}}],"collection":[{"href":"https:\/\/agora.xtec.cat\/inseugenixammar\/wp-json\/wp\/v2\/pages"}],"about":[{"href":"https:\/\/agora.xtec.cat\/inseugenixammar\/wp-json\/wp\/v2\/types\/page"}],"author":[{"embeddable":true,"href":"https:\/\/agora.xtec.cat\/inseugenixammar\/wp-json\/wp\/v2\/users\/1"}],"replies":[{"embeddable":true,"href":"https:\/\/agora.xtec.cat\/inseugenixammar\/wp-json\/wp\/v2\/comments?post=3452"}],"version-history":[{"count":2,"href":"https:\/\/agora.xtec.cat\/inseugenixammar\/wp-json\/wp\/v2\/pages\/3452\/revisions"}],"predecessor-version":[{"id":3455,"href":"https:\/\/agora.xtec.cat\/inseugenixammar\/wp-json\/wp\/v2\/pages\/3452\/revisions\/3455"}],"wp:attachment":[{"href":"https:\/\/agora.xtec.cat\/inseugenixammar\/wp-json\/wp\/v2\/media?parent=3452"}],"curies":[{"name":"wp","href":"https:\/\/api.w.org\/{rel}","templated":true}]}}