{"id":2970,"date":"2024-02-06T23:34:48","date_gmt":"2024-02-06T22:34:48","guid":{"rendered":"https:\/\/agora.xtec.cat\/inseugenixammar\/?page_id=2970"},"modified":"2024-02-06T23:36:30","modified_gmt":"2024-02-06T22:36:30","slug":"erasmus-plus-2020-2023","status":"publish","type":"page","link":"https:\/\/agora.xtec.cat\/inseugenixammar\/erasmus-plus-2020-2023\/","title":{"rendered":"Erasmus plus 2020-2023"},"content":{"rendered":"<p>&nbsp;<\/p>\n<p><a href=\"https:\/\/agora.xtec.cat\/inseugenixammar\/wp-content\/uploads\/usu2541\/2021\/07\/ERASMUS01.jpg\"><img loading=\"lazy\" decoding=\"async\" class=\" wp-image-788 alignleft\" src=\"https:\/\/agora.xtec.cat\/inseugenixammar\/wp-content\/uploads\/usu2541\/2021\/07\/ERASMUS01-1024x609.jpg\" alt=\"\" width=\"240\" height=\"143\" srcset=\"https:\/\/agora.xtec.cat\/inseugenixammar\/wp-content\/uploads\/usu2541\/2021\/07\/ERASMUS01-1024x609.jpg 1024w, https:\/\/agora.xtec.cat\/inseugenixammar\/wp-content\/uploads\/usu2541\/2021\/07\/ERASMUS01-300x178.jpg 300w, https:\/\/agora.xtec.cat\/inseugenixammar\/wp-content\/uploads\/usu2541\/2021\/07\/ERASMUS01-768x457.jpg 768w\" sizes=\"auto, (max-width: 240px) 100vw, 240px\" \/><\/a><\/p>\n<p class=\"western\" align=\"justify\"><span lang=\"ca-ES\">Durant els cursos 2020-21 a 2022-23 l&#8217;Institut participa per segona vegada com a soci en un projecte dins el programa europeu Erasmus+, juntament amb quatre altres centres educatius d\u2019ensenyament secundari d&#8217;Alemanya, Dinamarca i Isl\u00e0ndia. Al llarg d\u2019aquests tres anys hi ha previstes trobades de professorat i alumnat d&#8217;aquests centres, condicionades per l\u2019actual situaci\u00f3 pand\u00e8mica. <\/span><\/p>\n<p class=\"western\" align=\"justify\"><span lang=\"ca-ES\">\u00a0El t\u00edtol del projecte \u00e9s <\/span><span lang=\"ca-ES\"><i>&#8220;The planet needs you: facts,<\/i><\/span><img loading=\"lazy\" decoding=\"async\" class=\"wp-image-785 alignright\" src=\"https:\/\/agora.xtec.cat\/inseugenixammar\/wp-content\/uploads\/usu2541\/2021\/07\/ERASMUS00-768x1024.jpg\" alt=\"\" width=\"247\" height=\"330\" srcset=\"https:\/\/agora.xtec.cat\/inseugenixammar\/wp-content\/uploads\/usu2541\/2021\/07\/ERASMUS00.jpg 768w, https:\/\/agora.xtec.cat\/inseugenixammar\/wp-content\/uploads\/usu2541\/2021\/07\/ERASMUS00-225x300.jpg 225w\" sizes=\"auto, (max-width: 247px) 100vw, 247px\" \/><span lang=\"ca-ES\"><i> activities and hope&#8221;, <\/i><\/span><span lang=\"ca-ES\">i el seu objectiu \u00e9s la <\/span><span lang=\"ca-ES\">recerca sobre el canvi clim\u00e0tic a l\u2019entorn dels cinc centres educatius participants. A tal <\/span><span lang=\"ca-ES\">efecte, es recolliran dades que demostrin la seva realitat i l\u2019abast del seu impacte, i es comprovar\u00e0 quines accions s\u2019estan fent a nivell social, institucional i empresarial per mitigar-lo.<\/span><\/p>\n<p class=\"western\" align=\"justify\"><span lang=\"ca-ES\">La primera reuni\u00f3 virtual de professorat es va organitzar del 15 al 17 de Setembre de 2020 des de la Franz-Stock-Realschule de H\u00f6velhof (Alemanya), que \u00e9s el centre coordinador del projecte. Durant el curs passat, tamb\u00e9 hi va haver dues trobades virtuals de l\u2019alumnat participant.<\/span><\/p>\n<p style=\"text-align: justify;\"><a href=\"https:\/\/agora.xtec.cat\/inseugenixammar\/wp-content\/uploads\/usu2541\/2021\/07\/ERASMUS02.jpg\"><img loading=\"lazy\" decoding=\"async\" class=\"wp-image-784 alignright\" src=\"https:\/\/agora.xtec.cat\/inseugenixammar\/wp-content\/uploads\/usu2541\/2021\/07\/ERASMUS02-1024x768.jpg\" alt=\"\" width=\"281\" height=\"210\" srcset=\"https:\/\/agora.xtec.cat\/inseugenixammar\/wp-content\/uploads\/usu2541\/2021\/07\/ERASMUS02-1024x768.jpg 1024w, https:\/\/agora.xtec.cat\/inseugenixammar\/wp-content\/uploads\/usu2541\/2021\/07\/ERASMUS02-300x225.jpg 300w, https:\/\/agora.xtec.cat\/inseugenixammar\/wp-content\/uploads\/usu2541\/2021\/07\/ERASMUS02-768x576.jpg 768w, https:\/\/agora.xtec.cat\/inseugenixammar\/wp-content\/uploads\/usu2541\/2021\/07\/ERASMUS02-200x150.jpg 200w\" sizes=\"auto, (max-width: 281px) 100vw, 281px\" \/><\/a><\/p>\n<p class=\"western\" align=\"justify\"><span lang=\"ca-ES\">La primera activitat presencial est\u00e0 prevista pel Novembre\/Desembre de 2021 a la Oestbirk Skole de Dinamarca. A l\u2019Institut Eugeni Xammar esperem rebre els nostres companys europeus el Gener\/Febrer de 2022 i la resta de trobades es faran, si no hi ha cap altre imprevist, segons el calendari seg\u00fcent:<\/span><\/p>\n<p>&nbsp;<\/p>\n<table width=\"805\" cellspacing=\"0\" cellpadding=\"6\">\n<tbody>\n<tr valign=\"top\">\n<td style=\"background: #afcff3;\" bgcolor=\"#afcff3\" width=\"542\">\n<h3 class=\"western\" lang=\"ca-ES\" align=\"justify\"><span style=\"font-family: Calibri, serif;\"><span style=\"font-size: medium;\"><b>CENTRE EDUCATIU SOCI DEL PROJECTE<\/b><\/span><\/span><\/h3>\n<\/td>\n<td style=\"background: #afcff3;\" bgcolor=\"#afcff3\" width=\"237\">\n<h3 class=\"western\" lang=\"ca-ES\" align=\"justify\"><span style=\"font-family: Calibri, serif;\"><span style=\"font-size: medium;\"><b>DATES DE L\u2019ACTIVITAT<\/b><\/span><\/span><\/h3>\n<\/td>\n<\/tr>\n<tr valign=\"top\">\n<td width=\"542\">\n<p class=\"western\" lang=\"ca-ES\" align=\"justify\"><a href=\"https:\/\/oestbirk-skole.aula.dk\/\" target=\"_blank\" rel=\"noopener\"><span style=\"color: #222222;\"><span style=\"font-size: small;\">Oestbirk Skole, Horsens, Dinamarca<\/span><\/span><\/a><\/p>\n<\/td>\n<td width=\"237\">\n<p class=\"western\" lang=\"ca-ES\" align=\"justify\"><span style=\"color: #222222;\"><span style=\"font-size: small;\">28\/11 &#8211; 4\/12\/2021<\/span><\/span><\/p>\n<\/td>\n<\/tr>\n<tr valign=\"top\">\n<td width=\"542\">\n<p class=\"western\" lang=\"ca-ES\" align=\"justify\"><span style=\"color: #222222;\"><span style=\"font-size: small;\">Institut Eugeni Xammar<\/span><\/span><\/p>\n<\/td>\n<td width=\"237\">\n<p class=\"western\" lang=\"ca-ES\" align=\"justify\"><span style=\"color: #222222;\"><span style=\"font-size: small;\">30\/1 &#8211; 5\/2\/2022<\/span><\/span><\/p>\n<\/td>\n<\/tr>\n<tr valign=\"top\">\n<td width=\"542\">\n<p class=\"western\" lang=\"ca-ES\" align=\"justify\"><a href=\"https:\/\/ingunnarskoli.is\/\" target=\"_blank\" rel=\"noopener\"><span style=\"color: #222222;\"><span style=\"font-size: small;\">Ingunnarsk\u00f3li, Reykjavik, Isl\u00e0ndia<\/span><\/span><\/a><\/p>\n<\/td>\n<td width=\"237\">\n<p class=\"western\" lang=\"ca-ES\" align=\"justify\"><span style=\"color: #222222;\"><span style=\"font-size: small;\">27\/3 &#8211; 2\/4\/2022<\/span><\/span><\/p>\n<\/td>\n<\/tr>\n<tr valign=\"top\">\n<td width=\"542\">\n<p class=\"western\" lang=\"ca-ES\" align=\"justify\"><a href=\"https:\/\/www.konradin-realschule.de\/\" target=\"_blank\" rel=\"noopener\"><span style=\"color: #222222;\"><span style=\"font-size: small;\">Konradin-Realschule, Friedberg, Baviera, Alemanya<\/span><\/span><\/a><\/p>\n<\/td>\n<td width=\"237\">\n<p class=\"western\" lang=\"ca-ES\" align=\"justify\"><span style=\"color: #222222;\"><span style=\"font-size: small;\">25\/9 &#8211; 1\/10\/2022<\/span><\/span><\/p>\n<\/td>\n<\/tr>\n<tr valign=\"top\">\n<td width=\"542\">\n<p class=\"western\" lang=\"ca-ES\" align=\"left\"><a href=\"https:\/\/www.realschule-hoevelhof.de\/\" target=\"_blank\" rel=\"noopener\"><span style=\"color: #222222;\"><span style=\"font-size: small;\">Franz-Stock-Realschule, H\u00f6velhof, Ren\u00e0nia del Nord-Westf\u00e0lia, Alemanya<\/span><\/span><\/a><\/p>\n<\/td>\n<td width=\"237\">\n<p class=\"western\" lang=\"ca-ES\" align=\"justify\"><span style=\"color: #222222;\"><span style=\"font-size: small;\">18\/3 -24\/3\/2023<\/span><\/span><\/p>\n<\/td>\n<\/tr>\n<\/tbody>\n<\/table>\n<p><a href=\"https:\/\/agora.xtec.cat\/inseugenixammar\/wp-content\/uploads\/usu2541\/2021\/07\/ERASMUS03.jpg\"><img loading=\"lazy\" decoding=\"async\" class=\"wp-image-783 aligncenter\" src=\"https:\/\/agora.xtec.cat\/inseugenixammar\/wp-content\/uploads\/usu2541\/2021\/07\/ERASMUS03-1024x768.jpg\" alt=\"\" width=\"551\" height=\"413\" srcset=\"https:\/\/agora.xtec.cat\/inseugenixammar\/wp-content\/uploads\/usu2541\/2021\/07\/ERASMUS03-1024x768.jpg 1024w, https:\/\/agora.xtec.cat\/inseugenixammar\/wp-content\/uploads\/usu2541\/2021\/07\/ERASMUS03-300x225.jpg 300w, https:\/\/agora.xtec.cat\/inseugenixammar\/wp-content\/uploads\/usu2541\/2021\/07\/ERASMUS03-768x576.jpg 768w, https:\/\/agora.xtec.cat\/inseugenixammar\/wp-content\/uploads\/usu2541\/2021\/07\/ERASMUS03-200x150.jpg 200w, https:\/\/agora.xtec.cat\/inseugenixammar\/wp-content\/uploads\/usu2541\/2021\/07\/ERASMUS03.jpg 2016w\" sizes=\"auto, (max-width: 551px) 100vw, 551px\" \/><\/a><\/p>\n<p>&nbsp;<\/p>\n","protected":false},"excerpt":{"rendered":"<p>&nbsp;<br \/>\n<a href=\"https:\/\/agora.xtec.cat\/inseugenixammar\/wp-content\/uploads\/usu2541\/2021\/07\/ERASMUS01.jpg\"><\/a><br \/>\nDurant els cursos 2020-21 a 2022-23 l&#8217;Institut participa per segona vegada com a soci en un projecte dins el programa europeu Erasmus+, juntament amb quatre altres centres educatius d\u2019ensenyament secundari d&#8217;Alemanya, Dinamarca i Isl\u00e0ndia. Al llarg d\u2019aquests tres anys hi ha previstes trobades de&hellip;  <a href=\"https:\/\/agora.xtec.cat\/inseugenixammar\/erasmus-plus-2020-2023\/\" title=\"Read Erasmus plus 2020-2023\">Llegeix m\u00e9s\u00bb<\/a><\/p>\n","protected":false},"author":1,"featured_media":0,"parent":0,"menu_order":0,"comment_status":"closed","ping_status":"closed","template":"page-templates\/side-menu.php","meta":{"_bbp_topic_count":0,"_bbp_reply_count":0,"_bbp_total_topic_count":0,"_bbp_total_reply_count":0,"_bbp_voice_count":0,"_bbp_anonymous_reply_count":0,"_bbp_topic_count_hidden":0,"_bbp_reply_count_hidden":0,"_bbp_forum_subforum_count":0,"footnotes":""},"class_list":["post-2970","page","type-page","status-publish","hentry"],"post_mailing_queue_ids":[],"_links":{"self":[{"href":"https:\/\/agora.xtec.cat\/inseugenixammar\/wp-json\/wp\/v2\/pages\/2970","targetHints":{"allow":["GET"]}}],"collection":[{"href":"https:\/\/agora.xtec.cat\/inseugenixammar\/wp-json\/wp\/v2\/pages"}],"about":[{"href":"https:\/\/agora.xtec.cat\/inseugenixammar\/wp-json\/wp\/v2\/types\/page"}],"author":[{"embeddable":true,"href":"https:\/\/agora.xtec.cat\/inseugenixammar\/wp-json\/wp\/v2\/users\/1"}],"replies":[{"embeddable":true,"href":"https:\/\/agora.xtec.cat\/inseugenixammar\/wp-json\/wp\/v2\/comments?post=2970"}],"version-history":[{"count":2,"href":"https:\/\/agora.xtec.cat\/inseugenixammar\/wp-json\/wp\/v2\/pages\/2970\/revisions"}],"predecessor-version":[{"id":2972,"href":"https:\/\/agora.xtec.cat\/inseugenixammar\/wp-json\/wp\/v2\/pages\/2970\/revisions\/2972"}],"wp:attachment":[{"href":"https:\/\/agora.xtec.cat\/inseugenixammar\/wp-json\/wp\/v2\/media?parent=2970"}],"curies":[{"name":"wp","href":"https:\/\/api.w.org\/{rel}","templated":true}]}}