{"id":2966,"date":"2024-02-06T23:28:06","date_gmt":"2024-02-06T22:28:06","guid":{"rendered":"https:\/\/agora.xtec.cat\/inseugenixammar\/?page_id=2966"},"modified":"2024-02-08T23:47:37","modified_gmt":"2024-02-08T22:47:37","slug":"despertem-vocacions-cientifiques","status":"publish","type":"page","link":"https:\/\/agora.xtec.cat\/inseugenixammar\/trets-didentitat\/despertem-vocacions-cientifiques\/","title":{"rendered":"Descobrim vocacions cient\u00edfiques"},"content":{"rendered":"<p style=\"text-align: justify;\"><span style=\"font-weight: 400;\">Amb l&#8217;objectiu de despertar les vocacions cient\u00edfiques del nostre alumnat, especialment les de les nostres futures cient\u00edfiques, el departament de ci\u00e8ncies organitza i participa en diferents activitats.<\/span><\/p>\n<p><span style=\"font-weight: 400;\">A continuaci\u00f3 teniu les m\u00e9s rellevants:<\/span><\/p>\n<table style=\"width: 100%; height: 1020px;\">\n<tbody>\n<tr style=\"height: 159px;\">\n<td style=\"height: 159px; width: 25.8108%;\"><a href=\"https:\/\/www.projecterius.cat\/front\" target=\"_blank\" rel=\"noopener\"> <img loading=\"lazy\" decoding=\"async\" class=\"alignnone size-full wp-image-2967\" src=\"https:\/\/agora.xtec.cat\/inseugenixammar\/wp-content\/uploads\/usu2541\/2024\/02\/projecte-rius.jpg\" alt=\"\" width=\"253\" height=\"199\" \/><\/a><\/td>\n<td style=\"height: 159px; width: 73.2432%;\">\n<p style=\"text-align: justify;\"><b>Projecte Rius<\/b><b>: <\/b><span style=\"font-weight: 400;\">Fem xarxa i fem poble. Des de fa molts anys, el\u00a0 centre \u00e9s soci de l\u2019associaci\u00f3 H\u00e0bitat, una entitat sense \u00e0nim de lucre que des del 1997 treballa per apropar les persones als rius i les rieres dels seus municipis.\u00a0<\/span><span style=\"font-weight: 400;\">Vegeu-ne <a href=\"https:\/\/agora.xtec.cat\/inseugenixammar\/trets-didentitat\/projecte-rius\/\" target=\"_blank\" rel=\"noopener\">+info<\/a><\/span><\/p>\n<\/td>\n<\/tr>\n<tr style=\"height: 120px;\">\n<td style=\"height: 120px; width: 25.8108%;\"><a href=\"https:\/\/xtec.gencat.cat\/ca\/serveis\/sesc\/cda\/\" target=\"_blank\" rel=\"noopener\"><img loading=\"lazy\" decoding=\"async\" class=\"alignnone size-full wp-image-2968\" src=\"https:\/\/agora.xtec.cat\/inseugenixammar\/wp-content\/uploads\/usu2541\/2024\/02\/camps-aprenentatge.png\" alt=\"\" width=\"299\" height=\"169\" \/><\/a><\/td>\n<td style=\"height: 120px; width: 73.2432%;\">\n<p style=\"text-align: justify;\"><b>Camps d\u2019aprenentatge<\/b><b>: <\/b><span style=\"font-weight: 400;\">Apropem la geologia a l&#8217;alumnat de 4t d&#8217;ESO i 1r de batxillerat treballant-la en viu, tot coordinant-nos amb les propostes de diversos Camps d\u2019Aprenentatge.<\/span><\/p>\n<\/td>\n<\/tr>\n<tr style=\"height: 168px;\">\n<td style=\"height: 168px; width: 25.8108%;\"><a href=\"https:\/\/agora.xtec.cat\/inseugenixammar\/wp-content\/uploads\/usu2541\/2024\/02\/logo-olimpiades-geologia.jpg\"><img loading=\"lazy\" decoding=\"async\" class=\"wp-image-3051 aligncenter\" src=\"https:\/\/agora.xtec.cat\/inseugenixammar\/wp-content\/uploads\/usu2541\/2024\/02\/logo-olimpiades-geologia.jpg\" alt=\"\" width=\"120\" height=\"118\" srcset=\"https:\/\/agora.xtec.cat\/inseugenixammar\/wp-content\/uploads\/usu2541\/2024\/02\/logo-olimpiades-geologia.jpg 307w, https:\/\/agora.xtec.cat\/inseugenixammar\/wp-content\/uploads\/usu2541\/2024\/02\/logo-olimpiades-geologia-300x296.jpg 300w\" sizes=\"auto, (max-width: 120px) 100vw, 120px\" \/><\/a><\/td>\n<td style=\"height: 168px; width: 73.2432%;\">\n<p style=\"text-align: justify;\"><b>Olimp\u00edades de Geologia<\/b><b>:<\/b><span style=\"font-weight: 400;\"> Participem amb l\u2019alumnat de batxillerat i 4t d&#8217;ESO en les Olimp\u00edades de geologia catalanes i espanyoles. Cada curs comptem amb m\u00e9s participants i m\u00e9s bons resultats, arribant algun curs a aconseguir primeres posicions i participant a les olimp\u00edades espanyoles com a representants catalans. \u00c9s una activitat educativa que vol promoure l&#8217;inter\u00e8s per les Ci\u00e8ncies de la Terra i fomentar les vocacions en aquest camp disciplinar.<\/span><\/p>\n<\/td>\n<\/tr>\n<tr style=\"height: 166px;\">\n<td style=\"text-align: center; height: 166px; width: 25.8108%;\"><a href=\"https:\/\/olimpiadadebiologia.cat\/\" target=\"_blank\" rel=\"noopener\"><img loading=\"lazy\" decoding=\"async\" class=\"alignnone size-full wp-image-3054\" src=\"https:\/\/agora.xtec.cat\/inseugenixammar\/wp-content\/uploads\/usu2541\/2024\/02\/logo-olimpiades-biologia.png\" alt=\"\" width=\"163\" height=\"146\" \/><\/a><\/td>\n<td style=\"height: 166px; width: 73.2432%;\">\n<p style=\"text-align: justify;\"><b>Olimp\u00edades de Biologia: <span style=\"font-weight: 400;\">t\u00e9 com a principal objectiu <\/span><\/b><span style=\"font-weight: 400;\">incentivar l\u2019inter\u00e8s dels estudiants de Batxillerat <\/span><span style=\"font-weight: 400;\">en l\u2019estudi de la Biologia i recon\u00e8ixer p\u00fablicament el seu esfor\u00e7. <\/span><b><span style=\"font-weight: 400;\">Entre els primers reptes cal citar, per exemple, la contaminaci\u00f3 qu\u00edmica ambiental, el canvi clim\u00e0tic, la p\u00e8rdua de biodiversitat i el diagn\u00f2stic i tractaments de malalties degudes a nous bacteris resistents i nous virus.<\/span><\/b><\/p>\n<\/td>\n<\/tr>\n<tr style=\"height: 216px;\">\n<td style=\"height: 216px; width: 25.8108%;\"><a href=\"https:\/\/agora.xtec.cat\/inseugenixammar\/wp-content\/uploads\/usu2541\/2024\/02\/logo-ciencies-innovacio.jpg\"><img loading=\"lazy\" decoding=\"async\" class=\"alignnone size-full wp-image-3055\" src=\"https:\/\/agora.xtec.cat\/inseugenixammar\/wp-content\/uploads\/usu2541\/2024\/02\/logo-ciencies-innovacio.jpg\" alt=\"\" width=\"460\" height=\"397\" srcset=\"https:\/\/agora.xtec.cat\/inseugenixammar\/wp-content\/uploads\/usu2541\/2024\/02\/logo-ciencies-innovacio.jpg 460w, https:\/\/agora.xtec.cat\/inseugenixammar\/wp-content\/uploads\/usu2541\/2024\/02\/logo-ciencies-innovacio-300x259.jpg 300w\" sizes=\"auto, (max-width: 460px) 100vw, 460px\" \/><\/a><\/td>\n<td style=\"height: 216px; width: 73.2432%;\">\n<p style=\"text-align: justify;\"><b>Contacte amb centres de recerca pioners i xerrades de divulgaci\u00f3: <span style=\"font-weight: 400;\">participem en tallers universitaris i centres d&#8217;investigaci\u00f3, promovem xerrades divulgatives sobre ci\u00e8ncia i la participaci\u00f3 en diferents propostes cient\u00edfiques, com el programa Arg\u00f3.\u00a0<\/span><\/b>O<b><span style=\"font-weight: 400;\">rganitzem visites de cient\u00edfics i cient\u00edfiques que ens apropen al m\u00f3n de la recerca, la universitat i l&#8217;empresa, tot exposant-nos la seva carrera professional o alguna recerca cient\u00edfica d&#8217;actualitat.<\/span><\/b><\/p>\n<p style=\"text-align: justify;\"><b><span style=\"font-weight: 400;\">Tot, amb l&#8217;objectiu que l&#8217;alumnat de 4t i batxillerat estigui en contacte amb centres de recerca pioners.<\/span><\/b><\/p>\n<\/td>\n<\/tr>\n<tr style=\"height: 32px;\">\n<td style=\"height: 32px; width: 25.8108%;\"><a href=\"https:\/\/agora.xtec.cat\/inseugenixammar\/wp-content\/uploads\/usu2541\/2024\/02\/logo-setmana-de-la-ciencia.jpg\"><img loading=\"lazy\" decoding=\"async\" class=\"alignnone size-full wp-image-3074\" src=\"https:\/\/agora.xtec.cat\/inseugenixammar\/wp-content\/uploads\/usu2541\/2024\/02\/logo-setmana-de-la-ciencia.jpg\" alt=\"\" width=\"576\" height=\"514\" srcset=\"https:\/\/agora.xtec.cat\/inseugenixammar\/wp-content\/uploads\/usu2541\/2024\/02\/logo-setmana-de-la-ciencia.jpg 576w, https:\/\/agora.xtec.cat\/inseugenixammar\/wp-content\/uploads\/usu2541\/2024\/02\/logo-setmana-de-la-ciencia-300x268.jpg 300w\" sizes=\"auto, (max-width: 576px) 100vw, 576px\" \/><\/a><\/td>\n<td style=\"height: 32px; width: 73.2432%;\">\n<p style=\"text-align: justify;\"><b><span style=\"font-weight: 400;\"><strong>Setmana de la Ci\u00e8ncia Xammar:<\/strong> t\u00e9 com a objectiu promoure la ci\u00e8ncia dins i fora del nostre centre.<\/span><\/b><\/p>\n<p style=\"text-align: justify;\"><b><span style=\"font-weight: 400;\"><strong>Fira de Ci\u00e8ncia:<\/strong> l&#8217;alumnat de 4t d&#8217;ESO presenta i explica a l&#8217;alumnat de 1r d&#8217;ESO diferents experi\u00e8ncies que ells i elles mateixes han ideat i preparat. La Fira es presenta en format de congr\u00e9s cient\u00edfic, amb estands i p\u00f2sters explicatius.<\/span><\/b><\/p>\n<p style=\"text-align: justify;\"><b><span style=\"font-weight: 400;\"><strong>Taller cient\u00edfic a les escoles:<\/strong> l&#8217;alumnat de 2n i 3r d&#8217;ESO visiten a l&#8217;alumnat de 6\u00e8 de les escoles de prim\u00e0ria del municipi per fer-los de mentors en un taller experimental en el que es treballa una Situaci\u00f3 d&#8217;Aprenentatge quotidiana.<\/span><\/b><\/p>\n<\/td>\n<\/tr>\n<\/tbody>\n<\/table>\n<p style=\"text-align: justify;\">De totes les activitats en les que participem anireu trobant informaci\u00f3 en els butlletins mensuals que publiquem en aquesta p\u00e0gina web i a l&#8217;instagram de l&#8217;institut.<\/p>\n","protected":false},"excerpt":{"rendered":"<p>Amb l&#8217;objectiu de despertar les vocacions cient\u00edfiques del nostre alumnat, especialment les de les nostres futures cient\u00edfiques, el departament de ci\u00e8ncies organitza i participa en diferents activitats.<br \/>\nA continuaci\u00f3 teniu les m\u00e9s rellevants:<\/p>\n<p><a href=\"https:\/\/www.projecterius.cat\/front\" target=\"_blank\" rel=\"noopener\"> <\/a><\/p>\n<p>Projecte Rius: Fem xarxa i fem poble. Des de fa&hellip;  <a href=\"https:\/\/agora.xtec.cat\/inseugenixammar\/trets-didentitat\/despertem-vocacions-cientifiques\/\" title=\"Read Descobrim vocacions cient\u00edfiques\">Llegeix m\u00e9s\u00bb<\/a><\/p>\n","protected":false},"author":1,"featured_media":0,"parent":813,"menu_order":60,"comment_status":"closed","ping_status":"closed","template":"page-templates\/side-menu.php","meta":{"_bbp_topic_count":0,"_bbp_reply_count":0,"_bbp_total_topic_count":0,"_bbp_total_reply_count":0,"_bbp_voice_count":0,"_bbp_anonymous_reply_count":0,"_bbp_topic_count_hidden":0,"_bbp_reply_count_hidden":0,"_bbp_forum_subforum_count":0,"footnotes":""},"class_list":["post-2966","page","type-page","status-publish","hentry"],"post_mailing_queue_ids":[],"_links":{"self":[{"href":"https:\/\/agora.xtec.cat\/inseugenixammar\/wp-json\/wp\/v2\/pages\/2966","targetHints":{"allow":["GET"]}}],"collection":[{"href":"https:\/\/agora.xtec.cat\/inseugenixammar\/wp-json\/wp\/v2\/pages"}],"about":[{"href":"https:\/\/agora.xtec.cat\/inseugenixammar\/wp-json\/wp\/v2\/types\/page"}],"author":[{"embeddable":true,"href":"https:\/\/agora.xtec.cat\/inseugenixammar\/wp-json\/wp\/v2\/users\/1"}],"replies":[{"embeddable":true,"href":"https:\/\/agora.xtec.cat\/inseugenixammar\/wp-json\/wp\/v2\/comments?post=2966"}],"version-history":[{"count":5,"href":"https:\/\/agora.xtec.cat\/inseugenixammar\/wp-json\/wp\/v2\/pages\/2966\/revisions"}],"predecessor-version":[{"id":3081,"href":"https:\/\/agora.xtec.cat\/inseugenixammar\/wp-json\/wp\/v2\/pages\/2966\/revisions\/3081"}],"up":[{"embeddable":true,"href":"https:\/\/agora.xtec.cat\/inseugenixammar\/wp-json\/wp\/v2\/pages\/813"}],"wp:attachment":[{"href":"https:\/\/agora.xtec.cat\/inseugenixammar\/wp-json\/wp\/v2\/media?parent=2966"}],"curies":[{"name":"wp","href":"https:\/\/api.w.org\/{rel}","templated":true}]}}