{"id":2910,"date":"2024-02-04T19:34:35","date_gmt":"2024-02-04T18:34:35","guid":{"rendered":"https:\/\/agora.xtec.cat\/inseugenixammar\/?page_id=2910"},"modified":"2024-02-12T10:09:35","modified_gmt":"2024-02-12T09:09:35","slug":"activem-el-catala","status":"publish","type":"page","link":"https:\/\/agora.xtec.cat\/inseugenixammar\/trets-didentitat\/activem-el-catala\/","title":{"rendered":"Activem el catal\u00e0"},"content":{"rendered":"<p style=\"text-align: justify;\"><span style=\"font-family: verdana, sans-serif;\">El departament de llengua catalana del nostre centre cada curs participa en diferents cert\u00e0mens i concursos. <\/span><\/p>\n<p style=\"text-align: justify;\"><span style=\"font-family: verdana, sans-serif;\">A continuaci\u00f3 teniu informaci\u00f3 dels m\u00e9s rellevants:<\/span>\u200b<\/p>\n<table style=\"border-collapse: collapse; width: 91.7568%;\">\n<tbody>\n<tr>\n<td style=\"width: 19.5946%;\"><a href=\"https:\/\/www.lecturaenveualta.cat\/\" target=\"_blank\" rel=\"noopener\"><img loading=\"lazy\" decoding=\"async\" class=\"wp-image-2911 aligncenter\" src=\"https:\/\/agora.xtec.cat\/inseugenixammar\/wp-content\/uploads\/usu2541\/2024\/02\/cat-lectura-en-veu-alta.png\" alt=\"\" width=\"98\" height=\"98\" srcset=\"https:\/\/agora.xtec.cat\/inseugenixammar\/wp-content\/uploads\/usu2541\/2024\/02\/cat-lectura-en-veu-alta.png 225w, https:\/\/agora.xtec.cat\/inseugenixammar\/wp-content\/uploads\/usu2541\/2024\/02\/cat-lectura-en-veu-alta-150x150.png 150w\" sizes=\"auto, (max-width: 98px) 100vw, 98px\" \/><\/a><\/td>\n<td style=\"width: 72.1622%;\">\n<p style=\"text-align: justify;\"><b><span style=\"font-family: verdana, sans-serif;\">Certamen de lectura en veu alta<\/span><\/b>: que enguany celebra el vint\u00e8 aniversari i \u00e9s <span style=\"font-family: verdana, sans-serif;\">un projecte destinat a fomentar la compet\u00e8ncia lectora entre els estudiants de Catalunya. Aquest curs en<\/span>s hi presentarem amb l&#8217;alumnat de\u00a02n i 4t E<span style=\"font-family: verdana, sans-serif;\">SO.<\/span><\/p>\n<\/td>\n<\/tr>\n<tr>\n<td style=\"width: 19.5946%;\"><a href=\"https:\/\/www.picalletres.net\/ca\/\" target=\"_blank\" rel=\"noopener\"><img loading=\"lazy\" decoding=\"async\" class=\"alignnone size-full wp-image-2912\" src=\"https:\/\/agora.xtec.cat\/inseugenixammar\/wp-content\/uploads\/usu2541\/2024\/02\/cat-picalletres.png\" alt=\"\" width=\"250\" height=\"182\" \/><\/a><\/td>\n<td style=\"width: 72.1622%;\">\n<p style=\"text-align: justify;\"><span style=\"font-family: verdana, sans-serif;\"><b>Concurs ling\u00fc\u00edstic del Picalletres<\/b>: que permet a l&#8217;alumnat divertir-se participant en una activitat pedag\u00f2gica i engrescadora: lletrejar paraules en catal\u00e0 i resoldre jocs ling\u00fc\u00edstics enginyosos. Aquest curs ens hem inscrit al concurs televisiu amb l&#8217;alumnat de 3r ESO i al radiof\u00f2nic amb els de 2n <\/span>E<span style=\"font-family: verdana, sans-serif;\">SO<\/span>.<\/p>\n<\/td>\n<\/tr>\n<tr>\n<td style=\"width: 19.5946%;\"><a href=\"https:\/\/cultura.gencat.cat\/ca\/ilc\/que-fem\/programes\/lletres-a-les-aules\/index.html\" target=\"_blank\" rel=\"noopener\"> <img loading=\"lazy\" decoding=\"async\" class=\"alignnone size-full wp-image-2956\" src=\"https:\/\/agora.xtec.cat\/inseugenixammar\/wp-content\/uploads\/usu2541\/2024\/02\/cat-lletres-a-les-aules-2.jpg\" alt=\"\" width=\"954\" height=\"315\" srcset=\"https:\/\/agora.xtec.cat\/inseugenixammar\/wp-content\/uploads\/usu2541\/2024\/02\/cat-lletres-a-les-aules-2.jpg 954w, https:\/\/agora.xtec.cat\/inseugenixammar\/wp-content\/uploads\/usu2541\/2024\/02\/cat-lletres-a-les-aules-2-300x99.jpg 300w, https:\/\/agora.xtec.cat\/inseugenixammar\/wp-content\/uploads\/usu2541\/2024\/02\/cat-lletres-a-les-aules-2-768x254.jpg 768w\" sizes=\"auto, (max-width: 954px) 100vw, 954px\" \/><\/a><\/td>\n<td style=\"width: 72.1622%;\">\n<p style=\"text-align: justify;\"><span style=\"font-family: verdana, sans-serif;\"><b>Programa Lletres a les aules<\/b>: que permet que\u00a0un autor o autora d&#8217;una de les lectures obligat\u00f2ries del curs vi<\/span>siti el centre i\u00a0<span style=\"font-family: verdana, sans-serif;\">estableixi un di\u00e0leg obert i din\u00e0mic amb l\u2019alumnat, compartint experi\u00e8ncies, dubtes i propostes al voltant de la creaci\u00f3 liter\u00e0ria i la lectura del llibre. Enguany vindr\u00e0 l&#8217;Arturo Padilla a 2n ESO i, tot i que nom\u00e9s en concedeixen un per centre, se n&#8217;han de sol\u00b7licitar tres. Aquest curs s&#8217;ha fet la sol\u00b7licitud perqu\u00e8 vingui la Care Santos a 3r <\/span>E<span style=\"font-family: verdana, sans-serif;\">SO\u00a0<\/span>o el Roc Casagran o la Muriel Villanueva a 4t.<\/p>\n<\/td>\n<\/tr>\n<tr>\n<td style=\"width: 19.5946%;\"><a href=\"https:\/\/xtec.gencat.cat\/ca\/projectes\/lectura\/gustperlalectura\/\" target=\"_blank\" rel=\"noopener\"><img loading=\"lazy\" decoding=\"async\" class=\"alignnone size-full wp-image-2915\" src=\"https:\/\/agora.xtec.cat\/inseugenixammar\/wp-content\/uploads\/usu2541\/2024\/02\/cat-el-gust-per-la-lectura-1.jpg\" alt=\"\" width=\"225\" height=\"125\" \/><\/a><\/td>\n<td style=\"width: 72.1622%;\">\n<p style=\"text-align: justify;\"><span style=\"font-family: verdana, sans-serif;\"><b>Concurs el gust per la lectura:<\/b>que \u00e9s una iniciativa del Departament d&#8217;Educaci\u00f3 per a fomentar la lectura competent i cr\u00edtica entre els joves estudiants. Enguany, no ens hi presentem perqu\u00e8 no hi ha cap de les lectures obligat\u00f2ries que s&#8217;han triat que es correspongui amb les proposades pel concurs, per\u00f2 en <a href=\"https:\/\/agora.xtec.cat\/inseugenixammar\/el-gust-per-la-lectura\/\" target=\"_blank\" rel=\"noopener\">aquest enlla\u00e7<\/a> podeu consultar algunes participacions com a centre.<\/span><\/p>\n<\/td>\n<\/tr>\n<tr>\n<td style=\"width: 19.5946%;\"><a href=\"https:\/\/agora.xtec.cat\/inseugenixammar\/wp-content\/uploads\/usu2541\/2024\/02\/cat-teatre.jpg\"><img loading=\"lazy\" decoding=\"async\" class=\"alignnone size-full wp-image-2916\" src=\"https:\/\/agora.xtec.cat\/inseugenixammar\/wp-content\/uploads\/usu2541\/2024\/02\/cat-teatre.jpg\" alt=\"\" width=\"726\" height=\"392\" srcset=\"https:\/\/agora.xtec.cat\/inseugenixammar\/wp-content\/uploads\/usu2541\/2024\/02\/cat-teatre.jpg 726w, https:\/\/agora.xtec.cat\/inseugenixammar\/wp-content\/uploads\/usu2541\/2024\/02\/cat-teatre-300x162.jpg 300w\" sizes=\"auto, (max-width: 726px) 100vw, 726px\" \/><\/a><\/td>\n<td style=\"width: 72.1622%;\">\n<p style=\"text-align: justify;\"><span style=\"font-family: verdana, sans-serif;\"><b><span style=\"color: #000000; font-family: verdana, sans-serif;\">Anem al teatre: <\/span><\/b>enguany anem al teatre, al TNC amb Batxillerat (de manera volunt\u00e0ria), a veure <i>La pla\u00e7a del Diamant<\/i>, al Centre Cultural de Granollers amb els alumnes de 3r ESO a veure\u00a0<i>Mentida<\/i>\u00a0de\u00a0Care\u00a0Santos i amb els alumnes de\u00a01r batxillerat a veure\u00a0<i>Tirant lo Blanc\u00a0<\/i>a trav\u00e9s de la companyia Transeduca.<\/span><\/p>\n<\/td>\n<\/tr>\n<\/tbody>\n<\/table>\n<div><\/div>\n<p style=\"text-align: justify;\">De totes les activitats en les que participem anireu trobant informaci\u00f3 en els butlletins mensuals que publiquem en aquesta p\u00e0gina web i a l&#8217;instagram de l&#8217;institut.<\/p>\n<div><\/div>\n","protected":false},"excerpt":{"rendered":"<p>El departament de llengua catalana del nostre centre cada curs participa en diferents cert\u00e0mens i concursos.<br \/>\nA continuaci\u00f3 teniu informaci\u00f3 dels m\u00e9s rellevants:\u200b<\/p>\n<p><a href=\"https:\/\/www.lecturaenveualta.cat\/\" target=\"_blank\" rel=\"noopener\"><\/a><\/p>\n<p>Certamen de lectura en veu alta: que enguany celebra el vint\u00e8 aniversari i \u00e9s un projecte destinat a fomentar la&hellip;  <a href=\"https:\/\/agora.xtec.cat\/inseugenixammar\/trets-didentitat\/activem-el-catala\/\" title=\"Read Activem el catal\u00e0\">Llegeix m\u00e9s\u00bb<\/a><\/p>\n","protected":false},"author":1,"featured_media":0,"parent":813,"menu_order":40,"comment_status":"closed","ping_status":"closed","template":"page-templates\/side-menu.php","meta":{"_bbp_topic_count":0,"_bbp_reply_count":0,"_bbp_total_topic_count":0,"_bbp_total_reply_count":0,"_bbp_voice_count":0,"_bbp_anonymous_reply_count":0,"_bbp_topic_count_hidden":0,"_bbp_reply_count_hidden":0,"_bbp_forum_subforum_count":0,"footnotes":""},"class_list":["post-2910","page","type-page","status-publish","hentry"],"post_mailing_queue_ids":[],"_links":{"self":[{"href":"https:\/\/agora.xtec.cat\/inseugenixammar\/wp-json\/wp\/v2\/pages\/2910","targetHints":{"allow":["GET"]}}],"collection":[{"href":"https:\/\/agora.xtec.cat\/inseugenixammar\/wp-json\/wp\/v2\/pages"}],"about":[{"href":"https:\/\/agora.xtec.cat\/inseugenixammar\/wp-json\/wp\/v2\/types\/page"}],"author":[{"embeddable":true,"href":"https:\/\/agora.xtec.cat\/inseugenixammar\/wp-json\/wp\/v2\/users\/1"}],"replies":[{"embeddable":true,"href":"https:\/\/agora.xtec.cat\/inseugenixammar\/wp-json\/wp\/v2\/comments?post=2910"}],"version-history":[{"count":6,"href":"https:\/\/agora.xtec.cat\/inseugenixammar\/wp-json\/wp\/v2\/pages\/2910\/revisions"}],"predecessor-version":[{"id":3112,"href":"https:\/\/agora.xtec.cat\/inseugenixammar\/wp-json\/wp\/v2\/pages\/2910\/revisions\/3112"}],"up":[{"embeddable":true,"href":"https:\/\/agora.xtec.cat\/inseugenixammar\/wp-json\/wp\/v2\/pages\/813"}],"wp:attachment":[{"href":"https:\/\/agora.xtec.cat\/inseugenixammar\/wp-json\/wp\/v2\/media?parent=2910"}],"curies":[{"name":"wp","href":"https:\/\/api.w.org\/{rel}","templated":true}]}}