{"id":2894,"date":"2024-01-21T19:33:38","date_gmt":"2024-01-21T18:33:38","guid":{"rendered":"https:\/\/agora.xtec.cat\/inseugenixammar\/?page_id=2894"},"modified":"2024-02-11T12:07:41","modified_gmt":"2024-02-11T11:07:41","slug":"historic-de-projectes","status":"publish","type":"page","link":"https:\/\/agora.xtec.cat\/inseugenixammar\/trets-didentitat\/historic-de-projectes\/","title":{"rendered":"Hist\u00f2ric de projectes"},"content":{"rendered":"<p><a href=\"https:\/\/agora.xtec.cat\/inseugenixammar\/wp-content\/uploads\/usu2541\/2024\/01\/linia-temps.jpg\"><img loading=\"lazy\" decoding=\"async\" class=\"wp-image-2896 aligncenter\" src=\"https:\/\/agora.xtec.cat\/inseugenixammar\/wp-content\/uploads\/usu2541\/2024\/01\/linia-temps-1024x395.jpg\" alt=\"\" width=\"501\" height=\"193\" srcset=\"https:\/\/agora.xtec.cat\/inseugenixammar\/wp-content\/uploads\/usu2541\/2024\/01\/linia-temps-1024x395.jpg 1024w, https:\/\/agora.xtec.cat\/inseugenixammar\/wp-content\/uploads\/usu2541\/2024\/01\/linia-temps-300x116.jpg 300w, https:\/\/agora.xtec.cat\/inseugenixammar\/wp-content\/uploads\/usu2541\/2024\/01\/linia-temps-768x297.jpg 768w, https:\/\/agora.xtec.cat\/inseugenixammar\/wp-content\/uploads\/usu2541\/2024\/01\/linia-temps-1536x593.jpg 1536w, https:\/\/agora.xtec.cat\/inseugenixammar\/wp-content\/uploads\/usu2541\/2024\/01\/linia-temps.jpg 1647w\" sizes=\"auto, (max-width: 501px) 100vw, 501px\" \/><\/a><\/p>\n<p>Al llarg dels diferents cursos el centre ha anat realitzant i participant en diferents projectes, propis o del Departament. Alguns s&#8217;han mantingut molt de temps, altres nom\u00e9s un o dos cursos en funci\u00f3 de l&#8217;\u00e8xit i la rebuda que han tingut per part dels nostres alumnes i les seves fam\u00edlies.<\/p>\n<p>A continuaci\u00f3 podeu trobar una petita informaci\u00f3 dels que hem realitzat fins fa poc:<\/p>\n<ul>\n<li><a href=\"https:\/\/agora.xtec.cat\/inseugenixammar\/trets-didentitat\/compartim-llibres-en-familia\/\">Compartim llibres en fam\u00edlia<\/a><\/li>\n<li><a href=\"https:\/\/agora.xtec.cat\/inseugenixammar\/projectes\/school-to-school\/\">Projecte School to school<\/a><\/li>\n<li><a href=\"https:\/\/agora.xtec.cat\/inseugenixammar\/projectes\/campus-itaca\/\">Campus Itaca<\/a><\/li>\n<\/ul>\n<p>&nbsp;<\/p>\n","protected":false},"excerpt":{"rendered":"<p><a href=\"https:\/\/agora.xtec.cat\/inseugenixammar\/wp-content\/uploads\/usu2541\/2024\/01\/linia-temps.jpg\"><\/a><br \/>\nAl llarg dels diferents cursos el centre ha anat realitzant i participant en diferents projectes, propis o del Departament. Alguns s&#8217;han mantingut molt de temps, altres nom\u00e9s un o dos cursos en funci\u00f3 de l&#8217;\u00e8xit i la rebuda que han tingut per part dels&hellip;  <a href=\"https:\/\/agora.xtec.cat\/inseugenixammar\/trets-didentitat\/historic-de-projectes\/\" title=\"Read Hist\u00f2ric de projectes\">Llegeix m\u00e9s\u00bb<\/a><\/p>\n","protected":false},"author":1,"featured_media":0,"parent":813,"menu_order":101,"comment_status":"closed","ping_status":"closed","template":"page-templates\/side-menu.php","meta":{"_bbp_topic_count":0,"_bbp_reply_count":0,"_bbp_total_topic_count":0,"_bbp_total_reply_count":0,"_bbp_voice_count":0,"_bbp_anonymous_reply_count":0,"_bbp_topic_count_hidden":0,"_bbp_reply_count_hidden":0,"_bbp_forum_subforum_count":0,"footnotes":""},"class_list":["post-2894","page","type-page","status-publish","hentry"],"post_mailing_queue_ids":[],"_links":{"self":[{"href":"https:\/\/agora.xtec.cat\/inseugenixammar\/wp-json\/wp\/v2\/pages\/2894","targetHints":{"allow":["GET"]}}],"collection":[{"href":"https:\/\/agora.xtec.cat\/inseugenixammar\/wp-json\/wp\/v2\/pages"}],"about":[{"href":"https:\/\/agora.xtec.cat\/inseugenixammar\/wp-json\/wp\/v2\/types\/page"}],"author":[{"embeddable":true,"href":"https:\/\/agora.xtec.cat\/inseugenixammar\/wp-json\/wp\/v2\/users\/1"}],"replies":[{"embeddable":true,"href":"https:\/\/agora.xtec.cat\/inseugenixammar\/wp-json\/wp\/v2\/comments?post=2894"}],"version-history":[{"count":6,"href":"https:\/\/agora.xtec.cat\/inseugenixammar\/wp-json\/wp\/v2\/pages\/2894\/revisions"}],"predecessor-version":[{"id":3124,"href":"https:\/\/agora.xtec.cat\/inseugenixammar\/wp-json\/wp\/v2\/pages\/2894\/revisions\/3124"}],"up":[{"embeddable":true,"href":"https:\/\/agora.xtec.cat\/inseugenixammar\/wp-json\/wp\/v2\/pages\/813"}],"wp:attachment":[{"href":"https:\/\/agora.xtec.cat\/inseugenixammar\/wp-json\/wp\/v2\/media?parent=2894"}],"curies":[{"name":"wp","href":"https:\/\/api.w.org\/{rel}","templated":true}]}}