{"id":2773,"date":"2023-09-20T17:48:06","date_gmt":"2023-09-20T15:48:06","guid":{"rendered":"https:\/\/agora.xtec.cat\/inseugenixammar\/?page_id=2773"},"modified":"2023-09-20T18:00:14","modified_gmt":"2023-09-20T16:00:14","slug":"justificacio-de-faltes","status":"publish","type":"page","link":"https:\/\/agora.xtec.cat\/inseugenixammar\/secretaria\/justificacio-de-faltes\/","title":{"rendered":"Justificaci\u00f3 de faltes"},"content":{"rendered":"<p><span style=\"font-weight: 400;\">Per tal de justificar una falta d\u2019assist\u00e8ncia, caldr\u00e0 que la fam\u00edlia envi\u00ef un correu a <strong>consergeria<\/strong>\u00a0a trav\u00e9s de la plataforma Ieduca.<\/span><\/p>\n<p>&nbsp;<\/p>\n","protected":false},"excerpt":{"rendered":"<p>Per tal de justificar una falta d\u2019assist\u00e8ncia, caldr\u00e0 que la fam\u00edlia envi\u00ef un correu a consergeria\u00a0a trav\u00e9s de la plataforma Ieduca.<br \/>\n&nbsp;<\/p>\n","protected":false},"author":1,"featured_media":0,"parent":81,"menu_order":15,"comment_status":"closed","ping_status":"closed","template":"page-templates\/side-menu.php","meta":{"_bbp_topic_count":0,"_bbp_reply_count":0,"_bbp_total_topic_count":0,"_bbp_total_reply_count":0,"_bbp_voice_count":0,"_bbp_anonymous_reply_count":0,"_bbp_topic_count_hidden":0,"_bbp_reply_count_hidden":0,"_bbp_forum_subforum_count":0,"footnotes":""},"class_list":["post-2773","page","type-page","status-publish","hentry"],"post_mailing_queue_ids":[],"_links":{"self":[{"href":"https:\/\/agora.xtec.cat\/inseugenixammar\/wp-json\/wp\/v2\/pages\/2773","targetHints":{"allow":["GET"]}}],"collection":[{"href":"https:\/\/agora.xtec.cat\/inseugenixammar\/wp-json\/wp\/v2\/pages"}],"about":[{"href":"https:\/\/agora.xtec.cat\/inseugenixammar\/wp-json\/wp\/v2\/types\/page"}],"author":[{"embeddable":true,"href":"https:\/\/agora.xtec.cat\/inseugenixammar\/wp-json\/wp\/v2\/users\/1"}],"replies":[{"embeddable":true,"href":"https:\/\/agora.xtec.cat\/inseugenixammar\/wp-json\/wp\/v2\/comments?post=2773"}],"version-history":[{"count":3,"href":"https:\/\/agora.xtec.cat\/inseugenixammar\/wp-json\/wp\/v2\/pages\/2773\/revisions"}],"predecessor-version":[{"id":2780,"href":"https:\/\/agora.xtec.cat\/inseugenixammar\/wp-json\/wp\/v2\/pages\/2773\/revisions\/2780"}],"up":[{"embeddable":true,"href":"https:\/\/agora.xtec.cat\/inseugenixammar\/wp-json\/wp\/v2\/pages\/81"}],"wp:attachment":[{"href":"https:\/\/agora.xtec.cat\/inseugenixammar\/wp-json\/wp\/v2\/media?parent=2773"}],"curies":[{"name":"wp","href":"https:\/\/api.w.org\/{rel}","templated":true}]}}