{"id":2752,"date":"2023-09-11T17:47:33","date_gmt":"2023-09-11T15:47:33","guid":{"rendered":"https:\/\/agora.xtec.cat\/inseugenixammar\/?page_id=2752"},"modified":"2024-09-05T22:32:08","modified_gmt":"2024-09-05T20:32:08","slug":"autonomia-de-centre","status":"publish","type":"page","link":"https:\/\/agora.xtec.cat\/inseugenixammar\/autonomia-de-centre\/","title":{"rendered":"Autonomia de Centre"},"content":{"rendered":"<p class=\"CDt4Ke zfr3Q\" dir=\"ltr\" style=\"text-align: justify;\">Amb el nou curr\u00edculum que marca la LOMLOE, els centres disposem de 4 hores de gesti\u00f3 aut\u00f2noma per a cada curs de l\u2019ESO. Aquestes hores es poden dedicar a v<span style=\"font-family: inherit; font-size: 1em;\">ertebrar un projecte globalitzador i contextualitzat de car\u00e0cter transversal, a c<\/span><span style=\"font-family: inherit; font-size: 1em;\">ompletar un projecte que el centre ja desenvolupa, a r<\/span><span style=\"font-family: inherit; font-size: 1em;\">esoldre aquelles problem\u00e0tiques curriculars que el centre tingui plantejades derivades del seu entorn i a r<\/span><span style=\"font-family: inherit; font-size: 1em;\">efor\u00e7ar les hores d\u2019alguna \u00e0rea o mat\u00e8ria.<\/span><\/p>\n<p dir=\"ltr\" style=\"text-align: justify;\">A l&#8217;institut Eugeni Xammar, a 1r d&#8217;ESO (2h) les hores de gesti\u00f3 aut\u00f2noma es dediquen a refor\u00e7ar les mat\u00e8ries de llengua i ci\u00e8ncies i a l&#8217;iniciaci\u00f3 als escacs, a 2n d&#8217;ESO (4h) a l&#8217;\u00e0mbit STEAM, a 3r d&#8217;ESO (2h) als Objectius de Desenvolupament Sostenible i a 4t d&#8217;ESO (1h) a la Formaci\u00f3 i l&#8217;orientaci\u00f3 laboral.<\/p>\n<p style=\"text-align: justify;\">Clicant sobre el text corresponent accedireu als sites de cadascun dels projectes. Recordeu que heu d&#8217;accedir-hi amb el correu corporatiu @inseugenixammar.cat<\/p>\n<p>\u200b<\/p>\n<table style=\"border-collapse: collapse; width: 100%; height: 326px;\">\n<tbody>\n<tr style=\"height: 253px;\">\n<td style=\"width: 33.3333%; height: 253px; text-align: center;\"><a href=\"https:\/\/sites.google.com\/xtec.cat\/pac1eso\/portada\" target=\"_blank\" rel=\"noopener\"><img loading=\"lazy\" decoding=\"async\" class=\"alignnone size-large wp-image-3502\" src=\"https:\/\/agora.xtec.cat\/inseugenixammar\/wp-content\/uploads\/usu2541\/2024\/09\/cc1-1024x975.jpg\" alt=\"\" width=\"1024\" height=\"975\" srcset=\"https:\/\/agora.xtec.cat\/inseugenixammar\/wp-content\/uploads\/usu2541\/2024\/09\/cc1-1024x975.jpg 1024w, https:\/\/agora.xtec.cat\/inseugenixammar\/wp-content\/uploads\/usu2541\/2024\/09\/cc1-300x286.jpg 300w, https:\/\/agora.xtec.cat\/inseugenixammar\/wp-content\/uploads\/usu2541\/2024\/09\/cc1-768x731.jpg 768w, https:\/\/agora.xtec.cat\/inseugenixammar\/wp-content\/uploads\/usu2541\/2024\/09\/cc1.jpg 1138w\" sizes=\"auto, (max-width: 1024px) 100vw, 1024px\" \/><\/a><\/td>\n<td style=\"width: 33.3333%; text-align: center; height: 253px;\"><a href=\"https:\/\/sites.google.com\/xtec.cat\/ac2-territori-steam\/p%C3%A0gina-dinici\" target=\"_blank\" rel=\"noopener\"><img loading=\"lazy\" decoding=\"async\" class=\"alignnone size-full wp-image-2832\" src=\"https:\/\/agora.xtec.cat\/inseugenixammar\/wp-content\/uploads\/usu2541\/2023\/10\/ac2-territori-STEAM-1.jpg\" alt=\"\" width=\"992\" height=\"947\" srcset=\"https:\/\/agora.xtec.cat\/inseugenixammar\/wp-content\/uploads\/usu2541\/2023\/10\/ac2-territori-STEAM-1.jpg 992w, https:\/\/agora.xtec.cat\/inseugenixammar\/wp-content\/uploads\/usu2541\/2023\/10\/ac2-territori-STEAM-1-300x286.jpg 300w, https:\/\/agora.xtec.cat\/inseugenixammar\/wp-content\/uploads\/usu2541\/2023\/10\/ac2-territori-STEAM-1-768x733.jpg 768w\" sizes=\"auto, (max-width: 992px) 100vw, 992px\" \/><\/a><\/td>\n<td style=\"width: 33.3333%; height: 253px;\"><a href=\"https:\/\/agora.xtec.cat\/inseugenixammar\/wp-content\/uploads\/usu2541\/2023\/10\/ods-imatge-web.jpg\"><img loading=\"lazy\" decoding=\"async\" class=\"alignnone size-large wp-image-2828\" src=\"https:\/\/agora.xtec.cat\/inseugenixammar\/wp-content\/uploads\/usu2541\/2023\/10\/ods-imatge-web-1024x834.jpg\" alt=\"\" width=\"1024\" height=\"834\" srcset=\"https:\/\/agora.xtec.cat\/inseugenixammar\/wp-content\/uploads\/usu2541\/2023\/10\/ods-imatge-web-1024x834.jpg 1024w, https:\/\/agora.xtec.cat\/inseugenixammar\/wp-content\/uploads\/usu2541\/2023\/10\/ods-imatge-web-300x244.jpg 300w, https:\/\/agora.xtec.cat\/inseugenixammar\/wp-content\/uploads\/usu2541\/2023\/10\/ods-imatge-web-768x625.jpg 768w, https:\/\/agora.xtec.cat\/inseugenixammar\/wp-content\/uploads\/usu2541\/2023\/10\/ods-imatge-web.jpg 1194w\" sizes=\"auto, (max-width: 1024px) 100vw, 1024px\" \/><\/a><\/td>\n<\/tr>\n<tr style=\"height: 73px;\">\n<td style=\"width: 33.3333%; height: 73px;\">\n<h1 style=\"text-align: center;\"><a href=\"https:\/\/sites.google.com\/xtec.cat\/pac1eso\/portada\" target=\"_blank\" rel=\"noopener\">1r d&#8217;ESO<\/a><\/h1>\n<\/td>\n<td style=\"width: 33.3333%; height: 73px;\">\n<h1 style=\"text-align: center;\"><a href=\"https:\/\/sites.google.com\/xtec.cat\/ac2-territori-steam\/p%C3%A0gina-dinici\" target=\"_blank\" rel=\"noopener\">2n d&#8217;ESO<\/a><\/h1>\n<\/td>\n<td style=\"width: 33.3333%; height: 73px;\">\n<h1 style=\"text-align: center;\"><span style=\"color: #000000;\">3r d&#8217;ESO<\/span><\/h1>\n<\/td>\n<\/tr>\n<\/tbody>\n<\/table>\n","protected":false},"excerpt":{"rendered":"<p>Amb el nou curr\u00edculum que marca la LOMLOE, els centres disposem de 4 hores de gesti\u00f3 aut\u00f2noma per a cada curs de l\u2019ESO. Aquestes hores es poden dedicar a vertebrar un projecte globalitzador i contextualitzat de car\u00e0cter transversal, a completar un projecte que el centre&hellip;  <a href=\"https:\/\/agora.xtec.cat\/inseugenixammar\/autonomia-de-centre\/\" title=\"Read Autonomia de Centre\">Llegeix m\u00e9s\u00bb<\/a><\/p>\n","protected":false},"author":1,"featured_media":0,"parent":0,"menu_order":0,"comment_status":"closed","ping_status":"closed","template":"","meta":{"_bbp_topic_count":0,"_bbp_reply_count":0,"_bbp_total_topic_count":0,"_bbp_total_reply_count":0,"_bbp_voice_count":0,"_bbp_anonymous_reply_count":0,"_bbp_topic_count_hidden":0,"_bbp_reply_count_hidden":0,"_bbp_forum_subforum_count":0,"footnotes":""},"class_list":["post-2752","page","type-page","status-publish","hentry"],"post_mailing_queue_ids":[],"_links":{"self":[{"href":"https:\/\/agora.xtec.cat\/inseugenixammar\/wp-json\/wp\/v2\/pages\/2752","targetHints":{"allow":["GET"]}}],"collection":[{"href":"https:\/\/agora.xtec.cat\/inseugenixammar\/wp-json\/wp\/v2\/pages"}],"about":[{"href":"https:\/\/agora.xtec.cat\/inseugenixammar\/wp-json\/wp\/v2\/types\/page"}],"author":[{"embeddable":true,"href":"https:\/\/agora.xtec.cat\/inseugenixammar\/wp-json\/wp\/v2\/users\/1"}],"replies":[{"embeddable":true,"href":"https:\/\/agora.xtec.cat\/inseugenixammar\/wp-json\/wp\/v2\/comments?post=2752"}],"version-history":[{"count":7,"href":"https:\/\/agora.xtec.cat\/inseugenixammar\/wp-json\/wp\/v2\/pages\/2752\/revisions"}],"predecessor-version":[{"id":3506,"href":"https:\/\/agora.xtec.cat\/inseugenixammar\/wp-json\/wp\/v2\/pages\/2752\/revisions\/3506"}],"wp:attachment":[{"href":"https:\/\/agora.xtec.cat\/inseugenixammar\/wp-json\/wp\/v2\/media?parent=2752"}],"curies":[{"name":"wp","href":"https:\/\/api.w.org\/{rel}","templated":true}]}}