{"id":27,"date":"2014-09-17T16:24:03","date_gmt":"2014-09-17T14:24:03","guid":{"rendered":"http:\/\/agora.xtec.cat\/inseugenixammar\/?page_id=27"},"modified":"2021-06-27T19:44:51","modified_gmt":"2021-06-27T17:44:51","slug":"historia","status":"publish","type":"page","link":"https:\/\/agora.xtec.cat\/inseugenixammar\/linstitut\/historia\/","title":{"rendered":"Hist\u00f2ria"},"content":{"rendered":"<p class=\"font_7\" style=\"text-align: justify;\"><span class=\"color_15\" style=\"color: #000000;\">Els or\u00edgens de l&#8217;institut Eugeni Xammar es remunten a l&#8217;any 1996 quan vam comen\u00e7ar a funcionar en uns m\u00f2duls prefabricats ubicats on ara es troba el p\u00e0rquing de l&#8217;institut.<\/span><\/p>\n<p class=\"font_7\" style=\"text-align: justify;\"><span class=\"color_15\" style=\"color: #000000;\">El curs 2003-04 es va iniciar el curs acad\u00e8mic en el nou edifici. Disposar d&#8217;un edifici amb bones instal\u00b7lacions ha\u00a0possibilitat la dinamitzaci\u00f3 de\u00a0la vida acad\u00e8mica i cultural al nostre institut. S&#8217;han fet confer\u00e8ncies (jutges, empresaris, cient\u00edfics, periodistes, exalumnes, &#8230;), sopars (4t d&#8217;ESO i profes), celebracions (Nadal, Sant Jordi, Dia de la poesia,&#8230;), etc.<\/span><\/p>\n<p class=\"font_7\" style=\"text-align: justify;\"><span class=\"color_15\" style=\"color: #000000;\">A l&#8217;institut s&#8217;imparteix\u00a0ESO,\u00a0batxillerat d&#8217;humanitats i ci\u00e8ncies socials i\u00a0batxillerat de ci\u00e8ncies i tecnologia.<\/span><\/p>\n<p style=\"text-align: justify;\"><span style=\"color: #0a0300;\"><a style=\"color: #0a0300;\" href=\"https:\/\/agora.xtec.cat\/inseugenixammar\/wp-content\/uploads\/usu2541\/2021\/06\/institut-00.jpg\"><img loading=\"lazy\" decoding=\"async\" class=\"alignnone wp-image-621\" src=\"https:\/\/agora.xtec.cat\/inseugenixammar\/wp-content\/uploads\/usu2541\/2021\/06\/institut-00.jpg\" alt=\"\" width=\"361\" height=\"241\" srcset=\"https:\/\/agora.xtec.cat\/inseugenixammar\/wp-content\/uploads\/usu2541\/2021\/06\/institut-00.jpg 600w, https:\/\/agora.xtec.cat\/inseugenixammar\/wp-content\/uploads\/usu2541\/2021\/06\/institut-00-300x201.jpg 300w\" sizes=\"auto, (max-width: 361px) 100vw, 361px\" \/><\/a><\/span><a href=\"https:\/\/agora.xtec.cat\/inseugenixammar\/wp-content\/uploads\/usu2541\/2021\/06\/institut-01.jpg\"><img loading=\"lazy\" decoding=\"async\" class=\"alignnone wp-image-620\" src=\"https:\/\/agora.xtec.cat\/inseugenixammar\/wp-content\/uploads\/usu2541\/2021\/06\/institut-01.jpg\" alt=\"\" width=\"371\" height=\"241\" \/><\/a><\/p>\n<p>&nbsp;<\/p>\n","protected":false},"excerpt":{"rendered":"<p>Els or\u00edgens de l&#8217;institut Eugeni Xammar es remunten a l&#8217;any 1996 quan vam comen\u00e7ar a funcionar en uns m\u00f2duls prefabricats ubicats on ara es troba el p\u00e0rquing de l&#8217;institut.<br \/>\nEl curs 2003-04 es va iniciar el curs acad\u00e8mic en el nou edifici. Disposar d&#8217;un edifici amb&hellip;  <a href=\"https:\/\/agora.xtec.cat\/inseugenixammar\/linstitut\/historia\/\" title=\"Read Hist\u00f2ria\">Llegeix m\u00e9s\u00bb<\/a><\/p>\n","protected":false},"author":1,"featured_media":0,"parent":19,"menu_order":20,"comment_status":"closed","ping_status":"closed","template":"page-templates\/side-menu.php","meta":{"_bbp_topic_count":0,"_bbp_reply_count":0,"_bbp_total_topic_count":0,"_bbp_total_reply_count":0,"_bbp_voice_count":0,"_bbp_anonymous_reply_count":0,"_bbp_topic_count_hidden":0,"_bbp_reply_count_hidden":0,"_bbp_forum_subforum_count":0,"footnotes":""},"class_list":["post-27","page","type-page","status-publish","hentry"],"post_mailing_queue_ids":[],"_links":{"self":[{"href":"https:\/\/agora.xtec.cat\/inseugenixammar\/wp-json\/wp\/v2\/pages\/27","targetHints":{"allow":["GET"]}}],"collection":[{"href":"https:\/\/agora.xtec.cat\/inseugenixammar\/wp-json\/wp\/v2\/pages"}],"about":[{"href":"https:\/\/agora.xtec.cat\/inseugenixammar\/wp-json\/wp\/v2\/types\/page"}],"author":[{"embeddable":true,"href":"https:\/\/agora.xtec.cat\/inseugenixammar\/wp-json\/wp\/v2\/users\/1"}],"replies":[{"embeddable":true,"href":"https:\/\/agora.xtec.cat\/inseugenixammar\/wp-json\/wp\/v2\/comments?post=27"}],"version-history":[{"count":3,"href":"https:\/\/agora.xtec.cat\/inseugenixammar\/wp-json\/wp\/v2\/pages\/27\/revisions"}],"predecessor-version":[{"id":711,"href":"https:\/\/agora.xtec.cat\/inseugenixammar\/wp-json\/wp\/v2\/pages\/27\/revisions\/711"}],"up":[{"embeddable":true,"href":"https:\/\/agora.xtec.cat\/inseugenixammar\/wp-json\/wp\/v2\/pages\/19"}],"wp:attachment":[{"href":"https:\/\/agora.xtec.cat\/inseugenixammar\/wp-json\/wp\/v2\/media?parent=27"}],"curies":[{"name":"wp","href":"https:\/\/api.w.org\/{rel}","templated":true}]}}