{"id":2439,"date":"2022-11-30T06:02:08","date_gmt":"2022-11-30T05:02:08","guid":{"rendered":"https:\/\/agora.xtec.cat\/inseugenixammar\/?page_id=2439"},"modified":"2025-08-10T12:09:19","modified_gmt":"2025-08-10T10:09:19","slug":"oficina-jove","status":"publish","type":"page","link":"https:\/\/agora.xtec.cat\/inseugenixammar\/serveis\/oficina-jove\/","title":{"rendered":"Oficina Jove"},"content":{"rendered":"<p><a href=\"https:\/\/agora.xtec.cat\/inseugenixammar\/wp-content\/uploads\/usu2541\/2022\/11\/Logo-oficina-jove-Valles-Oriental.jpg\"><img loading=\"lazy\" decoding=\"async\" class=\"size-full wp-image-2444 aligncenter\" src=\"https:\/\/agora.xtec.cat\/inseugenixammar\/wp-content\/uploads\/usu2541\/2022\/11\/Logo-oficina-jove-Valles-Oriental.jpg\" alt=\"\" width=\"521\" height=\"145\" srcset=\"https:\/\/agora.xtec.cat\/inseugenixammar\/wp-content\/uploads\/usu2541\/2022\/11\/Logo-oficina-jove-Valles-Oriental.jpg 521w, https:\/\/agora.xtec.cat\/inseugenixammar\/wp-content\/uploads\/usu2541\/2022\/11\/Logo-oficina-jove-Valles-Oriental-300x83.jpg 300w\" sizes=\"auto, (max-width: 521px) 100vw, 521px\" \/><\/a><\/p>\n<p><span style=\"color: #800080;\"><a style=\"color: #800080;\" href=\"https:\/\/drive.google.com\/drive\/folders\/1XKe8Eaw2gVTvL03V6Ss6-T3eZmEloMEj?usp=share_link\" target=\"_blank\" rel=\"noopener\">Clica aqu\u00ed per accedir als <\/a><em><strong><a style=\"color: #800080;\" href=\"https:\/\/drive.google.com\/drive\/folders\/1XKe8Eaw2gVTvL03V6Ss6-T3eZmEloMEj?usp=share_link\" target=\"_blank\" rel=\"noopener\">butlletins mensuals<\/a><\/strong><\/em><\/span><\/p>\n<table style=\"border-collapse: collapse; width: 100%;\">\n<tbody>\n<tr>\n<td style=\"width: 50%;\">\n<h4><span style=\"color: #008080;\"><b>L&#8217;OFICINA JOVE DEL VALL\u00c8S ORIENTAL A L&#8217;AMETLLA DEL VALL\u00c8S:\u00a0<\/b><\/span>Tria i defineix el teu cam\u00ed amb suport especialitzat.<\/h4>\n<p><em>El Servei d\u2019Orientaci\u00f3 Professional acompanya els i les joves de 16 a 35 anys en la construcci\u00f3 del seu futur professional, laboral i educatiu, amb atenci\u00f3 individualitzada i tamb\u00e9 a trav\u00e9s del Programa Suport a l\u2019Ocupaci\u00f3 Juvenil (SOJ)<\/em><\/p>\n<p>Si tens entre\u00a0<b>16 i 35 anys\u00a0<\/b>i necessites orientaci\u00f3 per decidir qu\u00e8 estudiar, buscar feina o redefinir el teu projecte professional, a l\u2019Ametlla del Vall\u00e8s tens un recurs gratu\u00eft, personalitzat i de confian\u00e7a: el Servei d\u2019Orientaci\u00f3 Professional de l\u2019Oficina Jove del Vall\u00e8s Oriental. Aquest servei ofereix acompanyament en tot el proc\u00e9s d\u2019orientaci\u00f3: des de l\u2019autoconeixement i la tria d\u2019estudis, fins a la recerca activa de feina o la inscripci\u00f3 a formaci\u00f3 ocupacional.<\/p>\n<p style=\"font-weight: 400;\">La <strong>Irene Mur<\/strong>, \u00e9s la t\u00e8cnica de Suport a l\u2019Ocupaci\u00f3 Juvenil i l\u2019orientadora juvenil de l\u2019Ametlla del Vall\u00e8s, amb m\u00e9s de set anys d\u2019experi\u00e8ncia professional en pol\u00edtiques de joventut.<\/p>\n<p style=\"font-weight: 400;\">\u00a0El Servei d\u2019Orientaci\u00f3 Professional es presta\u00a0<strong>cada dijous, de 11 h a 14 h, al PICA<\/strong>\u00a0(c. Sebasti\u00e0 Bassa, 10).<\/p>\n<p style=\"font-weight: 400;\">\u00c9s un servei gratu\u00eft, per\u00f2 cal demanar\u00a0<strong>cita pr\u00e8via\u00a0<\/strong>omplint\u00a0<a href=\"https:\/\/forms.gle\/ubMEvVhJJ4VqLT9Z8\" target=\"_blank\" rel=\"noopener\" data-saferedirecturl=\"https:\/\/www.google.com\/url?q=https:\/\/forms.gle\/ubMEvVhJJ4VqLT9Z8&amp;source=gmail&amp;ust=1754672920784000&amp;usg=AOvVaw1q8I1fKI1NWxeeu7YMwc_4\">aquest formulari<\/a>, per correu a\u00a0<span style=\"color: #ff00ff;\">orientaciojoves@vallesoriental.cat<\/span>\u00a0o b\u00e9 escrivint un WhatsApp al tel\u00e8fon del PICA:\u00a0 671 409 890.<\/p>\n<\/td>\n<td style=\"width: 50%;\"><a href=\"https:\/\/agora.xtec.cat\/inseugenixammar\/wp-content\/uploads\/usu2541\/2025\/08\/Cartell-Servei-dOrientacio-Juvenil-Ametlla-18.png\"><img loading=\"lazy\" decoding=\"async\" class=\"alignnone wp-image-3825 size-large\" src=\"https:\/\/agora.xtec.cat\/inseugenixammar\/wp-content\/uploads\/usu2541\/2025\/08\/Cartell-Servei-dOrientacio-Juvenil-Ametlla-18-724x1024.png\" alt=\"\" width=\"724\" height=\"1024\" srcset=\"https:\/\/agora.xtec.cat\/inseugenixammar\/wp-content\/uploads\/usu2541\/2025\/08\/Cartell-Servei-dOrientacio-Juvenil-Ametlla-18-724x1024.png 724w, https:\/\/agora.xtec.cat\/inseugenixammar\/wp-content\/uploads\/usu2541\/2025\/08\/Cartell-Servei-dOrientacio-Juvenil-Ametlla-18-212x300.png 212w, https:\/\/agora.xtec.cat\/inseugenixammar\/wp-content\/uploads\/usu2541\/2025\/08\/Cartell-Servei-dOrientacio-Juvenil-Ametlla-18-768x1086.png 768w, https:\/\/agora.xtec.cat\/inseugenixammar\/wp-content\/uploads\/usu2541\/2025\/08\/Cartell-Servei-dOrientacio-Juvenil-Ametlla-18-1086x1536.png 1086w, https:\/\/agora.xtec.cat\/inseugenixammar\/wp-content\/uploads\/usu2541\/2025\/08\/Cartell-Servei-dOrientacio-Juvenil-Ametlla-18.png 1131w\" sizes=\"auto, (max-width: 724px) 100vw, 724px\" \/><\/a><\/td>\n<\/tr>\n<tr>\n<td style=\"width: 50%;\" colspan=\"2\">\n<p style=\"font-weight: 400;\"><span style=\"color: #993300;\"><strong><u>Qu\u00e8 t\u2019ofereix el Servei d\u2019Orientaci\u00f3 Professional?<\/u><\/strong><\/span><\/p>\n<ul style=\"list-style-type: circle;\">\n<li style=\"font-weight: 400;\"><strong>Autoconeixement i tria de futur<\/strong>: T\u2019ajudem a con\u00e8ixer el teu perfil competencial i detectar els teus punts forts per triar un cam\u00ed que et motivi.<\/li>\n<li style=\"font-weight: 400;\"><strong>Coneixement del mercat de treball<\/strong>: T\u2019informem sobre sectors, ocupacions i condicions laborals, i t\u2019acompanyem en els passos per inserir-te laboralment.<\/li>\n<li style=\"font-weight: 400;\"><strong>Informaci\u00f3 educativa i formativa<\/strong>: T\u2019assessorem sobre estudis post obligatoris, formaci\u00f3 ocupacional i altres opcions formatives dins i fora del sistema reglat.<\/li>\n<li style=\"font-weight: 400;\"><strong>Recerca de feina amb \u00e8xit<\/strong>: T\u2019ajudem a fer un bon curr\u00edculum, preparar entrevistes i con\u00e8ixer canals de cerca de feina. Tamb\u00e9 compartim ofertes laborals per a joves a trav\u00e9s del web\u00a0<a href=\"http:\/\/vallesjove.cat\/\" data-saferedirecturl=\"https:\/\/www.google.com\/url?q=http:\/\/vallesjove.cat&amp;source=gmail&amp;ust=1754672920784000&amp;usg=AOvVaw1DL_hi_6XJsucpOtkoxUrR\">vallesjove.cat<\/a>\u00a0i l\u2019Instagram @ojvallesoriental.<\/li>\n<li style=\"font-weight: 400;\"><strong>Suport emocional i presa de decisions<\/strong>: Et donem eines per gestionar les emocions que poden apar\u00e8ixer quan no tens clar el teu futur.<\/li>\n<li style=\"font-weight: 400;\"><strong>Ajuda en tr\u00e0mits<\/strong>: Podem guiar-te en la inscripci\u00f3 al SOC, Garantia Juvenil, IdCat, sol\u00b7licitud de la prestaci\u00f3 contributiva d\u2019atur, Afiliaci\u00f3 a la Seguretat Social, entre d\u2019altres.<\/li>\n<\/ul>\n<p style=\"font-weight: 400;\"><span style=\"color: #993300;\"><strong><u>Tens entre 16 i 29 anys, i no estudies ni treballes? El Programa SOJ \u00e9s per a tu<\/u><\/strong><\/span><\/p>\n<p style=\"font-weight: 400;\">El Programa Suport a l\u2019Ocupaci\u00f3 Juvenil (SOJ) \u00e9s una iniciativa del Servei d\u2019Ocupaci\u00f3 de Catalunya (SOC) que ofereix orientaci\u00f3 integral i personalitzada a joves que volen reprendre els estudis o comen\u00e7ar a treballar.<\/p>\n<p style=\"font-weight: 400;\"><span style=\"color: #993300;\"><strong>Des del Servei d\u2019Orientaci\u00f3 t\u2019acompanyem a:<\/strong><\/span><\/p>\n<ul>\n<li style=\"font-weight: 400;\">Definir un pla d\u2019acci\u00f3 personalitzat<\/li>\n<li style=\"font-weight: 400;\">Reconnectar amb el sistema educatiu o la formaci\u00f3 ocupacional<\/li>\n<li style=\"font-weight: 400;\">Millorar l\u2019ocupabilitat i trobar feina<\/li>\n<li style=\"font-weight: 400;\">Fer el seguiment amb suport emocional i pr\u00e0ctic, fins assolir els teus objectius<\/li>\n<\/ul>\n<p style=\"font-weight: 400;\"><strong>Requisits per participar-hi:<\/strong><\/p>\n<ul style=\"font-weight: 400;\">\n<li>Tenir entre 16 i 29 anys.<\/li>\n<li>No estar estudiant ni treballant.<\/li>\n<li>Estar donat\/da d\u2019alta com a demandant d\u2019ocupaci\u00f3 al SOC.<\/li>\n<li>Estar inscrit\/a a la Garantia Juvenil (<em>t\u2019ajudem a fer-ho!<\/em>).<\/li>\n<\/ul>\n<table style=\"font-weight: 400;\">\n<tbody>\n<tr>\n<td><strong>T\u2019ajudem a construir el teu futur. No cal tenir-ho tot clar per comen\u00e7ar, nom\u00e9s ganes de fer el primer pas.<\/strong><\/td>\n<\/tr>\n<\/tbody>\n<\/table>\n<p style=\"font-weight: 400;\"><strong>Vols m\u00e9s informaci\u00f3? Ens trobar\u00e0s tamb\u00e9 a:\u00a0<\/strong>\u00a0<a href=\"http:\/\/www.vallesjove.cat\/\" target=\"_blank\" rel=\"noopener\" data-saferedirecturl=\"https:\/\/www.google.com\/url?q=http:\/\/www.vallesjove.cat&amp;source=gmail&amp;ust=1754672920784000&amp;usg=AOvVaw3anmAvbQj1IZehxgSlFoVp\">www.vallesjove.cat<\/a>\u00a0|\u00a0\u00a0@ojvallesoriental a Instagram<\/p>\n<\/td>\n<\/tr>\n<\/tbody>\n<\/table>\n<p>&nbsp;<\/p>\n<p>&nbsp;<\/p>\n","protected":false},"excerpt":{"rendered":"<p><a href=\"https:\/\/agora.xtec.cat\/inseugenixammar\/wp-content\/uploads\/usu2541\/2022\/11\/Logo-oficina-jove-Valles-Oriental.jpg\"><\/a><br \/>\n<a style=\"color: #800080;\" href=\"https:\/\/drive.google.com\/drive\/folders\/1XKe8Eaw2gVTvL03V6Ss6-T3eZmEloMEj?usp=share_link\" target=\"_blank\" rel=\"noopener\">Clica aqu\u00ed per accedir als <\/a><a style=\"color: #800080;\" href=\"https:\/\/drive.google.com\/drive\/folders\/1XKe8Eaw2gVTvL03V6Ss6-T3eZmEloMEj?usp=share_link\" target=\"_blank\" rel=\"noopener\">butlletins mensuals<\/a><\/p>\n<p>L&#8217;OFICINA JOVE DEL VALL\u00c8S ORIENTAL A L&#8217;AMETLLA DEL VALL\u00c8S:\u00a0Tria i defineix el teu cam\u00ed amb suport especialitzat.<br \/>\nEl Servei d\u2019Orientaci\u00f3 Professional acompanya els i les joves de 16 a&hellip;  <a href=\"https:\/\/agora.xtec.cat\/inseugenixammar\/serveis\/oficina-jove\/\" title=\"Read Oficina Jove\">Llegeix m\u00e9s\u00bb<\/a><\/p>\n","protected":false},"author":5,"featured_media":0,"parent":63,"menu_order":50,"comment_status":"closed","ping_status":"closed","template":"page-templates\/side-menu.php","meta":{"_bbp_topic_count":0,"_bbp_reply_count":0,"_bbp_total_topic_count":0,"_bbp_total_reply_count":0,"_bbp_voice_count":0,"_bbp_anonymous_reply_count":0,"_bbp_topic_count_hidden":0,"_bbp_reply_count_hidden":0,"_bbp_forum_subforum_count":0,"footnotes":""},"class_list":["post-2439","page","type-page","status-publish","hentry"],"post_mailing_queue_ids":[],"_links":{"self":[{"href":"https:\/\/agora.xtec.cat\/inseugenixammar\/wp-json\/wp\/v2\/pages\/2439","targetHints":{"allow":["GET"]}}],"collection":[{"href":"https:\/\/agora.xtec.cat\/inseugenixammar\/wp-json\/wp\/v2\/pages"}],"about":[{"href":"https:\/\/agora.xtec.cat\/inseugenixammar\/wp-json\/wp\/v2\/types\/page"}],"author":[{"embeddable":true,"href":"https:\/\/agora.xtec.cat\/inseugenixammar\/wp-json\/wp\/v2\/users\/5"}],"replies":[{"embeddable":true,"href":"https:\/\/agora.xtec.cat\/inseugenixammar\/wp-json\/wp\/v2\/comments?post=2439"}],"version-history":[{"count":6,"href":"https:\/\/agora.xtec.cat\/inseugenixammar\/wp-json\/wp\/v2\/pages\/2439\/revisions"}],"predecessor-version":[{"id":3828,"href":"https:\/\/agora.xtec.cat\/inseugenixammar\/wp-json\/wp\/v2\/pages\/2439\/revisions\/3828"}],"up":[{"embeddable":true,"href":"https:\/\/agora.xtec.cat\/inseugenixammar\/wp-json\/wp\/v2\/pages\/63"}],"wp:attachment":[{"href":"https:\/\/agora.xtec.cat\/inseugenixammar\/wp-json\/wp\/v2\/media?parent=2439"}],"curies":[{"name":"wp","href":"https:\/\/api.w.org\/{rel}","templated":true}]}}