{"id":2372,"date":"2022-11-02T22:34:43","date_gmt":"2022-11-02T21:34:43","guid":{"rendered":"https:\/\/agora.xtec.cat\/inseugenixammar\/?page_id=2372"},"modified":"2026-02-02T16:40:01","modified_gmt":"2026-02-02T15:40:01","slug":"salut-i-escola","status":"publish","type":"page","link":"https:\/\/agora.xtec.cat\/inseugenixammar\/serveis\/salut-i-escola\/","title":{"rendered":"Salut i Escola"},"content":{"rendered":"<p><strong>Programa Salut i Escola<\/strong><\/p>\n<table style=\"border-collapse: collapse; width: 100%;\">\n<tbody>\n<tr>\n<td style=\"width: 35.9394%;\"><a href=\"https:\/\/agora.xtec.cat\/inseugenixammar\/wp-content\/uploads\/usu2541\/2022\/11\/salut-i-escola.jpg\"><img loading=\"lazy\" decoding=\"async\" class=\"size-full wp-image-2369\" src=\"https:\/\/agora.xtec.cat\/inseugenixammar\/wp-content\/uploads\/usu2541\/2022\/11\/salut-i-escola.jpg\" alt=\"\" width=\"280\" height=\"268\" \/><\/a><\/td>\n<td style=\"width: 64.0606%;\">\n<p style=\"font-family: 'Helvetica Neue', Helvetica, Helvetica, Arial, sans-serif; font-size: 16px;\">La Consulta Oberta \u00e9s un espai d\u2019atenci\u00f3 directa i de consulta adre\u00e7at a adolescents que s\u2019ofereix dins del centre educatiu amb un\/a professional d\u2019infermeria del Programa Salut i Escola (PSiE) que es despla\u00e7a des del centre d\u2019atenci\u00f3 prim\u00e0ria de salut.<\/p>\n<p style=\"font-family: 'Helvetica Neue', Helvetica, Helvetica, Arial, sans-serif; font-size: 16px;\">La S\u00f2nia Rodr\u00edguez, infermera del CAP de La Garriga, ser\u00e0 l\u2019encarregada de dinamitzar aquest servei.<\/p>\n<p style=\"font-family: 'Helvetica Neue', Helvetica, Helvetica, Arial, sans-serif; font-size: 16px;\">La funci\u00f3 d\u2019aquest\/a professional d\u2019infermeria \u00e9s resoldre dubtes de salut, detectar problemes de salut, psicol\u00f2gics o socials, sense entrar en diagn\u00f2stics ni tractaments, realitzar escolta activa, detectar senyals d\u2019alarma, facilitar eines als adolescents per identificar els problemes i acompanyar-los o derivar-los en l\u2019orientaci\u00f3 cap a l\u2019atenci\u00f3 dins del Sistema Sanitari.<\/p>\n<p style=\"font-family: 'Helvetica Neue', Helvetica, Helvetica, Arial, sans-serif; font-size: 16px;\">L\u2019alumnat hi pot accedir de manera espont\u00e0nia o derivat pel professor\/a, tutor\/a o fam\u00edlies, amb garanties de privacitat i confidencialitat. Al nostre centre la consulta estar\u00e0 oberta els\u00a0<strong>dilluns\u00a0 de 10h a 12h<\/strong>.<\/p>\n<p style=\"font-family: 'Helvetica Neue', Helvetica, Helvetica, Arial, sans-serif; font-size: 16px;\">Tamb\u00e9 es poden fer consultes a trav\u00e9s del correu electr\u00f2nic\u00a0<strong><em>sescola.garriga.ics@gencat<\/em>.cat<\/strong>.<\/p>\n<p style=\"font-family: 'Helvetica Neue', Helvetica, Helvetica, Arial, sans-serif; font-size: 16px;\">Trobareu m\u00e9s informaci\u00f3 d\u2019aquest servei a la p\u00e0gina web del\u00a0<a href=\"https:\/\/xtec.gencat.cat\/ca\/comunitat\/salutescola\/programasalutescola\/\" target=\"_blank\" rel=\"noopener\">Programa Salut i Escola<\/a> de la Generalitat de Catalunya i a la <a href=\"https:\/\/drive.google.com\/file\/d\/18yk8ZGNefOm4EJ33BU1SH0z4IVYeMSOa\/view?usp=sharing\" target=\"_blank\" rel=\"noopener\">carta de presentaci\u00f3<\/a>.<\/p>\n<\/td>\n<\/tr>\n<\/tbody>\n<\/table>\n<p>&nbsp;<\/p>\n","protected":false},"excerpt":{"rendered":"<p>Programa Salut i Escola<\/p>\n<p><a href=\"https:\/\/agora.xtec.cat\/inseugenixammar\/wp-content\/uploads\/usu2541\/2022\/11\/salut-i-escola.jpg\"><\/a><\/p>\n<p>La Consulta Oberta \u00e9s un espai d\u2019atenci\u00f3 directa i de consulta adre\u00e7at a adolescents que s\u2019ofereix dins del centre educatiu amb un\/a professional d\u2019infermeria del Programa Salut i Escola (PSiE) que es despla\u00e7a des del centre d\u2019atenci\u00f3 prim\u00e0ria de salut.<br \/>\nLa S\u00f2nia&hellip;  <a href=\"https:\/\/agora.xtec.cat\/inseugenixammar\/serveis\/salut-i-escola\/\" title=\"Read Salut i Escola\">Llegeix m\u00e9s\u00bb<\/a><\/p>\n","protected":false},"author":5,"featured_media":0,"parent":63,"menu_order":30,"comment_status":"closed","ping_status":"closed","template":"page-templates\/side-menu.php","meta":{"_bbp_topic_count":0,"_bbp_reply_count":0,"_bbp_total_topic_count":0,"_bbp_total_reply_count":0,"_bbp_voice_count":0,"_bbp_anonymous_reply_count":0,"_bbp_topic_count_hidden":0,"_bbp_reply_count_hidden":0,"_bbp_forum_subforum_count":0,"footnotes":""},"class_list":["post-2372","page","type-page","status-publish","hentry"],"post_mailing_queue_ids":[],"_links":{"self":[{"href":"https:\/\/agora.xtec.cat\/inseugenixammar\/wp-json\/wp\/v2\/pages\/2372","targetHints":{"allow":["GET"]}}],"collection":[{"href":"https:\/\/agora.xtec.cat\/inseugenixammar\/wp-json\/wp\/v2\/pages"}],"about":[{"href":"https:\/\/agora.xtec.cat\/inseugenixammar\/wp-json\/wp\/v2\/types\/page"}],"author":[{"embeddable":true,"href":"https:\/\/agora.xtec.cat\/inseugenixammar\/wp-json\/wp\/v2\/users\/5"}],"replies":[{"embeddable":true,"href":"https:\/\/agora.xtec.cat\/inseugenixammar\/wp-json\/wp\/v2\/comments?post=2372"}],"version-history":[{"count":6,"href":"https:\/\/agora.xtec.cat\/inseugenixammar\/wp-json\/wp\/v2\/pages\/2372\/revisions"}],"predecessor-version":[{"id":3973,"href":"https:\/\/agora.xtec.cat\/inseugenixammar\/wp-json\/wp\/v2\/pages\/2372\/revisions\/3973"}],"up":[{"embeddable":true,"href":"https:\/\/agora.xtec.cat\/inseugenixammar\/wp-json\/wp\/v2\/pages\/63"}],"wp:attachment":[{"href":"https:\/\/agora.xtec.cat\/inseugenixammar\/wp-json\/wp\/v2\/media?parent=2372"}],"curies":[{"name":"wp","href":"https:\/\/api.w.org\/{rel}","templated":true}]}}