{"id":1890,"date":"2021-12-11T20:14:31","date_gmt":"2021-12-11T19:14:31","guid":{"rendered":"https:\/\/agora.xtec.cat\/inseugenixammar\/?page_id=1890"},"modified":"2025-11-09T09:56:38","modified_gmt":"2025-11-09T08:56:38","slug":"projectes-xammar-23","status":"publish","type":"page","link":"https:\/\/agora.xtec.cat\/inseugenixammar\/projectes-xammar-23\/","title":{"rendered":"Webs dels Projectes Xammar"},"content":{"rendered":"<p>Clicant sobre les imatges accedireu als sites de cadascun dels projectes. Hi trobareu els objectius d&#8217;aprenentatge, orientacions per organitzar-vos, la seq\u00fc\u00e8ncia did\u00e0ctica, les r\u00fabriques d&#8217;avaluaci\u00f3, materials i recursos, etc.<\/p>\n<p>Recordeu que heu d&#8217;accedir-hi amb el correu corporatiu.<\/p>\n<table style=\"border-collapse: collapse; width: 100%; height: 253px;\">\n<tbody>\n<tr style=\"height: 253px;\">\n<td style=\"width: 25%; height: 253px;\"><\/td>\n<td style=\"width: 25%; height: 253px;\"><a href=\"https:\/\/sites.google.com\/xtec.cat\/elmodernismealametlla?usp=sharing\" target=\"_blank\" rel=\"noopener\"><img loading=\"lazy\" decoding=\"async\" class=\"alignnone wp-image-1891 size-full\" src=\"https:\/\/agora.xtec.cat\/inseugenixammar\/wp-content\/uploads\/usu2541\/2021\/12\/portada-projecte-xammar-2n.png\" alt=\"\" width=\"542\" height=\"669\" srcset=\"https:\/\/agora.xtec.cat\/inseugenixammar\/wp-content\/uploads\/usu2541\/2021\/12\/portada-projecte-xammar-2n.png 542w, https:\/\/agora.xtec.cat\/inseugenixammar\/wp-content\/uploads\/usu2541\/2021\/12\/portada-projecte-xammar-2n-243x300.png 243w\" sizes=\"auto, (max-width: 542px) 100vw, 542px\" \/><\/a><\/p>\n<h1 style=\"text-align: center;\"><strong>2n ESO<\/strong><\/h1>\n<\/td>\n<td style=\"width: 25%; height: 253px;\"><a href=\"https:\/\/sites.google.com\/xtec.cat\/projecte-xammar-3r\/presentaci%C3%B3-projecte\" target=\"_blank\" rel=\"noopener\"><img loading=\"lazy\" decoding=\"async\" class=\"alignnone wp-image-1892\" src=\"https:\/\/agora.xtec.cat\/inseugenixammar\/wp-content\/uploads\/usu2541\/2021\/12\/portada-projecte-xammar-3r.png\" alt=\"\" width=\"539\" height=\"670\" srcset=\"https:\/\/agora.xtec.cat\/inseugenixammar\/wp-content\/uploads\/usu2541\/2021\/12\/portada-projecte-xammar-3r.png 539w, https:\/\/agora.xtec.cat\/inseugenixammar\/wp-content\/uploads\/usu2541\/2021\/12\/portada-projecte-xammar-3r-241x300.png 241w\" sizes=\"auto, (max-width: 539px) 100vw, 539px\" \/><\/a><\/p>\n<h1 style=\"text-align: center;\"><strong>3r ESO<\/strong><\/h1>\n<\/td>\n<td style=\"width: 25%; height: 253px;\"><\/td>\n<\/tr>\n<\/tbody>\n<\/table>\n<p>&nbsp;<\/p>\n","protected":false},"excerpt":{"rendered":"<p>Clicant sobre les imatges accedireu als sites de cadascun dels projectes. Hi trobareu els objectius d&#8217;aprenentatge, orientacions per organitzar-vos, la seq\u00fc\u00e8ncia did\u00e0ctica, les r\u00fabriques d&#8217;avaluaci\u00f3, materials i recursos, etc.<br \/>\nRecordeu que heu d&#8217;accedir-hi amb el correu corporatiu.<\/p>\n<p><a href=\"https:\/\/sites.google.com\/xtec.cat\/elmodernismealametlla?usp=sharing\" target=\"_blank\" rel=\"noopener\"><\/a><br \/>\n2n ESO<\/p>\n<p><a href=\"https:\/\/sites.google.com\/xtec.cat\/projecte-xammar-3r\/presentaci%C3%B3-projecte\" target=\"_blank\" rel=\"noopener\"><\/a><br \/>\n3r ESO<\/p>\n<p>&nbsp;<\/p>\n","protected":false},"author":1,"featured_media":0,"parent":0,"menu_order":0,"comment_status":"closed","ping_status":"closed","template":"","meta":{"_bbp_topic_count":0,"_bbp_reply_count":0,"_bbp_total_topic_count":0,"_bbp_total_reply_count":0,"_bbp_voice_count":0,"_bbp_anonymous_reply_count":0,"_bbp_topic_count_hidden":0,"_bbp_reply_count_hidden":0,"_bbp_forum_subforum_count":0,"footnotes":""},"class_list":["post-1890","page","type-page","status-publish","hentry"],"post_mailing_queue_ids":[],"_links":{"self":[{"href":"https:\/\/agora.xtec.cat\/inseugenixammar\/wp-json\/wp\/v2\/pages\/1890","targetHints":{"allow":["GET"]}}],"collection":[{"href":"https:\/\/agora.xtec.cat\/inseugenixammar\/wp-json\/wp\/v2\/pages"}],"about":[{"href":"https:\/\/agora.xtec.cat\/inseugenixammar\/wp-json\/wp\/v2\/types\/page"}],"author":[{"embeddable":true,"href":"https:\/\/agora.xtec.cat\/inseugenixammar\/wp-json\/wp\/v2\/users\/1"}],"replies":[{"embeddable":true,"href":"https:\/\/agora.xtec.cat\/inseugenixammar\/wp-json\/wp\/v2\/comments?post=1890"}],"version-history":[{"count":6,"href":"https:\/\/agora.xtec.cat\/inseugenixammar\/wp-json\/wp\/v2\/pages\/1890\/revisions"}],"predecessor-version":[{"id":3957,"href":"https:\/\/agora.xtec.cat\/inseugenixammar\/wp-json\/wp\/v2\/pages\/1890\/revisions\/3957"}],"wp:attachment":[{"href":"https:\/\/agora.xtec.cat\/inseugenixammar\/wp-json\/wp\/v2\/media?parent=1890"}],"curies":[{"name":"wp","href":"https:\/\/api.w.org\/{rel}","templated":true}]}}