{"id":1814,"date":"2021-11-14T16:44:44","date_gmt":"2021-11-14T15:44:44","guid":{"rendered":"https:\/\/agora.xtec.cat\/inseugenixammar\/?page_id=1814"},"modified":"2025-08-04T10:53:30","modified_gmt":"2025-08-04T08:53:30","slug":"c17","status":"publish","type":"page","link":"https:\/\/agora.xtec.cat\/inseugenixammar\/serveis\/c17\/","title":{"rendered":"Pla de prevenci\u00f3 de drogues, pantalles i promoci\u00f3 de la salut C17"},"content":{"rendered":"<p>&nbsp;<\/p>\n<table style=\"border-collapse: collapse; width: 100%;\">\n<tbody>\n<tr>\n<td style=\"width: 66.6666%;\" colspan=\"2\">\n<ul>\n<li style=\"text-align: justify;\">El Pla de Prevenci\u00f3 de drogues i Promoci\u00f3 de la Salut C17 \u00e9s un programa supramunicipal format pels municipis de l\u2019Ametlla del Vall\u00e8s, el Figar\u00f3-Montmany, Les Franqueses del Vall\u00e8s, La Garriga i el Tagamanent i compta amb el suport de la Diputaci\u00f3 de Barcelona. En <a href=\"http:\/\/c17.cat\/\" target=\"_blank\" rel=\"noopener\">aquest enlla\u00e7<\/a> podreu accedir a la seva p\u00e0gina web.<\/li>\n<li>Els seus objectius principals s\u00f3n:\n<ul>\n<li>Prevenir i reduir el consum de drogues aix\u00ed com disminuir el seu \u00fas problem\u00e0tic i els riscos i danys associats.<\/li>\n<li>Prevenir i reduir els usos problem\u00e0tics de pantalles.<\/li>\n<li>Promoure la salut en els \u00e0mbits de la sexualitat i afectivitat, l\u2019alimentaci\u00f3 saludables i benestar emocional.<\/li>\n<\/ul>\n<\/li>\n<\/ul>\n<\/td>\n<td style=\"width: 33.3333%;\"><a href=\"https:\/\/drive.google.com\/file\/d\/1_M5LuYKYDhmb6fO6Yxury-pnLlsjmi_X\/view?usp=sharing\" target=\"_blank\" rel=\"noopener\"><img loading=\"lazy\" decoding=\"async\" class=\"alignnone size-full wp-image-3818\" src=\"https:\/\/agora.xtec.cat\/inseugenixammar\/wp-content\/uploads\/usu2541\/2025\/08\/c17-web.png\" alt=\"\" width=\"605\" height=\"845\" srcset=\"https:\/\/agora.xtec.cat\/inseugenixammar\/wp-content\/uploads\/usu2541\/2025\/08\/c17-web.png 605w, https:\/\/agora.xtec.cat\/inseugenixammar\/wp-content\/uploads\/usu2541\/2025\/08\/c17-web-215x300.png 215w\" sizes=\"auto, (max-width: 605px) 100vw, 605px\" \/><\/a><\/td>\n<\/tr>\n<tr>\n<td style=\"width: 40.4129%;\" colspan=\"2\">\n<ul>\n<li>El SIADiS \u00e9s un servei p\u00fablic, gratu\u00eft i d\u2019atenci\u00f3 especialitzada dirigit a adolescents i joves, fam\u00edlies, professionals on adre\u00e7ar-se per informar-te i assessorar-te sobre dubtes, q\u00fcestions i\/o problem\u00e0tiques relacionades amb les drogues i el seu consum, pantalles, sexualitat i afectivitat, salut, salut emocional, etc.<\/li>\n<\/ul>\n<h3><span style=\"color: #008000;\"><strong>HORARI:\u00a0<\/strong><\/span><\/h3>\n<h4>Matins, de dilluns a divendres, de 9h a 15h<\/h4>\n<h4>Tardes, dimarts i dijous, de 17h a 19.30h<\/h4>\n<h3><span style=\"color: #008000;\"><strong>CONTACTE:\u00a0\u00a0<\/strong><\/span>Tel\u00e8fon: 680 520 899<\/h3>\n<h4>Correus electr\u00f2nics: info@c17.cat<\/h4>\n<h4>\u00a0 \u00a0 \u00a0 \u00a0 \u00a0 \u00a0 \u00a0 \u00a0 \u00a0 \u00a0 \u00a0 \u00a0 \u00a0 \u00a0 \u00a0 \u00a0 \u00a0siadis@c17.cat<\/h4>\n<h3>Web: www.c17.cat<\/h3>\n<\/td>\n<td style=\"width: 33.3333%;\"><a href=\"https:\/\/drive.google.com\/file\/d\/1IR4eBx3YGyL-8O4rTn27zvpMdD_2WqqZ\/view?usp=sharing\" target=\"_blank\" rel=\"noopener\"><img loading=\"lazy\" decoding=\"async\" class=\"alignnone size-large wp-image-3819\" src=\"https:\/\/agora.xtec.cat\/inseugenixammar\/wp-content\/uploads\/usu2541\/2025\/08\/siadis-web-727x1024.png\" alt=\"\" width=\"727\" height=\"1024\" srcset=\"https:\/\/agora.xtec.cat\/inseugenixammar\/wp-content\/uploads\/usu2541\/2025\/08\/siadis-web-727x1024.png 727w, https:\/\/agora.xtec.cat\/inseugenixammar\/wp-content\/uploads\/usu2541\/2025\/08\/siadis-web-213x300.png 213w, https:\/\/agora.xtec.cat\/inseugenixammar\/wp-content\/uploads\/usu2541\/2025\/08\/siadis-web-768x1081.png 768w, https:\/\/agora.xtec.cat\/inseugenixammar\/wp-content\/uploads\/usu2541\/2025\/08\/siadis-web.png 834w\" sizes=\"auto, (max-width: 727px) 100vw, 727px\" \/><\/a><\/td>\n<\/tr>\n<\/tbody>\n<\/table>\n<p>&nbsp;<\/p>\n","protected":false},"excerpt":{"rendered":"<p>&nbsp;<\/p>\n<ul>\n<li style=\"text-align: justify;\">El Pla de Prevenci\u00f3 de drogues i Promoci\u00f3 de la Salut C17 \u00e9s un programa supramunicipal format pels municipis de l\u2019Ametlla del Vall\u00e8s, el Figar\u00f3-Montmany, Les Franqueses del Vall\u00e8s, La Garriga i el Tagamanent i compta amb el suport de la Diputaci\u00f3 de&hellip;  <a href=\"https:\/\/agora.xtec.cat\/inseugenixammar\/serveis\/c17\/\" title=\"Read Pla de prevenci\u00f3 de drogues, pantalles i promoci\u00f3 de la salut C17\">Llegeix m\u00e9s\u00bb<\/a><br \/>\n","protected":false},"author":1,"featured_media":0,"parent":63,"menu_order":40,"comment_status":"closed","ping_status":"closed","template":"page-templates\/side-menu.php","meta":{"_bbp_topic_count":0,"_bbp_reply_count":0,"_bbp_total_topic_count":0,"_bbp_total_reply_count":0,"_bbp_voice_count":0,"_bbp_anonymous_reply_count":0,"_bbp_topic_count_hidden":0,"_bbp_reply_count_hidden":0,"_bbp_forum_subforum_count":0,"footnotes":""},"class_list":["post-1814","page","type-page","status-publish","hentry"],"post_mailing_queue_ids":[],"_links":{"self":[{"href":"https:\/\/agora.xtec.cat\/inseugenixammar\/wp-json\/wp\/v2\/pages\/1814","targetHints":{"allow":["GET"]}}],"collection":[{"href":"https:\/\/agora.xtec.cat\/inseugenixammar\/wp-json\/wp\/v2\/pages"}],"about":[{"href":"https:\/\/agora.xtec.cat\/inseugenixammar\/wp-json\/wp\/v2\/types\/page"}],"author":[{"embeddable":true,"href":"https:\/\/agora.xtec.cat\/inseugenixammar\/wp-json\/wp\/v2\/users\/1"}],"replies":[{"embeddable":true,"href":"https:\/\/agora.xtec.cat\/inseugenixammar\/wp-json\/wp\/v2\/comments?post=1814"}],"version-history":[{"count":7,"href":"https:\/\/agora.xtec.cat\/inseugenixammar\/wp-json\/wp\/v2\/pages\/1814\/revisions"}],"predecessor-version":[{"id":3822,"href":"https:\/\/agora.xtec.cat\/inseugenixammar\/wp-json\/wp\/v2\/pages\/1814\/revisions\/3822"}],"up":[{"embeddable":true,"href":"https:\/\/agora.xtec.cat\/inseugenixammar\/wp-json\/wp\/v2\/pages\/63"}],"wp:attachment":[{"href":"https:\/\/agora.xtec.cat\/inseugenixammar\/wp-json\/wp\/v2\/media?parent=1814"}],"curies":[{"name":"wp","href":"https:\/\/api.w.org\/{rel}","templated":true}]}}