{"id":1091,"date":"2021-08-14T16:02:06","date_gmt":"2021-08-14T14:02:06","guid":{"rendered":"https:\/\/agora.xtec.cat\/inseugenixammar\/?page_id=1091"},"modified":"2025-10-15T06:20:22","modified_gmt":"2025-10-15T04:20:22","slug":"https-docs-google-com-document-d-1an6nbwu7rhybvzx5lfpe6mgno2qigj916fswdr-xinm-edituspsharing","status":"publish","type":"page","link":"https:\/\/agora.xtec.cat\/inseugenixammar\/secretaria\/https-docs-google-com-document-d-1an6nbwu7rhybvzx5lfpe6mgno2qigj916fswdr-xinm-edituspsharing\/","title":{"rendered":"Convalidacions"},"content":{"rendered":"<h3><b>Procediment pel reconeixement\/convalidaci\u00f3 de mat\u00e8ries optatives de l\u2019ESO, de la mat\u00e8ria de m\u00fasica, EF i\/o de les mat\u00e8ries espec\u00edfiques del Batxillerat.<\/b><\/h3>\n<p><span style=\"font-weight: 400;\">Si l&#8217;alumne\/a estudia <span style=\"color: #993300;\"><strong>M\u00daSICA<\/strong><\/span> en un conservatori, centre professional o en una escola de m\u00fasica autoritzada (<a href=\"https:\/\/documents.espai.educacio.gencat.cat\/IPCNormativa\/DOIGC\/CUR_Simultaneitat_musica.pdf\" target=\"_blank\" rel=\"noopener\">normativa<\/a>):\u00a0<\/span><\/p>\n<p><b>1) Omplir el formulari de sol\u00b7licitud corresponent:<\/b><\/p>\n<ul>\n<li style=\"font-weight: 400;\" aria-level=\"1\"><a href=\"https:\/\/drive.google.com\/file\/d\/1ziGBUaSUNLI7-DOMCxidWG2Gv5LzOwt_\/view?usp=sharing\" target=\"_blank\" rel=\"noopener\"><span style=\"font-weight: 400;\">Sol\u00b7licitud<\/span><\/a><span style=\"font-weight: 400;\"> de reducci\u00f3 de mat\u00e8ries de l\u2019educaci\u00f3 secund\u00e0ria obligat\u00f2ria (ESO) per als alumnes que cursen estudis de m\u00fasica en un conservatori o centre professional o en una escola de m\u00fasica autoritzada. EMU1<\/span><\/li>\n<li style=\"font-weight: 400;\" aria-level=\"1\"><a href=\"https:\/\/drive.google.com\/file\/d\/1wha3aW61rx_sQBiy_ERl4E9l6vEMRb89\/view?usp=sharing\" target=\"_blank\" rel=\"noopener\"><span style=\"font-weight: 400;\">Sol\u00b7licitud<\/span><\/a><span style=\"font-weight: 400;\"> de reducci\u00f3 de mat\u00e8ries de la franja d\u2019espec\u00edfiques de batxillerat (BATX) basant-se en estudis de m\u00fasica en un conservatori o en un centre professional. BMU1<\/span><\/li>\n<li style=\"font-weight: 400;\" aria-level=\"1\"><a href=\"https:\/\/drive.google.com\/file\/d\/1UFox8wimJ4vcjXBA5NQ4Lb_DKnCJ8_hO\/view?usp=sharing\" target=\"_blank\" rel=\"noopener\"><span style=\"font-weight: 400;\">Sol\u00b7licitud<\/span><\/a><span style=\"font-weight: 400;\"> de reducci\u00f3 de mat\u00e8ries de batxillerat (BATX) basant-se en estudis de m\u00fasica en una escola de m\u00fasica autoritzada. BMU3<\/span><\/li>\n<\/ul>\n<p><b>2) Sol\u00b7licitar el certificat corresponent a l\u2019Escola de M\u00fasica Autoritzada o Conservatori (<a href=\"https:\/\/documents.espai.educacio.gencat.cat\/FormularisModels\/CentresGestioAdministrativa\/SimultaneitatMusicaDansa\/A136.pdf\" target=\"_blank\" rel=\"noopener\">CMU1<\/a>, <a href=\"https:\/\/documents.espai.educacio.gencat.cat\/FormularisModels\/CentresGestioAdministrativa\/SimultaneitatMusicaDansa\/A155.pdf\" target=\"_blank\" rel=\"noopener\">CMU2<\/a> o <a href=\"https:\/\/documents.espai.educacio.gencat.cat\/FormularisModels\/CentresGestioAdministrativa\/SimultaneitatMusicaDansa\/A137.pdf\" target=\"_blank\" rel=\"noopener\">CMU3<\/a>) .<\/b><\/p>\n<p><b>3) Portar la sol\u00b7licitud signada juntament amb el certificat corresponent a la secretaria del centre (tamb\u00e9 la podeu enviar a l\u2019adre\u00e7a de correu secretaria@inseugenixammar.cat, indicant al cos del missatge \u201cSol\u00b7licitud de convalidaci\u00f3\u201d) durant els dos primers mesos de classe.<\/b><\/p>\n<p><span style=\"font-weight: 400;\">Si l&#8217;alumne\/a estudia <span style=\"color: #993300;\"><strong>DANSA<\/strong> <\/span>en un conservatori, en un centre professional o en una <a href=\"https:\/\/www.dansa-aeda.com\/\" target=\"_blank\" rel=\"noopener\">escola de dansa autoritzada<\/a> (<a href=\"https:\/\/xtec.gencat.cat\/web\/.content\/curriculum\/professionals\/artistics\/dansa\/escoles-de-dansa\/CUR_Simultaneitat_dansa.pdf\" target=\"_blank\" rel=\"noopener\">normativa<\/a>*):<\/span><\/p>\n<p><b>1) Omplir el formulari de sol\u00b7licitud corresponent:<\/b><\/p>\n<ul>\n<li style=\"font-weight: 400;\" aria-level=\"1\"><a href=\"https:\/\/documents.espai.educacio.gencat.cat\/FormularisModels\/CentresGestioAdministrativa\/SimultaneitatMusicaDansa\/A504.pdf\" target=\"_blank\" rel=\"noopener\"><span style=\"font-weight: 400;\">Sol\u00b7licitud<\/span><\/a><span style=\"font-weight: 400;\"> de reducci\u00f3 de mat\u00e8ries de l&#8217;educaci\u00f3 secund\u00e0ria obligat\u00f2ria (ESO) per als alumnes que cursen estudis de dansa en un conservatori o en un centre professional o en una escola de dansa autoritzada. EDA1<\/span><\/li>\n<li style=\"font-weight: 400;\" aria-level=\"1\"><a href=\"https:\/\/documents.espai.educacio.gencat.cat\/FormularisModels\/CentresGestioAdministrativa\/SimultaneitatMusicaDansa\/APU145.pdf\" target=\"_blank\" rel=\"noopener\"><span style=\"font-weight: 400;\">Sol\u00b7licitud<\/span><\/a><span style=\"font-weight: 400;\"> de reducci\u00f3 de mat\u00e8ries de la franja d\u2019optatives i\/o de l\u2019Educaci\u00f3 F\u00edsica de batxillerat basant-se en estudis de dansa en un conservatori o en un centre professional. BDA1<\/span><\/li>\n<li style=\"font-weight: 400;\" aria-level=\"1\"><a href=\"https:\/\/documents.espai.educacio.gencat.cat\/FormularisModels\/CentresGestioAdministrativa\/SimultaneitatMusicaDansa\/APU147.pdf\" target=\"_blank\" rel=\"noopener\"><span style=\"font-weight: 400;\">Sol\u00b7licitud <\/span><\/a><span style=\"font-weight: 400;\">de reducci\u00f3 de mat\u00e8ries de la franja d\u2019optatives i\/o de l\u2019Educaci\u00f3 F\u00edsica de batxillerat basant-se en estudis de dansa en una escola de dansa autoritzada. BDA3<\/span><\/li>\n<\/ul>\n<p><b>2) Sol\u00b7licitar el certificat corresponent a l\u2019Escola de Dansa Autoritzada, centre professional o Conservatori (<a href=\"https:\/\/documents.espai.educacio.gencat.cat\/FormularisModels\/CentresGestioAdministrativa\/SimultaneitatMusicaDansa\/A142.pdf\" target=\"_blank\" rel=\"noopener\">CDA1<\/a>, <a href=\"https:\/\/documents.espai.educacio.gencat.cat\/FormularisModels\/CentresGestioAdministrativa\/SimultaneitatMusicaDansa\/A264.pdf\" target=\"_blank\" rel=\"noopener\">CDA2<\/a> o <a href=\"https:\/\/documents.espai.educacio.gencat.cat\/FormularisModels\/CentresGestioAdministrativa\/SimultaneitatMusicaDansa\/A144.pdf\" target=\"_blank\" rel=\"noopener\">CDA3<\/a>).<\/b><\/p>\n<p><b>3) Portar la sol\u00b7licitud signada juntament amb el certificat corresponent a la secretaria del centre (tamb\u00e9 la podeu enviar a l\u2019adre\u00e7a de correu secretaria@inseugenixammar.cat, indicant al cos del missatge \u201cSol\u00b7licitud de convalidaci\u00f3\u201d) durant els dos primers mesos de classe.<\/b><\/p>\n<p><span style=\"font-weight: 400;\">Rebreu resposta en un termini de 7 dies h\u00e0bils.<\/span><\/p>\n<p><span style=\"font-weight: 400;\">L\u2019alumnat que compleixi els requisits rebr\u00e0 la resoluci\u00f3 de reconeixement\/convalidaci\u00f3 corresponent per part de la direcci\u00f3 del centre.<\/span><\/p>\n<h3><b>\u200bAlumnes amb dedicaci\u00f3 significativa a l\u2019esport:<\/b><\/h3>\n<ul>\n<li style=\"font-weight: 400;\" aria-level=\"1\"><b>Alumnes amb dedicaci\u00f3 significativa a l&#8217;esport avalada pel Consell Catal\u00e0 de l&#8217;Esport<\/b><span style=\"font-weight: 400;\">:<\/span><\/li>\n<\/ul>\n<p><span style=\"font-weight: 400;\">Poden sol\u00b7licitar al director o directora del centre educatiu, en el primer trimestre del curs, que els reconeguin la mat\u00e8ria Educaci\u00f3 F\u00edsica.<\/span><\/p>\n<p><span style=\"font-weight: 400;\">Per sol\u00b7licitar-ho, cal adjuntar a la sol\u00b7licitud, que ha d&#8217;estar signada pel pare, mare o tutors legals de l&#8217;alumne o alumna, el certificat del Consell Catal\u00e0 de l&#8217;Esport (av. dels Pa\u00efsos Catalans, 12. 08950, Esplugues de Llobregat). Els alumnes poden obtenir aquest certificat quan siguin esportistes que figuren en el programa de tecnificaci\u00f3 (ARC) de la federaci\u00f3 catalana corresponent.<\/span><\/p>\n<p><span style=\"font-weight: 400;\">El reconeixement de la mat\u00e8ria Educaci\u00f3 F\u00edsica implica que no t\u00e9 qualificaci\u00f3 ni computa a l&#8217;efecte del c\u00e0lcul de la mitjana, i a les actes cal indicar \u201cConvalidat\u201d.<\/span><\/p>\n<ul>\n<li style=\"font-weight: 400;\" aria-level=\"1\"><b>Alumnes que no figuren en el programa de tecnificaci\u00f3 (ARC):<\/b><\/li>\n<\/ul>\n<p><span style=\"font-weight: 400;\">No podran obtenir el reconeixement de l&#8217;assignatura d\u2019Educaci\u00f3 F\u00edsica, tot i que se\u2019ls pot aplicar un PI que faciliti compaginar la pr\u00e0ctica esportiva amb l&#8217;activitat acad\u00e8mica, tal i com consta a la<\/span><a href=\"https:\/\/documents.espai.educacio.gencat.cat\/IPCNormativa\/DOIGC\/CUR_ESO.pdf\" target=\"_blank\" rel=\"noopener\"> <span style=\"font-weight: 400;\">normativa d\u2019inici de curs<\/span><\/a><span style=\"font-weight: 400;\">.<\/span><\/p>\n<h3><b>Convalidacions de mat\u00e8ries del batxillerat per a alumnes que cursen lleng\u00fces estrangeres simult\u00e0niament en una EOI\u00a0<\/b><\/h3>\n<p><span style=\"font-weight: 400;\">Per poder sol\u00b7licitar el reconeixement esmentat cal complir alguna de les condicions seg\u00fcents:<\/span><\/p>\n<ul>\n<li style=\"font-weight: 400;\" aria-level=\"1\"><span style=\"font-weight: 400;\">\u200bEs cursa a l\u2019EOI amb el nivell B2 o superior una segona llengua estrangera que ofereix el centre.<\/span><\/li>\n<li style=\"font-weight: 400;\" aria-level=\"1\"><span style=\"font-weight: 400;\">Es cursa a l\u2019EOI una llengua estrangera que no ofereix el centre.<\/span><\/li>\n<\/ul>\n<p><b>1) Omplir el formulari de sol\u00b7licitud corresponent:<\/b><\/p>\n<p><a href=\"https:\/\/drive.google.com\/file\/d\/1aAutSRWIPF6Eln9u-ukd8sXcTn7qY8s7\/view?usp=sharing\" target=\"_blank\" rel=\"noopener\"><b>Sol\u00b7licitud<\/b><\/a><span style=\"font-weight: 400;\"> de convalidaci\u00f3 de mat\u00e8ries de la franja d\u2019optatives de batxillerat basant-se en estudis cursats a l\u2019EOI\u201d (CEO1)<\/span><\/p>\n<p><b>2) Sol\u00b7licitar el certificat corresponent a l\u2019Escola Oficial d\u2019Idiomes (EOI)<\/b><\/p>\n<p><b>3) Portar la sol\u00b7licitud signada juntament amb el certificat corresponent a la secretaria del centre (tamb\u00e9 la podeu enviar a l\u2019adre\u00e7a de correu secretaria@inseugenixammar.cat, indicant al cos del missatge \u201cSol\u00b7licitud de convalidaci\u00f3\u201d) durant els dos primers mesos de classe.<\/b><\/p>\n<p>&nbsp;<\/p>\n<p><em>*<span style=\"font-weight: 400;\">si surt la del 2016 \u00e9s perqu\u00e8 el departament est\u00e0 fent actualitzacions.<\/span><\/em><\/p>\n<p>&nbsp;<\/p>\n","protected":false},"excerpt":{"rendered":"<p>Procediment pel reconeixement\/convalidaci\u00f3 de mat\u00e8ries optatives de l\u2019ESO, de la mat\u00e8ria de m\u00fasica, EF i\/o de les mat\u00e8ries espec\u00edfiques del Batxillerat.<br \/>\nSi l&#8217;alumne\/a estudia M\u00daSICA en un conservatori, centre professional o en una escola de m\u00fasica autoritzada (<a href=\"https:\/\/documents.espai.educacio.gencat.cat\/IPCNormativa\/DOIGC\/CUR_Simultaneitat_musica.pdf\" target=\"_blank\" rel=\"noopener\">normativa<\/a>):\u00a0<br \/>\n1) Omplir el formulari de sol\u00b7licitud&hellip;  <a href=\"https:\/\/agora.xtec.cat\/inseugenixammar\/secretaria\/https-docs-google-com-document-d-1an6nbwu7rhybvzx5lfpe6mgno2qigj916fswdr-xinm-edituspsharing\/\" title=\"Read Convalidacions\">Llegeix m\u00e9s\u00bb<\/a><\/p>\n","protected":false},"author":5,"featured_media":0,"parent":81,"menu_order":60,"comment_status":"closed","ping_status":"closed","template":"page-templates\/side-menu.php","meta":{"_bbp_topic_count":0,"_bbp_reply_count":0,"_bbp_total_topic_count":0,"_bbp_total_reply_count":0,"_bbp_voice_count":0,"_bbp_anonymous_reply_count":0,"_bbp_topic_count_hidden":0,"_bbp_reply_count_hidden":0,"_bbp_forum_subforum_count":0,"footnotes":""},"class_list":["post-1091","page","type-page","status-publish","hentry"],"post_mailing_queue_ids":[],"_links":{"self":[{"href":"https:\/\/agora.xtec.cat\/inseugenixammar\/wp-json\/wp\/v2\/pages\/1091","targetHints":{"allow":["GET"]}}],"collection":[{"href":"https:\/\/agora.xtec.cat\/inseugenixammar\/wp-json\/wp\/v2\/pages"}],"about":[{"href":"https:\/\/agora.xtec.cat\/inseugenixammar\/wp-json\/wp\/v2\/types\/page"}],"author":[{"embeddable":true,"href":"https:\/\/agora.xtec.cat\/inseugenixammar\/wp-json\/wp\/v2\/users\/5"}],"replies":[{"embeddable":true,"href":"https:\/\/agora.xtec.cat\/inseugenixammar\/wp-json\/wp\/v2\/comments?post=1091"}],"version-history":[{"count":7,"href":"https:\/\/agora.xtec.cat\/inseugenixammar\/wp-json\/wp\/v2\/pages\/1091\/revisions"}],"predecessor-version":[{"id":3551,"href":"https:\/\/agora.xtec.cat\/inseugenixammar\/wp-json\/wp\/v2\/pages\/1091\/revisions\/3551"}],"up":[{"embeddable":true,"href":"https:\/\/agora.xtec.cat\/inseugenixammar\/wp-json\/wp\/v2\/pages\/81"}],"wp:attachment":[{"href":"https:\/\/agora.xtec.cat\/inseugenixammar\/wp-json\/wp\/v2\/media?parent=1091"}],"curies":[{"name":"wp","href":"https:\/\/api.w.org\/{rel}","templated":true}]}}