{"id":961,"date":"2016-04-11T21:09:40","date_gmt":"2016-04-11T20:09:40","guid":{"rendered":"http:\/\/agora.xtec.cat\/insesturo-roquetes\/?page_id=961"},"modified":"2025-01-17T20:10:06","modified_gmt":"2025-01-17T19:10:06","slug":"comedor","status":"publish","type":"page","link":"https:\/\/agora.xtec.cat\/insesturo-roquetes\/comedor\/","title":{"rendered":"Menjador"},"content":{"rendered":"<p><a href=\"https:\/\/agora.xtec.cat\/insesturo-roquetes\/wp-content\/uploads\/usu1203\/2024\/09\/TURO-DE-ROQUETES-NORMATIVA-2024-25.pdf\"><img loading=\"lazy\" decoding=\"async\" class=\"alignnone size-large wp-image-19324\" src=\"https:\/\/agora.xtec.cat\/insesturo-roquetes\/wp-content\/uploads\/usu1203\/2024\/09\/Ausolan-1024x314.png\" alt=\"\" width=\"1024\" height=\"314\" srcset=\"https:\/\/agora.xtec.cat\/insesturo-roquetes\/wp-content\/uploads\/usu1203\/2024\/09\/Ausolan-1024x314.png 1024w, https:\/\/agora.xtec.cat\/insesturo-roquetes\/wp-content\/uploads\/usu1203\/2024\/09\/Ausolan-500x153.png 500w, https:\/\/agora.xtec.cat\/insesturo-roquetes\/wp-content\/uploads\/usu1203\/2024\/09\/Ausolan-768x236.png 768w, https:\/\/agora.xtec.cat\/insesturo-roquetes\/wp-content\/uploads\/usu1203\/2024\/09\/Ausolan.png 1108w\" sizes=\"auto, (max-width: 1024px) 100vw, 1024px\" \/><\/a><\/p>\n<div style=\"text-align: center;\"><img loading=\"lazy\" decoding=\"async\" class=\"wp-image-19462 alignleft\" src=\"https:\/\/agora.xtec.cat\/insesturo-roquetes\/wp-content\/uploads\/usu1203\/2025\/01\/image-8.png\" alt=\"\" width=\"304\" height=\"134\" srcset=\"https:\/\/agora.xtec.cat\/insesturo-roquetes\/wp-content\/uploads\/usu1203\/2025\/01\/image-8.png 621w, https:\/\/agora.xtec.cat\/insesturo-roquetes\/wp-content\/uploads\/usu1203\/2025\/01\/image-8-500x220.png 500w\" sizes=\"auto, (max-width: 304px) 100vw, 304px\" \/><\/div>\n<div><\/div>\n<div><strong>LES TRIBUS. UN M\u00d3N SOSTENIBLE<\/strong><\/div>\n<div><strong>\u00a0\u00a0<\/strong><\/div>\n<div><\/div>\n<div style=\"text-align: left;\">El projecte educatiu d&#8217;Ausolan en aquest segon trimestre est\u00e0 basat en els indis d&#8217;Am\u00e8rica, amb la seva gran cura de la mare terra i la seva vida comunit\u00e0ria de gran respecte als ancians i als m\u00e9s petits que conviu amb una de les societats m\u00e9s industrialitzades, els EUA.<\/div>\n<div>Us deixem un resum mensual.<\/div>\n<div>\n<hr \/>\n<\/div>\n<div><\/div>\n<div><\/div>\n<div><\/div>\n<div style=\"text-align: right;\"><a href=\"https:\/\/agora.xtec.cat\/insesturo-roquetes\/wp-content\/uploads\/usu1203\/2025\/01\/RESUM.-GENER.pdf\" target=\"_blank\" rel=\"noopener\"><img loading=\"lazy\" decoding=\"async\" class=\"wp-image-19180 alignleft\" src=\"https:\/\/agora.xtec.cat\/insesturo-roquetes\/wp-content\/uploads\/usu1203\/2024\/03\/Etiquetes-NODES-11-1024x256.png\" alt=\"\" width=\"284\" height=\"71\" srcset=\"https:\/\/agora.xtec.cat\/insesturo-roquetes\/wp-content\/uploads\/usu1203\/2024\/03\/Etiquetes-NODES-11-1024x256.png 1024w, https:\/\/agora.xtec.cat\/insesturo-roquetes\/wp-content\/uploads\/usu1203\/2024\/03\/Etiquetes-NODES-11-500x125.png 500w, https:\/\/agora.xtec.cat\/insesturo-roquetes\/wp-content\/uploads\/usu1203\/2024\/03\/Etiquetes-NODES-11-768x192.png 768w, https:\/\/agora.xtec.cat\/insesturo-roquetes\/wp-content\/uploads\/usu1203\/2024\/03\/Etiquetes-NODES-11-1536x384.png 1536w, https:\/\/agora.xtec.cat\/insesturo-roquetes\/wp-content\/uploads\/usu1203\/2024\/03\/Etiquetes-NODES-11.png 1920w\" sizes=\"auto, (max-width: 284px) 100vw, 284px\" \/><\/a><a href=\"https:\/\/agora.xtec.cat\/insesturo-roquetes\/wp-content\/uploads\/usu1203\/2025\/01\/RESUM.-FEBRER.pdf\" target=\"_blank\" rel=\"noopener\"><img loading=\"lazy\" decoding=\"async\" class=\"wp-image-19181 alignleft\" src=\"https:\/\/agora.xtec.cat\/insesturo-roquetes\/wp-content\/uploads\/usu1203\/2024\/03\/Etiquetes-NODES-12-1024x256.png\" alt=\"\" width=\"284\" height=\"71\" srcset=\"https:\/\/agora.xtec.cat\/insesturo-roquetes\/wp-content\/uploads\/usu1203\/2024\/03\/Etiquetes-NODES-12-1024x256.png 1024w, https:\/\/agora.xtec.cat\/insesturo-roquetes\/wp-content\/uploads\/usu1203\/2024\/03\/Etiquetes-NODES-12-500x125.png 500w, https:\/\/agora.xtec.cat\/insesturo-roquetes\/wp-content\/uploads\/usu1203\/2024\/03\/Etiquetes-NODES-12-768x192.png 768w, https:\/\/agora.xtec.cat\/insesturo-roquetes\/wp-content\/uploads\/usu1203\/2024\/03\/Etiquetes-NODES-12-1536x384.png 1536w, https:\/\/agora.xtec.cat\/insesturo-roquetes\/wp-content\/uploads\/usu1203\/2024\/03\/Etiquetes-NODES-12.png 1920w\" sizes=\"auto, (max-width: 284px) 100vw, 284px\" \/><\/a>\u00a0 <a href=\"https:\/\/agora.xtec.cat\/insesturo-roquetes\/wp-content\/uploads\/usu1203\/2025\/01\/RESUM.-MARC.pdf\" target=\"_blank\" rel=\"noopener\"><img loading=\"lazy\" decoding=\"async\" class=\"wp-image-19182 alignleft\" src=\"https:\/\/agora.xtec.cat\/insesturo-roquetes\/wp-content\/uploads\/usu1203\/2024\/03\/Etiquetes-NODES-13-1024x256.png\" alt=\"\" width=\"284\" height=\"71\" srcset=\"https:\/\/agora.xtec.cat\/insesturo-roquetes\/wp-content\/uploads\/usu1203\/2024\/03\/Etiquetes-NODES-13-1024x256.png 1024w, https:\/\/agora.xtec.cat\/insesturo-roquetes\/wp-content\/uploads\/usu1203\/2024\/03\/Etiquetes-NODES-13-500x125.png 500w, https:\/\/agora.xtec.cat\/insesturo-roquetes\/wp-content\/uploads\/usu1203\/2024\/03\/Etiquetes-NODES-13-768x192.png 768w, https:\/\/agora.xtec.cat\/insesturo-roquetes\/wp-content\/uploads\/usu1203\/2024\/03\/Etiquetes-NODES-13-1536x384.png 1536w, https:\/\/agora.xtec.cat\/insesturo-roquetes\/wp-content\/uploads\/usu1203\/2024\/03\/Etiquetes-NODES-13.png 1920w\" sizes=\"auto, (max-width: 284px) 100vw, 284px\" \/><\/a><\/div>\n<div style=\"text-align: right;\"><\/div>\n<div><\/div>\n<hr \/>\n<p><img loading=\"lazy\" decoding=\"async\" class=\"alignnone wp-image-19168\" src=\"https:\/\/agora.xtec.cat\/insesturo-roquetes\/wp-content\/uploads\/usu1203\/2024\/03\/Etiquetes-NODES-9-1024x256.png\" alt=\"\" width=\"520\" height=\"130\" srcset=\"https:\/\/agora.xtec.cat\/insesturo-roquetes\/wp-content\/uploads\/usu1203\/2024\/03\/Etiquetes-NODES-9-1024x256.png 1024w, https:\/\/agora.xtec.cat\/insesturo-roquetes\/wp-content\/uploads\/usu1203\/2024\/03\/Etiquetes-NODES-9-500x125.png 500w, https:\/\/agora.xtec.cat\/insesturo-roquetes\/wp-content\/uploads\/usu1203\/2024\/03\/Etiquetes-NODES-9-768x192.png 768w, https:\/\/agora.xtec.cat\/insesturo-roquetes\/wp-content\/uploads\/usu1203\/2024\/03\/Etiquetes-NODES-9-1536x384.png 1536w, https:\/\/agora.xtec.cat\/insesturo-roquetes\/wp-content\/uploads\/usu1203\/2024\/03\/Etiquetes-NODES-9.png 1920w\" sizes=\"auto, (max-width: 520px) 100vw, 520px\" \/><\/p>\n<p><a href=\"https:\/\/agora.xtec.cat\/insesturo-roquetes\/wp-content\/uploads\/usu1203\/2024\/09\/AUSOLAN_ESCOLAR_IN-SITU_CAT_page-0001.jpg\"><img loading=\"lazy\" decoding=\"async\" class=\"alignnone wp-image-19176\" src=\"https:\/\/agora.xtec.cat\/insesturo-roquetes\/wp-content\/uploads\/usu1203\/2024\/03\/Etiquetes-NODES-17-1024x256.png\" alt=\"\" width=\"244\" height=\"61\" srcset=\"https:\/\/agora.xtec.cat\/insesturo-roquetes\/wp-content\/uploads\/usu1203\/2024\/03\/Etiquetes-NODES-17-1024x256.png 1024w, https:\/\/agora.xtec.cat\/insesturo-roquetes\/wp-content\/uploads\/usu1203\/2024\/03\/Etiquetes-NODES-17-500x125.png 500w, https:\/\/agora.xtec.cat\/insesturo-roquetes\/wp-content\/uploads\/usu1203\/2024\/03\/Etiquetes-NODES-17-768x192.png 768w, https:\/\/agora.xtec.cat\/insesturo-roquetes\/wp-content\/uploads\/usu1203\/2024\/03\/Etiquetes-NODES-17-1536x384.png 1536w, https:\/\/agora.xtec.cat\/insesturo-roquetes\/wp-content\/uploads\/usu1203\/2024\/03\/Etiquetes-NODES-17.png 1920w\" sizes=\"auto, (max-width: 244px) 100vw, 244px\" \/><\/a><a href=\"https:\/\/agora.xtec.cat\/insesturo-roquetes\/wp-content\/uploads\/usu1203\/2024\/09\/AUSOLAN_ESCOLAR_IN-SITU_CAT_page-0002.jpg\"><img loading=\"lazy\" decoding=\"async\" class=\"alignnone wp-image-19177\" src=\"https:\/\/agora.xtec.cat\/insesturo-roquetes\/wp-content\/uploads\/usu1203\/2024\/03\/Etiquetes-NODES-18-1024x256.png\" alt=\"\" width=\"244\" height=\"61\" srcset=\"https:\/\/agora.xtec.cat\/insesturo-roquetes\/wp-content\/uploads\/usu1203\/2024\/03\/Etiquetes-NODES-18-1024x256.png 1024w, https:\/\/agora.xtec.cat\/insesturo-roquetes\/wp-content\/uploads\/usu1203\/2024\/03\/Etiquetes-NODES-18-500x125.png 500w, https:\/\/agora.xtec.cat\/insesturo-roquetes\/wp-content\/uploads\/usu1203\/2024\/03\/Etiquetes-NODES-18-768x192.png 768w, https:\/\/agora.xtec.cat\/insesturo-roquetes\/wp-content\/uploads\/usu1203\/2024\/03\/Etiquetes-NODES-18-1536x384.png 1536w, https:\/\/agora.xtec.cat\/insesturo-roquetes\/wp-content\/uploads\/usu1203\/2024\/03\/Etiquetes-NODES-18.png 1920w\" sizes=\"auto, (max-width: 244px) 100vw, 244px\" \/><\/a><a href=\"https:\/\/agora.xtec.cat\/insesturo-roquetes\/wp-content\/uploads\/usu1203\/2024\/09\/AUSOLAN_ESCOLAR_IN-SITU_CAT_page-0003.jpg\"><img loading=\"lazy\" decoding=\"async\" class=\"alignnone wp-image-19178\" style=\"font-family: inherit; font-size: 1em;\" src=\"https:\/\/agora.xtec.cat\/insesturo-roquetes\/wp-content\/uploads\/usu1203\/2024\/03\/Etiquetes-NODES-19-1024x256.png\" alt=\"\" width=\"244\" height=\"61\" srcset=\"https:\/\/agora.xtec.cat\/insesturo-roquetes\/wp-content\/uploads\/usu1203\/2024\/03\/Etiquetes-NODES-19-1024x256.png 1024w, https:\/\/agora.xtec.cat\/insesturo-roquetes\/wp-content\/uploads\/usu1203\/2024\/03\/Etiquetes-NODES-19-500x125.png 500w, https:\/\/agora.xtec.cat\/insesturo-roquetes\/wp-content\/uploads\/usu1203\/2024\/03\/Etiquetes-NODES-19-768x192.png 768w, https:\/\/agora.xtec.cat\/insesturo-roquetes\/wp-content\/uploads\/usu1203\/2024\/03\/Etiquetes-NODES-19-1536x384.png 1536w, https:\/\/agora.xtec.cat\/insesturo-roquetes\/wp-content\/uploads\/usu1203\/2024\/03\/Etiquetes-NODES-19.png 1920w\" sizes=\"auto, (max-width: 244px) 100vw, 244px\" \/><\/a><a href=\"https:\/\/agora.xtec.cat\/insesturo-roquetes\/wp-content\/uploads\/usu1203\/2024\/09\/AUSOLAN_ESCOLAR_IN-SITU_CAT_page-0004.jpg\"><img loading=\"lazy\" decoding=\"async\" class=\"alignnone wp-image-19179\" style=\"font-family: inherit; font-size: 1em;\" src=\"https:\/\/agora.xtec.cat\/insesturo-roquetes\/wp-content\/uploads\/usu1203\/2024\/03\/Etiquetes-NODES-20-1024x256.png\" alt=\"\" width=\"244\" height=\"61\" srcset=\"https:\/\/agora.xtec.cat\/insesturo-roquetes\/wp-content\/uploads\/usu1203\/2024\/03\/Etiquetes-NODES-20-1024x256.png 1024w, https:\/\/agora.xtec.cat\/insesturo-roquetes\/wp-content\/uploads\/usu1203\/2024\/03\/Etiquetes-NODES-20-500x125.png 500w, https:\/\/agora.xtec.cat\/insesturo-roquetes\/wp-content\/uploads\/usu1203\/2024\/03\/Etiquetes-NODES-20-768x192.png 768w, https:\/\/agora.xtec.cat\/insesturo-roquetes\/wp-content\/uploads\/usu1203\/2024\/03\/Etiquetes-NODES-20-1536x384.png 1536w, https:\/\/agora.xtec.cat\/insesturo-roquetes\/wp-content\/uploads\/usu1203\/2024\/03\/Etiquetes-NODES-20.png 1920w\" sizes=\"auto, (max-width: 244px) 100vw, 244px\" \/><\/a><\/p>\n<p><a href=\"https:\/\/agora.xtec.cat\/insesturo-roquetes\/wp-content\/uploads\/usu1203\/2025\/01\/Gener.jpg\" target=\"_blank\" rel=\"noopener\"><img loading=\"lazy\" decoding=\"async\" class=\"alignnone wp-image-19180\" src=\"https:\/\/agora.xtec.cat\/insesturo-roquetes\/wp-content\/uploads\/usu1203\/2024\/03\/Etiquetes-NODES-11-1024x256.png\" alt=\"\" width=\"244\" height=\"61\" srcset=\"https:\/\/agora.xtec.cat\/insesturo-roquetes\/wp-content\/uploads\/usu1203\/2024\/03\/Etiquetes-NODES-11-1024x256.png 1024w, https:\/\/agora.xtec.cat\/insesturo-roquetes\/wp-content\/uploads\/usu1203\/2024\/03\/Etiquetes-NODES-11-500x125.png 500w, https:\/\/agora.xtec.cat\/insesturo-roquetes\/wp-content\/uploads\/usu1203\/2024\/03\/Etiquetes-NODES-11-768x192.png 768w, https:\/\/agora.xtec.cat\/insesturo-roquetes\/wp-content\/uploads\/usu1203\/2024\/03\/Etiquetes-NODES-11-1536x384.png 1536w, https:\/\/agora.xtec.cat\/insesturo-roquetes\/wp-content\/uploads\/usu1203\/2024\/03\/Etiquetes-NODES-11.png 1920w\" sizes=\"auto, (max-width: 244px) 100vw, 244px\" \/><\/a><a href=\"https:\/\/agora.xtec.cat\/insesturo-roquetes\/wp-content\/uploads\/usu1203\/2025\/01\/Febrer.jpg\" target=\"_blank\" rel=\"noopener\"><img loading=\"lazy\" decoding=\"async\" class=\"alignnone wp-image-19181\" src=\"https:\/\/agora.xtec.cat\/insesturo-roquetes\/wp-content\/uploads\/usu1203\/2024\/03\/Etiquetes-NODES-12-1024x256.png\" alt=\"\" width=\"244\" height=\"61\" srcset=\"https:\/\/agora.xtec.cat\/insesturo-roquetes\/wp-content\/uploads\/usu1203\/2024\/03\/Etiquetes-NODES-12-1024x256.png 1024w, https:\/\/agora.xtec.cat\/insesturo-roquetes\/wp-content\/uploads\/usu1203\/2024\/03\/Etiquetes-NODES-12-500x125.png 500w, https:\/\/agora.xtec.cat\/insesturo-roquetes\/wp-content\/uploads\/usu1203\/2024\/03\/Etiquetes-NODES-12-768x192.png 768w, https:\/\/agora.xtec.cat\/insesturo-roquetes\/wp-content\/uploads\/usu1203\/2024\/03\/Etiquetes-NODES-12-1536x384.png 1536w, https:\/\/agora.xtec.cat\/insesturo-roquetes\/wp-content\/uploads\/usu1203\/2024\/03\/Etiquetes-NODES-12.png 1920w\" sizes=\"auto, (max-width: 244px) 100vw, 244px\" \/><\/a><a href=\"https:\/\/agora.xtec.cat\/insesturo-roquetes\/wp-content\/uploads\/usu1203\/2025\/01\/Marc.jpg\" target=\"_blank\" rel=\"noopener\"><img loading=\"lazy\" decoding=\"async\" class=\"alignnone wp-image-19182\" src=\"https:\/\/agora.xtec.cat\/insesturo-roquetes\/wp-content\/uploads\/usu1203\/2024\/03\/Etiquetes-NODES-13-1024x256.png\" alt=\"\" width=\"244\" height=\"61\" srcset=\"https:\/\/agora.xtec.cat\/insesturo-roquetes\/wp-content\/uploads\/usu1203\/2024\/03\/Etiquetes-NODES-13-1024x256.png 1024w, https:\/\/agora.xtec.cat\/insesturo-roquetes\/wp-content\/uploads\/usu1203\/2024\/03\/Etiquetes-NODES-13-500x125.png 500w, https:\/\/agora.xtec.cat\/insesturo-roquetes\/wp-content\/uploads\/usu1203\/2024\/03\/Etiquetes-NODES-13-768x192.png 768w, https:\/\/agora.xtec.cat\/insesturo-roquetes\/wp-content\/uploads\/usu1203\/2024\/03\/Etiquetes-NODES-13-1536x384.png 1536w, https:\/\/agora.xtec.cat\/insesturo-roquetes\/wp-content\/uploads\/usu1203\/2024\/03\/Etiquetes-NODES-13.png 1920w\" sizes=\"auto, (max-width: 244px) 100vw, 244px\" \/><\/a><\/p>\n<p><a href=\"https:\/\/agora.xtec.cat\/insesturo-roquetes\/wp-content\/uploads\/usu1203\/2025\/01\/Abril.jpg\" target=\"_blank\" rel=\"noopener\"><img loading=\"lazy\" decoding=\"async\" class=\"alignnone wp-image-19183\" src=\"https:\/\/agora.xtec.cat\/insesturo-roquetes\/wp-content\/uploads\/usu1203\/2024\/03\/Etiquetes-NODES-14-1024x256.png\" alt=\"\" width=\"244\" height=\"61\" srcset=\"https:\/\/agora.xtec.cat\/insesturo-roquetes\/wp-content\/uploads\/usu1203\/2024\/03\/Etiquetes-NODES-14-1024x256.png 1024w, https:\/\/agora.xtec.cat\/insesturo-roquetes\/wp-content\/uploads\/usu1203\/2024\/03\/Etiquetes-NODES-14-500x125.png 500w, https:\/\/agora.xtec.cat\/insesturo-roquetes\/wp-content\/uploads\/usu1203\/2024\/03\/Etiquetes-NODES-14-768x192.png 768w, https:\/\/agora.xtec.cat\/insesturo-roquetes\/wp-content\/uploads\/usu1203\/2024\/03\/Etiquetes-NODES-14-1536x384.png 1536w, https:\/\/agora.xtec.cat\/insesturo-roquetes\/wp-content\/uploads\/usu1203\/2024\/03\/Etiquetes-NODES-14.png 1920w\" sizes=\"auto, (max-width: 244px) 100vw, 244px\" \/><\/a><a href=\"https:\/\/agora.xtec.cat\/insesturo-roquetes\/wp-content\/uploads\/usu1203\/2024\/03\/MENU-AUSOLAN-3r-trimestre-Curs-2023-24_page-0002.jpg\" target=\"_blank\" rel=\"noopener\"><img loading=\"lazy\" decoding=\"async\" class=\"alignnone wp-image-19184\" src=\"https:\/\/agora.xtec.cat\/insesturo-roquetes\/wp-content\/uploads\/usu1203\/2024\/03\/Etiquetes-NODES-15-1024x256.png\" alt=\"\" width=\"244\" height=\"61\" srcset=\"https:\/\/agora.xtec.cat\/insesturo-roquetes\/wp-content\/uploads\/usu1203\/2024\/03\/Etiquetes-NODES-15-1024x256.png 1024w, https:\/\/agora.xtec.cat\/insesturo-roquetes\/wp-content\/uploads\/usu1203\/2024\/03\/Etiquetes-NODES-15-500x125.png 500w, https:\/\/agora.xtec.cat\/insesturo-roquetes\/wp-content\/uploads\/usu1203\/2024\/03\/Etiquetes-NODES-15-768x192.png 768w, https:\/\/agora.xtec.cat\/insesturo-roquetes\/wp-content\/uploads\/usu1203\/2024\/03\/Etiquetes-NODES-15-1536x384.png 1536w, https:\/\/agora.xtec.cat\/insesturo-roquetes\/wp-content\/uploads\/usu1203\/2024\/03\/Etiquetes-NODES-15.png 1920w\" sizes=\"auto, (max-width: 244px) 100vw, 244px\" \/><\/a><a href=\"https:\/\/agora.xtec.cat\/insesturo-roquetes\/wp-content\/uploads\/usu1203\/2024\/03\/MENU-AUSOLAN-3r-trimestre-Curs-2023-24_page-0003.jpg\" target=\"_blank\" rel=\"noopener\"><img loading=\"lazy\" decoding=\"async\" class=\"alignnone wp-image-19175\" src=\"https:\/\/agora.xtec.cat\/insesturo-roquetes\/wp-content\/uploads\/usu1203\/2024\/03\/Etiquetes-NODES-16-1024x256.png\" alt=\"\" width=\"244\" height=\"61\" srcset=\"https:\/\/agora.xtec.cat\/insesturo-roquetes\/wp-content\/uploads\/usu1203\/2024\/03\/Etiquetes-NODES-16-1024x256.png 1024w, https:\/\/agora.xtec.cat\/insesturo-roquetes\/wp-content\/uploads\/usu1203\/2024\/03\/Etiquetes-NODES-16-500x125.png 500w, https:\/\/agora.xtec.cat\/insesturo-roquetes\/wp-content\/uploads\/usu1203\/2024\/03\/Etiquetes-NODES-16-768x192.png 768w, https:\/\/agora.xtec.cat\/insesturo-roquetes\/wp-content\/uploads\/usu1203\/2024\/03\/Etiquetes-NODES-16-1536x384.png 1536w, https:\/\/agora.xtec.cat\/insesturo-roquetes\/wp-content\/uploads\/usu1203\/2024\/03\/Etiquetes-NODES-16.png 1920w\" sizes=\"auto, (max-width: 244px) 100vw, 244px\" \/><\/a><\/p>\n<p>&nbsp;<\/p>\n<p>&nbsp;<\/p>\n<p><span style=\"font-family: inherit; font-size: 1em;\">\u00a0<\/span><span style=\"font-family: inherit; font-size: 1em;\">\u00a0<\/span><span style=\"font-family: inherit; font-size: 1em;\">\u00a0<\/span><\/p>\n","protected":false},"excerpt":{"rendered":"<p>LES TRIBUS. UN M\u00d3N SOSTENIBLE \u00a0\u00a0 El projecte educatiu d&#8217;Ausolan en aquest segon trimestre est\u00e0 basat en els indis d&#8217;Am\u00e8rica, amb la seva gran cura de la mare terra i la seva vida comunit\u00e0ria de gran respecte als ancians i als m\u00e9s petits que conviu amb una de les societats m\u00e9s industrialitzades, els EUA. Us [&hellip;]<\/p>\n","protected":false},"author":22,"featured_media":0,"parent":0,"menu_order":0,"comment_status":"closed","ping_status":"closed","template":"","meta":{"_bbp_topic_count":0,"_bbp_reply_count":0,"_bbp_total_topic_count":0,"_bbp_total_reply_count":0,"_bbp_voice_count":0,"_bbp_anonymous_reply_count":0,"_bbp_topic_count_hidden":0,"_bbp_reply_count_hidden":0,"_bbp_forum_subforum_count":0,"site-sidebar-layout":"default","site-content-layout":"","ast-site-content-layout":"","site-content-style":"default","site-sidebar-style":"default","ast-global-header-display":"","ast-banner-title-visibility":"","ast-main-header-display":"","ast-hfb-above-header-display":"","ast-hfb-below-header-display":"","ast-hfb-mobile-header-display":"","site-post-title":"","ast-breadcrumbs-content":"","ast-featured-img":"","footer-sml-layout":"","theme-transparent-header-meta":"","adv-header-id-meta":"","stick-header-meta":"","header-above-stick-meta":"","header-main-stick-meta":"","header-below-stick-meta":"","astra-migrate-meta-layouts":"default","ast-page-background-enabled":"default","ast-page-background-meta":{"desktop":{"background-color":"var(--ast-global-color-4)","background-image":"","background-repeat":"repeat","background-position":"center center","background-size":"auto","background-attachment":"scroll","background-type":"","background-media":"","overlay-type":"","overlay-color":"","overlay-opacity":"","overlay-gradient":""},"tablet":{"background-color":"","background-image":"","background-repeat":"repeat","background-position":"center center","background-size":"auto","background-attachment":"scroll","background-type":"","background-media":"","overlay-type":"","overlay-color":"","overlay-opacity":"","overlay-gradient":""},"mobile":{"background-color":"","background-image":"","background-repeat":"repeat","background-position":"center center","background-size":"auto","background-attachment":"scroll","background-type":"","background-media":"","overlay-type":"","overlay-color":"","overlay-opacity":"","overlay-gradient":""}},"ast-content-background-meta":{"desktop":{"background-color":"var(--ast-global-color-5)","background-image":"","background-repeat":"repeat","background-position":"center center","background-size":"auto","background-attachment":"scroll","background-type":"","background-media":"","overlay-type":"","overlay-color":"","overlay-opacity":"","overlay-gradient":""},"tablet":{"background-color":"var(--ast-global-color-5)","background-image":"","background-repeat":"repeat","background-position":"center center","background-size":"auto","background-attachment":"scroll","background-type":"","background-media":"","overlay-type":"","overlay-color":"","overlay-opacity":"","overlay-gradient":""},"mobile":{"background-color":"var(--ast-global-color-5)","background-image":"","background-repeat":"repeat","background-position":"center center","background-size":"auto","background-attachment":"scroll","background-type":"","background-media":"","overlay-type":"","overlay-color":"","overlay-opacity":"","overlay-gradient":""}},"footnotes":""},"class_list":["post-961","page","type-page","status-publish","hentry"],"post_mailing_queue_ids":[],"_links":{"self":[{"href":"https:\/\/agora.xtec.cat\/insesturo-roquetes\/wp-json\/wp\/v2\/pages\/961","targetHints":{"allow":["GET"]}}],"collection":[{"href":"https:\/\/agora.xtec.cat\/insesturo-roquetes\/wp-json\/wp\/v2\/pages"}],"about":[{"href":"https:\/\/agora.xtec.cat\/insesturo-roquetes\/wp-json\/wp\/v2\/types\/page"}],"author":[{"embeddable":true,"href":"https:\/\/agora.xtec.cat\/insesturo-roquetes\/wp-json\/wp\/v2\/users\/22"}],"replies":[{"embeddable":true,"href":"https:\/\/agora.xtec.cat\/insesturo-roquetes\/wp-json\/wp\/v2\/comments?post=961"}],"version-history":[{"count":7,"href":"https:\/\/agora.xtec.cat\/insesturo-roquetes\/wp-json\/wp\/v2\/pages\/961\/revisions"}],"predecessor-version":[{"id":19477,"href":"https:\/\/agora.xtec.cat\/insesturo-roquetes\/wp-json\/wp\/v2\/pages\/961\/revisions\/19477"}],"wp:attachment":[{"href":"https:\/\/agora.xtec.cat\/insesturo-roquetes\/wp-json\/wp\/v2\/media?parent=961"}],"curies":[{"name":"wp","href":"https:\/\/api.w.org\/{rel}","templated":true}]}}