{"id":4129,"date":"2020-04-03T13:55:58","date_gmt":"2020-04-03T11:55:58","guid":{"rendered":"http:\/\/agora.xtec.cat\/insesturo-roquetes\/?page_id=4129"},"modified":"2021-07-05T11:53:43","modified_gmt":"2021-07-05T09:53:43","slug":"aula-acollida","status":"publish","type":"page","link":"https:\/\/agora.xtec.cat\/insesturo-roquetes\/aula-acollida\/","title":{"rendered":"Aula acollida Prim\u00e0ria"},"content":{"rendered":"<p><strong>SETMANA DEL 8 AL 12 DE JUNY<\/strong><\/p>\n<p>Per anar finalitzant fem un recull de vocabulari treballat durant el curs. Repassa i practica!<\/p>\n<p><a href=\"https:\/\/drive.google.com\/open?id=1v5bu8WAUxLuK8UpmB2z-aLBHC8FQBRZ5\"><img loading=\"lazy\" decoding=\"async\" class=\"alignnone wp-image-5115\" src=\"https:\/\/agora.xtec.cat\/insesturo-roquetes\/wp-content\/uploads\/usu1203\/2020\/06\/Vocabulari.png\" alt=\"\" width=\"86\" height=\"84\" \/>Vocabulari<\/a><\/p>\n<p>&nbsp;<\/p>\n<p><strong>SETMANA DEL 2 AL 5 DE JUNY<\/strong><\/p>\n<p>Sabeu que el 5 de juny \u00e9s el dia del medi ambient en tot el m\u00f3n? Doncs, aquesta setmana cuidem la natura.<\/p>\n<p><strong><a href=\"https:\/\/agora.xtec.cat\/insesturo-roquetes\/wp-content\/uploads\/usu1203\/2020\/06\/9.-Set-2-5juny.-Medi-ambient.pdf\"><img loading=\"lazy\" decoding=\"async\" class=\"alignnone wp-image-5099\" src=\"https:\/\/agora.xtec.cat\/insesturo-roquetes\/wp-content\/uploads\/usu1203\/2020\/06\/Medi.png\" alt=\"\" width=\"76\" height=\"76\" srcset=\"https:\/\/agora.xtec.cat\/insesturo-roquetes\/wp-content\/uploads\/usu1203\/2020\/06\/Medi.png 258w, https:\/\/agora.xtec.cat\/insesturo-roquetes\/wp-content\/uploads\/usu1203\/2020\/06\/Medi-150x150.png 150w\" sizes=\"auto, (max-width: 76px) 100vw, 76px\" \/>El medi ambient.<\/a><\/strong><\/p>\n<p>&nbsp;<\/p>\n<p><strong>SETMANA DEL 25 AL 29 DE MAIG<\/strong><\/p>\n<p>Continuem treballant la casa, aquesta vegada la interior.<\/p>\n<p><a href=\"https:\/\/drive.google.com\/open?id=13wvCUMmLZgUGoMCUwvZ6eXsWb6wIa3WN\"><img loading=\"lazy\" decoding=\"async\" class=\"alignnone wp-image-4866\" src=\"https:\/\/agora.xtec.cat\/insesturo-roquetes\/wp-content\/uploads\/usu1203\/2020\/05\/imatge-pdf-la-casa.jpg\" alt=\"\" width=\"79\" height=\"78\" srcset=\"https:\/\/agora.xtec.cat\/insesturo-roquetes\/wp-content\/uploads\/usu1203\/2020\/05\/imatge-pdf-la-casa.jpg 259w, https:\/\/agora.xtec.cat\/insesturo-roquetes\/wp-content\/uploads\/usu1203\/2020\/05\/imatge-pdf-la-casa-150x150.jpg 150w\" sizes=\"auto, (max-width: 79px) 100vw, 79px\" \/>La casa 2<\/a><\/p>\n<p>&nbsp;<\/p>\n<p><strong>SETMANA DEL 18 AL 22 DE MAIG<\/strong><\/p>\n<p>Aquest dies passem molt temps a casa, coneixem millor el seu vocabulari.<\/p>\n<p><a title=\"La casa 1\" href=\"https:\/\/drive.google.com\/open?id=1dC-4YN4Y5Z_cwKI2opiYKVHyaATZh_VZ\"><img loading=\"lazy\" decoding=\"async\" class=\"alignnone wp-image-4866\" src=\"https:\/\/agora.xtec.cat\/insesturo-roquetes\/wp-content\/uploads\/usu1203\/2020\/05\/imatge-pdf-la-casa.jpg\" alt=\"\" width=\"75\" height=\"74\" srcset=\"https:\/\/agora.xtec.cat\/insesturo-roquetes\/wp-content\/uploads\/usu1203\/2020\/05\/imatge-pdf-la-casa.jpg 259w, https:\/\/agora.xtec.cat\/insesturo-roquetes\/wp-content\/uploads\/usu1203\/2020\/05\/imatge-pdf-la-casa-150x150.jpg 150w\" sizes=\"auto, (max-width: 75px) 100vw, 75px\" \/><\/a><a href=\"https:\/\/drive.google.com\/open?id=1dC-4YN4Y5Z_cwKI2opiYKVHyaATZh_VZ\">La casa 1.<\/a><\/p>\n<p>&nbsp;<\/p>\n<p><strong>SETMANA DEL 11 AL 15 DE MAIG<\/strong><\/p>\n<p>Aquesta setmana us proposem jocs, en catal\u00e0, per jugar en fam\u00edlia.<\/p>\n<p><a href=\"https:\/\/agora.xtec.cat\/insesturo-roquetes\/wp-content\/uploads\/usu1203\/2020\/05\/Jocs-en-fam\u00edlia.pdf\"><img loading=\"lazy\" decoding=\"async\" class=\"alignnone wp-image-4807\" src=\"https:\/\/agora.xtec.cat\/insesturo-roquetes\/wp-content\/uploads\/usu1203\/2020\/05\/Imatge-jocs-en-fam\u00edlia.jpg\" alt=\"\" width=\"84\" height=\"79\" \/>Jocs en fam\u00edlia<\/a><\/p>\n<p>&nbsp;<\/p>\n<p><strong>SETMANA DEL 4 AL 8 DE MAIG<\/strong><\/p>\n<p>Hi ha molt tipus de fam\u00edlies, cadascuna t\u00e9 una hist\u00f2ria i totes s\u00f3n importants.<\/p>\n<p>Fes les activitats de la setmana i sigues un expert de la teva fam\u00edlia.<\/p>\n<p><a href=\"https:\/\/drive.google.com\/open?id=1Glr59agWz3N9lfUk9i5EWIgnGmBEVm_F\"><img loading=\"lazy\" decoding=\"async\" class=\"alignnone wp-image-4610\" src=\"https:\/\/agora.xtec.cat\/insesturo-roquetes\/wp-content\/uploads\/usu1203\/2020\/05\/imatge-pdf-la-fam\u00edlia.jpg\" alt=\"\" width=\"90\" height=\"89\" srcset=\"https:\/\/agora.xtec.cat\/insesturo-roquetes\/wp-content\/uploads\/usu1203\/2020\/05\/imatge-pdf-la-fam\u00edlia.jpg 261w, https:\/\/agora.xtec.cat\/insesturo-roquetes\/wp-content\/uploads\/usu1203\/2020\/05\/imatge-pdf-la-fam\u00edlia-150x150.jpg 150w\" sizes=\"auto, (max-width: 90px) 100vw, 90px\" \/> Activitats<\/a><\/p>\n<p>&nbsp;<\/p>\n<p><strong>SETMANA DEL 27 AL 30 DE MAIG<\/strong><\/p>\n<p>Aquesta setmana fem un rep\u00e0s sobre el Coronavirus, davant les \u00faltimes noticies.<br \/>\n<a href=\"https:\/\/drive.google.com\/open?id=1sg9_YfrKUh-Vi1mUwH-bRK6wSM2JaGaY\"><img loading=\"lazy\" decoding=\"async\" class=\"alignnone wp-image-4541\" src=\"https:\/\/agora.xtec.cat\/insesturo-roquetes\/wp-content\/uploads\/usu1203\/2020\/04\/Coronavirus.png\" alt=\"\" width=\"88\" height=\"86\" \/> Activitats<\/a><\/p>\n<p>&nbsp;<\/p>\n<p><strong>SETMANA DEL 20 AL 24 D&#8217;ABRIL<\/strong><\/p>\n<p><strong>SANT JORDI ARRIBAT SURT LA CUCA DEL FORAT<\/strong><br \/>\nEl dia 23 celebrem la diada de Sant Jordi, el dia del llibre i de la rosa, un dia molt esperat i molt viu a Catalunya.<br \/>\nAix\u00ed que us proposo unes activitats, OBRIU L&#8217;ARXIU I FEU CLIC A LES IMATGES.<\/p>\n<div>\n<p><a href=\"https:\/\/drive.google.com\/open?id=1xXGIvGbl9PoW-cM8AXfH0V1fG0X08wtp\"><img loading=\"lazy\" decoding=\"async\" class=\"alignnone wp-image-4440\" src=\"https:\/\/agora.xtec.cat\/insesturo-roquetes\/wp-content\/uploads\/usu1203\/2020\/04\/unnamed.jpg\" alt=\"\" width=\"93\" height=\"62\" srcset=\"https:\/\/agora.xtec.cat\/insesturo-roquetes\/wp-content\/uploads\/usu1203\/2020\/04\/unnamed.jpg 512w, https:\/\/agora.xtec.cat\/insesturo-roquetes\/wp-content\/uploads\/usu1203\/2020\/04\/unnamed-500x333.jpg 500w\" sizes=\"auto, (max-width: 93px) 100vw, 93px\" \/> Activitats Sant Jordi<\/a><\/p>\n<p>&nbsp;<\/p>\n<p><strong>PRIMERES SETMANES<\/strong><\/p>\n<p><a href=\"https:\/\/drive.google.com\/open?id=1o4Ct6299P8BZY10oLco3SGbIxFZOmKLc\">Propostes ELIC<\/a><\/p>\n<p><a href=\"https:\/\/xeicxic.cat\/\">Vocabulari i activitats interactives<\/a><\/p>\n<p>Com ara segur que ja teniu la casa ben pintada i els espais reconeguts, us adjunto un v\u00eddeo de com fer el muntatge. Espero que les porteu el primer dia d\u2019escola! Qui no pugui\u2026 que no es preocupi, la farem a l\u2019escola.<\/p>\n<ul>\n<li>V\u00eddeo casa: <strong><a href=\"https:\/\/youtu.be\/MrvnfT3zsPo\">https:\/\/youtu.be\/MrvnfT3zsPo<\/a><\/strong><\/li>\n<\/ul>\n<p>Unes p\u00e0gines per practicar el catal\u00e0, recordeu llegir i veure la tele en catal\u00e0.<\/p>\n<ul>\n<li>\u00a0Per escoltar i practicar vocabulari i fer activitats interactives. <strong><a href=\"https:\/\/xiccat.blogspot.com\/\">https:\/\/xiccat.blogspot.com\/<\/a><\/strong><\/li>\n<li>\u00a0P\u00e0gina per realitzar un itinerari d\u2019activitats nivell A1: <strong><a href=\"http:\/\/www.intercat.cat\/speakcat\/itineraris\/1\">http:\/\/www.intercat.cat\/speakcat\/itineraris\/1<\/a><\/strong><\/li>\n<\/ul>\n<ul>\n<li>P\u00e0gina per ampliar els itineraris, activitats nivell A1 i A2: <a href=\"http:\/\/www.intercat.cat\/speakcat\/itineraris\/2\">http:\/\/www.intercat.cat\/speakcat\/itineraris\/2<\/a><\/li>\n<\/ul>\n<\/div>\n","protected":false},"excerpt":{"rendered":"<p>SETMANA DEL 8 AL 12 DE JUNY Per anar finalitzant fem un recull de vocabulari treballat durant el curs. Repassa i practica! Vocabulari &nbsp; SETMANA DEL 2 AL 5 DE JUNY Sabeu que el 5 de juny \u00e9s el dia del medi ambient en tot el m\u00f3n? Doncs, aquesta setmana cuidem la natura. El medi [&hellip;]<\/p>\n","protected":false},"author":13,"featured_media":0,"parent":0,"menu_order":0,"comment_status":"closed","ping_status":"closed","template":"","meta":{"_bbp_topic_count":0,"_bbp_reply_count":0,"_bbp_total_topic_count":0,"_bbp_total_reply_count":0,"_bbp_voice_count":0,"_bbp_anonymous_reply_count":0,"_bbp_topic_count_hidden":0,"_bbp_reply_count_hidden":0,"_bbp_forum_subforum_count":0,"site-sidebar-layout":"default","site-content-layout":"","ast-site-content-layout":"","site-content-style":"default","site-sidebar-style":"default","ast-global-header-display":"","ast-banner-title-visibility":"","ast-main-header-display":"","ast-hfb-above-header-display":"","ast-hfb-below-header-display":"","ast-hfb-mobile-header-display":"","site-post-title":"","ast-breadcrumbs-content":"","ast-featured-img":"","footer-sml-layout":"","theme-transparent-header-meta":"","adv-header-id-meta":"","stick-header-meta":"","header-above-stick-meta":"","header-main-stick-meta":"","header-below-stick-meta":"","astra-migrate-meta-layouts":"default","ast-page-background-enabled":"default","ast-page-background-meta":{"desktop":{"background-color":"var(--ast-global-color-4)","background-image":"","background-repeat":"repeat","background-position":"center center","background-size":"auto","background-attachment":"scroll","background-type":"","background-media":"","overlay-type":"","overlay-color":"","overlay-opacity":"","overlay-gradient":""},"tablet":{"background-color":"","background-image":"","background-repeat":"repeat","background-position":"center center","background-size":"auto","background-attachment":"scroll","background-type":"","background-media":"","overlay-type":"","overlay-color":"","overlay-opacity":"","overlay-gradient":""},"mobile":{"background-color":"","background-image":"","background-repeat":"repeat","background-position":"center center","background-size":"auto","background-attachment":"scroll","background-type":"","background-media":"","overlay-type":"","overlay-color":"","overlay-opacity":"","overlay-gradient":""}},"ast-content-background-meta":{"desktop":{"background-color":"var(--ast-global-color-5)","background-image":"","background-repeat":"repeat","background-position":"center center","background-size":"auto","background-attachment":"scroll","background-type":"","background-media":"","overlay-type":"","overlay-color":"","overlay-opacity":"","overlay-gradient":""},"tablet":{"background-color":"var(--ast-global-color-5)","background-image":"","background-repeat":"repeat","background-position":"center center","background-size":"auto","background-attachment":"scroll","background-type":"","background-media":"","overlay-type":"","overlay-color":"","overlay-opacity":"","overlay-gradient":""},"mobile":{"background-color":"var(--ast-global-color-5)","background-image":"","background-repeat":"repeat","background-position":"center center","background-size":"auto","background-attachment":"scroll","background-type":"","background-media":"","overlay-type":"","overlay-color":"","overlay-opacity":"","overlay-gradient":""}},"footnotes":""},"class_list":["post-4129","page","type-page","status-publish","hentry"],"post_mailing_queue_ids":[],"_links":{"self":[{"href":"https:\/\/agora.xtec.cat\/insesturo-roquetes\/wp-json\/wp\/v2\/pages\/4129","targetHints":{"allow":["GET"]}}],"collection":[{"href":"https:\/\/agora.xtec.cat\/insesturo-roquetes\/wp-json\/wp\/v2\/pages"}],"about":[{"href":"https:\/\/agora.xtec.cat\/insesturo-roquetes\/wp-json\/wp\/v2\/types\/page"}],"author":[{"embeddable":true,"href":"https:\/\/agora.xtec.cat\/insesturo-roquetes\/wp-json\/wp\/v2\/users\/13"}],"replies":[{"embeddable":true,"href":"https:\/\/agora.xtec.cat\/insesturo-roquetes\/wp-json\/wp\/v2\/comments?post=4129"}],"version-history":[{"count":3,"href":"https:\/\/agora.xtec.cat\/insesturo-roquetes\/wp-json\/wp\/v2\/pages\/4129\/revisions"}],"predecessor-version":[{"id":6166,"href":"https:\/\/agora.xtec.cat\/insesturo-roquetes\/wp-json\/wp\/v2\/pages\/4129\/revisions\/6166"}],"wp:attachment":[{"href":"https:\/\/agora.xtec.cat\/insesturo-roquetes\/wp-json\/wp\/v2\/media?parent=4129"}],"curies":[{"name":"wp","href":"https:\/\/api.w.org\/{rel}","templated":true}]}}