{"id":26,"date":"2014-09-18T12:24:32","date_gmt":"2014-09-18T12:24:32","guid":{"rendered":"http:\/\/agora.xtec.cat\/insesturo-roquetes\/?page_id=26"},"modified":"2019-06-26T12:13:49","modified_gmt":"2019-06-26T10:13:49","slug":"historia","status":"publish","type":"page","link":"https:\/\/agora.xtec.cat\/insesturo-roquetes\/elcentre\/historia\/","title":{"rendered":"Hist\u00f2ria del Centre"},"content":{"rendered":"<p>Centre creat l&#8217;1 de juliol de 2011, fruit de la integraci\u00f3 de dues escoles de prim\u00e0ria del barri de\u00a0Roquetes: l\u2019Escola Gaud\u00ed i l\u2019Escola Sant Antoni Maria Claret. Situat al barri de Roquetes de Nou\u00a0Barris, consta de dos edificis molts propers.<\/p>\n<p>\u00c9s un centre de dues l\u00ednies que escolaritza l\u2019alumnat al mateix centre, des de P3 fins a 4t d\u2019ESO. La\u00a0secund\u00e0ria, el curs 2011-2012, es va formar, majorit\u00e0riament, pels alumnes de l\u2019Institut Collserola,\u00a0que a finals del curs 2010 \u2013 2011 cessa la seva activitat.<\/p>\n<p>A l&#8217;antiga Escola Sant Antoni Maria Claret es posa Infantil i Prim\u00e0ria, i a l&#8217;antiga Escola Gaud\u00ed es posa Secund\u00e0ria, Per falta d&#8217;espai es van fent les seg\u00fcents obres:<\/p>\n<ul style=\"list-style-type: circle;\">\n<li>Final del curs 2011-12 (juliol-agost 2012): Adequaci\u00f3 dels espais a l&#8217;edifici de Secund\u00e0ria.<\/li>\n<li>Final del curs 2012-13 (juliol-Agost 2013): S&#8217;arregla el menjador escolar de Prim\u00e0ria, i es trasllada des del costat del pati a la Planta Baixa, al costat de l&#8217;entrada del carrer de les Torres cantonada al carrer Alc\u00e1ntara. A l&#8217;espai a on estava el menjador es posa la Sala de Mestres i l&#8217;aula d&#8217;angl\u00e8s i un petit recinte per les fotocopiadores.<\/li>\n<li>Final de curs 2013-14 (juliol-agost 2014): Es recuperen dos plantes per sobra de la Llar d&#8217;infants &#8220;Torrent&#8221; que permet traslladar-hi el Cicle Superior i fer una aula d&#8217;inform\u00e0tica pel Cicle Superior, i aix\u00ed es pot traslladar a la planta baixa, al costat del menjador, les fotocopiadores i un espai per Consergeria, un espai nom\u00e9s per les administratives de Secretaria, un espai per la Junta Directiva de Prim\u00e0ria, un espai per rebre als pares i pujar tamb\u00e9 a la planta baixa la Sala de Mestres, i a l&#8217;antiga Sala de Mestres es col\u00b7loca la Biblioteca de Prim\u00e0ria, que fins aleshores no la teniem. Secund\u00e0ria es trasllada a l&#8217;antic Eugeni d&#8217;Ors ja que anaven a fer obres, per la necessitat d&#8217;espais.<\/li>\n<li>Vacances de Setmana Santa del 2015: Una vegada acabades les obres de Secund\u00e0ria, a on nom\u00e9s s&#8217;ha aprofitat l&#8217;esquelet, ens traslladem i ens traslladen les capses i mobles en el per\u00edode de vacances de Setmana Santa del 28 de mar\u00e7 al 6 d&#8217;abril del 2015, i el 7 d&#8217;abril comencem les classes al nou edifici del Carrer de l&#8217;Artesania.<\/li>\n<li>Curs 2018\/2019: Projecte de cocreaci\u00f3 del pati de Prim\u00e0ria, amb una remodelaci\u00f3 del mateix amb la col\u00b7laboraci\u00f3 del personal del centre, els alumnes, les fam\u00edlies, Pla de Barris i altres entitats. Aquest projecte, t\u00e9 la seva continuaci\u00f3 amb el pati de Secund\u00e0ria durant el curs 2019\/2020.<\/li>\n<\/ul>\n","protected":false},"excerpt":{"rendered":"<p>Centre creat l&#8217;1 de juliol de 2011, fruit de la integraci\u00f3 de dues escoles de prim\u00e0ria del barri de\u00a0Roquetes: l\u2019Escola Gaud\u00ed i l\u2019Escola Sant Antoni Maria Claret. Situat al barri de Roquetes de Nou\u00a0Barris, consta de dos edificis molts propers. \u00c9s un centre de dues l\u00ednies que escolaritza l\u2019alumnat al mateix centre, des de P3 [&hellip;]<\/p>\n","protected":false},"author":2,"featured_media":0,"parent":22,"menu_order":20,"comment_status":"closed","ping_status":"closed","template":"page-templates\/side-menu.php","meta":{"_bbp_topic_count":0,"_bbp_reply_count":0,"_bbp_total_topic_count":0,"_bbp_total_reply_count":0,"_bbp_voice_count":0,"_bbp_anonymous_reply_count":0,"_bbp_topic_count_hidden":0,"_bbp_reply_count_hidden":0,"_bbp_forum_subforum_count":0,"site-sidebar-layout":"default","site-content-layout":"","ast-site-content-layout":"","site-content-style":"default","site-sidebar-style":"default","ast-global-header-display":"","ast-banner-title-visibility":"","ast-main-header-display":"","ast-hfb-above-header-display":"","ast-hfb-below-header-display":"","ast-hfb-mobile-header-display":"","site-post-title":"","ast-breadcrumbs-content":"","ast-featured-img":"","footer-sml-layout":"","theme-transparent-header-meta":"","adv-header-id-meta":"","stick-header-meta":"","header-above-stick-meta":"","header-main-stick-meta":"","header-below-stick-meta":"","astra-migrate-meta-layouts":"default","ast-page-background-enabled":"default","ast-page-background-meta":{"desktop":{"background-color":"var(--ast-global-color-4)","background-image":"","background-repeat":"repeat","background-position":"center center","background-size":"auto","background-attachment":"scroll","background-type":"","background-media":"","overlay-type":"","overlay-color":"","overlay-opacity":"","overlay-gradient":""},"tablet":{"background-color":"","background-image":"","background-repeat":"repeat","background-position":"center center","background-size":"auto","background-attachment":"scroll","background-type":"","background-media":"","overlay-type":"","overlay-color":"","overlay-opacity":"","overlay-gradient":""},"mobile":{"background-color":"","background-image":"","background-repeat":"repeat","background-position":"center center","background-size":"auto","background-attachment":"scroll","background-type":"","background-media":"","overlay-type":"","overlay-color":"","overlay-opacity":"","overlay-gradient":""}},"ast-content-background-meta":{"desktop":{"background-color":"var(--ast-global-color-5)","background-image":"","background-repeat":"repeat","background-position":"center center","background-size":"auto","background-attachment":"scroll","background-type":"","background-media":"","overlay-type":"","overlay-color":"","overlay-opacity":"","overlay-gradient":""},"tablet":{"background-color":"var(--ast-global-color-5)","background-image":"","background-repeat":"repeat","background-position":"center center","background-size":"auto","background-attachment":"scroll","background-type":"","background-media":"","overlay-type":"","overlay-color":"","overlay-opacity":"","overlay-gradient":""},"mobile":{"background-color":"var(--ast-global-color-5)","background-image":"","background-repeat":"repeat","background-position":"center center","background-size":"auto","background-attachment":"scroll","background-type":"","background-media":"","overlay-type":"","overlay-color":"","overlay-opacity":"","overlay-gradient":""}},"footnotes":""},"class_list":["post-26","page","type-page","status-publish","hentry"],"post_mailing_queue_ids":[],"_links":{"self":[{"href":"https:\/\/agora.xtec.cat\/insesturo-roquetes\/wp-json\/wp\/v2\/pages\/26","targetHints":{"allow":["GET"]}}],"collection":[{"href":"https:\/\/agora.xtec.cat\/insesturo-roquetes\/wp-json\/wp\/v2\/pages"}],"about":[{"href":"https:\/\/agora.xtec.cat\/insesturo-roquetes\/wp-json\/wp\/v2\/types\/page"}],"author":[{"embeddable":true,"href":"https:\/\/agora.xtec.cat\/insesturo-roquetes\/wp-json\/wp\/v2\/users\/2"}],"replies":[{"embeddable":true,"href":"https:\/\/agora.xtec.cat\/insesturo-roquetes\/wp-json\/wp\/v2\/comments?post=26"}],"version-history":[{"count":4,"href":"https:\/\/agora.xtec.cat\/insesturo-roquetes\/wp-json\/wp\/v2\/pages\/26\/revisions"}],"predecessor-version":[{"id":3285,"href":"https:\/\/agora.xtec.cat\/insesturo-roquetes\/wp-json\/wp\/v2\/pages\/26\/revisions\/3285"}],"up":[{"embeddable":true,"href":"https:\/\/agora.xtec.cat\/insesturo-roquetes\/wp-json\/wp\/v2\/pages\/22"}],"wp:attachment":[{"href":"https:\/\/agora.xtec.cat\/insesturo-roquetes\/wp-json\/wp\/v2\/media?parent=26"}],"curies":[{"name":"wp","href":"https:\/\/api.w.org\/{rel}","templated":true}]}}