{"id":1716,"date":"2026-01-26T16:09:32","date_gmt":"2026-01-26T15:09:32","guid":{"rendered":"https:\/\/agora.xtec.cat\/form0109\/?page_id=1716"},"modified":"2026-01-26T16:09:32","modified_gmt":"2026-01-26T15:09:32","slug":"explorant-blocs-i-plantilles","status":"publish","type":"page","link":"https:\/\/agora.xtec.cat\/insesturo-roquetes\/explorant-blocs-i-plantilles\/","title":{"rendered":"Explorant blocs i plantilles"},"content":{"rendered":"\n<p>Icones de xarxes socials<\/p>\n\n\n\n<ul class=\"wp-block-social-links is-layout-flex wp-block-social-links-is-layout-flex\">\n\n\n\n<\/ul>\n\n\n\n<hr class=\"wp-block-separator has-alpha-channel-opacity is-style-wide\"\/>\n\n\n\n<p>\u00c0udio d&#8217;una can\u00e7\u00f3 de la Cant\u00e0nia d&#8217;aquest curs. \u00datil per posar-la a la p\u00e0gina de 5\u00e8<\/p>\n\n\n\n<figure class=\"wp-block-audio\"><audio controls src=\"https:\/\/agora.xtec.cat\/insesturo-roquetes\/wp-content\/uploads\/usu1203\/2026\/01\/07_-_Riuquerriu_-_Lultim_rellotge_-_Cantania_2026.mp3\"><\/audio><\/figure>\n\n\n\n<hr class=\"wp-block-separator has-alpha-channel-opacity is-style-wide\"\/>\n\n\n<ul class=\"wp-block-archives-list wp-block-archives\">\t<li><a href='https:\/\/agora.xtec.cat\/insesturo-roquetes\/2026\/04\/'>abril 2026<\/a><\/li>\n\t<li><a href='https:\/\/agora.xtec.cat\/insesturo-roquetes\/2026\/01\/'>gener 2026<\/a><\/li>\n\t<li><a href='https:\/\/agora.xtec.cat\/insesturo-roquetes\/2025\/01\/'>gener 2025<\/a><\/li>\n\t<li><a href='https:\/\/agora.xtec.cat\/insesturo-roquetes\/2024\/12\/'>desembre 2024<\/a><\/li>\n\t<li><a href='https:\/\/agora.xtec.cat\/insesturo-roquetes\/2024\/10\/'>octubre 2024<\/a><\/li>\n\t<li><a href='https:\/\/agora.xtec.cat\/insesturo-roquetes\/2024\/09\/'>setembre 2024<\/a><\/li>\n\t<li><a href='https:\/\/agora.xtec.cat\/insesturo-roquetes\/2024\/06\/'>juny 2024<\/a><\/li>\n\t<li><a href='https:\/\/agora.xtec.cat\/insesturo-roquetes\/2024\/03\/'>mar\u00e7 2024<\/a><\/li>\n\t<li><a href='https:\/\/agora.xtec.cat\/insesturo-roquetes\/2024\/02\/'>febrer 2024<\/a><\/li>\n\t<li><a href='https:\/\/agora.xtec.cat\/insesturo-roquetes\/2023\/12\/'>desembre 2023<\/a><\/li>\n\t<li><a href='https:\/\/agora.xtec.cat\/insesturo-roquetes\/2023\/11\/'>novembre 2023<\/a><\/li>\n\t<li><a href='https:\/\/agora.xtec.cat\/insesturo-roquetes\/2023\/10\/'>octubre 2023<\/a><\/li>\n\t<li><a href='https:\/\/agora.xtec.cat\/insesturo-roquetes\/2023\/09\/'>setembre 2023<\/a><\/li>\n\t<li><a href='https:\/\/agora.xtec.cat\/insesturo-roquetes\/2022\/11\/'>novembre 2022<\/a><\/li>\n\t<li><a href='https:\/\/agora.xtec.cat\/insesturo-roquetes\/2022\/05\/'>maig 2022<\/a><\/li>\n\t<li><a href='https:\/\/agora.xtec.cat\/insesturo-roquetes\/2022\/03\/'>mar\u00e7 2022<\/a><\/li>\n\t<li><a href='https:\/\/agora.xtec.cat\/insesturo-roquetes\/2022\/02\/'>febrer 2022<\/a><\/li>\n\t<li><a href='https:\/\/agora.xtec.cat\/insesturo-roquetes\/2021\/12\/'>desembre 2021<\/a><\/li>\n\t<li><a href='https:\/\/agora.xtec.cat\/insesturo-roquetes\/2021\/11\/'>novembre 2021<\/a><\/li>\n\t<li><a href='https:\/\/agora.xtec.cat\/insesturo-roquetes\/2021\/08\/'>agost 2021<\/a><\/li>\n\t<li><a href='https:\/\/agora.xtec.cat\/insesturo-roquetes\/2021\/07\/'>juliol 2021<\/a><\/li>\n\t<li><a href='https:\/\/agora.xtec.cat\/insesturo-roquetes\/2021\/06\/'>juny 2021<\/a><\/li>\n\t<li><a href='https:\/\/agora.xtec.cat\/insesturo-roquetes\/2021\/05\/'>maig 2021<\/a><\/li>\n\t<li><a href='https:\/\/agora.xtec.cat\/insesturo-roquetes\/2021\/03\/'>mar\u00e7 2021<\/a><\/li>\n\t<li><a href='https:\/\/agora.xtec.cat\/insesturo-roquetes\/2021\/02\/'>febrer 2021<\/a><\/li>\n\t<li><a href='https:\/\/agora.xtec.cat\/insesturo-roquetes\/2021\/01\/'>gener 2021<\/a><\/li>\n\t<li><a href='https:\/\/agora.xtec.cat\/insesturo-roquetes\/2020\/12\/'>desembre 2020<\/a><\/li>\n\t<li><a href='https:\/\/agora.xtec.cat\/insesturo-roquetes\/2020\/11\/'>novembre 2020<\/a><\/li>\n\t<li><a href='https:\/\/agora.xtec.cat\/insesturo-roquetes\/2020\/10\/'>octubre 2020<\/a><\/li>\n\t<li><a href='https:\/\/agora.xtec.cat\/insesturo-roquetes\/2020\/06\/'>juny 2020<\/a><\/li>\n\t<li><a href='https:\/\/agora.xtec.cat\/insesturo-roquetes\/2020\/05\/'>maig 2020<\/a><\/li>\n\t<li><a href='https:\/\/agora.xtec.cat\/insesturo-roquetes\/2020\/04\/'>abril 2020<\/a><\/li>\n\t<li><a href='https:\/\/agora.xtec.cat\/insesturo-roquetes\/2020\/01\/'>gener 2020<\/a><\/li>\n\t<li><a href='https:\/\/agora.xtec.cat\/insesturo-roquetes\/2019\/12\/'>desembre 2019<\/a><\/li>\n\t<li><a href='https:\/\/agora.xtec.cat\/insesturo-roquetes\/2019\/11\/'>novembre 2019<\/a><\/li>\n\t<li><a href='https:\/\/agora.xtec.cat\/insesturo-roquetes\/2019\/10\/'>octubre 2019<\/a><\/li>\n\t<li><a href='https:\/\/agora.xtec.cat\/insesturo-roquetes\/2019\/09\/'>setembre 2019<\/a><\/li>\n\t<li><a href='https:\/\/agora.xtec.cat\/insesturo-roquetes\/2019\/06\/'>juny 2019<\/a><\/li>\n\t<li><a href='https:\/\/agora.xtec.cat\/insesturo-roquetes\/2019\/05\/'>maig 2019<\/a><\/li>\n\t<li><a href='https:\/\/agora.xtec.cat\/insesturo-roquetes\/2019\/04\/'>abril 2019<\/a><\/li>\n\t<li><a href='https:\/\/agora.xtec.cat\/insesturo-roquetes\/2019\/03\/'>mar\u00e7 2019<\/a><\/li>\n\t<li><a href='https:\/\/agora.xtec.cat\/insesturo-roquetes\/2019\/02\/'>febrer 2019<\/a><\/li>\n\t<li><a href='https:\/\/agora.xtec.cat\/insesturo-roquetes\/2019\/01\/'>gener 2019<\/a><\/li>\n\t<li><a href='https:\/\/agora.xtec.cat\/insesturo-roquetes\/2018\/12\/'>desembre 2018<\/a><\/li>\n\t<li><a href='https:\/\/agora.xtec.cat\/insesturo-roquetes\/2018\/11\/'>novembre 2018<\/a><\/li>\n\t<li><a href='https:\/\/agora.xtec.cat\/insesturo-roquetes\/2018\/10\/'>octubre 2018<\/a><\/li>\n\t<li><a href='https:\/\/agora.xtec.cat\/insesturo-roquetes\/2018\/06\/'>juny 2018<\/a><\/li>\n\t<li><a href='https:\/\/agora.xtec.cat\/insesturo-roquetes\/2018\/05\/'>maig 2018<\/a><\/li>\n\t<li><a href='https:\/\/agora.xtec.cat\/insesturo-roquetes\/2018\/04\/'>abril 2018<\/a><\/li>\n\t<li><a href='https:\/\/agora.xtec.cat\/insesturo-roquetes\/2018\/03\/'>mar\u00e7 2018<\/a><\/li>\n\t<li><a href='https:\/\/agora.xtec.cat\/insesturo-roquetes\/2018\/02\/'>febrer 2018<\/a><\/li>\n\t<li><a href='https:\/\/agora.xtec.cat\/insesturo-roquetes\/2018\/01\/'>gener 2018<\/a><\/li>\n\t<li><a href='https:\/\/agora.xtec.cat\/insesturo-roquetes\/2017\/11\/'>novembre 2017<\/a><\/li>\n\t<li><a href='https:\/\/agora.xtec.cat\/insesturo-roquetes\/2017\/10\/'>octubre 2017<\/a><\/li>\n\t<li><a href='https:\/\/agora.xtec.cat\/insesturo-roquetes\/2017\/02\/'>febrer 2017<\/a><\/li>\n\t<li><a href='https:\/\/agora.xtec.cat\/insesturo-roquetes\/2015\/12\/'>desembre 2015<\/a><\/li>\n\t<li><a href='https:\/\/agora.xtec.cat\/insesturo-roquetes\/2014\/09\/'>setembre 2014<\/a><\/li>\n<\/ul>\n\n\n<hr class=\"wp-block-separator has-alpha-channel-opacity is-style-wide\"\/>\n\n\n\n<p>formulari de subscripci\u00f3. Interessant si es pot afegir el dinantia&#8230;<\/p>\n\n\n<div class=\"emaillist\" id=\"es_form_f1-n1\"><form action=\"\/insesturo-roquetes\/wp-json\/wp\/v2\/pages\/1716#es_form_f1-n1\" method=\"post\" class=\"es_subscription_form es_shortcode_form  es_ajax_subscription_form\" id=\"es_subscription_form_69e3893b643b6\" data-source=\"ig-es\" data-form-id=\"1\"><div class=\"es-field-wrap\"><label>Nom<br \/><input type=\"text\" name=\"esfpx_name\" class=\"ig_es_form_field_name\" placeholder=\"\" value=\"\" \/><\/label><\/div><div class=\"es-field-wrap\"><label>Adre\u00e7a*<br \/><input class=\"es_required_field es_txt_email ig_es_form_field_email\" type=\"email\" name=\"esfpx_email\" value=\"\" placeholder=\"\" required=\"required\" \/><\/label><\/div><input type=\"hidden\" name=\"esfpx_lists[]\" value=\"a3795aa4a5f3\" \/><input type=\"hidden\" name=\"esfpx_form_id\" value=\"1\" \/><input type=\"hidden\" name=\"es\" value=\"subscribe\" \/>\n\t\t\t<input type=\"hidden\" name=\"esfpx_es_form_identifier\" value=\"f1-n1\" \/>\n\t\t\t<input type=\"hidden\" name=\"esfpx_es_email_page\" value=\"1716\" \/>\n\t\t\t<input type=\"hidden\" name=\"esfpx_es_email_page_url\" value=\"https:\/\/agora.xtec.cat\/insesturo-roquetes\/explorant-blocs-i-plantilles\/\" \/>\n\t\t\t<input type=\"hidden\" name=\"esfpx_status\" value=\"Unconfirmed\" \/>\n\t\t\t<input type=\"hidden\" name=\"esfpx_es-subscribe\" id=\"es-subscribe-69e3893b643b6\" value=\"6b86eb6a52\" \/>\n\t\t\t<label style=\"position:absolute;top:-99999px;left:-99999px;z-index:-99;\" aria-hidden=\"true\"><span hidden>Please leave this field empty.<\/span><input type=\"email\" name=\"esfpx_es_hp_email\" class=\"es_required_field\" tabindex=\"-1\" autocomplete=\"-1\" value=\"\" \/><\/label><input type=\"submit\" name=\"submit\" class=\"es_subscription_form_submit es_submit_button es_textbox_button\" id=\"es_subscription_form_submit_69e3893b643b6\" value=\"Submit\" \/><span class=\"es_spinner_image\" id=\"spinner-image\"><img decoding=\"async\" src=\"https:\/\/agora.xtec.cat\/insesturo-roquetes\/wp-content\/plugins\/email-subscribers\/lite\/public\/images\/spinner.gif\" alt=\"Loading\" \/><\/span><\/form><span class=\"es_subscription_message \" id=\"es_subscription_message_69e3893b643b6\" role=\"alert\" aria-live=\"assertive\"><\/span><\/div>\n\n\n<hr class=\"wp-block-separator has-alpha-channel-opacity is-style-wide\"\/>\n\n\n\n<p>Compte enrere. El que queda fins a un esdeveniment, (pe. fi de curs!!)<\/p>\n\n\n\n\t\t<div class=\"wp-block-getwid-countdown\">\n\t\t\t<div class=\"wp-block-getwid-countdown__wrapper\" >\n\t\t\t\t<div class=\"wp-block-getwid-countdown__content\"\n\t\t\t\t\t data-datetime=\"+0y +0o +1d +0h +0m +0s\"     data-days=\"1\" data-hours=\"1\" data-minutes=\"1\" data-seconds=\"1\">\n\t\t\t\t<\/div>\n\t\t\t<\/div>\n\t\t<\/div>\n\n\t\t\n\n\n<h2 class=\"wp-block-heading\"><strong>Explorant la biblioteca de plantilles<\/strong><\/h2>\n\n\n\n<p><\/p>\n\n\n\n<div class=\"wp-block-getwid-section alignfull alignfull getwid-section-content-custom-width\"><div class=\"wp-block-getwid-section__wrapper getwid-padding-top-large getwid-padding-bottom-large getwid-padding-left-medium getwid-padding-right-medium\" style=\"min-height:70vh\"><div class=\"wp-block-getwid-section__inner-wrapper\" style=\"max-width:1140px\"><div class=\"wp-block-getwid-section__background-holder\"><div class=\"wp-block-getwid-section__background\" style=\"background-image:url('https:\/\/cgw.motopress.com\/wp-content\/uploads\/2019\/11\/background-5.jpg')\"><div class=\"wp-block-getwid-section__background-image-wrapper\"><img decoding=\"async\" class=\"wp-block-getwid-section__background-image\" src=\"https:\/\/cgw.motopress.com\/wp-content\/uploads\/2019\/11\/background-5.jpg\" alt=\"\"\/><\/div><\/div><div class=\"wp-block-getwid-section__foreground\"><\/div><\/div><div class=\"wp-block-getwid-section__content\"><div class=\"wp-block-getwid-section__inner-content\">\n<div class=\"wp-block-getwid-section getwid-section-content-custom-width\"><div class=\"wp-block-getwid-section__wrapper getwid-padding-top-none getwid-padding-bottom-none getwid-padding-left-none getwid-padding-right-none getwid-justify-content-flex-start\"><div class=\"wp-block-getwid-section__inner-wrapper\" style=\"max-width:740px\"><div class=\"wp-block-getwid-section__background-holder\"><div class=\"wp-block-getwid-section__background\"><\/div><div class=\"wp-block-getwid-section__foreground\"><\/div><\/div><div class=\"wp-block-getwid-section__content\"><div class=\"wp-block-getwid-section__inner-content\">\n<div class=\"wp-block-getwid-advanced-heading\" style=\"margin-bottom:0px;margin-top:0px\"><span class=\"wp-block-getwid-advanced-heading__content\">Un espai de trobada<\/span><\/div>\n\n\n\n<div class=\"wp-block-getwid-advanced-heading\" style=\"margin-bottom:30px;margin-top:10px\"><h2 class=\"wp-block-getwid-advanced-heading__content\">Els caf\u00e8s de<br>l&#8217;equip social<br><\/h2><\/div>\n\n\n\n<hr class=\"wp-block-separator has-alpha-channel-opacity\"\/>\n\n\n\n<p class=\"has-text-align-left has-medium-font-size\">L&#8217;equip social us convida a esmorzar en un ambient relaxat                        i  i agradable on totes les fam\u00edlies esteu convidades per fer-la petar i poder compartir les vostres inquietuds sense pressi\u00f3.<\/p>\n<\/div><\/div><\/div><\/div><\/div>\n<\/div><\/div><\/div><\/div><\/div>\n","protected":false},"excerpt":{"rendered":"<p>Icones de xarxes socials \u00c0udio d&#8217;una can\u00e7\u00f3 de la Cant\u00e0nia d&#8217;aquest curs. \u00datil per posar-la a la p\u00e0gina de 5\u00e8 formulari de subscripci\u00f3. Interessant si es pot afegir el dinantia&#8230; Compte enrere. El que queda fins a un esdeveniment, (pe. fi de curs!!) Explorant la biblioteca de plantilles<\/p>\n","protected":false},"author":43,"featured_media":0,"parent":0,"menu_order":0,"comment_status":"closed","ping_status":"close","template":"","meta":{"_bbp_topic_count":0,"_bbp_reply_count":0,"_bbp_total_topic_count":0,"_bbp_total_reply_count":0,"_bbp_voice_count":0,"_bbp_anonymous_reply_count":0,"_bbp_topic_count_hidden":0,"_bbp_reply_count_hidden":0,"_bbp_forum_subforum_count":0,"site-sidebar-layout":"default","site-content-layout":"","ast-site-content-layout":"default","site-content-style":"default","site-sidebar-style":"default","ast-global-header-display":"","ast-banner-title-visibility":"","ast-main-header-display":"","ast-hfb-above-header-display":"","ast-hfb-below-header-display":"","ast-hfb-mobile-header-display":"","site-post-title":"","ast-breadcrumbs-content":"","ast-featured-img":"","footer-sml-layout":"","theme-transparent-header-meta":"","adv-header-id-meta":"","stick-header-meta":"","header-above-stick-meta":"","header-main-stick-meta":"","header-below-stick-meta":"","astra-migrate-meta-layouts":"set","ast-page-background-enabled":"default","ast-page-background-meta":{"desktop":{"background-color":"var(--ast-global-color-4)","background-image":"","background-repeat":"repeat","background-position":"center center","background-size":"auto","background-attachment":"scroll","background-type":"","background-media":"","overlay-type":"","overlay-color":"","overlay-opacity":"","overlay-gradient":""},"tablet":{"background-color":"","background-image":"","background-repeat":"repeat","background-position":"center center","background-size":"auto","background-attachment":"scroll","background-type":"","background-media":"","overlay-type":"","overlay-color":"","overlay-opacity":"","overlay-gradient":""},"mobile":{"background-color":"","background-image":"","background-repeat":"repeat","background-position":"center center","background-size":"auto","background-attachment":"scroll","background-type":"","background-media":"","overlay-type":"","overlay-color":"","overlay-opacity":"","overlay-gradient":""}},"ast-content-background-meta":{"desktop":{"background-color":"var(--ast-global-color-5)","background-image":"","background-repeat":"repeat","background-position":"center center","background-size":"auto","background-attachment":"scroll","background-type":"","background-media":"","overlay-type":"","overlay-color":"","overlay-opacity":"","overlay-gradient":""},"tablet":{"background-color":"var(--ast-global-color-5)","background-image":"","background-repeat":"repeat","background-position":"center center","background-size":"auto","background-attachment":"scroll","background-type":"","background-media":"","overlay-type":"","overlay-color":"","overlay-opacity":"","overlay-gradient":""},"mobile":{"background-color":"var(--ast-global-color-5)","background-image":"","background-repeat":"repeat","background-position":"center center","background-size":"auto","background-attachment":"scroll","background-type":"","background-media":"","overlay-type":"","overlay-color":"","overlay-opacity":"","overlay-gradient":""}},"footnotes":""},"class_list":["post-1716","page","type-page","status-publish","hentry"],"post_mailing_queue_ids":[],"_links":{"self":[{"href":"https:\/\/agora.xtec.cat\/insesturo-roquetes\/wp-json\/wp\/v2\/pages\/1716","targetHints":{"allow":["GET"]}}],"collection":[{"href":"https:\/\/agora.xtec.cat\/insesturo-roquetes\/wp-json\/wp\/v2\/pages"}],"about":[{"href":"https:\/\/agora.xtec.cat\/insesturo-roquetes\/wp-json\/wp\/v2\/types\/page"}],"author":[{"embeddable":true,"href":"https:\/\/agora.xtec.cat\/insesturo-roquetes\/wp-json\/wp\/v2\/users\/43"}],"replies":[{"embeddable":true,"href":"https:\/\/agora.xtec.cat\/insesturo-roquetes\/wp-json\/wp\/v2\/comments?post=1716"}],"version-history":[{"count":0,"href":"https:\/\/agora.xtec.cat\/insesturo-roquetes\/wp-json\/wp\/v2\/pages\/1716\/revisions"}],"wp:attachment":[{"href":"https:\/\/agora.xtec.cat\/insesturo-roquetes\/wp-json\/wp\/v2\/media?parent=1716"}],"curies":[{"name":"wp","href":"https:\/\/api.w.org\/{rel}","templated":true}]}}