{"id":9255,"date":"2021-01-25T15:32:48","date_gmt":"2021-01-25T14:32:48","guid":{"rendered":"https:\/\/agora.xtec.cat\/insermessenda\/?page_id=9255"},"modified":"2026-02-02T13:36:14","modified_gmt":"2026-02-02T12:36:14","slug":"proves-per-obtenir-el-graduat-en-eso","status":"publish","type":"page","link":"https:\/\/agora.xtec.cat\/insermessenda\/secretaria\/proves-per-obtenir-el-graduat-en-eso\/","title":{"rendered":"PROVES PER OBTENIR EL GRADUAT EN ESO"},"content":{"rendered":"\n<p><mark style=\"background-color:rgba(0, 0, 0, 0)\" class=\"has-inline-color has-ast-global-color-1-color\"><strong>CONTINGUTS M\u00cdNIMS<\/strong><\/mark> <\/p>\n\n\n\n<p><a href=\"https:\/\/agora.xtec.cat\/insermessenda\/wp-content\/uploads\/usu76\/2026\/02\/CONTINGUTS-MINIMS-4ESO.docx\">Enlla\u00e7 al document amb els continguts m\u00ednims per fer la prova d&#8217;obtenci\u00f3 del graduat en educaci\u00f3 secund\u00e0ria obligat\u00f2ria. <\/a><\/p>\n\n\n\n<p><mark style=\"background-color:rgba(0, 0, 0, 0)\" class=\"has-inline-color has-ast-global-color-1-color\"><strong>NORMATIVA<\/strong><\/mark><\/p>\n\n\n\n<p>Graduat en educaci\u00f3 secund\u00e0ria obligat\u00f2ria (alumnes que no l&#8217;han obtingut en finalitzar l&#8217;etapa)<\/p>\n\n\n\n<p>LES PROVES AL NOSTRE CENTRE ES FARAN A LA&nbsp;SEU DE CARTANY\u00c0<br>Els alumnes que no obtenen el t\u00edtol de graduat o graduada en educaci\u00f3 secund\u00e0ria obligat\u00f2ria en finalitzar l&#8217;etapa es poden presentar a la prova que els centres organitzen el mes de mar\u00e7 de cada any.<br><\/p>\n\n\n\n<p><strong><mark style=\"background-color:rgba(0, 0, 0, 0)\" class=\"has-inline-color has-ast-global-color-0-color\">Requisits<\/mark><\/strong><br>Es poden presentar a la prova les persones que compleixen els&nbsp;dos&nbsp;requisits&nbsp;seg\u00fcents:<\/p>\n\n\n\n<ol class=\"wp-block-list\">\n<li>Tenir almenys 18 anys o complir-los l&#8217;any 2026. L&#8217;edat requerida es podr\u00e0 rebaixar fins als setze<br>anys sempre que l&#8217;alumne o alumna compleixi alguna de les condicions seg\u00fcents:\n<ul class=\"wp-block-list\">\n<li>Tenir un contracte laboral que els impedeixi d&#8217;assistir al centre en r\u00e8gim ordinari,<\/li>\n\n\n\n<li>Trobar-se en proc\u00e9s d&#8217;obtenir un perm\u00eds de treball,<\/li>\n\n\n\n<li>Ser esportista d&#8217;alt rendiment (cal presentar una certificaci\u00f3 del Consell Catal\u00e0 de l&#8217;Esport que acredita que consta en el programa de tecnificaci\u00f3 (ARC) de la federaci\u00f3 catalana corresponent) o<\/li>\n\n\n\n<li>Tenir un expedient d&#8217;homologaci\u00f3 obert d&#8217;estudis estrangers al t\u00edtol de GESO.<\/li>\n<\/ul>\n<\/li>\n\n\n\n<li>Haver finalitzat l&#8217;ESO l&#8217;any 2024 o 2025 sense haver obtingut el t\u00edtol o haver finalitzat l&#8217;equivalent del quart curs de l&#8217;ESO en un sistema educatiu estranger amb mat\u00e8ries amb avaluaci\u00f3 negativa en cursos anteriors.<br>De manera excepcional, tamb\u00e9 s&#8217;hi poden acollir alumnes amb informe de reconeixement de necessitats educatives especials, em\u00e8s per l&#8217;equip d&#8217;assessorament psicopedag\u00f2gic (EAP), per als quals es va elaborar un pla de suport individualitzat durant el per\u00edode compr\u00e8s entre els cursos 2017-2018 i 2022-2023.<\/li>\n<\/ol>\n\n\n\n<p><strong><mark style=\"background-color:rgba(0, 0, 0, 0)\" class=\"has-inline-color has-ast-global-color-0-color\">Inscripci\u00f3 i realitzaci\u00f3 de la prova<\/mark><\/strong><\/p>\n\n\n\n<p><strong>Sol\u00b7licitud<\/strong><\/p>\n\n\n\n<ul class=\"wp-block-list\">\n<li>Entre el 2 i el 13 de febrer&nbsp;de 2026 i s&#8217;ha de presentar a la secretaria del centre on la persona sol\u00b7licitant va estar matriculada de quart d&#8217;ESO per \u00faltima vegada.<\/li>\n\n\n\n<li><a href=\"https:\/\/agora.xtec.cat\/insermessenda\/wp-content\/uploads\/usu76\/2026\/02\/A665.pdf\" target=\"_blank\" rel=\"noreferrer noopener\">Enlla\u00e7 a la sol\u00b7licitud<\/a><\/li>\n<\/ul>\n\n\n\n<p><strong>Calendari i llistes de persones admeses i excloses<\/strong><\/p>\n\n\n\n<ul class=\"wp-block-list\">\n<li>Fins al 2 de mar\u00e7 de 2026, el centre publica el calendari de la prova i la&nbsp;llista de persones admeses i excloses. Tamb\u00e9 s&#8217;inclouran les mat\u00e8ries objecte de la prova.<\/li>\n\n\n\n<li>Del 3 al 5 de mar\u00e7 de 2026, els aspirants exclosos poden presentar una reclamaci\u00f3 davant la direcci\u00f3 del centre.<\/li>\n<\/ul>\n\n\n\n<p><strong>Realitzaci\u00f3 de la prova<\/strong><\/p>\n\n\n\n<ul class=\"wp-block-list\">\n<li>Dilluns 9 de mar\u00e7 de 2026, seu Cartany\u00e0.<\/li>\n\n\n\n<li>Els alumnes han de portar l&#8217;original del DNI, targeta de resid\u00e8ncia, passaport o qualsevol altre document identificatiu oficial en vigor.<\/li>\n<\/ul>\n\n\n\n<p><strong><mark style=\"background-color:rgba(0, 0, 0, 0)\" class=\"has-inline-color has-ast-global-color-0-color\">Avaluaci\u00f3, qualificaci\u00f3 i obtenci\u00f3 del t\u00edtol<\/mark><\/strong><\/p>\n\n\n\n<p><strong>Avaluaci\u00f3 i qualificacions<\/strong><\/p>\n\n\n\n<p>El centre informa, en el termini de deu dies lectius seg\u00fcents a la realitzaci\u00f3 de la prova i per mitj\u00e0 dels canals que tingui establerts, de la relaci\u00f3 d&#8217;alumnes presentats i de les qualificacions obtingudes aplicant la<br>normativa vigent de protecci\u00f3 de dades.<br>L&#8217;alumne o alumna que assoleixi les compet\u00e8ncies de totes les mat\u00e8ries que tenia amb avaluaci\u00f3 negativa obt\u00e9 el t\u00edtol de graduat o graduada en educaci\u00f3 secund\u00e0ria obligat\u00f2ria, a excepci\u00f3 dels alumnes que estan en proc\u00e9s d&#8217;homologaci\u00f3 del t\u00edtol de GESO. En la sessi\u00f3 d&#8217;avaluaci\u00f3 es pot decidir, de forma col\u00b7legiada i amb l&#8217;acord de la majoria dels membres presents, que l&#8217;alumne o alumna que no hagi assolit algunes de les compet\u00e8ncies podr\u00e0 obtenir la titulaci\u00f3.<br>Per als alumnes amb pla de suport individualitzat, per a l&#8217;obtenci\u00f3 del t\u00edtol es prenen com a referents les compet\u00e8ncies i els criteris d&#8217;avaluaci\u00f3 establerts en el seu pla.<br><\/p>\n\n\n\n<p><strong><mark style=\"background-color:rgba(0, 0, 0, 0)\" class=\"has-inline-color has-ast-global-color-0-color\">Reclamacions<\/mark><\/strong><\/p>\n\n\n\n<p>L&#8217;alumne o alumna o, en cas que sigui menor d&#8217;edat, el pare, mare o tutor o tutora legal, poden reclamar contra les qualificacions obtingudes en una o m\u00e9s mat\u00e8ries i contra les decisions que, com a resultat del<br>proc\u00e9s d&#8217;avaluaci\u00f3, s&#8217;hagin adoptat. La reclamaci\u00f3 pot cursar-se durant els tres dies h\u00e0bils seg\u00fcents a la data d&#8217;informaci\u00f3 dels resultats obtinguts, davant la direcci\u00f3 del centre, la qual ha de convocar una reuni\u00f3 extraordin\u00e0ria de la sessi\u00f3 d&#8217;avaluaci\u00f3 en un termini de 48 hores.<br>A la vista de la decisi\u00f3 presa en la sessi\u00f3 d&#8217;avaluaci\u00f3, el director o directora del centre emet resoluci\u00f3 relativa a la reclamaci\u00f3 i es notifica a la persona interessada.<br>L&#8217;alumne o alumna o, en cas que sigui menor d&#8217;edat, el pare, mare o tutor o tutora legal, poden rec\u00f3rrer contra la resoluci\u00f3 del director o directora, en el termini de cinc dies h\u00e0bils a comptar des de l&#8217;endem\u00e0 de la seva notificaci\u00f3, davant els serveis territorials corresponents i, a la ciutat de Barcelona, el Consorci d&#8217;Educaci\u00f3.<br><\/p>\n\n\n\n<p><strong><mark style=\"background-color:rgba(0, 0, 0, 0)\" class=\"has-inline-color has-ast-global-color-0-color\">Certificat<\/mark><\/strong><\/p>\n\n\n\n<p>Els alumnes han de rebre una certificaci\u00f3 de les qualificacions obtingudes expedida per la secretaria del centre amb el vistiplau de la direcci\u00f3.<\/p>\n\n\n\n<p><\/p>\n","protected":false},"excerpt":{"rendered":"<p>CONTINGUTS M\u00cdNIMS Enlla\u00e7 al document amb els continguts m\u00ednims per fer la prova d&#8217;obtenci\u00f3 del graduat en educaci\u00f3 secund\u00e0ria obligat\u00f2ria. NORMATIVA Graduat en educaci\u00f3 secund\u00e0ria obligat\u00f2ria (alumnes que no l&#8217;han obtingut en finalitzar l&#8217;etapa) LES PROVES AL NOSTRE CENTRE ES FARAN A LA&nbsp;SEU DE CARTANY\u00c0Els alumnes que no obtenen el t\u00edtol de graduat o graduada [&hellip;]<\/p>\n","protected":false},"author":1,"featured_media":0,"parent":81,"menu_order":5,"comment_status":"closed","ping_status":"closed","template":"","meta":{"_bbp_topic_count":0,"_bbp_reply_count":0,"_bbp_total_topic_count":0,"_bbp_total_reply_count":0,"_bbp_voice_count":0,"_bbp_anonymous_reply_count":0,"_bbp_topic_count_hidden":0,"_bbp_reply_count_hidden":0,"_bbp_forum_subforum_count":0,"site-sidebar-layout":"default","site-content-layout":"","ast-site-content-layout":"default","site-content-style":"default","site-sidebar-style":"default","ast-global-header-display":"","ast-banner-title-visibility":"","ast-main-header-display":"","ast-hfb-above-header-display":"","ast-hfb-below-header-display":"","ast-hfb-mobile-header-display":"","site-post-title":"","ast-breadcrumbs-content":"","ast-featured-img":"","footer-sml-layout":"","theme-transparent-header-meta":"","adv-header-id-meta":"","stick-header-meta":"","header-above-stick-meta":"","header-main-stick-meta":"","header-below-stick-meta":"","astra-migrate-meta-layouts":"set","ast-page-background-enabled":"default","ast-page-background-meta":{"desktop":{"background-color":"var(--ast-global-color-4)","background-image":"","background-repeat":"repeat","background-position":"center center","background-size":"auto","background-attachment":"scroll","background-type":"","background-media":"","overlay-type":"","overlay-color":"","overlay-opacity":"","overlay-gradient":""},"tablet":{"background-color":"","background-image":"","background-repeat":"repeat","background-position":"center center","background-size":"auto","background-attachment":"scroll","background-type":"","background-media":"","overlay-type":"","overlay-color":"","overlay-opacity":"","overlay-gradient":""},"mobile":{"background-color":"","background-image":"","background-repeat":"repeat","background-position":"center center","background-size":"auto","background-attachment":"scroll","background-type":"","background-media":"","overlay-type":"","overlay-color":"","overlay-opacity":"","overlay-gradient":""}},"ast-content-background-meta":{"desktop":{"background-color":"var(--ast-global-color-5)","background-image":"","background-repeat":"repeat","background-position":"center center","background-size":"auto","background-attachment":"scroll","background-type":"","background-media":"","overlay-type":"","overlay-color":"","overlay-opacity":"","overlay-gradient":""},"tablet":{"background-color":"var(--ast-global-color-5)","background-image":"","background-repeat":"repeat","background-position":"center center","background-size":"auto","background-attachment":"scroll","background-type":"","background-media":"","overlay-type":"","overlay-color":"","overlay-opacity":"","overlay-gradient":""},"mobile":{"background-color":"var(--ast-global-color-5)","background-image":"","background-repeat":"repeat","background-position":"center center","background-size":"auto","background-attachment":"scroll","background-type":"","background-media":"","overlay-type":"","overlay-color":"","overlay-opacity":"","overlay-gradient":""}},"footnotes":""},"class_list":["post-9255","page","type-page","status-publish","hentry"],"post_mailing_queue_ids":[],"_links":{"self":[{"href":"https:\/\/agora.xtec.cat\/insermessenda\/wp-json\/wp\/v2\/pages\/9255","targetHints":{"allow":["GET"]}}],"collection":[{"href":"https:\/\/agora.xtec.cat\/insermessenda\/wp-json\/wp\/v2\/pages"}],"about":[{"href":"https:\/\/agora.xtec.cat\/insermessenda\/wp-json\/wp\/v2\/types\/page"}],"author":[{"embeddable":true,"href":"https:\/\/agora.xtec.cat\/insermessenda\/wp-json\/wp\/v2\/users\/1"}],"replies":[{"embeddable":true,"href":"https:\/\/agora.xtec.cat\/insermessenda\/wp-json\/wp\/v2\/comments?post=9255"}],"version-history":[{"count":6,"href":"https:\/\/agora.xtec.cat\/insermessenda\/wp-json\/wp\/v2\/pages\/9255\/revisions"}],"predecessor-version":[{"id":21593,"href":"https:\/\/agora.xtec.cat\/insermessenda\/wp-json\/wp\/v2\/pages\/9255\/revisions\/21593"}],"up":[{"embeddable":true,"href":"https:\/\/agora.xtec.cat\/insermessenda\/wp-json\/wp\/v2\/pages\/81"}],"wp:attachment":[{"href":"https:\/\/agora.xtec.cat\/insermessenda\/wp-json\/wp\/v2\/media?parent=9255"}],"curies":[{"name":"wp","href":"https:\/\/api.w.org\/{rel}","templated":true}]}}