{"id":610,"date":"2014-10-04T22:07:20","date_gmt":"2014-10-04T20:07:20","guid":{"rendered":"http:\/\/agora.xtec.cat\/insermessenda\/?page_id=610"},"modified":"2020-03-25T10:59:42","modified_gmt":"2020-03-25T09:59:42","slug":"educacio-fisica","status":"publish","type":"page","link":"https:\/\/agora.xtec.cat\/insermessenda\/oferta_formativa\/departament-cientifico-tecnologic\/educacio-fisica\/","title":{"rendered":"Educaci\u00f3 F\u00edsica"},"content":{"rendered":"<p>Aqu\u00ed teniu el <a href=\"http:\/\/agora.xtec.cat\/insermessenda\/wp-content\/uploads\/usu76\/2014\/10\/Aparell-locomotor.pdf\">aparell-locomotor<\/a>\u00a0per poder estudiar per l&#8217;examen!!!<\/p>\n<p>Aqu\u00ed trobareu les <a href=\"http:\/\/agora.xtec.cat\/insermessenda\/wp-content\/uploads\/usu76\/2014\/11\/Baremacion-test-EUROFIT.pdf\">Baremacions del test EUROFIT<\/a><\/p>\n<p>Aqu\u00ed trobareu el temari sobre l&#8217;<a href=\"http:\/\/agora.xtec.cat\/insermessenda\/wp-content\/uploads\/usu76\/2014\/10\/APUNTS-ACROSPORT.pdf\">ACROSPORT<\/a><\/p>\n<p>Aqu\u00ed teniu el <a href=\"http:\/\/agora.xtec.cat\/insermessenda\/wp-content\/uploads\/usu76\/2014\/10\/Rep\u00e0s-m\u00fasculs.pdf\">repas-musculs<\/a>\u00a0per poder estudiar per l&#8217;examen!!!<\/p>\n<p>Aqu\u00ed teniu la feina que heu de fer sobre el <a href=\"http:\/\/agora.xtec.cat\/insermessenda\/wp-content\/uploads\/usu76\/2014\/10\/Museu-Ol\u00edmpic-BCN-2015.pdf\">Museu Ol\u00edmpic BCN 2015<\/a><\/p>\n<p>Cartell\u00a0<a href=\"http:\/\/agora.xtec.cat\/insermessenda\/wp-content\/uploads\/usu76\/2014\/10\/floorball-basics-in-english.pdf\">Floorball basics in english<\/a><\/p>\n<p>Temari sobre el\u00a0<a href=\"http:\/\/agora.xtec.cat\/insermessenda\/wp-content\/uploads\/usu76\/2014\/10\/Unihockey-cat.pdf\">Unihockey<\/a>\u00a0o Floorball<\/p>\n<p>Camp de Floorball o\u00a0<a href=\"http:\/\/agora.xtec.cat\/insermessenda\/wp-content\/uploads\/usu76\/2014\/10\/Unihoc-camp-2015.pdf\">Unihockey<\/a><\/p>\n<p>Temari de <a href=\"http:\/\/agora.xtec.cat\/insermessenda\/wp-content\/uploads\/usu76\/2014\/10\/B\u00c0SQUET-2n-ESO-2015.pdf\">B\u00c0SQUET 2n ESO<\/a><\/p>\n<p><a href=\"http:\/\/agora.xtec.cat\/insermessenda\/wp-content\/uploads\/usu76\/2014\/10\/EL-RUGBI.pdf\">EL RUGBI<\/a>\u00a01r ESO<\/p>\n<p>Aqui teniu la fitxa de\u00a0<a href=\"http:\/\/agora.xtec.cat\/insermessenda\/wp-content\/uploads\/usu76\/2014\/10\/BADMINTON.-FedCatBat..pdf\">badminton-fedcatbat<\/a>\u00a0pels alumnes de 3r ESO<\/p>\n<p><a href=\"http:\/\/agora.xtec.cat\/insermessenda\/wp-content\/uploads\/usu76\/2014\/10\/Voleibol-3r.-ESO.pdf\">voleibol-3r-eso<\/a><\/p>\n<p><a href=\"http:\/\/agora.xtec.cat\/insermessenda\/wp-content\/uploads\/usu76\/2014\/10\/Fitxa-de-Joc-Tradicional-o-Popular.docx\">Fitxa de Joc Tradicional o Popular<\/a><\/p>\n<p>V\u00eddeo de Rugbi 3r ESO:\u00a0<a href=\"https:\/\/youtu.be\/PQE-NjJYWu4\">https:\/\/youtu.be\/PQE-NjJYWu4<\/a><\/p>\n<p>Transcripci\u00f3 del\u00a0<a href=\"http:\/\/agora.xtec.cat\/insermessenda\/wp-content\/uploads\/usu76\/2014\/10\/Vi\u0301deo-22El-Rugbi22-1.pdf\">Vi\u0301deo El Rugbi<\/a>\u00a03r ESO<\/p>\n<p>Aqu\u00ed teniu la informaci\u00f3 per fer el treball sobre l&#8217;<a href=\"http:\/\/agora.xtec.cat\/insermessenda\/wp-content\/uploads\/usu76\/2017\/10\/FITXA-ESCALFAMENT-2on-ESO.pdf\" target=\"_blank\" rel=\"noopener noreferrer\">escalfament general<\/a> (2n ESO)<\/p>\n<p>Apunts<a href=\"http:\/\/agora.xtec.cat\/insermessenda\/wp-content\/uploads\/usu76\/2017\/10\/Apunts-Qualitats-f\u00edsiques-b\u00e0sques-1er-ESO-.pdf\" target=\"_blank\" rel=\"noopener noreferrer\">\u00a0Qualitats f\u00edsiques b\u00e0siques\u00a0<\/a>1r ESO<\/p>\n<p>Apunts <a href=\"http:\/\/agora.xtec.cat\/insermessenda\/wp-content\/uploads\/usu76\/2014\/10\/Escalfament.pdf\">Escalfament<\/a> 1r ESO<\/p>\n<p>1r ESO\u00a0<a href=\"https:\/\/agora.xtec.cat\/insermessenda\/wp-content\/uploads\/usu76\/2019\/02\/Els-jocs-ol\u00edmpics-2015.pdf\">Els jocs ol\u00edmpics 2015<\/a><\/p>\n<p><a href=\"https:\/\/agora.xtec.cat\/insermessenda\/wp-content\/uploads\/usu76\/2019\/02\/List-of-Summer-Olympic-Sports.pdf\">List of Summer Olympic Sports<\/a><\/p>\n<p>Treball sobre l&#8217;esqu\u00ed 1r ESO: <a href=\"https:\/\/agora.xtec.cat\/insermessenda\/wp-content\/uploads\/usu76\/2020\/03\/Treball-de-l\u2019esquiada-2020.docx.pdf\">L\u2019Esquiada 2020<\/a><\/p>\n<p>&nbsp;<\/p>\n","protected":false},"excerpt":{"rendered":"<p>Aqu\u00ed teniu el aparell-locomotor\u00a0per poder estudiar per l&#8217;examen!!! Aqu\u00ed trobareu les Baremacions del test EUROFIT Aqu\u00ed trobareu el temari sobre l&#8217;ACROSPORT Aqu\u00ed teniu el repas-musculs\u00a0per poder estudiar per l&#8217;examen!!! Aqu\u00ed teniu la feina que heu de fer sobre el Museu Ol\u00edmpic BCN 2015 Cartell\u00a0Floorball basics in english Temari sobre el\u00a0Unihockey\u00a0o Floorball Camp de Floorball o\u00a0Unihockey [&hellip;]<\/p>\n","protected":false},"author":1,"featured_media":0,"parent":586,"menu_order":0,"comment_status":"closed","ping_status":"closed","template":"page-templates\/side-menu.php","meta":{"_bbp_topic_count":0,"_bbp_reply_count":0,"_bbp_total_topic_count":0,"_bbp_total_reply_count":0,"_bbp_voice_count":0,"_bbp_anonymous_reply_count":0,"_bbp_topic_count_hidden":0,"_bbp_reply_count_hidden":0,"_bbp_forum_subforum_count":0,"site-sidebar-layout":"default","site-content-layout":"","ast-site-content-layout":"","site-content-style":"default","site-sidebar-style":"default","ast-global-header-display":"","ast-banner-title-visibility":"","ast-main-header-display":"","ast-hfb-above-header-display":"","ast-hfb-below-header-display":"","ast-hfb-mobile-header-display":"","site-post-title":"","ast-breadcrumbs-content":"","ast-featured-img":"","footer-sml-layout":"","theme-transparent-header-meta":"","adv-header-id-meta":"","stick-header-meta":"","header-above-stick-meta":"","header-main-stick-meta":"","header-below-stick-meta":"","astra-migrate-meta-layouts":"default","ast-page-background-enabled":"default","ast-page-background-meta":{"desktop":{"background-color":"var(--ast-global-color-4)","background-image":"","background-repeat":"repeat","background-position":"center center","background-size":"auto","background-attachment":"scroll","background-type":"","background-media":"","overlay-type":"","overlay-color":"","overlay-opacity":"","overlay-gradient":""},"tablet":{"background-color":"","background-image":"","background-repeat":"repeat","background-position":"center center","background-size":"auto","background-attachment":"scroll","background-type":"","background-media":"","overlay-type":"","overlay-color":"","overlay-opacity":"","overlay-gradient":""},"mobile":{"background-color":"","background-image":"","background-repeat":"repeat","background-position":"center center","background-size":"auto","background-attachment":"scroll","background-type":"","background-media":"","overlay-type":"","overlay-color":"","overlay-opacity":"","overlay-gradient":""}},"ast-content-background-meta":{"desktop":{"background-color":"var(--ast-global-color-5)","background-image":"","background-repeat":"repeat","background-position":"center center","background-size":"auto","background-attachment":"scroll","background-type":"","background-media":"","overlay-type":"","overlay-color":"","overlay-opacity":"","overlay-gradient":""},"tablet":{"background-color":"var(--ast-global-color-5)","background-image":"","background-repeat":"repeat","background-position":"center center","background-size":"auto","background-attachment":"scroll","background-type":"","background-media":"","overlay-type":"","overlay-color":"","overlay-opacity":"","overlay-gradient":""},"mobile":{"background-color":"var(--ast-global-color-5)","background-image":"","background-repeat":"repeat","background-position":"center center","background-size":"auto","background-attachment":"scroll","background-type":"","background-media":"","overlay-type":"","overlay-color":"","overlay-opacity":"","overlay-gradient":""}},"footnotes":""},"class_list":["post-610","page","type-page","status-publish","hentry"],"post_mailing_queue_ids":[],"_links":{"self":[{"href":"https:\/\/agora.xtec.cat\/insermessenda\/wp-json\/wp\/v2\/pages\/610","targetHints":{"allow":["GET"]}}],"collection":[{"href":"https:\/\/agora.xtec.cat\/insermessenda\/wp-json\/wp\/v2\/pages"}],"about":[{"href":"https:\/\/agora.xtec.cat\/insermessenda\/wp-json\/wp\/v2\/types\/page"}],"author":[{"embeddable":true,"href":"https:\/\/agora.xtec.cat\/insermessenda\/wp-json\/wp\/v2\/users\/1"}],"replies":[{"embeddable":true,"href":"https:\/\/agora.xtec.cat\/insermessenda\/wp-json\/wp\/v2\/comments?post=610"}],"version-history":[{"count":3,"href":"https:\/\/agora.xtec.cat\/insermessenda\/wp-json\/wp\/v2\/pages\/610\/revisions"}],"predecessor-version":[{"id":858,"href":"https:\/\/agora.xtec.cat\/insermessenda\/wp-json\/wp\/v2\/pages\/610\/revisions\/858"}],"up":[{"embeddable":true,"href":"https:\/\/agora.xtec.cat\/insermessenda\/wp-json\/wp\/v2\/pages\/586"}],"wp:attachment":[{"href":"https:\/\/agora.xtec.cat\/insermessenda\/wp-json\/wp\/v2\/media?parent=610"}],"curies":[{"name":"wp","href":"https:\/\/api.w.org\/{rel}","templated":true}]}}