{"id":590,"date":"2014-10-04T22:03:53","date_gmt":"2014-10-04T20:03:53","guid":{"rendered":"http:\/\/agora.xtec.cat\/insermessenda\/?page_id=590"},"modified":"2015-07-15T08:57:09","modified_gmt":"2015-07-15T06:57:09","slug":"departament-de-ciencies-socials","status":"publish","type":"page","link":"https:\/\/agora.xtec.cat\/insermessenda\/oferta_formativa\/departament-de-ciencies-socials\/","title":{"rendered":"Departament de Ci\u00e8ncies Socials i Orientaci\u00f3"},"content":{"rendered":"<h3><a title=\"Ci\u00e8ncies Socials\" href=\"http:\/\/agora.xtec.cat\/insermessenda\/departaments-i-materies\/departament-de-ciencies-socials\/ciencies-socials\"><em>Ci\u00e8ncies Socials<\/em><\/a><\/h3>\n<h3><a title=\"Religi\u00f3\" href=\"http:\/\/agora.xtec.cat\/insermessenda\/departaments-i-materies\/departament-de-ciencies-socials\/religio\"><em>Orientaci\u00f3<\/em><\/a><\/h3>\n<h3><a title=\"Religi\u00f3\" href=\"http:\/\/agora.xtec.cat\/insermessenda\/departaments-i-materies\/departament-de-ciencies-socials\/religio\"><em>Religi\u00f3<\/em><\/a><\/h3>\n<h3><a title=\"Alternativa a la Religi\u00f3\" href=\"http:\/\/agora.xtec.cat\/insermessenda\/departaments-i-materies\/departament-de-ciencies-socials\/alternativa-a-la-religio\"><em>Valors C\u00edvics<\/em><\/a><\/h3>\n","protected":false},"excerpt":{"rendered":"<p>Ci\u00e8ncies Socials Orientaci\u00f3 Religi\u00f3 Valors C\u00edvics<\/p>\n","protected":false},"author":1,"featured_media":0,"parent":582,"menu_order":0,"comment_status":"closed","ping_status":"closed","template":"page-templates\/side-menu.php","meta":{"_bbp_topic_count":0,"_bbp_reply_count":0,"_bbp_total_topic_count":0,"_bbp_total_reply_count":0,"_bbp_voice_count":0,"_bbp_anonymous_reply_count":0,"_bbp_topic_count_hidden":0,"_bbp_reply_count_hidden":0,"_bbp_forum_subforum_count":0,"site-sidebar-layout":"default","site-content-layout":"","ast-site-content-layout":"","site-content-style":"default","site-sidebar-style":"default","ast-global-header-display":"","ast-banner-title-visibility":"","ast-main-header-display":"","ast-hfb-above-header-display":"","ast-hfb-below-header-display":"","ast-hfb-mobile-header-display":"","site-post-title":"","ast-breadcrumbs-content":"","ast-featured-img":"","footer-sml-layout":"","theme-transparent-header-meta":"","adv-header-id-meta":"","stick-header-meta":"","header-above-stick-meta":"","header-main-stick-meta":"","header-below-stick-meta":"","astra-migrate-meta-layouts":"default","ast-page-background-enabled":"default","ast-page-background-meta":{"desktop":{"background-color":"var(--ast-global-color-4)","background-image":"","background-repeat":"repeat","background-position":"center center","background-size":"auto","background-attachment":"scroll","background-type":"","background-media":"","overlay-type":"","overlay-color":"","overlay-opacity":"","overlay-gradient":""},"tablet":{"background-color":"","background-image":"","background-repeat":"repeat","background-position":"center center","background-size":"auto","background-attachment":"scroll","background-type":"","background-media":"","overlay-type":"","overlay-color":"","overlay-opacity":"","overlay-gradient":""},"mobile":{"background-color":"","background-image":"","background-repeat":"repeat","background-position":"center center","background-size":"auto","background-attachment":"scroll","background-type":"","background-media":"","overlay-type":"","overlay-color":"","overlay-opacity":"","overlay-gradient":""}},"ast-content-background-meta":{"desktop":{"background-color":"var(--ast-global-color-5)","background-image":"","background-repeat":"repeat","background-position":"center center","background-size":"auto","background-attachment":"scroll","background-type":"","background-media":"","overlay-type":"","overlay-color":"","overlay-opacity":"","overlay-gradient":""},"tablet":{"background-color":"var(--ast-global-color-5)","background-image":"","background-repeat":"repeat","background-position":"center center","background-size":"auto","background-attachment":"scroll","background-type":"","background-media":"","overlay-type":"","overlay-color":"","overlay-opacity":"","overlay-gradient":""},"mobile":{"background-color":"var(--ast-global-color-5)","background-image":"","background-repeat":"repeat","background-position":"center center","background-size":"auto","background-attachment":"scroll","background-type":"","background-media":"","overlay-type":"","overlay-color":"","overlay-opacity":"","overlay-gradient":""}},"footnotes":""},"class_list":["post-590","page","type-page","status-publish","hentry"],"post_mailing_queue_ids":[],"_links":{"self":[{"href":"https:\/\/agora.xtec.cat\/insermessenda\/wp-json\/wp\/v2\/pages\/590","targetHints":{"allow":["GET"]}}],"collection":[{"href":"https:\/\/agora.xtec.cat\/insermessenda\/wp-json\/wp\/v2\/pages"}],"about":[{"href":"https:\/\/agora.xtec.cat\/insermessenda\/wp-json\/wp\/v2\/types\/page"}],"author":[{"embeddable":true,"href":"https:\/\/agora.xtec.cat\/insermessenda\/wp-json\/wp\/v2\/users\/1"}],"replies":[{"embeddable":true,"href":"https:\/\/agora.xtec.cat\/insermessenda\/wp-json\/wp\/v2\/comments?post=590"}],"version-history":[{"count":3,"href":"https:\/\/agora.xtec.cat\/insermessenda\/wp-json\/wp\/v2\/pages\/590\/revisions"}],"predecessor-version":[{"id":1633,"href":"https:\/\/agora.xtec.cat\/insermessenda\/wp-json\/wp\/v2\/pages\/590\/revisions\/1633"}],"up":[{"embeddable":true,"href":"https:\/\/agora.xtec.cat\/insermessenda\/wp-json\/wp\/v2\/pages\/582"}],"wp:attachment":[{"href":"https:\/\/agora.xtec.cat\/insermessenda\/wp-json\/wp\/v2\/media?parent=590"}],"curies":[{"name":"wp","href":"https:\/\/api.w.org\/{rel}","templated":true}]}}