{"id":588,"date":"2014-10-04T22:03:21","date_gmt":"2014-10-04T20:03:21","guid":{"rendered":"http:\/\/agora.xtec.cat\/insermessenda\/?page_id=588"},"modified":"2019-11-12T19:17:35","modified_gmt":"2019-11-12T18:17:35","slug":"departament-de-llengues","status":"publish","type":"page","link":"https:\/\/agora.xtec.cat\/insermessenda\/oferta_formativa\/departament-de-llengues\/","title":{"rendered":"Departament de Lleng\u00fces i Arts"},"content":{"rendered":"<h3><a title=\"Angl\u00e8s\" href=\"http:\/\/agora.xtec.cat\/insermessenda\/departaments-i-materies\/departament-de-llengues\/angles\"><em>M\u00fasica<\/em><\/a><\/h3>\n<h3><em><a title=\"Angl\u00e8s\" href=\"http:\/\/agora.xtec.cat\/insermessenda\/departaments-i-materies\/departament-de-llengues\/angles\">Visual i Pl\u00e0stica<\/a><\/em><\/h3>\n<h3><em><a title=\"Angl\u00e8s\" href=\"http:\/\/agora.xtec.cat\/insermessenda\/departaments-i-materies\/departament-de-llengues\/angles\">Angl\u00e8s<\/a><\/em><\/h3>\n<h3><a title=\"Castell\u00e0\" href=\"http:\/\/agora.xtec.cat\/insermessenda\/departaments-i-materies\/departament-de-llengues\/castella\"><em>Castell\u00e0<\/em><\/a><\/h3>\n<h3><em><a title=\"Catal\u00e0\" href=\"http:\/\/agora.xtec.cat\/insermessenda\/departaments-i-materies\/departament-de-llengues\/catala\">Catal\u00e0<\/a><\/em><\/h3>\n<h3><em><a title=\"Catal\u00e0\" href=\"http:\/\/agora.xtec.cat\/insermessenda\/departaments-i-materies\/departament-de-llengues\/catala\">Aula d&#8217;Acollida<\/a><\/em><\/h3>\n<p>&nbsp;<\/p>\n","protected":false},"excerpt":{"rendered":"<p>M\u00fasica Visual i Pl\u00e0stica Angl\u00e8s Castell\u00e0 Catal\u00e0 Aula d&#8217;Acollida &nbsp;<\/p>\n","protected":false},"author":1,"featured_media":0,"parent":582,"menu_order":0,"comment_status":"closed","ping_status":"closed","template":"page-templates\/side-menu.php","meta":{"_bbp_topic_count":0,"_bbp_reply_count":0,"_bbp_total_topic_count":0,"_bbp_total_reply_count":0,"_bbp_voice_count":0,"_bbp_anonymous_reply_count":0,"_bbp_topic_count_hidden":0,"_bbp_reply_count_hidden":0,"_bbp_forum_subforum_count":0,"site-sidebar-layout":"default","site-content-layout":"","ast-site-content-layout":"","site-content-style":"default","site-sidebar-style":"default","ast-global-header-display":"","ast-banner-title-visibility":"","ast-main-header-display":"","ast-hfb-above-header-display":"","ast-hfb-below-header-display":"","ast-hfb-mobile-header-display":"","site-post-title":"","ast-breadcrumbs-content":"","ast-featured-img":"","footer-sml-layout":"","theme-transparent-header-meta":"","adv-header-id-meta":"","stick-header-meta":"","header-above-stick-meta":"","header-main-stick-meta":"","header-below-stick-meta":"","astra-migrate-meta-layouts":"default","ast-page-background-enabled":"default","ast-page-background-meta":{"desktop":{"background-color":"var(--ast-global-color-4)","background-image":"","background-repeat":"repeat","background-position":"center center","background-size":"auto","background-attachment":"scroll","background-type":"","background-media":"","overlay-type":"","overlay-color":"","overlay-opacity":"","overlay-gradient":""},"tablet":{"background-color":"","background-image":"","background-repeat":"repeat","background-position":"center center","background-size":"auto","background-attachment":"scroll","background-type":"","background-media":"","overlay-type":"","overlay-color":"","overlay-opacity":"","overlay-gradient":""},"mobile":{"background-color":"","background-image":"","background-repeat":"repeat","background-position":"center center","background-size":"auto","background-attachment":"scroll","background-type":"","background-media":"","overlay-type":"","overlay-color":"","overlay-opacity":"","overlay-gradient":""}},"ast-content-background-meta":{"desktop":{"background-color":"var(--ast-global-color-5)","background-image":"","background-repeat":"repeat","background-position":"center center","background-size":"auto","background-attachment":"scroll","background-type":"","background-media":"","overlay-type":"","overlay-color":"","overlay-opacity":"","overlay-gradient":""},"tablet":{"background-color":"var(--ast-global-color-5)","background-image":"","background-repeat":"repeat","background-position":"center center","background-size":"auto","background-attachment":"scroll","background-type":"","background-media":"","overlay-type":"","overlay-color":"","overlay-opacity":"","overlay-gradient":""},"mobile":{"background-color":"var(--ast-global-color-5)","background-image":"","background-repeat":"repeat","background-position":"center center","background-size":"auto","background-attachment":"scroll","background-type":"","background-media":"","overlay-type":"","overlay-color":"","overlay-opacity":"","overlay-gradient":""}},"footnotes":""},"class_list":["post-588","page","type-page","status-publish","hentry"],"post_mailing_queue_ids":[],"_links":{"self":[{"href":"https:\/\/agora.xtec.cat\/insermessenda\/wp-json\/wp\/v2\/pages\/588","targetHints":{"allow":["GET"]}}],"collection":[{"href":"https:\/\/agora.xtec.cat\/insermessenda\/wp-json\/wp\/v2\/pages"}],"about":[{"href":"https:\/\/agora.xtec.cat\/insermessenda\/wp-json\/wp\/v2\/types\/page"}],"author":[{"embeddable":true,"href":"https:\/\/agora.xtec.cat\/insermessenda\/wp-json\/wp\/v2\/users\/1"}],"replies":[{"embeddable":true,"href":"https:\/\/agora.xtec.cat\/insermessenda\/wp-json\/wp\/v2\/comments?post=588"}],"version-history":[{"count":3,"href":"https:\/\/agora.xtec.cat\/insermessenda\/wp-json\/wp\/v2\/pages\/588\/revisions"}],"predecessor-version":[{"id":5022,"href":"https:\/\/agora.xtec.cat\/insermessenda\/wp-json\/wp\/v2\/pages\/588\/revisions\/5022"}],"up":[{"embeddable":true,"href":"https:\/\/agora.xtec.cat\/insermessenda\/wp-json\/wp\/v2\/pages\/582"}],"wp:attachment":[{"href":"https:\/\/agora.xtec.cat\/insermessenda\/wp-json\/wp\/v2\/media?parent=588"}],"curies":[{"name":"wp","href":"https:\/\/api.w.org\/{rel}","templated":true}]}}