{"id":4706,"date":"2019-09-24T21:30:09","date_gmt":"2019-09-24T19:30:09","guid":{"rendered":"http:\/\/agora.xtec.cat\/insermessenda\/?page_id=4706"},"modified":"2024-10-24T06:41:03","modified_gmt":"2024-10-24T04:41:03","slug":"convalidacions","status":"publish","type":"page","link":"https:\/\/agora.xtec.cat\/insermessenda\/secretaria\/convalidacions\/","title":{"rendered":"CONVALIDACIONS"},"content":{"rendered":"<h5>Descarregueu el document corresponent a la vostra situaci\u00f3 en funci\u00f3 del tipus d&#8217;escola on es realitzen els estudis de m\u00fasica o dansa (conservatori, centre professional especialitzat o escola autoritzada)<\/h5>\n<h3><span style=\"color: #993300;\">SOL\u00b7LICITUDS CONVALIDACIONS ESO<\/span><\/h3>\n<table style=\"border: hidden; width: 536px;\">\n<tbody>\n<tr style=\"border: hidden; background: white;\">\n<td style=\"border: hidden; width: 268.8px;\"><a class=\"cajaconborde\" href=\"https:\/\/agora.xtec.cat\/insermessenda\/wp-content\/uploads\/usu76\/2019\/09\/SOLICITUD-CONVALIDACI%C3%93-EDUCACI%C3%93-F%C3%8DSICA-A545.pdf\" target=\"_blank\" rel=\"noopener noreferrer\">Sol\u00b7licitud convalidaci\u00f3 educaci\u00f3 f\u00edsica<\/a><\/td>\n<td style=\"border: hidden; width: 262.4px;\"><a class=\"cajaconborde\" href=\"https:\/\/agora.xtec.cat\/insermessenda\/wp-content\/uploads\/usu76\/2019\/09\/SOL.LICITUD-DE-CONVALIDACI%C3%93-M%C3%9ASICA.pdf\" target=\"_blank\" rel=\"noopener noreferrer\">Sol\u00b7licitud convalidaci\u00f3 m\u00fasica<\/a><\/td>\n<td style=\"border: hidden; width: 262.4px;\"><a class=\"cajaconborde\" href=\"https:\/\/agora.xtec.cat\/insermessenda\/wp-content\/uploads\/usu76\/2021\/09\/Sollicitud-convalidacio-per-dansa-1.pdf\" target=\"_blank\" rel=\"noopener noreferrer\">Sol\u00b7licitud convalidaci\u00f3 dansa<\/a><\/td>\n<\/tr>\n<\/tbody>\n<\/table>\n<h3><span style=\"color: #993300;\">SOL\u00b7LICITUDS CONVALIDACIONS BATXILLERAT<\/span><\/h3>\n<table style=\"border: hidden; width: 90.0704%;\">\n<tbody>\n<tr style=\"border: hidden; background: white;\">\n<td style=\"border: hidden; width: 24.6753%;\"><a class=\"cajaconborde\" href=\"https:\/\/agora.xtec.cat\/insermessenda\/wp-content\/uploads\/usu76\/2022\/09\/APU140_SOL_REDUCCIO-BATXILLERAT_MUSICA_ESCOLA-AUTORITZADA.pdf\" target=\"_blank\" rel=\"noopener noreferrer\">Sol\u00b7licitud convalidaci\u00f3 m\u00fasica escola autoritzada<\/a><\/td>\n<td style=\"border: hidden; width: 24.4898%;\"><a class=\"cajaconborde\" href=\"https:\/\/agora.xtec.cat\/insermessenda\/wp-content\/uploads\/usu76\/2022\/09\/APU138_SOL_REDUCCIO-BATXILLERAT_MUSICA-CONSERVATORI.pdf\" target=\"_blank\" rel=\"noopener noreferrer\">Sol\u00b7licitud convalidaci\u00f3 m\u00fasica conservatori o centre professional<\/a><\/td>\n<td style=\"border: hidden; width: 24.4898%;\"><a class=\"cajaconborde\" href=\"https:\/\/agora.xtec.cat\/insermessenda\/wp-content\/uploads\/usu76\/2022\/09\/APU147_SOL_REDUCCIO-BATXILLERAT-DANSA_ESCOLA-AUTORITZADA.pdf\" target=\"_blank\" rel=\"noopener noreferrer\">Sol\u00b7licitud convalidaci\u00f3 espec\u00edfiques i\/o educaci\u00f3<br \/>\nf\u00edsica d&#8217;escola de dansa<br \/>\nautoritzada<\/a><\/td>\n<td style=\"border: hidden; width: 46.2754%;\"><a class=\"cajaconborde\" href=\"https:\/\/agora.xtec.cat\/insermessenda\/wp-content\/uploads\/usu76\/2022\/09\/APU145_SOL_REDUCCIO-BATXILLERAT_DANSA-CONSERVATORI_CENTRE-PROFESSIONAL.pdf\" target=\"_blank\" rel=\"noopener noreferrer\">Sol\u00b7licitud convalidaci\u00f3 espec\u00edfiques i\/o educaci\u00f3 f\u00edsica de conservatori o centre professional de dansa<\/a><\/td>\n<\/tr>\n<\/tbody>\n<\/table>\n<h3><span style=\"color: #993300;\">CERTIFICATS ESO I BATXILLERAT<\/span><\/h3>\n<table style=\"height: 100%; width: 100%; border-color: #993300; background-color: transparent;\" border=\"1\" width=\"100%\" cellspacing=\"1\" cellpadding=\"5\">\n<tbody>\n<tr style=\"border-color: #993300; background-color: transparent;\">\n<td style=\"width: 65%; height: 33px; border-color: #993300;\" width=\"65%\"><strong>\u200b\u200b\u200b\u200bNom del document\u200b<br \/>\n<\/strong><\/td>\n<td style=\"width: 21.407%; height: 33px; border-style: solid; border-color: #993300; background-color: transparent;\"><strong>Descarrega&#8217;l<\/strong><\/td>\n<\/tr>\n<tr style=\"border-color: #993300; background-color: transparent;\">\n<td style=\"width: 65%; height: 33px; border-color: #993300;\"><strong>Simultane\u00eftat d&#8217;estudis amb dansa<\/strong><\/td>\n<td style=\"width: 21.407%; height: 33px; border-style: solid; border-color: #993300; background-color: transparent;\"><\/td>\n<\/tr>\n<tr style=\"border-color: #993300; background-color: transparent;\">\n<td style=\"width: 65%; height: 65px; border-color: #993300;\">Certificat expedit pel conservatori o pel centre professional de dansa en qu\u00e8 s&#8217;acredita el curs que fa l&#8217;alumne\/a. CDA1<\/td>\n<td style=\"width: 21.407%; height: 65px; border-color: #993300; background-color: transparent;\"><a class=\"descargar\" title=\"Obre finestra nova (descarrega el model)\" href=\"https:\/\/agora.xtec.cat\/insermessenda\/wp-content\/uploads\/usu76\/2022\/09\/A142.pdf\" target=\"_blank\" rel=\"noopener\"><img decoding=\"async\" class=\"ms-asset-icon ms-rtePosition-4\" src=\"https:\/\/espai.educacio.gencat.cat\/_layouts\/images\/icpdf.png\" alt=\"\" \/>.A142<\/a>&#8211; 222kb<\/td>\n<\/tr>\n<tr style=\"border-color: #993300; background-color: transparent;\">\n<td style=\"width: 65%; height: 65px; border-color: #993300;\">Certificat expedit per l&#8217;escola de dansa autoritzada en qu\u00e8 s&#8217;acredita el curs i el nombre d&#8217;hores de dedicaci\u00f3 setmanal que fa l&#8217;alumne\/a per al reconeixement dels estudis de dansa en l&#8217;ESO o de la mat\u00e8ria d&#8217;educaci\u00f3 f\u00edsica en el batxillerat. CDA2<\/td>\n<td style=\"width: 21.407%; height: 65px; border-color: #993300; background-color: transparent;\"><a class=\"descargar\" title=\"Obre finestra nova (descarrega el model)\" href=\"https:\/\/agora.xtec.cat\/insermessenda\/wp-content\/uploads\/usu76\/2022\/09\/A264.pdf\" target=\"_blank\" rel=\"noopener\"><img decoding=\"async\" class=\"ms-asset-icon ms-rtePosition-4\" src=\"https:\/\/espai.educacio.gencat.cat\/_layouts\/images\/icpdf.png\" alt=\"\" \/>.A264<\/a>&#8211; 235kb<\/td>\n<\/tr>\n<tr style=\"border-color: #993300; background-color: transparent;\">\n<td style=\"width: 65%; height: 49px; border-color: #993300;\">Certificat expedit per l\u2019escola de dansa autoritzada per tal que l\u2019alumne\/a pugui acollir-se al reconeixement amb reducci\u00f3 de mat\u00e8ries de batxillerat de la franja d\u2019espec\u00edfiques i\/o de l\u2019educaci\u00f3 f\u00edsica. CDA3<\/td>\n<td style=\"width: 21.407%; height: 49px; border-color: #993300; background-color: transparent;\"><a class=\"descargar\" title=\"Obre finestra nova (descarrega el model)\" href=\"https:\/\/agora.xtec.cat\/insermessenda\/wp-content\/uploads\/usu76\/2022\/09\/A144.pdf\" target=\"_blank\" rel=\"noopener\"><img decoding=\"async\" class=\"ms-asset-icon ms-rtePosition-4\" src=\"https:\/\/espai.educacio.gencat.cat\/_layouts\/images\/icpdf.png\" alt=\"\" \/>.A144<\/a>&#8211; 225kb<\/td>\n<\/tr>\n<tr style=\"border-color: #993300; background-color: transparent;\">\n<td style=\"width: 65%; border-color: #993300;\">Pla de seguiment per als alumnes que cursen simult\u00e0niament l&#8217;etapa d&#8217;ESO i estudis de dansa en una escola de dansa autoritzada. EDA4<\/td>\n<td style=\"width: 21.407%; border-color: #993300; background-color: transparent;\"><a class=\"descargar\" title=\"Obre finestra nova (descarrega el model)\" href=\"https:\/\/agora.xtec.cat\/insermessenda\/wp-content\/uploads\/usu76\/2024\/10\/Y332_038.pdf\" target=\"_blank\" rel=\"noopener\"><img decoding=\"async\" class=\"ms-asset-icon ms-rtePosition-4\" src=\"https:\/\/espai.educacio.gencat.cat\/_layouts\/images\/icpdf.png\" alt=\"\" \/>.Y332_038<\/a>&#8211; 225kb<\/td>\n<\/tr>\n<tr style=\"border-color: #993300; background-color: transparent;\">\n<td style=\"width: 65%; height: 33px; border-color: #993300;\"><strong>Simultane\u00eftat d&#8217;estudis amb m\u00fasica<\/strong><\/td>\n<td style=\"width: 21.407%; height: 33px; border-color: #993300; background-color: transparent;\"><\/td>\n<\/tr>\n<tr style=\"border-color: #993300; background-color: transparent;\">\n<td style=\"width: 65%; height: 49px; border-color: #993300;\">Certificat expedit pel conservatori o pel centre professional de m\u00fasica en qu\u00e8 s&#8217;acredita el curs que fa l&#8217;alumne\/a. CMU1<\/td>\n<td style=\"width: 21.407%; height: 49px; border-color: #993300; background-color: transparent;\">\u00a0<a class=\"descargar\" title=\"Obre finestra nova (descarrega el model)\" href=\"https:\/\/agora.xtec.cat\/insermessenda\/wp-content\/uploads\/usu76\/2022\/09\/A136.pdf\" target=\"_blank\" rel=\"noopener\"><img decoding=\"async\" class=\"ms-asset-icon ms-rtePosition-4\" src=\"https:\/\/espai.educacio.gencat.cat\/_layouts\/images\/icpdf.png\" alt=\"\" \/>.A136<\/a>&#8211; 223kb<\/td>\n<\/tr>\n<tr style=\"border-color: #993300; background-color: transparent;\">\n<td style=\"width: 65%; height: 49px; border-color: #993300;\">Certificat expedit per l\u2019escola de m\u00fasica autoritzada en qu\u00e8 s\u2019acredita el que fa l\u2019alumne\/a per al reconeixement dels estudis de m\u00fasica en l\u2019ESO. CMU2<\/td>\n<td style=\"width: 21.407%; height: 49px; border-color: #993300; background-color: transparent;\"><a class=\"descargar\" title=\"Obre finestra nova (descarrega el model)\" href=\"https:\/\/agora.xtec.cat\/insermessenda\/wp-content\/uploads\/usu76\/2022\/09\/A155.pdf\" target=\"_blank\" rel=\"noopener\"><img decoding=\"async\" class=\"ms-asset-icon ms-rtePosition-4\" src=\"https:\/\/espai.educacio.gencat.cat\/_layouts\/images\/icpdf.png\" alt=\"\" \/>.A155<\/a>&#8211; 225b<\/td>\n<\/tr>\n<tr style=\"border-color: #993300; background-color: transparent;\">\n<td style=\"width: 65%; height: 49px; border-color: #993300;\">Certificat expedit per l\u2019escola de m\u00fasica autoritzada per tal que l\u2019alumne\/a pugui acollir-se al reconeixement amb reducci\u00f3 de mat\u00e8ries de batxillerat de la franja d\u2019espec\u00edfiques. CMU3<\/td>\n<td style=\"width: 21.407%; height: 49px; border-color: #993300; background-color: transparent;\"><a class=\"descargar\" title=\"Obre finestra nova (descarrega el model)\" href=\"https:\/\/agora.xtec.cat\/insermessenda\/wp-content\/uploads\/usu76\/2022\/09\/A137.pdf\" target=\"_blank\" rel=\"noopener\"><img decoding=\"async\" class=\"ms-asset-icon ms-rtePosition-4\" src=\"https:\/\/espai.educacio.gencat.cat\/_layouts\/images\/icpdf.png\" alt=\"\" \/>.A137<\/a>&#8211; 225kb<\/td>\n<\/tr>\n<tr>\n<td style=\"width: 65%; border-color: #993300;\">Pla de seguiment per als alumnes que cursen simult\u00e0niament l&#8217;etapa d&#8217;ESO i estudis de m\u00fasica en una escola de m\u00fasica autoritzada. EMU4<\/td>\n<td style=\"width: 21.407%; border-color: #993300; background-color: transparent;\"><a class=\"descargar\" title=\"Obre finestra nova (descarrega el model)\" href=\"https:\/\/agora.xtec.cat\/insermessenda\/wp-content\/uploads\/usu76\/2024\/10\/Y332_039.pdf\" target=\"_blank\" rel=\"noopener\"><img decoding=\"async\" class=\"ms-asset-icon ms-rtePosition-4\" src=\"https:\/\/espai.educacio.gencat.cat\/_layouts\/images\/icpdf.png\" alt=\"\" \/>.Y332_039<\/a>&#8211; 225kb<\/td>\n<\/tr>\n<\/tbody>\n<\/table>\n<p>\u200b\u200b<\/p>\n<p>&nbsp;<\/p>\n","protected":false},"excerpt":{"rendered":"<p>Descarregueu el document corresponent a la vostra situaci\u00f3 en funci\u00f3 del tipus d&#8217;escola on es realitzen els estudis de m\u00fasica o dansa (conservatori, centre professional especialitzat o escola autoritzada) SOL\u00b7LICITUDS CONVALIDACIONS ESO Sol\u00b7licitud convalidaci\u00f3 educaci\u00f3 f\u00edsica Sol\u00b7licitud convalidaci\u00f3 m\u00fasica Sol\u00b7licitud convalidaci\u00f3 dansa SOL\u00b7LICITUDS CONVALIDACIONS BATXILLERAT Sol\u00b7licitud convalidaci\u00f3 m\u00fasica escola autoritzada Sol\u00b7licitud convalidaci\u00f3 m\u00fasica conservatori o [&hellip;]<\/p>\n","protected":false},"author":1,"featured_media":0,"parent":81,"menu_order":6,"comment_status":"closed","ping_status":"closed","template":"page-templates\/side-menu.php","meta":{"_bbp_topic_count":0,"_bbp_reply_count":0,"_bbp_total_topic_count":0,"_bbp_total_reply_count":0,"_bbp_voice_count":0,"_bbp_anonymous_reply_count":0,"_bbp_topic_count_hidden":0,"_bbp_reply_count_hidden":0,"_bbp_forum_subforum_count":0,"site-sidebar-layout":"default","site-content-layout":"","ast-site-content-layout":"","site-content-style":"default","site-sidebar-style":"default","ast-global-header-display":"","ast-banner-title-visibility":"","ast-main-header-display":"","ast-hfb-above-header-display":"","ast-hfb-below-header-display":"","ast-hfb-mobile-header-display":"","site-post-title":"","ast-breadcrumbs-content":"","ast-featured-img":"","footer-sml-layout":"","theme-transparent-header-meta":"","adv-header-id-meta":"","stick-header-meta":"","header-above-stick-meta":"","header-main-stick-meta":"","header-below-stick-meta":"","astra-migrate-meta-layouts":"default","ast-page-background-enabled":"default","ast-page-background-meta":{"desktop":{"background-color":"var(--ast-global-color-4)","background-image":"","background-repeat":"repeat","background-position":"center center","background-size":"auto","background-attachment":"scroll","background-type":"","background-media":"","overlay-type":"","overlay-color":"","overlay-opacity":"","overlay-gradient":""},"tablet":{"background-color":"","background-image":"","background-repeat":"repeat","background-position":"center center","background-size":"auto","background-attachment":"scroll","background-type":"","background-media":"","overlay-type":"","overlay-color":"","overlay-opacity":"","overlay-gradient":""},"mobile":{"background-color":"","background-image":"","background-repeat":"repeat","background-position":"center center","background-size":"auto","background-attachment":"scroll","background-type":"","background-media":"","overlay-type":"","overlay-color":"","overlay-opacity":"","overlay-gradient":""}},"ast-content-background-meta":{"desktop":{"background-color":"var(--ast-global-color-5)","background-image":"","background-repeat":"repeat","background-position":"center center","background-size":"auto","background-attachment":"scroll","background-type":"","background-media":"","overlay-type":"","overlay-color":"","overlay-opacity":"","overlay-gradient":""},"tablet":{"background-color":"var(--ast-global-color-5)","background-image":"","background-repeat":"repeat","background-position":"center center","background-size":"auto","background-attachment":"scroll","background-type":"","background-media":"","overlay-type":"","overlay-color":"","overlay-opacity":"","overlay-gradient":""},"mobile":{"background-color":"var(--ast-global-color-5)","background-image":"","background-repeat":"repeat","background-position":"center center","background-size":"auto","background-attachment":"scroll","background-type":"","background-media":"","overlay-type":"","overlay-color":"","overlay-opacity":"","overlay-gradient":""}},"footnotes":""},"class_list":["post-4706","page","type-page","status-publish","hentry"],"post_mailing_queue_ids":[],"_links":{"self":[{"href":"https:\/\/agora.xtec.cat\/insermessenda\/wp-json\/wp\/v2\/pages\/4706","targetHints":{"allow":["GET"]}}],"collection":[{"href":"https:\/\/agora.xtec.cat\/insermessenda\/wp-json\/wp\/v2\/pages"}],"about":[{"href":"https:\/\/agora.xtec.cat\/insermessenda\/wp-json\/wp\/v2\/types\/page"}],"author":[{"embeddable":true,"href":"https:\/\/agora.xtec.cat\/insermessenda\/wp-json\/wp\/v2\/users\/1"}],"replies":[{"embeddable":true,"href":"https:\/\/agora.xtec.cat\/insermessenda\/wp-json\/wp\/v2\/comments?post=4706"}],"version-history":[{"count":6,"href":"https:\/\/agora.xtec.cat\/insermessenda\/wp-json\/wp\/v2\/pages\/4706\/revisions"}],"predecessor-version":[{"id":19840,"href":"https:\/\/agora.xtec.cat\/insermessenda\/wp-json\/wp\/v2\/pages\/4706\/revisions\/19840"}],"up":[{"embeddable":true,"href":"https:\/\/agora.xtec.cat\/insermessenda\/wp-json\/wp\/v2\/pages\/81"}],"wp:attachment":[{"href":"https:\/\/agora.xtec.cat\/insermessenda\/wp-json\/wp\/v2\/media?parent=4706"}],"curies":[{"name":"wp","href":"https:\/\/api.w.org\/{rel}","templated":true}]}}