{"id":17286,"date":"2023-06-07T07:07:09","date_gmt":"2023-06-07T05:07:09","guid":{"rendered":"https:\/\/agora.xtec.cat\/insermessenda\/?page_id=17286"},"modified":"2025-06-24T21:41:36","modified_gmt":"2025-06-24T19:41:36","slug":"matricula-eso-i-batxillerat","status":"publish","type":"page","link":"https:\/\/agora.xtec.cat\/insermessenda\/secretaria\/matricula-eso-i-batxillerat\/","title":{"rendered":"MATR\u00cdCULA CURS 2025\/2026"},"content":{"rendered":"\n<p>Del 25 de juny al 3 de juliol de 2025<\/p>\n\n\n\n<ul class=\"wp-block-list\">\n<li><em>MATR\u00cdCULA 1r d&#8217;ESO: <a href=\"https:\/\/forms.gle\/ALp9fSiMfrzCZrCJ6\" target=\"_blank\" rel=\"noreferrer noopener\">https:\/\/forms.gle\/ALp9fSiMfrzCZrCJ6<\/a><\/em><\/li>\n\n\n\n<li><em>MATR\u00cdCULA 1r de batx: <a href=\"https:\/\/forms.gle\/dN9E3KMfdai63adEA\" target=\"_blank\" rel=\"noreferrer noopener\">https:\/\/forms.gle\/dN9E3KMfdai63adEA<\/a><\/em><\/li>\n<\/ul>\n\n\n\n<blockquote class=\"wp-block-quote is-layout-flow wp-block-quote-is-layout-flow\">\n<p><em><strong>Els <u>alumnes que durant el curs 2024-2025 ja eren a l&#8217;Institut Ermessenda<\/u><\/strong> NO cal que formalitzin cap matr\u00edcula ja que es considera matr\u00edcula d&#8217;alumnes del centre per continu\u00eftat<\/em>.<\/p>\n\n\n\n<p><strong>Tots els alumnes que el curs 2025-2026 faran 1r de batxillerat<\/strong> cal que emplenin el formulari (incl\u00fas aquells que van cursar 4t d&#8217;ESO durant el 2024-2025 a l&#8217;INS Ermessenda de Girona).<\/p>\n\n\n\n<p><strong><u>Els alumnes que es matricularan el curs 2025-2026 per primera vegada<\/u><\/strong> a l&#8217;Institut Ermessenda de Girona (i no fan 1r d&#8217;ESO o 1r de batxillerat) cal que es posin en contacte amb l&#8217;administraci\u00f3 de la seu corresponent:<\/p>\n\n\n\n<ul class=\"wp-block-list\">\n<li><em>Seu de Cartany\u00e0 | 972 656 900 | <a href=\"mailto:administracio@insermessenda.cat\" target=\"_blank\" rel=\"noreferrer noopener\">administracio@insermessenda.cat<\/a><\/em><\/li>\n\n\n\n<li><em>Seu de Can Prunell | 972 697 520 | <a href=\"mailto:admin_canprunell@insermessenda.cat\" target=\"_blank\" rel=\"noreferrer noopener\">admin_canprunell@insermessenda.cat<\/a><\/em><\/li>\n<\/ul>\n\n\n\n<p><em>Per les noves fam\u00edlies de 1r d&#8217;ESO aix\u00ed com els alumnes de 1r de batxillerat, us recordem que el n\u00famero de compte de l&#8217;INS Ermessenda de Girona per pagar el material i activitats (MiA) \u00e9s el: ES94 0081 1830 8800 0105 1213 (Banc Sabadell)<\/em><\/p>\n\n\n\n<p><em>Aix\u00ed mateix us recordem que els alumnes que fan matr\u00edcula per continu\u00eftat els hi arribar\u00e0 el cobrament corresponent per l&#8217;aplicaci\u00f3 Edvoice.<\/em><\/p>\n<\/blockquote>\n\n\n","protected":false},"excerpt":{"rendered":"<p>Del 25 de juny al 3 de juliol de 2025<\/p>\n","protected":false},"author":1,"featured_media":0,"parent":81,"menu_order":0,"comment_status":"closed","ping_status":"closed","template":"page-templates\/side-menu.php","meta":{"_bbp_topic_count":0,"_bbp_reply_count":0,"_bbp_total_topic_count":0,"_bbp_total_reply_count":0,"_bbp_voice_count":0,"_bbp_anonymous_reply_count":0,"_bbp_topic_count_hidden":0,"_bbp_reply_count_hidden":0,"_bbp_forum_subforum_count":0,"site-sidebar-layout":"default","site-content-layout":"","ast-site-content-layout":"","site-content-style":"default","site-sidebar-style":"default","ast-global-header-display":"","ast-banner-title-visibility":"","ast-main-header-display":"","ast-hfb-above-header-display":"","ast-hfb-below-header-display":"","ast-hfb-mobile-header-display":"","site-post-title":"","ast-breadcrumbs-content":"","ast-featured-img":"","footer-sml-layout":"","theme-transparent-header-meta":"","adv-header-id-meta":"","stick-header-meta":"","header-above-stick-meta":"","header-main-stick-meta":"","header-below-stick-meta":"","astra-migrate-meta-layouts":"default","ast-page-background-enabled":"default","ast-page-background-meta":{"desktop":{"background-color":"var(--ast-global-color-4)","background-image":"","background-repeat":"repeat","background-position":"center center","background-size":"auto","background-attachment":"scroll","background-type":"","background-media":"","overlay-type":"","overlay-color":"","overlay-opacity":"","overlay-gradient":""},"tablet":{"background-color":"","background-image":"","background-repeat":"repeat","background-position":"center center","background-size":"auto","background-attachment":"scroll","background-type":"","background-media":"","overlay-type":"","overlay-color":"","overlay-opacity":"","overlay-gradient":""},"mobile":{"background-color":"","background-image":"","background-repeat":"repeat","background-position":"center center","background-size":"auto","background-attachment":"scroll","background-type":"","background-media":"","overlay-type":"","overlay-color":"","overlay-opacity":"","overlay-gradient":""}},"ast-content-background-meta":{"desktop":{"background-color":"var(--ast-global-color-5)","background-image":"","background-repeat":"repeat","background-position":"center center","background-size":"auto","background-attachment":"scroll","background-type":"","background-media":"","overlay-type":"","overlay-color":"","overlay-opacity":"","overlay-gradient":""},"tablet":{"background-color":"var(--ast-global-color-5)","background-image":"","background-repeat":"repeat","background-position":"center center","background-size":"auto","background-attachment":"scroll","background-type":"","background-media":"","overlay-type":"","overlay-color":"","overlay-opacity":"","overlay-gradient":""},"mobile":{"background-color":"var(--ast-global-color-5)","background-image":"","background-repeat":"repeat","background-position":"center center","background-size":"auto","background-attachment":"scroll","background-type":"","background-media":"","overlay-type":"","overlay-color":"","overlay-opacity":"","overlay-gradient":""}},"footnotes":""},"class_list":["post-17286","page","type-page","status-publish","hentry"],"post_mailing_queue_ids":[],"_links":{"self":[{"href":"https:\/\/agora.xtec.cat\/insermessenda\/wp-json\/wp\/v2\/pages\/17286","targetHints":{"allow":["GET"]}}],"collection":[{"href":"https:\/\/agora.xtec.cat\/insermessenda\/wp-json\/wp\/v2\/pages"}],"about":[{"href":"https:\/\/agora.xtec.cat\/insermessenda\/wp-json\/wp\/v2\/types\/page"}],"author":[{"embeddable":true,"href":"https:\/\/agora.xtec.cat\/insermessenda\/wp-json\/wp\/v2\/users\/1"}],"replies":[{"embeddable":true,"href":"https:\/\/agora.xtec.cat\/insermessenda\/wp-json\/wp\/v2\/comments?post=17286"}],"version-history":[{"count":6,"href":"https:\/\/agora.xtec.cat\/insermessenda\/wp-json\/wp\/v2\/pages\/17286\/revisions"}],"predecessor-version":[{"id":20407,"href":"https:\/\/agora.xtec.cat\/insermessenda\/wp-json\/wp\/v2\/pages\/17286\/revisions\/20407"}],"up":[{"embeddable":true,"href":"https:\/\/agora.xtec.cat\/insermessenda\/wp-json\/wp\/v2\/pages\/81"}],"wp:attachment":[{"href":"https:\/\/agora.xtec.cat\/insermessenda\/wp-json\/wp\/v2\/media?parent=17286"}],"curies":[{"name":"wp","href":"https:\/\/api.w.org\/{rel}","templated":true}]}}