{"id":13618,"date":"2022-03-03T10:20:16","date_gmt":"2022-03-03T09:20:16","guid":{"rendered":"https:\/\/agora.xtec.cat\/insermessenda\/?page_id=13618"},"modified":"2026-05-07T08:29:37","modified_gmt":"2026-05-07T06:29:37","slug":"batxillerat","status":"publish","type":"page","link":"https:\/\/agora.xtec.cat\/insermessenda\/oferta_formativa\/batxillerat\/","title":{"rendered":"BATXILLERAT"},"content":{"rendered":"\n<h6 class=\"wp-block-heading has-medium-font-size\">L&#8217;horari \u00e9s de 8.00 h a 14.30 h<\/h6>\n\n\n\n<div class=\"wp-block-media-text is-stacked-on-mobile\" style=\"grid-template-columns:29% auto\"><figure class=\"wp-block-media-text__media\"><img loading=\"lazy\" decoding=\"async\" width=\"592\" height=\"790\" src=\"https:\/\/agora.xtec.cat\/insermessenda\/wp-content\/uploads\/usu76\/2025\/06\/diploma-batxillerat1.png\" alt=\"\" class=\"wp-image-20292 size-full\" srcset=\"https:\/\/agora.xtec.cat\/insermessenda\/wp-content\/uploads\/usu76\/2025\/06\/diploma-batxillerat1.png 592w, https:\/\/agora.xtec.cat\/insermessenda\/wp-content\/uploads\/usu76\/2025\/06\/diploma-batxillerat1-225x300.png 225w\" sizes=\"auto, (max-width: 592px) 100vw, 592px\" \/><\/figure><div class=\"wp-block-media-text__content\">\n<p class=\"has-text-color has-link-color has-medium-font-size wp-elements-d61b116b65cf421718ec308a47bb660d\" style=\"color:#ca5f5f\"><strong>T\u00cdTOL DE BATXILLERAT<\/strong><\/p>\n\n\n\n<p>Cada alumne ha de sol\u00b7licitar el seu t\u00edtol de batxillerat a trav\u00e9s de l&#8217;enlla\u00e7 <a href=\"https:\/\/educacio.gencat.cat\/ca\/tramits\/tramits-temes\/titols-academics-no-universitaris\" target=\"_blank\" rel=\"noreferrer noopener\">https:\/\/educacio.gencat.cat\/ca\/tramits\/tramits-temes\/titols-academics-no-universitaris<\/a><\/p>\n\n\n\n<p>A l&#8217;institut s&#8217;imparteixen les seg\u00fcents modalitats de batxillerat:<\/p>\n\n\n\n<div class=\"wp-block-columns is-layout-flex wp-container-core-columns-is-layout-1 wp-block-columns-is-layout-flex\">\n<div class=\"wp-block-column is-layout-flow wp-block-column-is-layout-flow\">\n<div class=\"wp-block-media-text is-stacked-on-mobile\" style=\"grid-template-columns:25% auto\"><figure class=\"wp-block-media-text__media\"><img loading=\"lazy\" decoding=\"async\" width=\"492\" height=\"492\" src=\"https:\/\/agora.xtec.cat\/insermessenda\/wp-content\/uploads\/usu76\/2025\/06\/g22.png\" alt=\"\" class=\"wp-image-20278 size-full\" srcset=\"https:\/\/agora.xtec.cat\/insermessenda\/wp-content\/uploads\/usu76\/2025\/06\/g22.png 492w, https:\/\/agora.xtec.cat\/insermessenda\/wp-content\/uploads\/usu76\/2025\/06\/g22-300x300.png 300w, https:\/\/agora.xtec.cat\/insermessenda\/wp-content\/uploads\/usu76\/2025\/06\/g22-150x150.png 150w\" sizes=\"auto, (max-width: 492px) 100vw, 492px\" \/><\/figure><div class=\"wp-block-media-text__content\">\n<p>Cient\u00edfic i Tecnol\u00f2gic<\/p>\n<\/div><\/div>\n<\/div>\n\n\n\n<div class=\"wp-block-column is-layout-flow wp-block-column-is-layout-flow\">\n<div class=\"wp-block-media-text is-stacked-on-mobile\" style=\"grid-template-columns:25% auto\"><figure class=\"wp-block-media-text__media\"><img loading=\"lazy\" decoding=\"async\" width=\"578\" height=\"390\" src=\"https:\/\/agora.xtec.cat\/insermessenda\/wp-content\/uploads\/usu76\/2025\/06\/path33-5.png\" alt=\"\" class=\"wp-image-20279 size-full\" srcset=\"https:\/\/agora.xtec.cat\/insermessenda\/wp-content\/uploads\/usu76\/2025\/06\/path33-5.png 578w, https:\/\/agora.xtec.cat\/insermessenda\/wp-content\/uploads\/usu76\/2025\/06\/path33-5-300x202.png 300w\" sizes=\"auto, (max-width: 578px) 100vw, 578px\" \/><\/figure><div class=\"wp-block-media-text__content\">\n<p>Human\u00edstic i Social<\/p>\n<\/div><\/div>\n<\/div>\n<\/div>\n<\/div><\/div>\n\n\n\n<div class=\"wp-block-getwid-tabs\" data-active-tab=\"0\"><ul class=\"wp-block-getwid-tabs__nav-links\"><\/ul>\n<div class=\"wp-block-getwid-tabs__nav-link\"><span class=\"wp-block-getwid-tabs__title-wrapper\"><a href=\"#\"><span class=\"wp-block-getwid-tabs__title\">PRESENTACI\u00d3 BATXILLERAT<\/span><\/a><\/span><\/div><div class=\"wp-block-getwid-tabs__tab-content-wrapper\"><div class=\"wp-block-getwid-tabs__tab-content\">\n<p><a href=\"https:\/\/view.genial.ly\/6405f72b4ea626001a1fe844\/presentation-copy-presentacio-batxillerat-2022-2023\">Presentaci\u00f3 batxillerat<\/a><\/p>\n<\/div><\/div>\n\n\n\n<div class=\"wp-block-getwid-tabs__nav-link\"><span class=\"wp-block-getwid-tabs__title-wrapper\"><a href=\"#\"><span class=\"wp-block-getwid-tabs__title\">GUIA BATXILLERAT<\/span><\/a><\/span><\/div><div class=\"wp-block-getwid-tabs__tab-content-wrapper\"><div class=\"wp-block-getwid-tabs__tab-content\">\n<p><a href=\"https:\/\/docs.google.com\/presentation\/d\/19WrA36OZjmRHhPWzH4Oj0HEZxiKeWHlG\/edit?usp=sharing&amp;ouid=112054433536737657219&amp;rtpof=true&amp;sd=true\">GUIA BATXILLERAT<\/a><\/p>\n<\/div><\/div>\n\n\n\n<div class=\"wp-block-getwid-tabs__nav-link\"><span class=\"wp-block-getwid-tabs__title-wrapper\"><a href=\"#\"><span class=\"wp-block-getwid-tabs__title\">CRITERIS D&#8217;AVALUACI\u00d3 <\/span><\/a><\/span><\/div><div class=\"wp-block-getwid-tabs__tab-content-wrapper\"><div class=\"wp-block-getwid-tabs__tab-content\">\n<ul class=\"wp-block-list\">\n<li><a href=\"https:\/\/agora.xtec.cat\/insermessenda\/wp-content\/uploads\/usu76\/2025\/11\/Criteris-davaluacio-2n-batxillerat-25-26-1-Marc-Aguilar.pdf\" target=\"_blank\" rel=\"noreferrer noopener\">CRITERIS D&#8217;AVALUACI\u00d3 2n BATXILLERAT DE LES MAT\u00c8RIES<\/a><\/li>\n\n\n\n<li><a href=\"https:\/\/agora.xtec.cat\/insermessenda\/wp-content\/uploads\/usu76\/2025\/11\/Criteris-Avaluacio-1r-BATX-25-26-1-Marc-Aguilar.pdf\" target=\"_blank\" rel=\"noreferrer noopener\">CRITERIS D&#8217;AVALUACI\u00d3 1r BATXILLERAT DE LES MAT\u00c8RIES<\/a><\/li>\n<\/ul>\n<\/div><\/div>\n\n\n\n<div class=\"wp-block-getwid-tabs__nav-link\"><span class=\"wp-block-getwid-tabs__title-wrapper\"><a href=\"#\"><span class=\"wp-block-getwid-tabs__title\">RECLAMACIONS DE NOTES<\/span><\/a><\/span><\/div><div class=\"wp-block-getwid-tabs__tab-content-wrapper\"><div class=\"wp-block-getwid-tabs__tab-content\">\n<figure class=\"wp-block-image alignleft size-full is-resized\"><img loading=\"lazy\" decoding=\"async\" width=\"902\" height=\"936\" src=\"https:\/\/agora.xtec.cat\/insermessenda\/wp-content\/uploads\/usu76\/2025\/05\/Captura-de-pantalla-2025-02-15-141424-Marc-Aguilar.png\" alt=\"\" class=\"wp-image-20189\" style=\"width:303px;height:auto\" srcset=\"https:\/\/agora.xtec.cat\/insermessenda\/wp-content\/uploads\/usu76\/2025\/05\/Captura-de-pantalla-2025-02-15-141424-Marc-Aguilar.png 902w, https:\/\/agora.xtec.cat\/insermessenda\/wp-content\/uploads\/usu76\/2025\/05\/Captura-de-pantalla-2025-02-15-141424-Marc-Aguilar-289x300.png 289w, https:\/\/agora.xtec.cat\/insermessenda\/wp-content\/uploads\/usu76\/2025\/05\/Captura-de-pantalla-2025-02-15-141424-Marc-Aguilar-768x797.png 768w\" sizes=\"auto, (max-width: 902px) 100vw, 902px\" \/><\/figure>\n\n\n\n<p>a) En cas de disconformitat amb el resultat del TdR, l&#8217;alumne pot reclamar fins al 5 de desembre a les 14 h. Cal que presenti una sol\u00b7licitud en paper a Administraci\u00f3 (ha de ser argumentada i l&#8217;ha de dirigir al tutor del TdR). Aquesta petici\u00f3 pot implicar la revisi\u00f3 a l&#8217;al\u00e7a o a la baixa de la nota, o que es mantingui la nota inicial. <\/p>\n\n\n\n<p>b) Un cop el centre disposi del calendari d\u2019avaluacions de l\u2019\u00faltim trimestre del curs 2025-2026, s\u2019establir\u00e0 un dia, posterior a les avaluacions finals ordin\u00e0ria i extraordin\u00e0ria, en qu\u00e8 els professors han d\u2019estudiar i resoldre les possibles reclamacions sobre les qualificacions finals. <\/p>\n\n\n\n<p>c) Si l\u2019alumne o alumna no est\u00e0 d\u2019acord amb la resoluci\u00f3 del professor a final de curs, pot reiterar la reclamaci\u00f3 en un escrit adre\u00e7at al director que s\u2019ha de presentar el mateix dia de la resoluci\u00f3 o l\u2019endem\u00e0. La nova resoluci\u00f3, emesa pel director, es notificar\u00e0 per escrit a l\u2019interessat, i s\u2019hi han d\u2019indicar els terminis i el procediment per rec\u00f3rrer-la. <\/p>\n\n\n\n<p>d) L\u2019alumne, o els pares, mares o tutors legals si \u00e9s menor d\u2019edat, podr\u00e0 rec\u00f3rrer la resoluci\u00f3 del director en el termini de tres dies h\u00e0bils a partir de l\u2019endem\u00e0 de la notificaci\u00f3 de la resoluci\u00f3. Aquest cop el recurs ha d\u2019anar adre\u00e7at al director dels serveis territorials i s\u2019ha de presentar al mateix centre educatiu, juntament amb la documentaci\u00f3 que se li facilitar\u00e0. A serveis territorials, la reclamaci\u00f3 es resoldr\u00e0 definitivament d\u2019acord amb l\u2019informe de la Inspecci\u00f3 que se\u2019n derivi. La resoluci\u00f3 final es notificar\u00e0 a l\u2019interessat per mitj\u00e0 del director del centre.<\/p>\n<\/div><\/div>\n<\/div>\n\n\n\n<p><\/p>\n","protected":false},"excerpt":{"rendered":"<p>L&#8217;horari \u00e9s de 8.00 h a 14.30 h<\/p>\n","protected":false},"author":1,"featured_media":0,"parent":582,"menu_order":4,"comment_status":"closed","ping_status":"closed","template":"","meta":{"_bbp_topic_count":0,"_bbp_reply_count":0,"_bbp_total_topic_count":0,"_bbp_total_reply_count":0,"_bbp_voice_count":0,"_bbp_anonymous_reply_count":0,"_bbp_topic_count_hidden":0,"_bbp_reply_count_hidden":0,"_bbp_forum_subforum_count":0,"site-sidebar-layout":"default","site-content-layout":"","ast-site-content-layout":"default","site-content-style":"default","site-sidebar-style":"default","ast-global-header-display":"","ast-banner-title-visibility":"","ast-main-header-display":"","ast-hfb-above-header-display":"","ast-hfb-below-header-display":"","ast-hfb-mobile-header-display":"","site-post-title":"","ast-breadcrumbs-content":"","ast-featured-img":"","footer-sml-layout":"","theme-transparent-header-meta":"","adv-header-id-meta":"","stick-header-meta":"","header-above-stick-meta":"","header-main-stick-meta":"","header-below-stick-meta":"","astra-migrate-meta-layouts":"set","ast-page-background-enabled":"default","ast-page-background-meta":{"desktop":{"background-color":"var(--ast-global-color-4)","background-image":"","background-repeat":"repeat","background-position":"center center","background-size":"auto","background-attachment":"scroll","background-type":"","background-media":"","overlay-type":"","overlay-color":"","overlay-opacity":"","overlay-gradient":""},"tablet":{"background-color":"","background-image":"","background-repeat":"repeat","background-position":"center center","background-size":"auto","background-attachment":"scroll","background-type":"","background-media":"","overlay-type":"","overlay-color":"","overlay-opacity":"","overlay-gradient":""},"mobile":{"background-color":"","background-image":"","background-repeat":"repeat","background-position":"center center","background-size":"auto","background-attachment":"scroll","background-type":"","background-media":"","overlay-type":"","overlay-color":"","overlay-opacity":"","overlay-gradient":""}},"ast-content-background-meta":{"desktop":{"background-color":"var(--ast-global-color-5)","background-image":"","background-repeat":"repeat","background-position":"center center","background-size":"auto","background-attachment":"scroll","background-type":"","background-media":"","overlay-type":"","overlay-color":"","overlay-opacity":"","overlay-gradient":""},"tablet":{"background-color":"var(--ast-global-color-5)","background-image":"","background-repeat":"repeat","background-position":"center center","background-size":"auto","background-attachment":"scroll","background-type":"","background-media":"","overlay-type":"","overlay-color":"","overlay-opacity":"","overlay-gradient":""},"mobile":{"background-color":"var(--ast-global-color-5)","background-image":"","background-repeat":"repeat","background-position":"center center","background-size":"auto","background-attachment":"scroll","background-type":"","background-media":"","overlay-type":"","overlay-color":"","overlay-opacity":"","overlay-gradient":""}},"footnotes":""},"class_list":["post-13618","page","type-page","status-publish","hentry"],"post_mailing_queue_ids":[],"_links":{"self":[{"href":"https:\/\/agora.xtec.cat\/insermessenda\/wp-json\/wp\/v2\/pages\/13618","targetHints":{"allow":["GET"]}}],"collection":[{"href":"https:\/\/agora.xtec.cat\/insermessenda\/wp-json\/wp\/v2\/pages"}],"about":[{"href":"https:\/\/agora.xtec.cat\/insermessenda\/wp-json\/wp\/v2\/types\/page"}],"author":[{"embeddable":true,"href":"https:\/\/agora.xtec.cat\/insermessenda\/wp-json\/wp\/v2\/users\/1"}],"replies":[{"embeddable":true,"href":"https:\/\/agora.xtec.cat\/insermessenda\/wp-json\/wp\/v2\/comments?post=13618"}],"version-history":[{"count":6,"href":"https:\/\/agora.xtec.cat\/insermessenda\/wp-json\/wp\/v2\/pages\/13618\/revisions"}],"predecessor-version":[{"id":22016,"href":"https:\/\/agora.xtec.cat\/insermessenda\/wp-json\/wp\/v2\/pages\/13618\/revisions\/22016"}],"up":[{"embeddable":true,"href":"https:\/\/agora.xtec.cat\/insermessenda\/wp-json\/wp\/v2\/pages\/582"}],"wp:attachment":[{"href":"https:\/\/agora.xtec.cat\/insermessenda\/wp-json\/wp\/v2\/media?parent=13618"}],"curies":[{"name":"wp","href":"https:\/\/api.w.org\/{rel}","templated":true}]}}