{"id":9807,"date":"2023-11-07T06:59:25","date_gmt":"2023-11-07T05:59:25","guid":{"rendered":"https:\/\/agora.xtec.cat\/inselstresturons\/?page_id=9807"},"modified":"2023-11-10T18:24:59","modified_gmt":"2023-11-10T17:24:59","slug":"observatori-2023-2024","status":"publish","type":"page","link":"https:\/\/agora.xtec.cat\/inselstresturons\/projecte-educatiu\/l_observatori\/observatori-2023-2024\/","title":{"rendered":"Observatori 2023-2024"},"content":{"rendered":"<p><img loading=\"lazy\" decoding=\"async\" class=\"aligncenter wp-image-9819\" src=\"https:\/\/agora.xtec.cat\/inselstresturons\/wp-content\/uploads\/usu1101\/2023\/11\/Conferencia-Any-Copernic.png\" alt=\"\" width=\"597\" height=\"844\" srcset=\"https:\/\/agora.xtec.cat\/inselstresturons\/wp-content\/uploads\/usu1101\/2023\/11\/Conferencia-Any-Copernic.png 1414w, https:\/\/agora.xtec.cat\/inselstresturons\/wp-content\/uploads\/usu1101\/2023\/11\/Conferencia-Any-Copernic-212x300.png 212w, https:\/\/agora.xtec.cat\/inselstresturons\/wp-content\/uploads\/usu1101\/2023\/11\/Conferencia-Any-Copernic-724x1024.png 724w, https:\/\/agora.xtec.cat\/inselstresturons\/wp-content\/uploads\/usu1101\/2023\/11\/Conferencia-Any-Copernic-768x1086.png 768w, https:\/\/agora.xtec.cat\/inselstresturons\/wp-content\/uploads\/usu1101\/2023\/11\/Conferencia-Any-Copernic-1086x1536.png 1086w\" sizes=\"auto, (max-width: 597px) 100vw, 597px\" \/><\/p>\n<p><img loading=\"lazy\" decoding=\"async\" class=\"aligncenter wp-image-9823\" src=\"https:\/\/agora.xtec.cat\/inselstresturons\/wp-content\/uploads\/usu1101\/2023\/11\/Hora-del-conte-Any-Copernic-definitiu.png\" alt=\"\" width=\"598\" height=\"845\" srcset=\"https:\/\/agora.xtec.cat\/inselstresturons\/wp-content\/uploads\/usu1101\/2023\/11\/Hora-del-conte-Any-Copernic-definitiu.png 1414w, https:\/\/agora.xtec.cat\/inselstresturons\/wp-content\/uploads\/usu1101\/2023\/11\/Hora-del-conte-Any-Copernic-definitiu-212x300.png 212w, https:\/\/agora.xtec.cat\/inselstresturons\/wp-content\/uploads\/usu1101\/2023\/11\/Hora-del-conte-Any-Copernic-definitiu-724x1024.png 724w, https:\/\/agora.xtec.cat\/inselstresturons\/wp-content\/uploads\/usu1101\/2023\/11\/Hora-del-conte-Any-Copernic-definitiu-768x1086.png 768w, https:\/\/agora.xtec.cat\/inselstresturons\/wp-content\/uploads\/usu1101\/2023\/11\/Hora-del-conte-Any-Copernic-definitiu-1086x1536.png 1086w\" sizes=\"auto, (max-width: 598px) 100vw, 598px\" \/><\/p>\n<p>&nbsp;<\/p>\n<p>El dissabte 28 d&#8217;octubre va tenir lloc un esdeveniment astron\u00f2mic for\u00e7a important, un eclipsi parcial de Lluna visible des d&#8217;aqu\u00ed i en un horari decent. La magnitud de l&#8217;eclipsi va ser nom\u00e9s del 12%, per\u00f2 tenint en compte que cada any acostuma a haver-hi 2 eclipsis de Lluna (del tipus que siguin) i que no sempre s\u00f3n visibles des d&#8217;aqu\u00ed i, a vegades, ho s\u00f3n per\u00f2 molt tard a la matinada, aix\u00f2 d\u00f3na una idea de la import\u00e0ncia de l&#8217;esdeveniment. Per fer-nos-en una idea m\u00e9s precisa: el proper eclipsi de Lluna visible des d&#8217;aqu\u00ed ser\u00e0 el 25 de mar\u00e7 de 2024 i ser\u00e0 nom\u00e9s penombral, per tant es veur\u00e0 ben poca cosa. El seg\u00fcent eclipsi total de Lluna ser\u00e0 el 14 de mar\u00e7 de 2025 i es veur\u00e0 mentre la Lluna s&#8217;estar\u00e0 ponent.<\/p>\n<p>Aprofitant aquest horari tant adequat, vam preparar una observaci\u00f3 astron\u00f2mica des de l&#8217;observatori Joan Antoni Curto. El resultat va ser tot un \u00e8xit: 26 persones van pujar i de seguida ten\u00edem al nostre abast 3 telescopis i 3 binoculars per poder seguir l&#8217;esdeveniment. Pr\u00e8viament, vaig preparar un petit q\u00fcestionari pels assistents i vam estar comentant com es produeixen els eclipsis de Lluna.<\/p>\n<p>La majoria d&#8217;assistents van ser alumnes del centre. Alguns van pujar sols. D&#8217;altres ho van fer acompanyats dels seus pares; i fins i tot va pujar una exalumna i una alumna d&#8217;un institut de Pineda de Mar. A m\u00e9s a m\u00e9s, tamb\u00e9 van pujar uns companys del grup d&#8217;astronomia de Calella que van ajudar a posar en marxa els telescopis. Els assistents tenien a la seva disposici\u00f3 un grup d&#8217;experts per fer preguntes i un equipament de primer ordre al seu abast.<\/p>\n<p>Us deixo unes fotos de la jornada i de la Lluna, J\u00fapiter i Saturn vistos al telescopi. Totes les fotos estan fetes amb m\u00f2bil (sense c\u00e0mera fotogr\u00e0fica pro i sense editar) i s\u00f3n de la Barbara Bontempo i l&#8217;\u00c0ngela Cabrera.<\/p>\n<p>Espero que en disfruteu!<\/p>\n<p><b style=\"font-family: inherit; font-size: 1em;\">Pere Novell<\/b><\/p>\n<div>\n<div class=\"gmail_signature\" dir=\"ltr\" data-smartmail=\"gmail_signature\">\n<div dir=\"ltr\">\n<p><i>Coordinador d&#8217;astronomia<\/i><\/p>\n<p><i>INS Els Tres Turons<\/i><\/p>\n\r\n\t<div class=\"slideshow_container slideshow_container_style-light\" style=\"height: 600px; \" data-slideshow-id=\"9800\" data-style-name=\"style-light\" data-style-version=\"2.3.1\" >\r\n\r\n\t\t\t\t\t<div class=\"slideshow_loading_icon\"><\/div>\r\n\t\t\r\n\t\t<div class=\"slideshow_content\" style=\"display: none;\">\r\n\r\n\t\t\t<div class=\"slideshow_view\">\r\n\t\t\t\t<div class=\"slideshow_slide slideshow_slide_image\">\r\n\t\t\t\t\t\t\t\t\t\t\t<img src=\"https:\/\/agora.xtec.cat\/inselstresturons\/wp-content\/uploads\/usu1101\/2023\/11\/ee9459b74e66446f924d94e0fecfd3ac.jpg\" alt=\"ee9459b74e66446f924d94e0fecfd3ac\" width=\"960\" height=\"1280\" \/>\r\n\t\t\t\t\t\t\t\t\t\t<div class=\"slideshow_description_box slideshow_transparent\">\r\n\t\t\t\t\t\t<div class=\"slideshow_title\">ee9459b74e66446f924d94e0fecfd3ac<\/div>\t\t\t\t\t\t\t\t\t\t\t<\/div>\r\n\t\t\t\t<\/div>\r\n\r\n\t\t\t\t\t\t<div style=\"clear: both;\"><\/div><\/div><div class=\"slideshow_view\">\r\n\t\t\t\t<div class=\"slideshow_slide slideshow_slide_image\">\r\n\t\t\t\t\t\t\t\t\t\t\t<img src=\"https:\/\/agora.xtec.cat\/inselstresturons\/wp-content\/uploads\/usu1101\/2023\/11\/IMG-20231030-WA0001.jpg\" alt=\"IMG-20231030-WA0001\" width=\"1280\" height=\"960\" \/>\r\n\t\t\t\t\t\t\t\t\t\t<div class=\"slideshow_description_box slideshow_transparent\">\r\n\t\t\t\t\t\t<div class=\"slideshow_title\">IMG-20231030-WA0001<\/div>\t\t\t\t\t\t\t\t\t\t\t<\/div>\r\n\t\t\t\t<\/div>\r\n\r\n\t\t\t\t\t\t<div style=\"clear: both;\"><\/div><\/div><div class=\"slideshow_view\">\r\n\t\t\t\t<div class=\"slideshow_slide slideshow_slide_image\">\r\n\t\t\t\t\t\t\t\t\t\t\t<img src=\"https:\/\/agora.xtec.cat\/inselstresturons\/wp-content\/uploads\/usu1101\/2023\/11\/IMG-20231029-WA0013.jpg\" alt=\"IMG-20231029-WA0013\" width=\"1200\" height=\"1600\" \/>\r\n\t\t\t\t\t\t\t\t\t\t<div class=\"slideshow_description_box slideshow_transparent\">\r\n\t\t\t\t\t\t<div class=\"slideshow_title\">IMG-20231029-WA0013<\/div>\t\t\t\t\t\t\t\t\t\t\t<\/div>\r\n\t\t\t\t<\/div>\r\n\r\n\t\t\t\t\t\t<div style=\"clear: both;\"><\/div><\/div><div class=\"slideshow_view\">\r\n\t\t\t\t<div class=\"slideshow_slide slideshow_slide_image\">\r\n\t\t\t\t\t\t\t\t\t\t\t<img src=\"https:\/\/agora.xtec.cat\/inselstresturons\/wp-content\/uploads\/usu1101\/2023\/11\/IMG-20231029-WA0012.jpg\" alt=\"IMG-20231029-WA0012\" width=\"1200\" height=\"1600\" \/>\r\n\t\t\t\t\t\t\t\t\t\t<div class=\"slideshow_description_box slideshow_transparent\">\r\n\t\t\t\t\t\t<div class=\"slideshow_title\">IMG-20231029-WA0012<\/div>\t\t\t\t\t\t\t\t\t\t\t<\/div>\r\n\t\t\t\t<\/div>\r\n\r\n\t\t\t\t\t\t<div style=\"clear: both;\"><\/div><\/div><div class=\"slideshow_view\">\r\n\t\t\t\t<div class=\"slideshow_slide slideshow_slide_image\">\r\n\t\t\t\t\t\t\t\t\t\t\t<img src=\"https:\/\/agora.xtec.cat\/inselstresturons\/wp-content\/uploads\/usu1101\/2023\/11\/IMG-20231029-WA0001.jpg\" alt=\"IMG-20231029-WA0001\" width=\"1600\" height=\"1200\" \/>\r\n\t\t\t\t\t\t\t\t\t\t<div class=\"slideshow_description_box slideshow_transparent\">\r\n\t\t\t\t\t\t<div class=\"slideshow_title\">IMG-20231029-WA0001<\/div>\t\t\t\t\t\t\t\t\t\t\t<\/div>\r\n\t\t\t\t<\/div>\r\n\r\n\t\t\t\t\t\t<div style=\"clear: both;\"><\/div><\/div>\r\n\t\t<\/div>\r\n\r\n\t\t<div class=\"slideshow_controlPanel slideshow_transparent\" style=\"display: none;\"><ul><li class=\"slideshow_togglePlay\" data-play-text=\"Visualitza\" data-pause-text=\"Pausa\"><\/li><\/ul><\/div>\r\n\r\n\t\t<div class=\"slideshow_button slideshow_previous slideshow_transparent\" role=\"button\" data-previous-text=\"Anterior\" style=\"display: none;\"><\/div>\r\n\t\t<div class=\"slideshow_button slideshow_next slideshow_transparent\" role=\"button\" data-next-text=\"Seg\u00fcent\" style=\"display: none;\"><\/div>\r\n\r\n\t\t<div class=\"slideshow_pagination\" style=\"display: none;\" data-go-to-text=\"V\u00e9s a la diapositiva\"><div class=\"slideshow_pagination_center\"><\/div><\/div>\r\n\r\n\t\t<!-- WordPress Slideshow Version 2.3.1 -->\r\n\r\n\t\t\t<\/div>\r\n\r\n\n<\/div>\n<\/div>\n<\/div>\n","protected":false},"excerpt":{"rendered":"<p>&nbsp;<br \/>\nEl dissabte 28 d&#8217;octubre va tenir lloc un esdeveniment astron\u00f2mic for\u00e7a important, un eclipsi parcial de Lluna visible des d&#8217;aqu\u00ed i en un horari decent. La magnitud de l&#8217;eclipsi va ser nom\u00e9s del 12%, per\u00f2 tenint en compte que cada any acostuma a haver-hi 2&hellip;  <a href=\"https:\/\/agora.xtec.cat\/inselstresturons\/projecte-educatiu\/l_observatori\/observatori-2023-2024\/\" title=\"Read Observatori 2023-2024\">Llegeix m\u00e9s\u00bb<\/a><\/p>\n","protected":false},"author":1,"featured_media":0,"parent":489,"menu_order":7,"comment_status":"closed","ping_status":"closed","template":"page-templates\/side-menu.php","meta":{"_bbp_topic_count":0,"_bbp_reply_count":0,"_bbp_total_topic_count":0,"_bbp_total_reply_count":0,"_bbp_voice_count":0,"_bbp_anonymous_reply_count":0,"_bbp_topic_count_hidden":0,"_bbp_reply_count_hidden":0,"_bbp_forum_subforum_count":0,"footnotes":""},"class_list":["post-9807","page","type-page","status-publish","hentry"],"post_mailing_queue_ids":[],"_links":{"self":[{"href":"https:\/\/agora.xtec.cat\/inselstresturons\/wp-json\/wp\/v2\/pages\/9807","targetHints":{"allow":["GET"]}}],"collection":[{"href":"https:\/\/agora.xtec.cat\/inselstresturons\/wp-json\/wp\/v2\/pages"}],"about":[{"href":"https:\/\/agora.xtec.cat\/inselstresturons\/wp-json\/wp\/v2\/types\/page"}],"author":[{"embeddable":true,"href":"https:\/\/agora.xtec.cat\/inselstresturons\/wp-json\/wp\/v2\/users\/1"}],"replies":[{"embeddable":true,"href":"https:\/\/agora.xtec.cat\/inselstresturons\/wp-json\/wp\/v2\/comments?post=9807"}],"version-history":[{"count":2,"href":"https:\/\/agora.xtec.cat\/inselstresturons\/wp-json\/wp\/v2\/pages\/9807\/revisions"}],"predecessor-version":[{"id":9826,"href":"https:\/\/agora.xtec.cat\/inselstresturons\/wp-json\/wp\/v2\/pages\/9807\/revisions\/9826"}],"up":[{"embeddable":true,"href":"https:\/\/agora.xtec.cat\/inselstresturons\/wp-json\/wp\/v2\/pages\/489"}],"wp:attachment":[{"href":"https:\/\/agora.xtec.cat\/inselstresturons\/wp-json\/wp\/v2\/media?parent=9807"}],"curies":[{"name":"wp","href":"https:\/\/api.w.org\/{rel}","templated":true}]}}