{"id":903,"date":"2016-06-13T12:54:20","date_gmt":"2016-06-13T11:54:20","guid":{"rendered":"http:\/\/agora.xtec.cat\/inselstresturons\/?page_id=903"},"modified":"2025-06-27T07:25:18","modified_gmt":"2025-06-27T05:25:18","slug":"recomanacions-destiu","status":"publish","type":"page","link":"https:\/\/agora.xtec.cat\/inselstresturons\/organitzacio-del-curs\/recomanacions-destiu\/","title":{"rendered":"Recomanacions d&#8217;estiu"},"content":{"rendered":"<h3>Recomanacions per a l&#8217;estiu del curs 2024-2025<\/h3>\n<h5><strong>Sobre la lectura i recomanacions d&#8217;estiu<\/strong><\/h5>\n<p><strong>1. Sobre la lectura<\/strong><\/p>\n<p>Sabem que la comprensi\u00f3 lectora \u00e9s la clau de l&#8217;aprenentatge. Amb l&#8217;\u00fas de les noves tecnologies hem detectat que l&#8217;alumnat ha baixat el seu nivell de lectura i per aquest motiu us volem demanar la vostra col\u00b7laboraci\u00f3. Recomanem al nostre alumnat que llegeixi, com a m\u00ednim, un parell de llibres durant l&#8217;estiu. Per facilitar-vos aquest acompanyament a la lectura, us deixem uns enlla\u00e7os que us poden ajudar. I tamb\u00e9, per si us interessa el tema, un enlla\u00e7 informatiu sobre la disl\u00e8xia que inclou una prova test.<\/p>\n<ul>\n<li><a href=\"https:\/\/leer.es\/recursos\/\">https:\/\/leer.es\/recursos\/<\/a><\/li>\n<li><a href=\"https:\/\/leer.es\/proyectos\/\">https:\/\/leer.es\/proyectos\/<\/a><\/li>\n<li><a href=\"http:\/\/www.xtec.cat\/sgfp\/crp\/recursos\/banc\/lectura\/lectura\/animaciolectura\/animaciolectura.htm\" target=\"_blank\" rel=\"noopener\" data-saferedirecturl=\"https:\/\/www.google.com\/url?q=http:\/\/www.xtec.cat\/sgfp\/crp\/recursos\/banc\/lectura\/lectura\/animaciolectura\/animaciolectura.htm&amp;source=gmail&amp;ust=1687334695722000&amp;usg=AOvVaw0X_rjJQxTX8HCmBhiXz06O\">http:\/\/www.xtec.cat\/sgfp\/crp\/<wbr \/>recursos\/banc\/lectura\/lectura\/<wbr \/>animaciolectura\/<wbr \/>animaciolectura.htm<\/a><\/li>\n<\/ul>\n<div>\n<ul>\n<li><a href=\"https:\/\/www.wattpad.com\/?locale=es_ES\" target=\"_blank\" rel=\"noopener\" data-saferedirecturl=\"https:\/\/www.google.com\/url?q=https:\/\/www.wattpad.com\/?locale%3Des_ES&amp;source=gmail&amp;ust=1687334695722000&amp;usg=AOvVaw1z9xi-yL123ARGy5eKNScw\">https:\/\/www.wattpad.com\/?<wbr \/>locale=es_ES<\/a><\/li>\n<li><a href=\"https:\/\/blog.changedyslexia.org\/tag\/luz-rello\/\" target=\"_blank\" rel=\"noopener\" data-saferedirecturl=\"https:\/\/www.google.com\/url?q=https:\/\/blog.changedyslexia.org\/tag\/luz-rello\/&amp;source=gmail&amp;ust=1687334695722000&amp;usg=AOvVaw2aln895VVRQ0ocgy99t4EV\">https:\/\/blog.changedyslexia.<wbr \/>org\/tag\/luz-rello\/<\/a><\/li>\n<\/ul>\n<\/div>\n<p><strong>2. Recomanacions d&#8217;estiu<\/strong><\/p>\n<p><span style=\"color: #000000; font-size: 16px; font-weight: 400;\">Recomanacions d&#8217;estiu per presentar a inici del curs 2025-2026 al professorat corresponent. Altament recomanades per a l&#8217;alumnat que ha susp\u00e8s, molt recomanades per a l&#8217;alumnat que ha superat la mat\u00e8ria amb dificultats, i recomanades per a tothom.<\/span><\/p>\n<p>1r d&#8217;ESO<\/p>\n<ul>\n<li><a href=\"https:\/\/agora.xtec.cat\/inselstresturons\/wp-content\/uploads\/usu1101\/2025\/06\/Recomanacions-d_estiu-1r-d_ESO-curs-24-25.pdf\">Recomanacions de totes les mat\u00e8ries per a alumnat que ha cursat 1r d&#8217;ESO<\/a><\/li>\n<li><a style=\"color: #2795b6;\" href=\"https:\/\/agora.xtec.cat\/inselstresturons\/wp-content\/uploads\/usu1101\/2021\/06\/Recomanacions-de-lectures-cient\u00edfiques-per-a-1r-d\u2019ESO.pdf\">Lectures cient\u00edfiques per a 1r d&#8217;ESO<\/a><\/li>\n<li>Angl\u00e8s:\u00a0<a href=\"https:\/\/www.canva.com\/design\/DAFmV-TfI1c\/EQ-uN_0xbwfWHDq86KIVyA\/edit\" target=\"_blank\" rel=\"noopener\" data-saferedirecturl=\"https:\/\/www.google.com\/url?q=https:\/\/www.canva.com\/design\/DAFmV-TfI1c\/EQ-uN_0xbwfWHDq86KIVyA\/edit&amp;source=gmail&amp;ust=1719475853542000&amp;usg=AOvVaw33HEssjGCc9xqADMAlYMfa\">https:\/\/www.canva.com\/design\/<wbr \/>DAFmV-TfI1c\/EQ-uN_<wbr \/>0xbwfWHDq86KIVyA\/edit<\/a><\/li>\n<li>Franc\u00e8s:\u00a0<a href=\"https:\/\/www.canva.com\/design\/DAFmXHHxMCA\/i03EOJRybk5EzrHzKVL0zQ\/edit\" target=\"_blank\" rel=\"noopener\" data-saferedirecturl=\"https:\/\/www.google.com\/url?q=https:\/\/www.canva.com\/design\/DAFmXHHxMCA\/i03EOJRybk5EzrHzKVL0zQ\/edit&amp;source=gmail&amp;ust=1719475853542000&amp;usg=AOvVaw3hwuPrhk2XWFUxg3PEzhjp\">https:\/\/www.canva.<wbr \/>com\/design\/DAFmXHHxMCA\/<wbr \/>i03EOJRybk5EzrHzKVL0zQ\/edit<\/a><\/li>\n<\/ul>\n<p>2n d&#8217;ESO<\/p>\n<ul>\n<li><a href=\"https:\/\/agora.xtec.cat\/inselstresturons\/wp-content\/uploads\/usu1101\/2025\/06\/Recomanacions-d_estiu-2n-d_ESO-curs-24-25.pdf\">Recomanacions de totes les mat\u00e8ries per a alumnat que ha cursat 2n d&#8217;ESO<\/a><\/li>\n<li>Angl\u00e8s:\u00a0<a href=\"https:\/\/www.canva.com\/design\/DAFmV-TfI1c\/EQ-uN_0xbwfWHDq86KIVyA\/edit\" target=\"_blank\" rel=\"noopener\" data-saferedirecturl=\"https:\/\/www.google.com\/url?q=https:\/\/www.canva.com\/design\/DAFmV-TfI1c\/EQ-uN_0xbwfWHDq86KIVyA\/edit&amp;source=gmail&amp;ust=1719475853542000&amp;usg=AOvVaw33HEssjGCc9xqADMAlYMfa\">https:\/\/www.canva.com\/design\/<wbr \/>DAFmV-TfI1c\/EQ-uN_<wbr \/>0xbwfWHDq86KIVyA\/edit<\/a><\/li>\n<li>Franc\u00e8s:\u00a0<a href=\"https:\/\/www.canva.com\/design\/DAFmXHHxMCA\/i03EOJRybk5EzrHzKVL0zQ\/edit\" target=\"_blank\" rel=\"noopener\" data-saferedirecturl=\"https:\/\/www.google.com\/url?q=https:\/\/www.canva.com\/design\/DAFmXHHxMCA\/i03EOJRybk5EzrHzKVL0zQ\/edit&amp;source=gmail&amp;ust=1719475853542000&amp;usg=AOvVaw3hwuPrhk2XWFUxg3PEzhjp\">https:\/\/www.canva.<wbr \/>com\/design\/DAFmXHHxMCA\/<wbr \/>i03EOJRybk5EzrHzKVL0zQ\/edit<\/a><\/li>\n<\/ul>\n<p>3r d&#8217;ESO<\/p>\n<ul>\n<li><a href=\"https:\/\/agora.xtec.cat\/inselstresturons\/wp-content\/uploads\/usu1101\/2025\/06\/Recomanacions-d_estiu-3r-d_ESO-curs-24-25.pdf\">Recomanacions de totes les mat\u00e8ries per a alumnat que ha cursat 3r d&#8217;ESO<\/a><\/li>\n<li><a href=\"https:\/\/agora.xtec.cat\/inselstresturons\/wp-content\/uploads\/usu1101\/2021\/06\/LECTURES-CIENT\u00cdFIQUES-DESTIU-3r-dESO.pdf\">Lectures cient\u00edfiques d&#8217;estiu per a 3r d&#8217;ESO<\/a><\/li>\n<li>Angl\u00e8s:\u00a0<a href=\"https:\/\/www.canva.com\/design\/DAFmV-TfI1c\/EQ-uN_0xbwfWHDq86KIVyA\/edit\" target=\"_blank\" rel=\"noopener\" data-saferedirecturl=\"https:\/\/www.google.com\/url?q=https:\/\/www.canva.com\/design\/DAFmV-TfI1c\/EQ-uN_0xbwfWHDq86KIVyA\/edit&amp;source=gmail&amp;ust=1719475853542000&amp;usg=AOvVaw33HEssjGCc9xqADMAlYMfa\">https:\/\/www.canva.com\/design\/<wbr \/>DAFmV-TfI1c\/EQ-uN_<wbr \/>0xbwfWHDq86KIVyA\/edit<\/a><\/li>\n<li>Franc\u00e8s:\u00a0<a href=\"https:\/\/www.canva.com\/design\/DAFmXHHxMCA\/i03EOJRybk5EzrHzKVL0zQ\/edit\" target=\"_blank\" rel=\"noopener\" data-saferedirecturl=\"https:\/\/www.google.com\/url?q=https:\/\/www.canva.com\/design\/DAFmXHHxMCA\/i03EOJRybk5EzrHzKVL0zQ\/edit&amp;source=gmail&amp;ust=1719475853542000&amp;usg=AOvVaw3hwuPrhk2XWFUxg3PEzhjp\">https:\/\/www.canva.<wbr \/>com\/design\/DAFmXHHxMCA\/<wbr \/>i03EOJRybk5EzrHzKVL0zQ\/edit<\/a><\/li>\n<\/ul>\n<p>&nbsp;<\/p>\n","protected":false},"excerpt":{"rendered":"<p>Recomanacions per a l&#8217;estiu del curs 2024-2025<br \/>\nSobre la lectura i recomanacions d&#8217;estiu<br \/>\n1. Sobre la lectura<br \/>\nSabem que la comprensi\u00f3 lectora \u00e9s la clau de l&#8217;aprenentatge. Amb l&#8217;\u00fas de les noves tecnologies hem detectat que l&#8217;alumnat ha baixat el seu nivell de lectura i per aquest motiu&hellip;  <a href=\"https:\/\/agora.xtec.cat\/inselstresturons\/organitzacio-del-curs\/recomanacions-destiu\/\" title=\"Read Recomanacions d&#8217;estiu\">Llegeix m\u00e9s\u00bb<\/a><\/p>\n","protected":false},"author":1,"featured_media":0,"parent":6347,"menu_order":10,"comment_status":"closed","ping_status":"closed","template":"page-templates\/side-menu.php","meta":{"_bbp_topic_count":0,"_bbp_reply_count":0,"_bbp_total_topic_count":0,"_bbp_total_reply_count":0,"_bbp_voice_count":0,"_bbp_anonymous_reply_count":0,"_bbp_topic_count_hidden":0,"_bbp_reply_count_hidden":0,"_bbp_forum_subforum_count":0,"footnotes":""},"class_list":["post-903","page","type-page","status-publish","hentry"],"post_mailing_queue_ids":[],"_links":{"self":[{"href":"https:\/\/agora.xtec.cat\/inselstresturons\/wp-json\/wp\/v2\/pages\/903","targetHints":{"allow":["GET"]}}],"collection":[{"href":"https:\/\/agora.xtec.cat\/inselstresturons\/wp-json\/wp\/v2\/pages"}],"about":[{"href":"https:\/\/agora.xtec.cat\/inselstresturons\/wp-json\/wp\/v2\/types\/page"}],"author":[{"embeddable":true,"href":"https:\/\/agora.xtec.cat\/inselstresturons\/wp-json\/wp\/v2\/users\/1"}],"replies":[{"embeddable":true,"href":"https:\/\/agora.xtec.cat\/inselstresturons\/wp-json\/wp\/v2\/comments?post=903"}],"version-history":[{"count":6,"href":"https:\/\/agora.xtec.cat\/inselstresturons\/wp-json\/wp\/v2\/pages\/903\/revisions"}],"predecessor-version":[{"id":11842,"href":"https:\/\/agora.xtec.cat\/inselstresturons\/wp-json\/wp\/v2\/pages\/903\/revisions\/11842"}],"up":[{"embeddable":true,"href":"https:\/\/agora.xtec.cat\/inselstresturons\/wp-json\/wp\/v2\/pages\/6347"}],"wp:attachment":[{"href":"https:\/\/agora.xtec.cat\/inselstresturons\/wp-json\/wp\/v2\/media?parent=903"}],"curies":[{"name":"wp","href":"https:\/\/api.w.org\/{rel}","templated":true}]}}