{"id":901,"date":"2016-06-13T12:48:35","date_gmt":"2016-06-13T11:48:35","guid":{"rendered":"http:\/\/agora.xtec.cat\/inselstresturons\/?page_id=901"},"modified":"2021-12-17T13:25:45","modified_gmt":"2021-12-17T12:25:45","slug":"organitzacio-curs-2020-2021","status":"publish","type":"page","link":"https:\/\/agora.xtec.cat\/inselstresturons\/organitzacio-del-curs\/organitzacio-curs-2020-2021\/","title":{"rendered":"Informacions i autoritzacions"},"content":{"rendered":"<h3>Recursos digitals utilitzats al centre<\/h3>\n<p>Us presentem tots els recursos que a l&#8217;Institut utilitzem a l&#8217;etapa de secund\u00e0ria, per aconseguir la m\u00e0xima compet\u00e8ncia digital. Podeu clicar la imatge accedir f\u00e0cilment a qualsevol d&#8217;aquestes eines.<\/p>\n<p><a href=\"https:\/\/agora.xtec.cat\/inselstresturons\/wp-content\/uploads\/usu1101\/2021\/12\/FOTO-APPS-CLICABLE-3.pdf\"><img loading=\"lazy\" decoding=\"async\" class=\"aligncenter size-full wp-image-6907\" src=\"https:\/\/agora.xtec.cat\/inselstresturons\/wp-content\/uploads\/usu1101\/2021\/11\/FOTO-APPS-131221.png\" alt=\"\" width=\"600\" height=\"400\" srcset=\"https:\/\/agora.xtec.cat\/inselstresturons\/wp-content\/uploads\/usu1101\/2021\/11\/FOTO-APPS-131221.png 600w, https:\/\/agora.xtec.cat\/inselstresturons\/wp-content\/uploads\/usu1101\/2021\/11\/FOTO-APPS-131221-300x200.png 300w\" sizes=\"auto, (max-width: 600px) 100vw, 600px\" \/><\/a><\/p>\n<p>Podeu veure l&#8217;explicaci\u00f3 dels recursos clicant <a href=\"https:\/\/agora.xtec.cat\/inselstresturons\/wp-content\/uploads\/usu1101\/2021\/11\/Apps-3.pdf\">aqu\u00ed<\/a>, i descarregar la imatge amb tots els enlla\u00e7os directes clicant <a href=\"https:\/\/agora.xtec.cat\/inselstresturons\/wp-content\/uploads\/usu1101\/2021\/12\/FOTO-APPS-CLICABLE.pdf\">aqu\u00ed<\/a>.<\/p>\n<h3>Sobre la pediculosi (els polls)<\/h3>\n<p>Podeu trobar informaci\u00f3 sobre la prevenci\u00f3, els s\u00edmptomes i el tractament en aquest <a href=\"https:\/\/canalsalut.gencat.cat\/ca\/detalls\/article\/Polls-00001\">enlla\u00e7 de Canal Salut<\/a>.<\/p>\n<p>\u00c9s recomanable que els alumnes afectats no assisteixin al centre educatiu fins que no s\u2019hagin sotm\u00e8s al tractament i hagin eliminat totes les ll\u00e9menes.<\/p>\n<h3><\/h3>\n<p>&nbsp;<\/p>\n<p>&nbsp;<\/p>\n<p>&nbsp;<\/p>\n<p>&nbsp;<\/p>\n<p>&nbsp;<\/p>\n<p>&nbsp;<\/p>\n<p>&nbsp;<\/p>\n<p>&nbsp;<\/p>\n<p>&nbsp;<\/p>\n<p>&nbsp;<\/p>\n<h4><strong>Cursos anteriors<\/strong><\/h4>\n<p>&nbsp;<\/p>\n<p>Documents a emplenar:<\/p>\n<p><a href=\"https:\/\/agora.xtec.cat\/inselstresturons\/wp-content\/uploads\/usu1101\/2018\/12\/Autoritzaci\u00f3-de-sortides-pernoctaci\u00f3.pdf\">\u00a0 \u00a0 \u00a0Autoritzaci\u00f3 de sortides amb pernoctaci\u00f3<\/a><\/p>\n<p><a href=\"https:\/\/agora.xtec.cat\/inselstresturons\/wp-content\/uploads\/usu1101\/2018\/12\/Carta-de-Comprom\u00eds.doc\">\u00a0 \u00a0 \u00a0Carta de Comprom\u00eds<\/a><\/p>\n<p><a href=\"https:\/\/agora.xtec.cat\/inselstresturons\/wp-content\/uploads\/usu1101\/2018\/12\/BERL\u00cdN_FITXA-AL.L\u00c8RGIES_INTOLER\u00c0NCIES.pdf\">\u00a0 \u00a0 \u00a0Fitxa al\u00b7l\u00e8rgies i intoler\u00e0ncies<\/a><\/p>\n<h4><span style=\"color: #000000;\">Viatge de 4t d&#8217;ESO<\/span><\/h4>\n<p>&nbsp;<\/p>\n<pre style=\"font-family: 'Helvetica Neue', Helvetica, Helvetica, Arial, sans-serif; font-size: 16px;\"><strong>Informaci\u00f3 dels Mossos d'Esquadra que fa refer\u00e8ncia a les sortides a l'estranger:<\/strong>\r\n\r\n<i>S'ha dut a terme una modificaci\u00f3 en l'autoritzaci\u00f3 de menors a viatjar a l'estranger a partir del dia 11 de febrer de 2020: els formularis de la PG-ME nom\u00e9s tindran validesa de 1 mes des de l\u2019expedici\u00f3 i no 3 mesos.<\/i>\r\n\r\n<i>El formulari que resta penjat a la pagina de la CME, ja ha estat modificat i per tant els pares\/mares que hagin de fer el document ja el trobaran actualitzat. Aix\u00ed mateix, a la mateixa pagina ja consta quina es la documentaci\u00f3 que cal aportar juntament amb el document de l'autoritzaci\u00f3, per validar el document a les depend\u00e8ncies policials.<\/i>\r\n\r\n<i>Pel que fa al documents expedits amb anterioritat a la data esmentada anteriorment, en\u00a0el que consti una validesa de 3 mesos no caldr\u00e0 fer cap modificaci\u00f3 del perm\u00eds ni document nou, essent aquest document v\u00e0lid per a viatjar.\r\n<\/i>\r\n\r\nAdjuntem dues adreces relacionades amb la gesti\u00f3:\r\n\r\nGesti\u00f3 dels papers:\u00a0<a href=\"https:\/\/mossos.gencat.cat\/ca\/detalls\/Tramit\/Declaracio-de-permis-de-viatge-a-lestranger-per-a-menors?category=&amp;moda=1\">https:\/\/mossos.gencat.cat\/ca\/detalls\/Tramit\/Declaracio-de-permis-de-viatge-a-lestranger-per-a-menors?category=&amp;moda=1<\/a>\r\n\r\n<a href=\"https:\/\/mossos.gencat.cat\/ca\/detalls\/Tramit\/Declaracio-de-permis-de-viatge-a-lestranger-per-a-menors?category=\">I<\/a>nformaci\u00f3 general + casos especials:\u00a0<a href=\"https:\/\/mossos.gencat.cat\/ca\/detalls\/Tramit\/Declaracio-de-permis-de-viatge-a-lestranger-per-a-menors?category=\">https:\/\/mossos.gencat.cat\/ca\/detalls\/Tramit\/Declaracio-de-permis-de-viatge-a-lestranger-per-a-menors?category=<\/a>\r\n\r\n<strong><span style=\"color: #800000;\">Document<\/span><\/strong>:\u00a0<a href=\"https:\/\/agora.xtec.cat\/inselstresturons\/wp-content\/uploads\/usu1101\/2020\/03\/7864_PR_M_03_Declaracio_de_permis_de_viatge_a_l_estranger_per_a_menors.doc\">Declaraci\u00f3 de perm\u00eds de viatge a l'estranger per a menors<\/a>\r\n\r\n\r\n\r\n\r\n<strong>Informaci\u00f3 del Departament d'Educaci\u00f3 sobre la gesti\u00f3 de papers per als alumnes estrangers<\/strong>:\r\n\r\n<i>En el cas de l<b>\u2019alumnat estranger<\/b>,\u00a0la\u00a0<a href=\"http:\/\/www.interior.gob.es\/ca\/web\/servicios-al-ciudadano\/pasaporte\/autorizacion-para-viaje-de-menores-al-extranjero\">nova instrucci\u00f3 de la secretaria general de seguretat del Ministerio del Interior<\/a>\u00a0\u00a0ordena la tramitaci\u00f3 del perm\u00eds en funci\u00f3 de la normativa vigent dels pa\u00efsos d\u2019origen d\u2019aquests alumnes. Hi ha pa\u00efsos com Romania, Regne Unit, Estats Units, Alemanya, Argentina, Irlanda, Su\u00efssa i Uruguai que no preveuen la necessitat de tramitar aquest tipus d\u2019autoritzacions. En canvi, n\u2019hi ha d\u2019altres com Ucra\u00efna, Marroc i Col\u00f2mbia que no tramiten l\u2019autoritzaci\u00f3 si els pares no donen els noms i DNI del professorat que acompanya als alumnes.<u><\/u><u><\/u><\/i>\r\n\r\n<i>Des del Departament d'Educaci\u00f3, s\u2019est\u00e0 treballant amb el Ministerio de Educaci\u00f3n per poder trobar una manera de gestionar aquests permisos amb facilitat. Fins a nou av\u00eds, les fam\u00edlies de l\u2019alumnat afectat hauran de tramitar els permisos en les condicions que regula la normativa del pa\u00eds d\u2019origen.\u00a0<\/i><a href=\"https:\/\/agora.xtec.cat\/inselstresturons\/wp-content\/uploads\/usu1101\/2019\/10\/Perm\u00eds-de-viatge-Mossos.doc\">Declaraci\u00f3 de perm\u00eds de viatge a l'estranger per a menors d'edat<\/a>. Aquest document s'ha de dur emplenat i acompanyat dels documents necessaris a la Comissaria dels Mossos, perqu\u00e8 en facin l'autoritzaci\u00f3. Cal fer-lo per cada vegada que se surt. <strong>Atenci\u00f3<\/strong>: el menors que hagin de viatjar a l'estranger que siguin estrangers residents amb perm\u00eds de resid\u00e8ncia, hauran\u00a0d'anar al seu consolat per a demanar aquesta autoritzaci\u00f3.<\/pre>\n<p>&nbsp;<\/p>\n","protected":false},"excerpt":{"rendered":"<p>Recursos digitals utilitzats al centre<br \/>\nUs presentem tots els recursos que a l&#8217;Institut utilitzem a l&#8217;etapa de secund\u00e0ria, per aconseguir la m\u00e0xima compet\u00e8ncia digital. Podeu clicar la imatge accedir f\u00e0cilment a qualsevol d&#8217;aquestes eines.<br \/>\n<a href=\"https:\/\/agora.xtec.cat\/inselstresturons\/wp-content\/uploads\/usu1101\/2021\/12\/FOTO-APPS-CLICABLE-3.pdf\"><\/a><br \/>\nPodeu veure l&#8217;explicaci\u00f3 dels recursos clicant <a href=\"https:\/\/agora.xtec.cat\/inselstresturons\/wp-content\/uploads\/usu1101\/2021\/11\/Apps-3.pdf\">aqu\u00ed<\/a>, i descarregar la imatge&hellip;  <a href=\"https:\/\/agora.xtec.cat\/inselstresturons\/organitzacio-del-curs\/organitzacio-curs-2020-2021\/\" title=\"Read Informacions i autoritzacions\">Llegeix m\u00e9s\u00bb<\/a><\/p>\n","protected":false},"author":1,"featured_media":0,"parent":6347,"menu_order":4,"comment_status":"closed","ping_status":"closed","template":"page-templates\/side-menu.php","meta":{"_bbp_topic_count":0,"_bbp_reply_count":0,"_bbp_total_topic_count":0,"_bbp_total_reply_count":0,"_bbp_voice_count":0,"_bbp_anonymous_reply_count":0,"_bbp_topic_count_hidden":0,"_bbp_reply_count_hidden":0,"_bbp_forum_subforum_count":0,"footnotes":""},"class_list":["post-901","page","type-page","status-publish","hentry"],"post_mailing_queue_ids":[],"_links":{"self":[{"href":"https:\/\/agora.xtec.cat\/inselstresturons\/wp-json\/wp\/v2\/pages\/901","targetHints":{"allow":["GET"]}}],"collection":[{"href":"https:\/\/agora.xtec.cat\/inselstresturons\/wp-json\/wp\/v2\/pages"}],"about":[{"href":"https:\/\/agora.xtec.cat\/inselstresturons\/wp-json\/wp\/v2\/types\/page"}],"author":[{"embeddable":true,"href":"https:\/\/agora.xtec.cat\/inselstresturons\/wp-json\/wp\/v2\/users\/1"}],"replies":[{"embeddable":true,"href":"https:\/\/agora.xtec.cat\/inselstresturons\/wp-json\/wp\/v2\/comments?post=901"}],"version-history":[{"count":4,"href":"https:\/\/agora.xtec.cat\/inselstresturons\/wp-json\/wp\/v2\/pages\/901\/revisions"}],"predecessor-version":[{"id":6920,"href":"https:\/\/agora.xtec.cat\/inselstresturons\/wp-json\/wp\/v2\/pages\/901\/revisions\/6920"}],"up":[{"embeddable":true,"href":"https:\/\/agora.xtec.cat\/inselstresturons\/wp-json\/wp\/v2\/pages\/6347"}],"wp:attachment":[{"href":"https:\/\/agora.xtec.cat\/inselstresturons\/wp-json\/wp\/v2\/media?parent=901"}],"curies":[{"name":"wp","href":"https:\/\/api.w.org\/{rel}","templated":true}]}}