{"id":831,"date":"2016-06-06T12:52:48","date_gmt":"2016-06-06T11:52:48","guid":{"rendered":"http:\/\/agora.xtec.cat\/inselstresturons\/?page_id=831"},"modified":"2021-09-28T09:11:51","modified_gmt":"2021-09-28T07:11:51","slug":"treball-de-sintesi","status":"publish","type":"page","link":"https:\/\/agora.xtec.cat\/inselstresturons\/estudisdelcentre\/leso\/treball-de-sintesi\/","title":{"rendered":"Treballs de S\u00edntesi d&#8217;ESO"},"content":{"rendered":"<p>El nostre Projecte de centre des de fa molts cursos es basa en realitzar un Treball de S\u00edntesi d&#8217;immersi\u00f3 comarcal. Per aix\u00f2 estudiem una comarca costanera o d&#8217;interior i ens hi desplacem per viure-la plenament.<\/p>\n<h4><\/h4>\n<h4><strong>CURS 2018-2019<\/strong><\/h4>\n<p><span style=\"color: #800080;\">1r d&#8217;ESO<\/span><\/p>\n<p>Horaris generals, material i normativa: <a href=\"https:\/\/agora.xtec.cat\/inselstresturons\/wp-content\/uploads\/usu1101\/2019\/03\/Normativa-material-i-activitats-signatura-1r-dESO.pdf\">Normativa, material i activitats (signatura) 1r d&#8217;ESO<\/a><\/p>\n<p>Adre\u00e7a de la p\u00e0gina web de refer\u00e8ncia:\u00a0<a href=\"https:\/\/sites.google.com\/elstresturons.cat\/delta\">https:\/\/sites.google.com\/elstresturons.cat\/delta<\/a><\/p>\n<p>Dossier dels que treballen el Delta des d&#8217;Arenys:\u00a0<a href=\"https:\/\/agora.xtec.cat\/inselstresturons\/wp-content\/uploads\/usu1101\/2019\/03\/18-19-DELTA-a-l_Institut.doc.pdf\">Dossier DELTA a l&#8217;Institut<\/a><\/p>\n<p>Distribuci\u00f3 dels tribunals d&#8217;avaluaci\u00f3:<\/p>\n<p><span style=\"color: #800080;\">2n d&#8217;ESO<\/span><\/p>\n<p>Horaris generals, material i normativa:\u00a0<a href=\"https:\/\/agora.xtec.cat\/inselstresturons\/wp-content\/uploads\/usu1101\/2019\/03\/Normativa-material-i-activitats-signatura-2n-dESO.pdf\">Normativa, material i activitats (signatura) 2n d&#8217;ESO<\/a><\/p>\n<p>Dossier dels que marxen al Pallars Juss\u00e0:\u00a0<a style=\"color: #2795b6;\" href=\"https:\/\/agora.xtec.cat\/inselstresturons\/wp-content\/uploads\/usu1101\/2019\/03\/MARXEN-dossier-provisional-pallars-2019.pdf\">Dossier PALLARS<\/a><\/p>\n<p>Dossier dels que treballen el Pallars des d&#8217;Arenys:\u00a0<a href=\"https:\/\/agora.xtec.cat\/inselstresturons\/wp-content\/uploads\/usu1101\/2019\/03\/C\u00f2pia-de-ES-QUEDEN-dossier-pallars-provisional-.pdf\">Dossier PALLARS a l&#8217;Institut<\/a><\/p>\n<p>Dossier dels que treballen el Pallars des d&#8221;Arenys (material adaptat):\u00a0<a href=\"https:\/\/agora.xtec.cat\/inselstresturons\/wp-content\/uploads\/usu1101\/2019\/03\/Pallars-des-de-linstitut-adaptat.pdf\">Dossier PALLARS des de l&#8217;Institut (adaptat)<\/a><\/p>\n<p>Document de Sal\u00e0s de Pallars. Les botigues museu:\u00a0<a href=\"http:\/\/agora.xtec.cat\/inselstresturons\/wp-content\/uploads\/usu1101\/2016\/06\/Sal\u00e0s-de-Pallars.pdf\">Sal\u00e0s de Pallars<\/a><\/p>\n<p>Document de l&#8217;observaci\u00f3 del cel:\u00a0<a href=\"http:\/\/agora.xtec.cat\/inselstresturons\/wp-content\/uploads\/usu1101\/2016\/06\/Observaci\u00f3-del-cel-.pdf\">Observaci\u00f3 del cel<\/a><\/p>\n<p>Distribuci\u00f3 dels tribunals d&#8217;avaluaci\u00f3:<\/p>\n<p><span style=\"color: #800080;\">3r d&#8217;ESO<\/span><\/p>\n<p>Adre\u00e7a de la p\u00e0gina web de refer\u00e8ncia:\u00a0<a href=\"https:\/\/sites.google.com\/elstresturons.cat\/elmaresme\">https:\/\/sites.google.com\/elstresturons.cat\/elmaresme<\/a><\/p>\n<p>Distribuci\u00f3 dels tribunals d&#8217;avaluaci\u00f3:<\/p>\n","protected":false},"excerpt":{"rendered":"<p>El nostre Projecte de centre des de fa molts cursos es basa en realitzar un Treball de S\u00edntesi d&#8217;immersi\u00f3 comarcal. Per aix\u00f2 estudiem una comarca costanera o d&#8217;interior i ens hi desplacem per viure-la plenament.<\/p>\n<p>CURS 2018-2019<br \/>\n1r d&#8217;ESO<br \/>\nHoraris generals, material i normativa: <a href=\"https:\/\/agora.xtec.cat\/inselstresturons\/wp-content\/uploads\/usu1101\/2019\/03\/Normativa-material-i-activitats-signatura-1r-dESO.pdf\">Normativa, material i&hellip;  <a href=\"https:\/\/agora.xtec.cat\/inselstresturons\/estudisdelcentre\/leso\/treball-de-sintesi\/\" title=\"Read Treballs de S\u00edntesi d&#8217;ESO\">Llegeix m\u00e9s\u00bb<\/a><\/p>\n","protected":false},"author":1,"featured_media":0,"parent":6372,"menu_order":1,"comment_status":"closed","ping_status":"closed","template":"page-templates\/side-menu.php","meta":{"_bbp_topic_count":0,"_bbp_reply_count":0,"_bbp_total_topic_count":0,"_bbp_total_reply_count":0,"_bbp_voice_count":0,"_bbp_anonymous_reply_count":0,"_bbp_topic_count_hidden":0,"_bbp_reply_count_hidden":0,"_bbp_forum_subforum_count":0,"footnotes":""},"class_list":["post-831","page","type-page","status-publish","hentry"],"post_mailing_queue_ids":[],"_links":{"self":[{"href":"https:\/\/agora.xtec.cat\/inselstresturons\/wp-json\/wp\/v2\/pages\/831","targetHints":{"allow":["GET"]}}],"collection":[{"href":"https:\/\/agora.xtec.cat\/inselstresturons\/wp-json\/wp\/v2\/pages"}],"about":[{"href":"https:\/\/agora.xtec.cat\/inselstresturons\/wp-json\/wp\/v2\/types\/page"}],"author":[{"embeddable":true,"href":"https:\/\/agora.xtec.cat\/inselstresturons\/wp-json\/wp\/v2\/users\/1"}],"replies":[{"embeddable":true,"href":"https:\/\/agora.xtec.cat\/inselstresturons\/wp-json\/wp\/v2\/comments?post=831"}],"version-history":[{"count":4,"href":"https:\/\/agora.xtec.cat\/inselstresturons\/wp-json\/wp\/v2\/pages\/831\/revisions"}],"predecessor-version":[{"id":6625,"href":"https:\/\/agora.xtec.cat\/inselstresturons\/wp-json\/wp\/v2\/pages\/831\/revisions\/6625"}],"up":[{"embeddable":true,"href":"https:\/\/agora.xtec.cat\/inselstresturons\/wp-json\/wp\/v2\/pages\/6372"}],"wp:attachment":[{"href":"https:\/\/agora.xtec.cat\/inselstresturons\/wp-json\/wp\/v2\/media?parent=831"}],"curies":[{"name":"wp","href":"https:\/\/api.w.org\/{rel}","templated":true}]}}