{"id":7913,"date":"2022-06-29T19:43:12","date_gmt":"2022-06-29T17:43:12","guid":{"rendered":"https:\/\/agora.xtec.cat\/inselstresturons\/?page_id=7913"},"modified":"2022-07-16T09:55:19","modified_gmt":"2022-07-16T07:55:19","slug":"estrategia-digital-de-centre","status":"publish","type":"page","link":"https:\/\/agora.xtec.cat\/inselstresturons\/linstitut\/estrategia-digital-de-centre\/","title":{"rendered":"Estrat\u00e8gia digital de centre"},"content":{"rendered":"<p>L&#8217;Institut analitza, planifica i valora la situaci\u00f3 i els aven\u00e7os en coneixements i usos digitals. Podeu consultar el nostre <a href=\"https:\/\/sites.google.com\/elstresturons.cat\/estrategiadigital\">pla d&#8217;Estrat\u00e8gia digital de centre clicant aquest enlla\u00e7.<\/a><\/p>\n<p><a href=\"https:\/\/sites.google.com\/elstresturons.cat\/estrategiadigital\"><img loading=\"lazy\" decoding=\"async\" class=\"aligncenter wp-image-7915\" src=\"https:\/\/agora.xtec.cat\/inselstresturons\/wp-content\/uploads\/usu1101\/2022\/06\/Banner-EDC.jpg\" alt=\"\" width=\"984\" height=\"195\" srcset=\"https:\/\/agora.xtec.cat\/inselstresturons\/wp-content\/uploads\/usu1101\/2022\/06\/Banner-EDC.jpg 1862w, https:\/\/agora.xtec.cat\/inselstresturons\/wp-content\/uploads\/usu1101\/2022\/06\/Banner-EDC-300x59.jpg 300w, https:\/\/agora.xtec.cat\/inselstresturons\/wp-content\/uploads\/usu1101\/2022\/06\/Banner-EDC-1024x203.jpg 1024w, https:\/\/agora.xtec.cat\/inselstresturons\/wp-content\/uploads\/usu1101\/2022\/06\/Banner-EDC-768x152.jpg 768w, https:\/\/agora.xtec.cat\/inselstresturons\/wp-content\/uploads\/usu1101\/2022\/06\/Banner-EDC-1536x304.jpg 1536w\" sizes=\"auto, (max-width: 984px) 100vw, 984px\" \/><\/a><\/p>\n<h4>Recursos digitals utilitzats al centre<\/h4>\n<p>Us presentem tots els recursos que a l\u2019Institut utilitzem a l\u2019etapa de secund\u00e0ria, per aconseguir la m\u00e0xima compet\u00e8ncia digital. Podeu clicar la imatge accedir f\u00e0cilment a qualsevol d\u2019aquestes eines.<\/p>\n<p><a href=\"https:\/\/agora.xtec.cat\/inselstresturons\/wp-content\/uploads\/usu1101\/2021\/12\/FOTO-APPS-CLICABLE-3.pdf\"><img loading=\"lazy\" decoding=\"async\" class=\"aligncenter size-full wp-image-6907\" src=\"https:\/\/agora.xtec.cat\/inselstresturons\/wp-content\/uploads\/usu1101\/2021\/11\/FOTO-APPS-131221.png\" sizes=\"auto, (max-width: 600px) 100vw, 600px\" srcset=\"https:\/\/agora.xtec.cat\/inselstresturons\/wp-content\/uploads\/usu1101\/2021\/11\/FOTO-APPS-131221.png 600w, https:\/\/agora.xtec.cat\/inselstresturons\/wp-content\/uploads\/usu1101\/2021\/11\/FOTO-APPS-131221-300x200.png 300w\" alt=\"\" width=\"600\" height=\"400\" \/><\/a><\/p>\n<p>Podeu veure l\u2019explicaci\u00f3 dels recursos clicant\u00a0<a href=\"https:\/\/agora.xtec.cat\/inselstresturons\/wp-content\/uploads\/usu1101\/2021\/11\/Apps-3.pdf\">aqu\u00ed<\/a>, i descarregar la imatge amb tots els enlla\u00e7os directes clicant\u00a0<a href=\"https:\/\/agora.xtec.cat\/inselstresturons\/wp-content\/uploads\/usu1101\/2021\/12\/FOTO-APPS-CLICABLE.pdf\">aqu\u00ed<\/a>.<\/p>\n","protected":false},"excerpt":{"rendered":"<p>L&#8217;Institut analitza, planifica i valora la situaci\u00f3 i els aven\u00e7os en coneixements i usos digitals. Podeu consultar el nostre <a href=\"https:\/\/sites.google.com\/elstresturons.cat\/estrategiadigital\">pla d&#8217;Estrat\u00e8gia digital de centre clicant aquest enlla\u00e7.<\/a><br \/>\n<a href=\"https:\/\/sites.google.com\/elstresturons.cat\/estrategiadigital\"><\/a><br \/>\nRecursos digitals utilitzats al centre<br \/>\nUs presentem tots els recursos que a l\u2019Institut utilitzem a l\u2019etapa de secund\u00e0ria,&hellip;  <a href=\"https:\/\/agora.xtec.cat\/inselstresturons\/linstitut\/estrategia-digital-de-centre\/\" title=\"Read Estrat\u00e8gia digital de centre\">Llegeix m\u00e9s\u00bb<\/a><\/p>\n","protected":false},"author":1,"featured_media":0,"parent":19,"menu_order":8,"comment_status":"closed","ping_status":"closed","template":"page-templates\/side-menu.php","meta":{"_bbp_topic_count":0,"_bbp_reply_count":0,"_bbp_total_topic_count":0,"_bbp_total_reply_count":0,"_bbp_voice_count":0,"_bbp_anonymous_reply_count":0,"_bbp_topic_count_hidden":0,"_bbp_reply_count_hidden":0,"_bbp_forum_subforum_count":0,"footnotes":""},"class_list":["post-7913","page","type-page","status-publish","hentry"],"post_mailing_queue_ids":[],"_links":{"self":[{"href":"https:\/\/agora.xtec.cat\/inselstresturons\/wp-json\/wp\/v2\/pages\/7913","targetHints":{"allow":["GET"]}}],"collection":[{"href":"https:\/\/agora.xtec.cat\/inselstresturons\/wp-json\/wp\/v2\/pages"}],"about":[{"href":"https:\/\/agora.xtec.cat\/inselstresturons\/wp-json\/wp\/v2\/types\/page"}],"author":[{"embeddable":true,"href":"https:\/\/agora.xtec.cat\/inselstresturons\/wp-json\/wp\/v2\/users\/1"}],"replies":[{"embeddable":true,"href":"https:\/\/agora.xtec.cat\/inselstresturons\/wp-json\/wp\/v2\/comments?post=7913"}],"version-history":[{"count":3,"href":"https:\/\/agora.xtec.cat\/inselstresturons\/wp-json\/wp\/v2\/pages\/7913\/revisions"}],"predecessor-version":[{"id":8016,"href":"https:\/\/agora.xtec.cat\/inselstresturons\/wp-json\/wp\/v2\/pages\/7913\/revisions\/8016"}],"up":[{"embeddable":true,"href":"https:\/\/agora.xtec.cat\/inselstresturons\/wp-json\/wp\/v2\/pages\/19"}],"wp:attachment":[{"href":"https:\/\/agora.xtec.cat\/inselstresturons\/wp-json\/wp\/v2\/media?parent=7913"}],"curies":[{"name":"wp","href":"https:\/\/api.w.org\/{rel}","templated":true}]}}