{"id":7899,"date":"2022-06-29T18:32:44","date_gmt":"2022-06-29T16:32:44","guid":{"rendered":"https:\/\/agora.xtec.cat\/inselstresturons\/?page_id=7899"},"modified":"2025-06-28T07:28:22","modified_gmt":"2025-06-28T05:28:22","slug":"iddink","status":"publish","type":"page","link":"https:\/\/agora.xtec.cat\/inselstresturons\/organitzacio-del-curs\/llibres-i-material\/iddink\/","title":{"rendered":"Iddink"},"content":{"rendered":"<p><img loading=\"lazy\" decoding=\"async\" class=\"aligncenter size-full wp-image-11867\" src=\"https:\/\/agora.xtec.cat\/inselstresturons\/wp-content\/uploads\/usu1101\/2025\/06\/iddink-1.jpg\" alt=\"\" width=\"797\" height=\"447\" srcset=\"https:\/\/agora.xtec.cat\/inselstresturons\/wp-content\/uploads\/usu1101\/2025\/06\/iddink-1.jpg 797w, https:\/\/agora.xtec.cat\/inselstresturons\/wp-content\/uploads\/usu1101\/2025\/06\/iddink-1-300x168.jpg 300w, https:\/\/agora.xtec.cat\/inselstresturons\/wp-content\/uploads\/usu1101\/2025\/06\/iddink-1-768x431.jpg 768w\" sizes=\"auto, (max-width: 797px) 100vw, 797px\" \/><\/p>\n<p><img loading=\"lazy\" decoding=\"async\" class=\"aligncenter size-full wp-image-11868\" src=\"https:\/\/agora.xtec.cat\/inselstresturons\/wp-content\/uploads\/usu1101\/2025\/06\/iddink-2.jpg\" alt=\"\" width=\"797\" height=\"447\" srcset=\"https:\/\/agora.xtec.cat\/inselstresturons\/wp-content\/uploads\/usu1101\/2025\/06\/iddink-2.jpg 797w, https:\/\/agora.xtec.cat\/inselstresturons\/wp-content\/uploads\/usu1101\/2025\/06\/iddink-2-300x168.jpg 300w, https:\/\/agora.xtec.cat\/inselstresturons\/wp-content\/uploads\/usu1101\/2025\/06\/iddink-2-768x431.jpg 768w\" sizes=\"auto, (max-width: 797px) 100vw, 797px\" \/><\/p>\n<p>&nbsp;<\/p>\n<ul>\n<li><a href=\"https:\/\/microsites.iddink.es\/ca\/349_institut_els_tres_turons\/\">Enlla\u00e7 per fer la comanda<\/a> i <a href=\"https:\/\/agora.xtec.cat\/inselstresturons\/wp-content\/uploads\/usu1101\/2024\/06\/349_flyerPO_2024.pdf\">codi<\/a><\/li>\n<li><a href=\"https:\/\/agora.xtec.cat\/inselstresturons\/wp-content\/uploads\/usu1101\/2025\/06\/2025-Val-escolar.pdf\">Com utilitzar el VAL ESCOLAR<\/a><\/li>\n<li>Com comprar a Iddink: <a href=\"https:\/\/agora.xtec.cat\/inselstresturons\/wp-content\/uploads\/usu1101\/2024\/06\/349-2024-CAT-COM-COMPRAR-VP-Copia.pdf\">infografia<\/a> \/\u00a0<a style=\"color: #2795b6;\" href=\"https:\/\/vimeo.com\/427671538\">V\u00eddeo\u00a0<\/a><\/li>\n<li>Com retornar els ecoBooks: <a href=\"https:\/\/agora.xtec.cat\/inselstresturons\/wp-content\/uploads\/usu1101\/2024\/06\/CAT-Com-retornar-els-ecoBooks-2.png\">infografia<\/a> \/ <a href=\"https:\/\/vimeo.com\/437081582\">V\u00eddeo\u00a0<\/a><\/li>\n<li>Com tractar els ecoBooks:<a style=\"color: #2795b6;\" href=\"https:\/\/agora.xtec.cat\/inselstresturons\/wp-content\/uploads\/usu1101\/2024\/06\/CAT-Com-tractar-els-ecoBooks.png\">\u00a0infografia<\/a>\u00a0\/\u00a0<a style=\"color: #2795b6;\" href=\"https:\/\/vimeo.com\/45076699\">V\u00eddeo\u00a0<\/a><\/li>\n<li><a href=\"https:\/\/agora.xtec.cat\/inselstresturons\/wp-content\/uploads\/usu1101\/2024\/06\/CAT-Criteris-de-qualitat-scaled.jpg\">Criteris de qualitat<\/a><\/li>\n<li><a style=\"color: #2795b6;\" href=\"https:\/\/vimeo.com\/418474967\">V\u00eddeo explicatiu Iddink per a fam\u00edlies (en catal\u00e0) <\/a>\/ <a href=\"https:\/\/vimeo.com\/418474411\">(en castell\u00e0)\u00a0<\/a><\/li>\n<\/ul>\n","protected":false},"excerpt":{"rendered":"<p>&nbsp;<\/p>\n<ul>\n<li><a href=\"https:\/\/microsites.iddink.es\/ca\/349_institut_els_tres_turons\/\">Enlla\u00e7 per fer la comanda<\/a> i <a href=\"https:\/\/agora.xtec.cat\/inselstresturons\/wp-content\/uploads\/usu1101\/2024\/06\/349_flyerPO_2024.pdf\">codi<\/a><\/li>\n<li><a href=\"https:\/\/agora.xtec.cat\/inselstresturons\/wp-content\/uploads\/usu1101\/2025\/06\/2025-Val-escolar.pdf\">Com utilitzar el VAL ESCOLAR<\/a><\/li>\n<li>Com comprar a Iddink: <a href=\"https:\/\/agora.xtec.cat\/inselstresturons\/wp-content\/uploads\/usu1101\/2024\/06\/349-2024-CAT-COM-COMPRAR-VP-Copia.pdf\">infografia<\/a> \/\u00a0<a style=\"color: #2795b6;\" href=\"https:\/\/vimeo.com\/427671538\">V\u00eddeo\u00a0<\/a><\/li>\n<li>Com retornar els ecoBooks: <a href=\"https:\/\/agora.xtec.cat\/inselstresturons\/wp-content\/uploads\/usu1101\/2024\/06\/CAT-Com-retornar-els-ecoBooks-2.png\">infografia<\/a> \/ <a href=\"https:\/\/vimeo.com\/437081582\">V\u00eddeo\u00a0<\/a><\/li>\n<li>Com tractar els ecoBooks:<a style=\"color: #2795b6;\" href=\"https:\/\/agora.xtec.cat\/inselstresturons\/wp-content\/uploads\/usu1101\/2024\/06\/CAT-Com-tractar-els-ecoBooks.png\">\u00a0infografia<\/a>\u00a0\/\u00a0<a style=\"color: #2795b6;\" href=\"https:\/\/vimeo.com\/45076699\">V\u00eddeo\u00a0<\/a><\/li>\n<li><a href=\"https:\/\/agora.xtec.cat\/inselstresturons\/wp-content\/uploads\/usu1101\/2024\/06\/CAT-Criteris-de-qualitat-scaled.jpg\">Criteris de qualitat<\/a><\/li>\n<li><a style=\"color: #2795b6;\"&hellip;  <a href=\"https:\/\/agora.xtec.cat\/inselstresturons\/organitzacio-del-curs\/llibres-i-material\/iddink\/\" title=\"Read Iddink\">Llegeix m\u00e9s\u00bb<\/a><br \/>\n","protected":false},"author":1,"featured_media":0,"parent":5527,"menu_order":0,"comment_status":"closed","ping_status":"closed","template":"page-templates\/side-menu.php","meta":{"_bbp_topic_count":0,"_bbp_reply_count":0,"_bbp_total_topic_count":0,"_bbp_total_reply_count":0,"_bbp_voice_count":0,"_bbp_anonymous_reply_count":0,"_bbp_topic_count_hidden":0,"_bbp_reply_count_hidden":0,"_bbp_forum_subforum_count":0,"footnotes":""},"class_list":["post-7899","page","type-page","status-publish","hentry"],"post_mailing_queue_ids":[],"_links":{"self":[{"href":"https:\/\/agora.xtec.cat\/inselstresturons\/wp-json\/wp\/v2\/pages\/7899","targetHints":{"allow":["GET"]}}],"collection":[{"href":"https:\/\/agora.xtec.cat\/inselstresturons\/wp-json\/wp\/v2\/pages"}],"about":[{"href":"https:\/\/agora.xtec.cat\/inselstresturons\/wp-json\/wp\/v2\/types\/page"}],"author":[{"embeddable":true,"href":"https:\/\/agora.xtec.cat\/inselstresturons\/wp-json\/wp\/v2\/users\/1"}],"replies":[{"embeddable":true,"href":"https:\/\/agora.xtec.cat\/inselstresturons\/wp-json\/wp\/v2\/comments?post=7899"}],"version-history":[{"count":6,"href":"https:\/\/agora.xtec.cat\/inselstresturons\/wp-json\/wp\/v2\/pages\/7899\/revisions"}],"predecessor-version":[{"id":11872,"href":"https:\/\/agora.xtec.cat\/inselstresturons\/wp-json\/wp\/v2\/pages\/7899\/revisions\/11872"}],"up":[{"embeddable":true,"href":"https:\/\/agora.xtec.cat\/inselstresturons\/wp-json\/wp\/v2\/pages\/5527"}],"wp:attachment":[{"href":"https:\/\/agora.xtec.cat\/inselstresturons\/wp-json\/wp\/v2\/media?parent=7899"}],"curies":[{"name":"wp","href":"https:\/\/api.w.org\/{rel}","templated":true}]}}