{"id":6585,"date":"2021-09-20T11:53:54","date_gmt":"2021-09-20T09:53:54","guid":{"rendered":"https:\/\/agora.xtec.cat\/inselstresturons\/?page_id=6585"},"modified":"2026-01-31T10:06:57","modified_gmt":"2026-01-31T09:06:57","slug":"centre-formador","status":"publish","type":"page","link":"https:\/\/agora.xtec.cat\/inselstresturons\/projecte-educatiu\/centre-formador\/","title":{"rendered":"Centre formador"},"content":{"rendered":"<p>&nbsp;<\/p>\n<p>Ja fa anys que l\u2019institut rep estudiants universitaris en pr\u00e0ctiques. Des del curs 2019-2020, per\u00f2, Els Tres Turons forma part del\u00a0<strong>Programa d\u2019Innovaci\u00f3 Pedag\u00f2gica PINN MUFPS<\/strong>, esdevenint\u00a0<strong>centre formador<\/strong>\u00a0per a estudiants del M\u00e0ster Universitari de Formaci\u00f3 del Professorat de Secund\u00e0ria, Batxillerat i Cicles Formatius.<\/p>\n<p>Aix\u00f2 significa que rebem estudiants universitaris que fan les pr\u00e0ctiques per entrar al cos de professorat i els acompanyem en el seu proc\u00e9s d\u2019aprenentatge en refer\u00e8ncia al funcionament d\u2019un centre (programacions did\u00e0ctiques, avaluaci\u00f3, disseny d\u2019activitats competencials, gesti\u00f3 d\u2019aula, treball cooperatiu, tutories grupals i individuals, treball amb l\u2019entorn, reunions, etc.), sempre en estreta relaci\u00f3 i col\u00b7laboraci\u00f3 amb les universitats.<\/p>\n<p>Aquest programa posa \u00e8mfasi en el rol formador de tot l\u2019equip docent, i la formaci\u00f3 i la implicaci\u00f3 de l\u2019estudiant en pr\u00e0ctiques en el context de treball col\u00b7laboratiu del centre i amb l\u2019entorn. Alhora, aquesta pr\u00e0ctica ens permet fer una valoraci\u00f3 constructiva i continuada del nostre tarann\u00e0 com a centre i com a educadors i ensenyants.<\/p>\n<p><strong>Pla d&#8217;acollida de l&#8217;alumnat del MUFPS<\/strong><\/p>\n<p><img loading=\"lazy\" decoding=\"async\" class=\"aligncenter wp-image-12472\" src=\"https:\/\/agora.xtec.cat\/inselstresturons\/wp-content\/uploads\/usu1101\/2026\/01\/Pla-acollida-MUFPS-Els-Tres-Turons-1.png\" alt=\"\" width=\"495\" height=\"1460\" srcset=\"https:\/\/agora.xtec.cat\/inselstresturons\/wp-content\/uploads\/usu1101\/2026\/01\/Pla-acollida-MUFPS-Els-Tres-Turons-1.png 800w, https:\/\/agora.xtec.cat\/inselstresturons\/wp-content\/uploads\/usu1101\/2026\/01\/Pla-acollida-MUFPS-Els-Tres-Turons-1-102x300.png 102w, https:\/\/agora.xtec.cat\/inselstresturons\/wp-content\/uploads\/usu1101\/2026\/01\/Pla-acollida-MUFPS-Els-Tres-Turons-1-347x1024.png 347w, https:\/\/agora.xtec.cat\/inselstresturons\/wp-content\/uploads\/usu1101\/2026\/01\/Pla-acollida-MUFPS-Els-Tres-Turons-1-768x2265.png 768w, https:\/\/agora.xtec.cat\/inselstresturons\/wp-content\/uploads\/usu1101\/2026\/01\/Pla-acollida-MUFPS-Els-Tres-Turons-1-521x1536.png 521w, https:\/\/agora.xtec.cat\/inselstresturons\/wp-content\/uploads\/usu1101\/2026\/01\/Pla-acollida-MUFPS-Els-Tres-Turons-1-695x2048.png 695w\" sizes=\"auto, (max-width: 495px) 100vw, 495px\" \/><\/p>\n<p>&nbsp;<\/p>\n<p><img loading=\"lazy\" decoding=\"async\" class=\"aligncenter wp-image-6789\" src=\"https:\/\/agora.xtec.cat\/inselstresturons\/wp-content\/uploads\/usu1101\/2021\/10\/001_Geniallysintitulo-768x608-1.jpg\" sizes=\"auto, (max-width: 510px) 100vw, 510px\" srcset=\"https:\/\/agora.xtec.cat\/inselstresturons\/wp-content\/uploads\/usu1101\/2021\/10\/001_Geniallysintitulo-768x608-1.jpg 768w, https:\/\/agora.xtec.cat\/inselstresturons\/wp-content\/uploads\/usu1101\/2021\/10\/001_Geniallysintitulo-768x608-1-300x238.jpg 300w\" alt=\"\" width=\"493\" height=\"391\" \/><\/p>\n","protected":false},"excerpt":{"rendered":"<p>&nbsp;<br \/>\nJa fa anys que l\u2019institut rep estudiants universitaris en pr\u00e0ctiques. Des del curs 2019-2020, per\u00f2, Els Tres Turons forma part del\u00a0Programa d\u2019Innovaci\u00f3 Pedag\u00f2gica PINN MUFPS, esdevenint\u00a0centre formador\u00a0per a estudiants del M\u00e0ster Universitari de Formaci\u00f3 del Professorat de Secund\u00e0ria, Batxillerat i Cicles Formatius.<br \/>\nAix\u00f2 significa que rebem&hellip;  <a href=\"https:\/\/agora.xtec.cat\/inselstresturons\/projecte-educatiu\/centre-formador\/\" title=\"Read Centre formador\">Llegeix m\u00e9s\u00bb<\/a><\/p>\n","protected":false},"author":1,"featured_media":0,"parent":57,"menu_order":5,"comment_status":"closed","ping_status":"closed","template":"page-templates\/side-menu.php","meta":{"_bbp_topic_count":0,"_bbp_reply_count":0,"_bbp_total_topic_count":0,"_bbp_total_reply_count":0,"_bbp_voice_count":0,"_bbp_anonymous_reply_count":0,"_bbp_topic_count_hidden":0,"_bbp_reply_count_hidden":0,"_bbp_forum_subforum_count":0,"footnotes":""},"class_list":["post-6585","page","type-page","status-publish","hentry"],"post_mailing_queue_ids":[],"_links":{"self":[{"href":"https:\/\/agora.xtec.cat\/inselstresturons\/wp-json\/wp\/v2\/pages\/6585","targetHints":{"allow":["GET"]}}],"collection":[{"href":"https:\/\/agora.xtec.cat\/inselstresturons\/wp-json\/wp\/v2\/pages"}],"about":[{"href":"https:\/\/agora.xtec.cat\/inselstresturons\/wp-json\/wp\/v2\/types\/page"}],"author":[{"embeddable":true,"href":"https:\/\/agora.xtec.cat\/inselstresturons\/wp-json\/wp\/v2\/users\/1"}],"replies":[{"embeddable":true,"href":"https:\/\/agora.xtec.cat\/inselstresturons\/wp-json\/wp\/v2\/comments?post=6585"}],"version-history":[{"count":6,"href":"https:\/\/agora.xtec.cat\/inselstresturons\/wp-json\/wp\/v2\/pages\/6585\/revisions"}],"predecessor-version":[{"id":12473,"href":"https:\/\/agora.xtec.cat\/inselstresturons\/wp-json\/wp\/v2\/pages\/6585\/revisions\/12473"}],"up":[{"embeddable":true,"href":"https:\/\/agora.xtec.cat\/inselstresturons\/wp-json\/wp\/v2\/pages\/57"}],"wp:attachment":[{"href":"https:\/\/agora.xtec.cat\/inselstresturons\/wp-json\/wp\/v2\/media?parent=6585"}],"curies":[{"name":"wp","href":"https:\/\/api.w.org\/{rel}","templated":true}]}}