{"id":6546,"date":"2021-09-18T09:34:50","date_gmt":"2021-09-18T07:34:50","guid":{"rendered":"https:\/\/agora.xtec.cat\/inselstresturons\/?page_id=6546"},"modified":"2025-10-01T19:28:33","modified_gmt":"2025-10-01T17:28:33","slug":"gep-2016-2017","status":"publish","type":"page","link":"https:\/\/agora.xtec.cat\/inselstresturons\/gep-2016-2017\/","title":{"rendered":"GEP 2016-2017"},"content":{"rendered":"<p>A\u00a0<strong>Cultura i Valors \u00c8tics de 3r d\u2019ESO<\/strong>\u00a0s\u2019ha dut a terme un treball col\u00b7laboratiu on s\u2019ha estudiat el proc\u00e9s de socialitzaci\u00f3. La introducci\u00f3 ha consistit a veure com influeix l\u2019escola en aquest proc\u00e9s. Despr\u00e9s, per grups, s\u2019ha treballat els diferents aspectes de la socialitzaci\u00f3: la fam\u00edlia, els mitjans de comunicaci\u00f3, els companys i la religi\u00f3. Un grup ha buscat informaci\u00f3 sobre els\u00a0<em>nens salvatges<\/em>\u00a0i els\u00a0<em>Hakikomori<\/em>\u00a0japonesos, per veure les conseq\u00fc\u00e8ncies de la no socialitzaci\u00f3 o dels problemes que s\u2019han d\u2019afrontar quan no s\u2019encaixa en la societat que toca viure. Podeu visualitzar un v\u00eddeo resum al nostre canal de Youtube o clicant aquest\u00a0<strong><a href=\"https:\/\/youtu.be\/xHNocLC_S2c\">enlla\u00e7<\/a>.<\/strong><\/p>\n<p lang=\"es-ES\"><span lang=\"es-ES\">A les\u00a0<strong>tutories de 3r d\u2019ESO<\/strong>,\u00a0com hem fet en cursos anteriors,hem realitzat activitats en angl\u00e8s<\/span>. Deixant de banda les sortides, xerrades, cursets, neteges de pati i neguits i petits problemes que es solen tractar a tutoria, hem intentat aprofitar aquesta hora setmanal de tutoria per impulsar la llengua anglesa.<\/p>\n<p lang=\"ca-ES\">Aqu\u00ed teniu una petita mostra de les activitats que hem portat a terme:<\/p>\n<ol>\n<li lang=\"ca-ES\">Taller de Nadal \u2013 Vam preparar una carta al Reis Mags on varem expressar els nostres millors desitjos per aquest curs. Podeu veure el v\u00eddeo clicant\u00a0<strong><a href=\"https:\/\/youtu.be\/yZXKkqWha6M\">aqu\u00ed<\/a>.<\/strong><\/li>\n<\/ol>\n<p>2. Com millorar la nostra mem\u00f2ria \u2013 Amb l\u2019ajuda d\u2019un Power Point, vam treballar jocs nemot\u00e8cnics per tal de millorar la nostra mem\u00f2ria. Visualitzeu el power point clicant\u00a0<strong><a href=\"http:\/\/agora.xtec.cat\/inselstresturons\/wp-content\/uploads\/usu1101\/2016\/12\/T%C3%A8cniques-per-millorar-la-mem%C3%B2ria-III-in-English.ppt\">aqu\u00ed<\/a><\/strong>.<\/p>\n<p lang=\"ca-ES\">3. El segon condicional \u2013 Activitat dirigida a treballar el segon condicional: Si fos\u2026 seria\u2026<\/p>\n<p lang=\"ca-ES\"><span lang=\"en-US\">IF I WAS\/WERE\u2026 I WOULD BE\u2026<\/span><\/p>\n<p lang=\"ca-ES\"><span lang=\"en-US\">If I was\/were<\/span><span lang=\"en-US\"><b>\u00a0a subject, a month, character in a film, a song, an adjective, a TV programme, a food, free time activity, a drink, a job, etc.<\/b><\/span><\/p>\n<p lang=\"en-US\"><a href=\"http:\/\/agora.xtec.cat\/inselstresturons\/wp-content\/uploads\/usu1101\/2016\/12\/if-i-was-1.jpg\"><img loading=\"lazy\" decoding=\"async\" class=\"aligncenter wp-image-1841\" src=\"http:\/\/agora.xtec.cat\/inselstresturons\/wp-content\/uploads\/usu1101\/2016\/12\/if-i-was-1-768x1024.jpg\" sizes=\"auto, (max-width: 341px) 100vw, 341px\" srcset=\"https:\/\/agora.xtec.cat\/inselstresturons\/wp-content\/uploads\/usu1101\/2016\/12\/if-i-was-1-768x1024.jpg 768w, https:\/\/agora.xtec.cat\/inselstresturons\/wp-content\/uploads\/usu1101\/2016\/12\/if-i-was-1-225x300.jpg 225w, https:\/\/agora.xtec.cat\/inselstresturons\/wp-content\/uploads\/usu1101\/2016\/12\/if-i-was-1.jpg 960w\" alt=\"if i was\" width=\"341\" height=\"455\" \/><\/a><\/p>\n<p lang=\"en-US\"><span lang=\"es-ES\">4. La dona treballadora \u2013 El 8 de mar\u00e7 vam reflexionar sobre el dia de la\u00a0<\/span>dona treballadora i sobre la necessitat, encara avui, de lluitar per la igualtat de g\u00e8nere.<\/p>\n<p lang=\"ca-ES\">5. Drawing dictation \u2013 Tamb\u00e9 hem treballat els dictats de dibuixos:<\/p>\n<table class=\" aligncenter\">\n<tbody>\n<tr>\n<td><a href=\"http:\/\/agora.xtec.cat\/inselstresturons\/wp-content\/uploads\/usu1101\/2016\/12\/dictat-2.jpg\"><img loading=\"lazy\" decoding=\"async\" class=\"wp-image-1835 aligncenter\" src=\"http:\/\/agora.xtec.cat\/inselstresturons\/wp-content\/uploads\/usu1101\/2016\/12\/dictat-2-1024x768.jpg\" sizes=\"auto, (max-width: 283px) 100vw, 283px\" srcset=\"https:\/\/agora.xtec.cat\/inselstresturons\/wp-content\/uploads\/usu1101\/2016\/12\/dictat-2-1024x768.jpg 1024w, https:\/\/agora.xtec.cat\/inselstresturons\/wp-content\/uploads\/usu1101\/2016\/12\/dictat-2-300x225.jpg 300w, https:\/\/agora.xtec.cat\/inselstresturons\/wp-content\/uploads\/usu1101\/2016\/12\/dictat-2-768x576.jpg 768w, https:\/\/agora.xtec.cat\/inselstresturons\/wp-content\/uploads\/usu1101\/2016\/12\/dictat-2-200x150.jpg 200w, https:\/\/agora.xtec.cat\/inselstresturons\/wp-content\/uploads\/usu1101\/2016\/12\/dictat-2.jpg 1280w\" alt=\"dictat 2\" width=\"283\" height=\"213\" \/><\/a><\/td>\n<td><a href=\"http:\/\/agora.xtec.cat\/inselstresturons\/wp-content\/uploads\/usu1101\/2016\/12\/dictat.jpg\"><img loading=\"lazy\" decoding=\"async\" class=\"aligncenter size-large wp-image-1836\" src=\"http:\/\/agora.xtec.cat\/inselstresturons\/wp-content\/uploads\/usu1101\/2016\/12\/dictat-1024x768.jpg\" sizes=\"auto, (max-width: 1024px) 100vw, 1024px\" srcset=\"https:\/\/agora.xtec.cat\/inselstresturons\/wp-content\/uploads\/usu1101\/2016\/12\/dictat-1024x768.jpg 1024w, https:\/\/agora.xtec.cat\/inselstresturons\/wp-content\/uploads\/usu1101\/2016\/12\/dictat-300x225.jpg 300w, https:\/\/agora.xtec.cat\/inselstresturons\/wp-content\/uploads\/usu1101\/2016\/12\/dictat-768x576.jpg 768w, https:\/\/agora.xtec.cat\/inselstresturons\/wp-content\/uploads\/usu1101\/2016\/12\/dictat-200x150.jpg 200w, https:\/\/agora.xtec.cat\/inselstresturons\/wp-content\/uploads\/usu1101\/2016\/12\/dictat.jpg 1280w\" alt=\"dictat\" width=\"1024\" height=\"768\" \/><\/a><\/td>\n<\/tr>\n<\/tbody>\n<\/table>\n<p lang=\"en-US\"><i>There is a window. There is a desk under the window. There is a lamp on the desk. There are some books on the desk. There is also a computer on the desk. There is a plant plot with a big plant in the right corner. There is another window next to the plant. There are two posters on the wall next to the window. There is a bed under the posters. There are two t-shirts and socks on the bed. There is a picture of Mr Spock on the left of the desk. There is a rocking chair under Mr Spock\u2019s picture. There are two cats sleeping on the rocking chair. There is a clock next to the picture. It\u2019s ten past seven. You can see the mountains through the windows.<\/i><\/p>\n<p lang=\"ca-ES\">6. Diary \u2013 Els alumnes han escrit durant tot l\u2019any un diari en angl\u00e8s de manera optativa.<u><br \/>\n<a href=\"http:\/\/agora.xtec.cat\/inselstresturons\/wp-content\/uploads\/usu1101\/2016\/12\/diaries-2.jpg\"><img loading=\"lazy\" decoding=\"async\" class=\"aligncenter wp-image-1837\" src=\"http:\/\/agora.xtec.cat\/inselstresturons\/wp-content\/uploads\/usu1101\/2016\/12\/diaries-2-1024x768.jpg\" sizes=\"auto, (max-width: 392px) 100vw, 392px\" srcset=\"https:\/\/agora.xtec.cat\/inselstresturons\/wp-content\/uploads\/usu1101\/2016\/12\/diaries-2-1024x768.jpg 1024w, https:\/\/agora.xtec.cat\/inselstresturons\/wp-content\/uploads\/usu1101\/2016\/12\/diaries-2-300x225.jpg 300w, https:\/\/agora.xtec.cat\/inselstresturons\/wp-content\/uploads\/usu1101\/2016\/12\/diaries-2-768x576.jpg 768w, https:\/\/agora.xtec.cat\/inselstresturons\/wp-content\/uploads\/usu1101\/2016\/12\/diaries-2-200x150.jpg 200w, https:\/\/agora.xtec.cat\/inselstresturons\/wp-content\/uploads\/usu1101\/2016\/12\/diaries-2.jpg 1280w\" alt=\"diaries \" width=\"392\" height=\"294\" \/><\/a><\/u><\/p>\n<p lang=\"ca-ES\">7.\u00a0THE GENDER ROLES CHALLENGE. A m\u00e9s a m\u00e9s, amb els alumnes de 3r D s\u2019ha dut a terme un projecte per treballar els rols de g\u00e8nere\u00a0<span lang=\"ca-ES\">i com aquests rols influeixen en les persones i, per tant, en la societat. Aquest projecte nomenat\u00a0<\/span><span lang=\"ca-ES\"><i>\u201cThe Gender Roles Challenge\u201d<\/i><\/span><span lang=\"ca-ES\">\u00a0s\u2019ha dur a terme completament en angl\u00e8s i durant vuit sessions. La introducci\u00f3 ha consistit en un v\u00eddeo en llengua anglesa i diferents activitats (an\u00e0lisi del v\u00eddeo, debats, opinions, informaci\u00f3 d\u2019autors i autores destacats en la mat\u00e8ria, etc.) i s\u2019ha realitzat un\u00a0<\/span><span lang=\"ca-ES\"><i>mannequin challenge<\/i><\/span><span lang=\"ca-ES\">\u00a0com projecte final de la seq\u00fc\u00e8ncia did\u00e0ctica. Podeu accedir a fotos i v\u00eddeos de les activitats en aquest enlla\u00e7 &lt;<a href=\"https:\/\/goo.gl\/photos\/AuAywfskS3WUf23B9\" target=\"_blank\" rel=\"noopener noreferrer\">https:\/\/goo.gl\/photos\/AuAywfskS3WUf23B9<\/a>&gt; i veure el v\u00eddeo amb el\u00a0<\/span><span lang=\"ca-ES\"><i>mannequin challenge<\/i><\/span><span lang=\"ca-ES\"><a href=\"https:\/\/youtu.be\/fbazAnm-M5o\">\u00a0<strong>aqu\u00ed<\/strong><\/a><strong>.<\/strong><\/span><\/p>\n<p lang=\"ca-ES\">A 4t d\u2019ESO imparteixen en angl\u00e8s la mat\u00e8ria d\u2019<strong>Inform\u00e0tica.<\/strong><\/p>\n<p lang=\"ca-ES\"><iframe loading=\"lazy\" src=\"https:\/\/www.youtube.com\/embed\/8hWzVxlP6vw\" width=\"560\" height=\"314\" data-mce-fragment=\"1\"><\/iframe><\/p>\n<p lang=\"ca-ES\">Com que tamb\u00e9 fem en angl\u00e8s l\u2019<strong>\u00c8tica de 4t \u2018ESO<\/strong>, malgrat que no entra dins el projecte GEP, aqu\u00ed teniu una mostra d\u2019una activitat realitzada a Ethics aquest curs.<\/p>\n<p><a href=\"http:\/\/agora.xtec.cat\/inselstresturons\/wp-content\/uploads\/usu1101\/2016\/12\/20170424_122542.jpg\"><img loading=\"lazy\" decoding=\"async\" class=\"aligncenter wp-image-1715\" src=\"http:\/\/agora.xtec.cat\/inselstresturons\/wp-content\/uploads\/usu1101\/2016\/12\/20170424_122542-1024x576.jpg\" sizes=\"auto, (max-width: 554px) 100vw, 554px\" srcset=\"https:\/\/agora.xtec.cat\/inselstresturons\/wp-content\/uploads\/usu1101\/2016\/12\/20170424_122542-1024x576.jpg 1024w, https:\/\/agora.xtec.cat\/inselstresturons\/wp-content\/uploads\/usu1101\/2016\/12\/20170424_122542-300x169.jpg 300w, https:\/\/agora.xtec.cat\/inselstresturons\/wp-content\/uploads\/usu1101\/2016\/12\/20170424_122542-768x432.jpg 768w, https:\/\/agora.xtec.cat\/inselstresturons\/wp-content\/uploads\/usu1101\/2016\/12\/20170424_122542.jpg 1280w\" alt=\"Ethics\" width=\"554\" height=\"312\" \/><\/a><\/p>\n<p>&nbsp;<\/p>\n","protected":false},"excerpt":{"rendered":"<p>A\u00a0Cultura i Valors \u00c8tics de 3r d\u2019ESO\u00a0s\u2019ha dut a terme un treball col\u00b7laboratiu on s\u2019ha estudiat el proc\u00e9s de socialitzaci\u00f3. La introducci\u00f3 ha consistit a veure com influeix l\u2019escola en aquest proc\u00e9s. Despr\u00e9s, per grups, s\u2019ha treballat els diferents aspectes de la socialitzaci\u00f3: la fam\u00edlia,&hellip;  <a href=\"https:\/\/agora.xtec.cat\/inselstresturons\/gep-2016-2017\/\" title=\"Read GEP 2016-2017\">Llegeix m\u00e9s\u00bb<\/a><\/p>\n","protected":false},"author":1,"featured_media":0,"parent":0,"menu_order":0,"comment_status":"closed","ping_status":"closed","template":"page-templates\/side-menu.php","meta":{"_bbp_topic_count":0,"_bbp_reply_count":0,"_bbp_total_topic_count":0,"_bbp_total_reply_count":0,"_bbp_voice_count":0,"_bbp_anonymous_reply_count":0,"_bbp_topic_count_hidden":0,"_bbp_reply_count_hidden":0,"_bbp_forum_subforum_count":0,"footnotes":""},"class_list":["post-6546","page","type-page","status-publish","hentry"],"post_mailing_queue_ids":[],"_links":{"self":[{"href":"https:\/\/agora.xtec.cat\/inselstresturons\/wp-json\/wp\/v2\/pages\/6546","targetHints":{"allow":["GET"]}}],"collection":[{"href":"https:\/\/agora.xtec.cat\/inselstresturons\/wp-json\/wp\/v2\/pages"}],"about":[{"href":"https:\/\/agora.xtec.cat\/inselstresturons\/wp-json\/wp\/v2\/types\/page"}],"author":[{"embeddable":true,"href":"https:\/\/agora.xtec.cat\/inselstresturons\/wp-json\/wp\/v2\/users\/1"}],"replies":[{"embeddable":true,"href":"https:\/\/agora.xtec.cat\/inselstresturons\/wp-json\/wp\/v2\/comments?post=6546"}],"version-history":[{"count":2,"href":"https:\/\/agora.xtec.cat\/inselstresturons\/wp-json\/wp\/v2\/pages\/6546\/revisions"}],"predecessor-version":[{"id":6560,"href":"https:\/\/agora.xtec.cat\/inselstresturons\/wp-json\/wp\/v2\/pages\/6546\/revisions\/6560"}],"wp:attachment":[{"href":"https:\/\/agora.xtec.cat\/inselstresturons\/wp-json\/wp\/v2\/media?parent=6546"}],"curies":[{"name":"wp","href":"https:\/\/api.w.org\/{rel}","templated":true}]}}