{"id":6496,"date":"2021-09-18T07:39:16","date_gmt":"2021-09-18T05:39:16","guid":{"rendered":"https:\/\/agora.xtec.cat\/inselstresturons\/?page_id=6496"},"modified":"2025-10-01T19:19:36","modified_gmt":"2025-10-01T17:19:36","slug":"la-materia-dastronomia","status":"publish","type":"page","link":"https:\/\/agora.xtec.cat\/inselstresturons\/projecte-educatiu\/la-materia-dastronomia\/","title":{"rendered":"La mat\u00e8ria d&#8217;Astronomia"},"content":{"rendered":"<p>Des de fa molts anys a l&#8217;Institut treballem l&#8217;Astronomia com a mat\u00e8ria que poden cursar els nostres alumnes d&#8217;ESO. Aquesta particularitat permet que tinguin coneixements sobre aquest tema i que puguin realitzar observacions i fotografies amb el telescopi. A m\u00e9s, obre les portes a fer<span style=\"font-family: inherit; font-size: 1em;\"> sobre aquest tema el Projecte de Recerca de 4t d&#8217;ESO i el Treball de Recerca de batxillerat.\u00a0<\/span><\/p>\n<p>Aquest curs reprenem la mat\u00e8ria d&#8217;Astronomia despr\u00e9s d&#8217;una aturada for\u00e7osa per les condicions establertes a conseq\u00fc\u00e8ncia de la Covid. Podeu consultar el que treballem a cadascun dels cursos d&#8217;ESO en els quals la impartim:<\/p>\n<ul>\n<li><a href=\"https:\/\/agora.xtec.cat\/inselstresturons\/projectes\/la-materia-dastronomia\/astronomia-1r-deso\/\">Astronomia de 1r d&#8217;ESO<\/a><\/li>\n<li><a href=\"https:\/\/agora.xtec.cat\/inselstresturons\/projectes\/la-materia-dastronomia\/astronomia-2n-deso\/\">Astronomia de 2n d&#8217;ESO<\/a><\/li>\n<li><a href=\"https:\/\/agora.xtec.cat\/inselstresturons\/projectes\/la-materia-dastronomia\/astronomia-3r-deso\/\">Astronomia de 3r d&#8217;ESO<\/a><\/li>\n<\/ul>\n","protected":false},"excerpt":{"rendered":"<p>Des de fa molts anys a l&#8217;Institut treballem l&#8217;Astronomia com a mat\u00e8ria que poden cursar els nostres alumnes d&#8217;ESO. Aquesta particularitat permet que tinguin coneixements sobre aquest tema i que puguin realitzar observacions i fotografies amb el telescopi. A m\u00e9s, obre les portes a fer&hellip;  <a href=\"https:\/\/agora.xtec.cat\/inselstresturons\/projecte-educatiu\/la-materia-dastronomia\/\" title=\"Read La mat\u00e8ria d&#8217;Astronomia\">Llegeix m\u00e9s\u00bb<\/a><\/p>\n","protected":false},"author":1,"featured_media":0,"parent":57,"menu_order":9,"comment_status":"closed","ping_status":"closed","template":"page-templates\/side-menu.php","meta":{"_bbp_topic_count":0,"_bbp_reply_count":0,"_bbp_total_topic_count":0,"_bbp_total_reply_count":0,"_bbp_voice_count":0,"_bbp_anonymous_reply_count":0,"_bbp_topic_count_hidden":0,"_bbp_reply_count_hidden":0,"_bbp_forum_subforum_count":0,"footnotes":""},"class_list":["post-6496","page","type-page","status-publish","hentry"],"post_mailing_queue_ids":[],"_links":{"self":[{"href":"https:\/\/agora.xtec.cat\/inselstresturons\/wp-json\/wp\/v2\/pages\/6496","targetHints":{"allow":["GET"]}}],"collection":[{"href":"https:\/\/agora.xtec.cat\/inselstresturons\/wp-json\/wp\/v2\/pages"}],"about":[{"href":"https:\/\/agora.xtec.cat\/inselstresturons\/wp-json\/wp\/v2\/types\/page"}],"author":[{"embeddable":true,"href":"https:\/\/agora.xtec.cat\/inselstresturons\/wp-json\/wp\/v2\/users\/1"}],"replies":[{"embeddable":true,"href":"https:\/\/agora.xtec.cat\/inselstresturons\/wp-json\/wp\/v2\/comments?post=6496"}],"version-history":[{"count":4,"href":"https:\/\/agora.xtec.cat\/inselstresturons\/wp-json\/wp\/v2\/pages\/6496\/revisions"}],"predecessor-version":[{"id":9378,"href":"https:\/\/agora.xtec.cat\/inselstresturons\/wp-json\/wp\/v2\/pages\/6496\/revisions\/9378"}],"up":[{"embeddable":true,"href":"https:\/\/agora.xtec.cat\/inselstresturons\/wp-json\/wp\/v2\/pages\/57"}],"wp:attachment":[{"href":"https:\/\/agora.xtec.cat\/inselstresturons\/wp-json\/wp\/v2\/media?parent=6496"}],"curies":[{"name":"wp","href":"https:\/\/api.w.org\/{rel}","templated":true}]}}