{"id":6492,"date":"2021-09-17T13:48:30","date_gmt":"2021-09-17T11:48:30","guid":{"rendered":"https:\/\/agora.xtec.cat\/inselstresturons\/?page_id=6492"},"modified":"2023-11-07T06:53:33","modified_gmt":"2023-11-07T05:53:33","slug":"observatori-2021-2022","status":"publish","type":"page","link":"https:\/\/agora.xtec.cat\/inselstresturons\/projecte-educatiu\/l_observatori\/observatori-2021-2022\/","title":{"rendered":"Observatori 2021-2022"},"content":{"rendered":"<h4>X\u00e8 Cicle de confer\u00e8ncies d&#8217;astronomia<\/h4>\n<p><img loading=\"lazy\" decoding=\"async\" class=\"aligncenter wp-image-7153\" src=\"https:\/\/agora.xtec.cat\/inselstresturons\/wp-content\/uploads\/usu1101\/2022\/02\/IMG-20220215-WA0017.jpg\" alt=\"\" width=\"682\" height=\"959\" srcset=\"https:\/\/agora.xtec.cat\/inselstresturons\/wp-content\/uploads\/usu1101\/2022\/02\/IMG-20220215-WA0017.jpg 1022w, https:\/\/agora.xtec.cat\/inselstresturons\/wp-content\/uploads\/usu1101\/2022\/02\/IMG-20220215-WA0017-214x300.jpg 214w, https:\/\/agora.xtec.cat\/inselstresturons\/wp-content\/uploads\/usu1101\/2022\/02\/IMG-20220215-WA0017-729x1024.jpg 729w, https:\/\/agora.xtec.cat\/inselstresturons\/wp-content\/uploads\/usu1101\/2022\/02\/IMG-20220215-WA0017-768x1079.jpg 768w\" sizes=\"auto, (max-width: 682px) 100vw, 682px\" \/><\/p>\n<p><img loading=\"lazy\" decoding=\"async\" class=\"aligncenter size-full wp-image-6778\" src=\"https:\/\/agora.xtec.cat\/inselstresturons\/wp-content\/uploads\/usu1101\/2021\/10\/conferencia-1-astronomia-1.jpg\" alt=\"\" width=\"659\" height=\"853\" srcset=\"https:\/\/agora.xtec.cat\/inselstresturons\/wp-content\/uploads\/usu1101\/2021\/10\/conferencia-1-astronomia-1.jpg 659w, https:\/\/agora.xtec.cat\/inselstresturons\/wp-content\/uploads\/usu1101\/2021\/10\/conferencia-1-astronomia-1-232x300.jpg 232w\" sizes=\"auto, (max-width: 659px) 100vw, 659px\" \/><\/p>\n<h4>Abril de 2022<\/h4>\n<h6>Un passeig per les constel\u00b7lacions de primavera<\/h6>\n<p>L\u2019activitat es realitzar\u00e0 els dies que s\u2019indiquen a continuaci\u00f3 (cada dia es repetir\u00e0 la mateixa activitat, aix\u00f2 \u00e9s per poder donar cabuda a tothom que vulgui assistir). La durada aproximada ser\u00e0 d\u2019una hora, per\u00f2 l\u2019hora d\u2019inici anir\u00e0 canviant per fer-ho coincidir amb el moment que es faci fosc. El lloc ser\u00e0 a l\u2019Observatori astron\u00f2mic Joan Antoni Curto de l\u2019Institut Els Tres Turons (Passatge Els Tres Turons, 1, 08350, Arenys de Mar). Els dies que farem aquesta activitat seran:<\/p>\n<ul>\n<li><b>Dissabte 2 d\u2019abril de 20h a 21h (aprox)<\/b><\/li>\n<li><b>Dissabte 9 d\u2019abril de 20:10h a 21:10h (aprox)<\/b><\/li>\n<li><b>Dissabte 23 d\u2019abril de 20:30h a 21:30h (aprox)<\/b><\/li>\n<li><b>Dissabte 30 d\u2019abril de 20:40h a 21:40h (aprox)<\/b><\/li>\n<\/ul>\n<p>L\u2019activitat consistir\u00e0 en aprendre a identificar visualment aquelles estrelles i asterismes m\u00e9s importants que podem veure al cel de primavera i, posteriorment, observar amb el telescopi del centre aquelles estrelles que tinguin alguna rellev\u00e0ncia astron\u00f2mica o, senzillament, siguin est\u00e8ticament maques de veure. Tamb\u00e9, quan es pugui, s\u2019observar\u00e0 la Lluna. Ara mateix Venus, Mart i Saturn\u00a0nom\u00e9s s\u00f3n visibles\u00a0a la matinada, per tant, no els observarem.<\/p>\n<p><u>L\u2019activitat est\u00e0 oberta al p\u00fablic<\/u>\u00a0de totes les edats\u00a0(recordar, per\u00f2, que pels infants m\u00e9s petits de 4 anys \u00e9s dif\u00edcil mirar pel telescopi),\u00a0<u>amb reserva pr\u00e8via<\/u>, i no \u00e9s necessari cap tipus de coneixement previ.<\/p>\n<p><b>IMPORTANT:<\/b>\u00a0per motius d\u2019organitzaci\u00f3 i aforament, \u00e9s imprescindible que escriviu a pere.novell@elstresturons.cat indicant el dia (o dies) que voleu\/podeu venir i quantes persones sereu. Rebreu una resposta de confirmaci\u00f3. Podeu aprofitar, tamb\u00e9 el mateix correu per fer les preguntes que vulgueu.<\/p>\n<p>Diverses consideracions a tenir en compte:<\/p>\n<ol>\n<li>L\u2019aforament \u00e9s limitat, per tant, vingueu amb el nombre de persones que heu indicat.<\/li>\n<li>L\u2019acc\u00e9s a l\u2019observatori es fa per l\u2019exterior de l\u2019edifici (per\u00f2 dins del recinte de l\u2019institut) pujant per una escala de cargol estreta, no apte per persones amb mobilitat redu\u00efda (s\u2019intentar\u00e0, si hi ha gent amb mobilitat redu\u00efda interessada, de buscar un dels dissabtes per aquestes persones, ja que aleshores, l\u2019acc\u00e9s s\u2019hauria de fer per l\u2019interior de l\u2019edifici).<\/li>\n<li>Disposem de cadires per a tothom.<\/li>\n<li>Recordeu de venir ben abrigats perqu\u00e8 a les nits i estant quiet s\u2019agafa for\u00e7a fred.<\/li>\n<li>\u00c9s molt recomanable no fer servir el tel\u00e8fon m\u00f2bil o altres aparells durant l\u2019observaci\u00f3 (en el moment en qu\u00e8 es faci fosc). Els nostres ulls necessiten adaptar-se a la foscor per veure b\u00e9 les estrelles i altres astres. Si que podeu portar un llum de color vermell i de poca intensitat (hi ha frontals d\u2019excursionista que tenen aquesta opci\u00f3).<\/li>\n<li>Si voleu podeu portar menjar i beguda com si fos un p\u00edcnic. Tamb\u00e9 podeu allargar la vostra estada un cop finalitzada l\u2019activitat. Habitualment quan pugem a l\u2019observatori estem entre dues i tres hores fent observaci\u00f3.<\/li>\n<li>Si fa mal temps o el cel est\u00e0 cobert de n\u00favols, no es pot fer cap tipus d\u2019observaci\u00f3. En aquest cas, s\u2019intentar\u00e0 buscar una nova data per fer l\u2019activitat.<\/li>\n<\/ol>\n<h4>Mar\u00e7 de 2022<\/h4>\n<p>Alba Badia, presidenta de l\u2019associaci\u00f3 Cosmic Research i vinculada a la Universitat Polit\u00e8cnica de Catalunya, va dur a terme una xerrada dissabte 5 de mar\u00e7 al Calisay, per motivar, explicar i divulgar a les noves generacions la import\u00e0ncia dels coets en la tecnologia que ens envolta. Des de 2016 han llen\u00e7at m\u00e9s de 36 coets, sobresortint el del d\u00eda 30 de novembre que es va convertir en el coet m\u00e9s potent de la hist\u00f2ria de Catalunya i el m\u00e9s potent desplegat per estudiants del nostre pa\u00eds. Una xerrada inclosa en el X\u00e8 Cicle de Confer\u00e8ncies d\u2019Astronomia de l\u2019Institut Els Tres Turons.<\/p>\n<p><img loading=\"lazy\" decoding=\"async\" class=\"aligncenter wp-image-7464\" src=\"https:\/\/agora.xtec.cat\/inselstresturons\/wp-content\/uploads\/usu1101\/2022\/03\/IMG-20220305-WA0042.jpg\" alt=\"\" width=\"746\" height=\"560\" srcset=\"https:\/\/agora.xtec.cat\/inselstresturons\/wp-content\/uploads\/usu1101\/2022\/03\/IMG-20220305-WA0042.jpg 2000w, https:\/\/agora.xtec.cat\/inselstresturons\/wp-content\/uploads\/usu1101\/2022\/03\/IMG-20220305-WA0042-300x225.jpg 300w, https:\/\/agora.xtec.cat\/inselstresturons\/wp-content\/uploads\/usu1101\/2022\/03\/IMG-20220305-WA0042-1024x768.jpg 1024w, https:\/\/agora.xtec.cat\/inselstresturons\/wp-content\/uploads\/usu1101\/2022\/03\/IMG-20220305-WA0042-768x576.jpg 768w, https:\/\/agora.xtec.cat\/inselstresturons\/wp-content\/uploads\/usu1101\/2022\/03\/IMG-20220305-WA0042-1536x1152.jpg 1536w, https:\/\/agora.xtec.cat\/inselstresturons\/wp-content\/uploads\/usu1101\/2022\/03\/IMG-20220305-WA0042-200x150.jpg 200w\" sizes=\"auto, (max-width: 746px) 100vw, 746px\" \/><\/p>\n<h4>Gener de 2022<\/h4>\n<p>El 22 de gener es va celebrar al centre l&#8217;acte d&#8217;homenatge a l&#8217;exdirector i exprofessor Joan Antoni Curto, que va comptar amb la pres\u00e8ncia de la Il\u00b7lustr\u00edssima Sra. Annabel Moreno, alcaldessa d&#8217;Arenys de Mar, la Sra. Marta Prades, regidora d&#8217;educaci\u00f3, membres de l&#8217;AFA, del GAAC, de la Banda de l&#8217;Escola de m\u00fasica, que va interpretar quatre temes, aix\u00ed com de diversos exprofessors, companys i exalumnes del Dr. Curto. Despr\u00e9s dels parlaments, es va pujar a l&#8217;observatori on es va descobrir la placa amb el nou nom de l&#8217;equipament. Tot seguit els assistents van poder gaudir d&#8217;una observaci\u00f3 amb els prism\u00e0tics i el telescopi del centre. Van poder observar la Gran Nebulosa d&#8217;Ori\u00f3 i El Trapezi.<\/p>\n<p>Des del centre felicitem en Toni per la gran tasca desenvolupada al llarg de tants anys.<\/p>\n<p><img loading=\"lazy\" decoding=\"async\" class=\"aligncenter size-full wp-image-6986\" src=\"https:\/\/agora.xtec.cat\/inselstresturons\/wp-content\/uploads\/usu1101\/2022\/01\/curto.jpg\" alt=\"\" width=\"222\" height=\"310\" srcset=\"https:\/\/agora.xtec.cat\/inselstresturons\/wp-content\/uploads\/usu1101\/2022\/01\/curto.jpg 222w, https:\/\/agora.xtec.cat\/inselstresturons\/wp-content\/uploads\/usu1101\/2022\/01\/curto-215x300.jpg 215w\" sizes=\"auto, (max-width: 222px) 100vw, 222px\" \/><\/p>\n<p>Fotografies cedides per Xavi Salbany\u00e0.<\/p>\n\r\n\t<div class=\"slideshow_container slideshow_container_style-light\" style=\"height: 700px; \" data-slideshow-id=\"6989\" data-style-name=\"style-light\" data-style-version=\"2.3.1\" >\r\n\r\n\t\t\t\t\t<div class=\"slideshow_loading_icon\"><\/div>\r\n\t\t\r\n\t\t<div class=\"slideshow_content\" style=\"display: none;\">\r\n\r\n\t\t\t<div class=\"slideshow_view\">\r\n\t\t\t\t<div class=\"slideshow_slide slideshow_slide_image\">\r\n\t\t\t\t\t\t\t\t\t\t\t<img src=\"https:\/\/agora.xtec.cat\/inselstresturons\/wp-content\/uploads\/usu1101\/2022\/01\/IMG_20220123_184349_232.jpg\" alt=\"IMG_20220123_184349_232\" width=\"640\" height=\"640\" \/>\r\n\t\t\t\t\t\t\t\t\t\t<div class=\"slideshow_description_box slideshow_transparent\">\r\n\t\t\t\t\t\t<div class=\"slideshow_title\">IMG_20220123_184349_232<\/div>\t\t\t\t\t\t\t\t\t\t\t<\/div>\r\n\t\t\t\t<\/div>\r\n\r\n\t\t\t\t\t\t<div style=\"clear: both;\"><\/div><\/div><div class=\"slideshow_view\">\r\n\t\t\t\t<div class=\"slideshow_slide slideshow_slide_image\">\r\n\t\t\t\t\t\t\t\t\t\t\t<img src=\"https:\/\/agora.xtec.cat\/inselstresturons\/wp-content\/uploads\/usu1101\/2022\/01\/IMG_20220123_184349_275.jpg\" alt=\"IMG_20220123_184349_275\" width=\"640\" height=\"640\" \/>\r\n\t\t\t\t\t\t\t\t\t\t<div class=\"slideshow_description_box slideshow_transparent\">\r\n\t\t\t\t\t\t<div class=\"slideshow_title\">IMG_20220123_184349_275<\/div>\t\t\t\t\t\t\t\t\t\t\t<\/div>\r\n\t\t\t\t<\/div>\r\n\r\n\t\t\t\t\t\t<div style=\"clear: both;\"><\/div><\/div><div class=\"slideshow_view\">\r\n\t\t\t\t<div class=\"slideshow_slide slideshow_slide_image\">\r\n\t\t\t\t\t\t\t\t\t\t\t<img src=\"https:\/\/agora.xtec.cat\/inselstresturons\/wp-content\/uploads\/usu1101\/2022\/01\/IMG_20220123_184349_291.jpg\" alt=\"IMG_20220123_184349_291\" width=\"640\" height=\"640\" \/>\r\n\t\t\t\t\t\t\t\t\t\t<div class=\"slideshow_description_box slideshow_transparent\">\r\n\t\t\t\t\t\t<div class=\"slideshow_title\">IMG_20220123_184349_291<\/div>\t\t\t\t\t\t\t\t\t\t\t<\/div>\r\n\t\t\t\t<\/div>\r\n\r\n\t\t\t\t\t\t<div style=\"clear: both;\"><\/div><\/div><div class=\"slideshow_view\">\r\n\t\t\t\t<div class=\"slideshow_slide slideshow_slide_image\">\r\n\t\t\t\t\t\t\t\t\t\t\t<img src=\"https:\/\/agora.xtec.cat\/inselstresturons\/wp-content\/uploads\/usu1101\/2022\/01\/IMG_20220123_184349_243.jpg\" alt=\"IMG_20220123_184349_243\" width=\"640\" height=\"640\" \/>\r\n\t\t\t\t\t\t\t\t\t\t<div class=\"slideshow_description_box slideshow_transparent\">\r\n\t\t\t\t\t\t<div class=\"slideshow_title\">IMG_20220123_184349_243<\/div>\t\t\t\t\t\t\t\t\t\t\t<\/div>\r\n\t\t\t\t<\/div>\r\n\r\n\t\t\t\t\t\t<div style=\"clear: both;\"><\/div><\/div><div class=\"slideshow_view\">\r\n\t\t\t\t<div class=\"slideshow_slide slideshow_slide_image\">\r\n\t\t\t\t\t\t\t\t\t\t\t<img src=\"https:\/\/agora.xtec.cat\/inselstresturons\/wp-content\/uploads\/usu1101\/2022\/01\/IMG_20220123_184349_467.jpg\" alt=\"IMG_20220123_184349_467\" width=\"640\" height=\"640\" \/>\r\n\t\t\t\t\t\t\t\t\t\t<div class=\"slideshow_description_box slideshow_transparent\">\r\n\t\t\t\t\t\t<div class=\"slideshow_title\">IMG_20220123_184349_467<\/div>\t\t\t\t\t\t\t\t\t\t\t<\/div>\r\n\t\t\t\t<\/div>\r\n\r\n\t\t\t\t\t\t<div style=\"clear: both;\"><\/div><\/div><div class=\"slideshow_view\">\r\n\t\t\t\t<div class=\"slideshow_slide slideshow_slide_image\">\r\n\t\t\t\t\t\t\t\t\t\t\t<img src=\"https:\/\/agora.xtec.cat\/inselstresturons\/wp-content\/uploads\/usu1101\/2022\/01\/IMG_20220123_184349_251.jpg\" alt=\"IMG_20220123_184349_251\" width=\"640\" height=\"640\" \/>\r\n\t\t\t\t\t\t\t\t\t\t<div class=\"slideshow_description_box slideshow_transparent\">\r\n\t\t\t\t\t\t<div class=\"slideshow_title\">IMG_20220123_184349_251<\/div>\t\t\t\t\t\t\t\t\t\t\t<\/div>\r\n\t\t\t\t<\/div>\r\n\r\n\t\t\t\t\t\t<div style=\"clear: both;\"><\/div><\/div><div class=\"slideshow_view\">\r\n\t\t\t\t<div class=\"slideshow_slide slideshow_slide_image\">\r\n\t\t\t\t\t\t\t\t\t\t\t<img src=\"https:\/\/agora.xtec.cat\/inselstresturons\/wp-content\/uploads\/usu1101\/2022\/01\/IMG_20220123_184349_229.jpg\" alt=\"IMG_20220123_184349_229\" width=\"640\" height=\"640\" \/>\r\n\t\t\t\t\t\t\t\t\t\t<div class=\"slideshow_description_box slideshow_transparent\">\r\n\t\t\t\t\t\t<div class=\"slideshow_title\">IMG_20220123_184349_229<\/div>\t\t\t\t\t\t\t\t\t\t\t<\/div>\r\n\t\t\t\t<\/div>\r\n\r\n\t\t\t\t\t\t<div style=\"clear: both;\"><\/div><\/div>\r\n\t\t<\/div>\r\n\r\n\t\t<div class=\"slideshow_controlPanel slideshow_transparent\" style=\"display: none;\"><ul><li class=\"slideshow_togglePlay\" data-play-text=\"Visualitza\" data-pause-text=\"Pausa\"><\/li><\/ul><\/div>\r\n\r\n\t\t<div class=\"slideshow_button slideshow_previous slideshow_transparent\" role=\"button\" data-previous-text=\"Anterior\" style=\"display: none;\"><\/div>\r\n\t\t<div class=\"slideshow_button slideshow_next slideshow_transparent\" role=\"button\" data-next-text=\"Seg\u00fcent\" style=\"display: none;\"><\/div>\r\n\r\n\t\t<div class=\"slideshow_pagination\" style=\"display: none;\" data-go-to-text=\"V\u00e9s a la diapositiva\"><div class=\"slideshow_pagination_center\"><\/div><\/div>\r\n\r\n\t\t<!-- WordPress Slideshow Version 2.3.1 -->\r\n\r\n\t\t\t<\/div>\r\n\r\n\n<p>Podeu llegir la <a href=\"http:\/\/www.lagenda.cat\/texto-diario\/mostrar\/3360510\/lobservartori-astronmic-linstitut-dir-joan-antoni-curto\">informaci\u00f3 a L&#8217;Agenda.<\/a><\/p>\n<h4>Setembre 2021<\/h4>\n<p>El telescopi ja est\u00e0 a punt un altre curs per a la seva utilitzaci\u00f3. Al capdavant de l&#8217;observatori hi ha el professor de Tecnologia Pere Novell, que compta amb la col\u00b7laboraci\u00f3 d\u2019en Toni Curto, l\u2019Oriol Font i l\u2019Associaci\u00f3 astron\u00f2mica de Calella.<\/p>\n<p>Fotos fetes amb el telescopi de l\u2019observatori del centre la matinada de diumenge 29 d\u2019agost:<\/p>\n<p><img loading=\"lazy\" decoding=\"async\" class=\"aligncenter wp-image-6328\" src=\"https:\/\/agora.xtec.cat\/inselstresturons\/wp-content\/uploads\/usu1101\/2021\/09\/01_20_38.jpg\" alt=\"\" width=\"699\" height=\"523\" srcset=\"https:\/\/agora.xtec.cat\/inselstresturons\/wp-content\/uploads\/usu1101\/2021\/09\/01_20_38.jpg 1304w, https:\/\/agora.xtec.cat\/inselstresturons\/wp-content\/uploads\/usu1101\/2021\/09\/01_20_38-300x225.jpg 300w, https:\/\/agora.xtec.cat\/inselstresturons\/wp-content\/uploads\/usu1101\/2021\/09\/01_20_38-1024x766.jpg 1024w, https:\/\/agora.xtec.cat\/inselstresturons\/wp-content\/uploads\/usu1101\/2021\/09\/01_20_38-768x575.jpg 768w, https:\/\/agora.xtec.cat\/inselstresturons\/wp-content\/uploads\/usu1101\/2021\/09\/01_20_38-200x150.jpg 200w\" sizes=\"auto, (max-width: 699px) 100vw, 699px\" \/><\/p>\n<p style=\"text-align: center;\">J\u00fapiter.<\/p>\n<p style=\"text-align: center;\">El punt negre \u00e9s l\u2019ombra d\u2019Io, una de les llunes de J\u00fapiter, que en aquell moment estava passant per davant del planeta.<\/p>\n<p style=\"text-align: center;\"><img loading=\"lazy\" decoding=\"async\" class=\"aligncenter wp-image-6327\" src=\"https:\/\/agora.xtec.cat\/inselstresturons\/wp-content\/uploads\/usu1101\/2021\/09\/01_53_23.jpg\" alt=\"\" width=\"702\" height=\"525\" srcset=\"https:\/\/agora.xtec.cat\/inselstresturons\/wp-content\/uploads\/usu1101\/2021\/09\/01_53_23.jpg 1304w, https:\/\/agora.xtec.cat\/inselstresturons\/wp-content\/uploads\/usu1101\/2021\/09\/01_53_23-300x225.jpg 300w, https:\/\/agora.xtec.cat\/inselstresturons\/wp-content\/uploads\/usu1101\/2021\/09\/01_53_23-1024x766.jpg 1024w, https:\/\/agora.xtec.cat\/inselstresturons\/wp-content\/uploads\/usu1101\/2021\/09\/01_53_23-768x575.jpg 768w, https:\/\/agora.xtec.cat\/inselstresturons\/wp-content\/uploads\/usu1101\/2021\/09\/01_53_23-200x150.jpg 200w\" sizes=\"auto, (max-width: 702px) 100vw, 702px\" \/><\/p>\n<p style=\"text-align: center;\">Saturn.<\/p>\n<p style=\"text-align: center;\">S\u2019hi poden apreciar diverses bandes a l\u2019atmosfera i la banda de Cassini als anells (la franja m\u00e9s fosca).<\/p>\n<p style=\"text-align: center;\"><img loading=\"lazy\" decoding=\"async\" class=\"aligncenter wp-image-6326\" src=\"https:\/\/agora.xtec.cat\/inselstresturons\/wp-content\/uploads\/usu1101\/2021\/09\/02_17_38.jpg\" alt=\"\" width=\"711\" height=\"529\" srcset=\"https:\/\/agora.xtec.cat\/inselstresturons\/wp-content\/uploads\/usu1101\/2021\/09\/02_17_38.jpg 1312w, https:\/\/agora.xtec.cat\/inselstresturons\/wp-content\/uploads\/usu1101\/2021\/09\/02_17_38-300x223.jpg 300w, https:\/\/agora.xtec.cat\/inselstresturons\/wp-content\/uploads\/usu1101\/2021\/09\/02_17_38-1024x762.jpg 1024w, https:\/\/agora.xtec.cat\/inselstresturons\/wp-content\/uploads\/usu1101\/2021\/09\/02_17_38-768x571.jpg 768w, https:\/\/agora.xtec.cat\/inselstresturons\/wp-content\/uploads\/usu1101\/2021\/09\/02_17_38-200x150.jpg 200w\" sizes=\"auto, (max-width: 711px) 100vw, 711px\" \/><\/p>\n<p style=\"text-align: center;\"><span style=\"font-family: inherit; font-size: 1em;\">La Lluna<\/span><\/p>\n<p style=\"text-align: center;\"><span style=\"font-family: inherit; font-size: 1em;\">En el moment de fer la foto, la Lluna estava en fase minvant, concretament a un 62%. <\/span><span style=\"font-family: inherit; font-size: 1em;\">Com que el telescopi inverteix la imatge, s\u2019hi pot observar el pol sud de la Lluna, aix\u00ed com els Maria Humorum i Nubium, els cr\u00e0ters Tycho, Maginus i Clavius i fins i tot s\u2019hi pot observar Rupes Recta.<\/span><\/p>\n","protected":false},"excerpt":{"rendered":"<p>X\u00e8 Cicle de confer\u00e8ncies d&#8217;astronomia<\/p>\n<p>Abril de 2022<br \/>\nUn passeig per les constel\u00b7lacions de primavera<br \/>\nL\u2019activitat es realitzar\u00e0 els dies que s\u2019indiquen a continuaci\u00f3 (cada dia es repetir\u00e0 la mateixa activitat, aix\u00f2 \u00e9s per poder donar cabuda a tothom que vulgui assistir). La durada aproximada ser\u00e0 d\u2019una hora,&hellip;  <a href=\"https:\/\/agora.xtec.cat\/inselstresturons\/projecte-educatiu\/l_observatori\/observatori-2021-2022\/\" title=\"Read Observatori 2021-2022\">Llegeix m\u00e9s\u00bb<\/a><\/p>\n","protected":false},"author":1,"featured_media":0,"parent":489,"menu_order":9,"comment_status":"closed","ping_status":"closed","template":"page-templates\/side-menu.php","meta":{"_bbp_topic_count":0,"_bbp_reply_count":0,"_bbp_total_topic_count":0,"_bbp_total_reply_count":0,"_bbp_voice_count":0,"_bbp_anonymous_reply_count":0,"_bbp_topic_count_hidden":0,"_bbp_reply_count_hidden":0,"_bbp_forum_subforum_count":0,"footnotes":""},"class_list":["post-6492","page","type-page","status-publish","hentry"],"post_mailing_queue_ids":[],"_links":{"self":[{"href":"https:\/\/agora.xtec.cat\/inselstresturons\/wp-json\/wp\/v2\/pages\/6492","targetHints":{"allow":["GET"]}}],"collection":[{"href":"https:\/\/agora.xtec.cat\/inselstresturons\/wp-json\/wp\/v2\/pages"}],"about":[{"href":"https:\/\/agora.xtec.cat\/inselstresturons\/wp-json\/wp\/v2\/types\/page"}],"author":[{"embeddable":true,"href":"https:\/\/agora.xtec.cat\/inselstresturons\/wp-json\/wp\/v2\/users\/1"}],"replies":[{"embeddable":true,"href":"https:\/\/agora.xtec.cat\/inselstresturons\/wp-json\/wp\/v2\/comments?post=6492"}],"version-history":[{"count":3,"href":"https:\/\/agora.xtec.cat\/inselstresturons\/wp-json\/wp\/v2\/pages\/6492\/revisions"}],"predecessor-version":[{"id":7554,"href":"https:\/\/agora.xtec.cat\/inselstresturons\/wp-json\/wp\/v2\/pages\/6492\/revisions\/7554"}],"up":[{"embeddable":true,"href":"https:\/\/agora.xtec.cat\/inselstresturons\/wp-json\/wp\/v2\/pages\/489"}],"wp:attachment":[{"href":"https:\/\/agora.xtec.cat\/inselstresturons\/wp-json\/wp\/v2\/media?parent=6492"}],"curies":[{"name":"wp","href":"https:\/\/api.w.org\/{rel}","templated":true}]}}