{"id":6446,"date":"2021-09-17T11:53:28","date_gmt":"2021-09-17T09:53:28","guid":{"rendered":"https:\/\/agora.xtec.cat\/inselstresturons\/?page_id=6446"},"modified":"2023-11-07T06:53:00","modified_gmt":"2023-11-07T05:53:00","slug":"observatori-2019-2020","status":"publish","type":"page","link":"https:\/\/agora.xtec.cat\/inselstresturons\/projecte-educatiu\/l_observatori\/observatori-2019-2020\/","title":{"rendered":"Observatori 2019-2020"},"content":{"rendered":"<p>Els nostres alumnes es troben uns quants divendres al vespre per fer sessions d&#8217;observaci\u00f3. Ja tenen prou autonomia com per poder fer funcionar alguns aspectes del telescopi.<\/p>\n<p><img loading=\"lazy\" decoding=\"async\" class=\"aligncenter wp-image-4056\" src=\"https:\/\/agora.xtec.cat\/inselstresturons\/wp-content\/uploads\/usu1101\/2019\/10\/IMG-20191029-WA0002.jpg\" alt=\"\" width=\"672\" height=\"504\" srcset=\"https:\/\/agora.xtec.cat\/inselstresturons\/wp-content\/uploads\/usu1101\/2019\/10\/IMG-20191029-WA0002.jpg 1600w, https:\/\/agora.xtec.cat\/inselstresturons\/wp-content\/uploads\/usu1101\/2019\/10\/IMG-20191029-WA0002-300x225.jpg 300w, https:\/\/agora.xtec.cat\/inselstresturons\/wp-content\/uploads\/usu1101\/2019\/10\/IMG-20191029-WA0002-768x576.jpg 768w, https:\/\/agora.xtec.cat\/inselstresturons\/wp-content\/uploads\/usu1101\/2019\/10\/IMG-20191029-WA0002-1024x768.jpg 1024w, https:\/\/agora.xtec.cat\/inselstresturons\/wp-content\/uploads\/usu1101\/2019\/10\/IMG-20191029-WA0002-200x150.jpg 200w\" sizes=\"auto, (max-width: 672px) 100vw, 672px\" \/><\/p>\n<p><img loading=\"lazy\" decoding=\"async\" class=\"aligncenter wp-image-4058\" src=\"https:\/\/agora.xtec.cat\/inselstresturons\/wp-content\/uploads\/usu1101\/2019\/10\/IMG-20191029-WA0000.jpg\" alt=\"\" width=\"668\" height=\"480\" srcset=\"https:\/\/agora.xtec.cat\/inselstresturons\/wp-content\/uploads\/usu1101\/2019\/10\/IMG-20191029-WA0000.jpg 1600w, https:\/\/agora.xtec.cat\/inselstresturons\/wp-content\/uploads\/usu1101\/2019\/10\/IMG-20191029-WA0000-300x216.jpg 300w, https:\/\/agora.xtec.cat\/inselstresturons\/wp-content\/uploads\/usu1101\/2019\/10\/IMG-20191029-WA0000-768x552.jpg 768w, https:\/\/agora.xtec.cat\/inselstresturons\/wp-content\/uploads\/usu1101\/2019\/10\/IMG-20191029-WA0000-1024x736.jpg 1024w\" sizes=\"auto, (max-width: 668px) 100vw, 668px\" \/><\/p>\n<p><img loading=\"lazy\" decoding=\"async\" class=\"aligncenter wp-image-4057\" src=\"https:\/\/agora.xtec.cat\/inselstresturons\/wp-content\/uploads\/usu1101\/2019\/10\/IMG_20191030_103120_274.jpg\" alt=\"\" width=\"665\" height=\"663\" srcset=\"https:\/\/agora.xtec.cat\/inselstresturons\/wp-content\/uploads\/usu1101\/2019\/10\/IMG_20191030_103120_274.jpg 355w, https:\/\/agora.xtec.cat\/inselstresturons\/wp-content\/uploads\/usu1101\/2019\/10\/IMG_20191030_103120_274-150x150.jpg 150w, https:\/\/agora.xtec.cat\/inselstresturons\/wp-content\/uploads\/usu1101\/2019\/10\/IMG_20191030_103120_274-300x300.jpg 300w\" sizes=\"auto, (max-width: 665px) 100vw, 665px\" \/><\/p>\n<p style=\"text-align: center;\">Saturn vist des de l&#8217;institut.<\/p>\n<p>Al mes de novembre el professorat del centre va poder gaudir del tr\u00e0nsit de Mercuri des del telescopi de l\u2019observatori. Un tr\u00e0nsit \u00e9s el pas del planeta per davant del Sol, estan alineat amb la Terra. El proper tr\u00e0nsit de Mercuri ser\u00e0 l\u2019any 2032. A la fotografia Mercuri \u00e9s el petit punt negre que se veu al Sol. Professora: Palmira Garcia, Llicenciada en matem\u00e0tiques, especialitzada en astrof\u00edsica.<\/p>\n<p><img loading=\"lazy\" decoding=\"async\" class=\"aligncenter wp-image-4079\" src=\"https:\/\/agora.xtec.cat\/inselstresturons\/wp-content\/uploads\/usu1101\/2019\/11\/mercuri.jpg\" alt=\"\" width=\"668\" height=\"376\" srcset=\"https:\/\/agora.xtec.cat\/inselstresturons\/wp-content\/uploads\/usu1101\/2019\/11\/mercuri.jpg 4096w, https:\/\/agora.xtec.cat\/inselstresturons\/wp-content\/uploads\/usu1101\/2019\/11\/mercuri-300x169.jpg 300w, https:\/\/agora.xtec.cat\/inselstresturons\/wp-content\/uploads\/usu1101\/2019\/11\/mercuri-768x432.jpg 768w, https:\/\/agora.xtec.cat\/inselstresturons\/wp-content\/uploads\/usu1101\/2019\/11\/mercuri-1024x576.jpg 1024w\" sizes=\"auto, (max-width: 668px) 100vw, 668px\" \/><\/p>\n<p style=\"text-align: center;\">Imatge de Mercuri. Novembre de 2019<\/p>\n<p>&nbsp;<\/p>\n<p>Continuem fent xerrades amb observacions astron\u00f2miques obertes a tothom, i les observacions astron\u00f2miques que els n\u00favols ens permeten.<\/p>\n<p><img loading=\"lazy\" decoding=\"async\" class=\"aligncenter wp-image-4047\" src=\"https:\/\/agora.xtec.cat\/inselstresturons\/wp-content\/uploads\/usu1101\/2019\/10\/hemcaminatdamuntlalluna_v1.jpg\" alt=\"\" width=\"767\" height=\"1023\" srcset=\"https:\/\/agora.xtec.cat\/inselstresturons\/wp-content\/uploads\/usu1101\/2019\/10\/hemcaminatdamuntlalluna_v1.jpg 900w, https:\/\/agora.xtec.cat\/inselstresturons\/wp-content\/uploads\/usu1101\/2019\/10\/hemcaminatdamuntlalluna_v1-225x300.jpg 225w, https:\/\/agora.xtec.cat\/inselstresturons\/wp-content\/uploads\/usu1101\/2019\/10\/hemcaminatdamuntlalluna_v1-768x1024.jpg 768w\" sizes=\"auto, (max-width: 767px) 100vw, 767px\" \/><br \/>\n<img loading=\"lazy\" decoding=\"async\" class=\"aligncenter size-full wp-image-4008\" src=\"https:\/\/agora.xtec.cat\/inselstresturons\/wp-content\/uploads\/usu1101\/2019\/10\/ASTRO3TURONS.jpg\" alt=\"\" width=\"271\" height=\"257\" \/><\/p>\n","protected":false},"excerpt":{"rendered":"<p>Els nostres alumnes es troben uns quants divendres al vespre per fer sessions d&#8217;observaci\u00f3. Ja tenen prou autonomia com per poder fer funcionar alguns aspectes del telescopi.<\/p>\n<p>Saturn vist des de l&#8217;institut.<br \/>\nAl mes de novembre el professorat del centre va poder gaudir del tr\u00e0nsit de Mercuri&hellip;  <a href=\"https:\/\/agora.xtec.cat\/inselstresturons\/projecte-educatiu\/l_observatori\/observatori-2019-2020\/\" title=\"Read Observatori 2019-2020\">Llegeix m\u00e9s\u00bb<\/a><\/p>\n","protected":false},"author":1,"featured_media":0,"parent":489,"menu_order":11,"comment_status":"closed","ping_status":"closed","template":"page-templates\/side-menu.php","meta":{"_bbp_topic_count":0,"_bbp_reply_count":0,"_bbp_total_topic_count":0,"_bbp_total_reply_count":0,"_bbp_voice_count":0,"_bbp_anonymous_reply_count":0,"_bbp_topic_count_hidden":0,"_bbp_reply_count_hidden":0,"_bbp_forum_subforum_count":0,"footnotes":""},"class_list":["post-6446","page","type-page","status-publish","hentry"],"post_mailing_queue_ids":[],"_links":{"self":[{"href":"https:\/\/agora.xtec.cat\/inselstresturons\/wp-json\/wp\/v2\/pages\/6446","targetHints":{"allow":["GET"]}}],"collection":[{"href":"https:\/\/agora.xtec.cat\/inselstresturons\/wp-json\/wp\/v2\/pages"}],"about":[{"href":"https:\/\/agora.xtec.cat\/inselstresturons\/wp-json\/wp\/v2\/types\/page"}],"author":[{"embeddable":true,"href":"https:\/\/agora.xtec.cat\/inselstresturons\/wp-json\/wp\/v2\/users\/1"}],"replies":[{"embeddable":true,"href":"https:\/\/agora.xtec.cat\/inselstresturons\/wp-json\/wp\/v2\/comments?post=6446"}],"version-history":[{"count":4,"href":"https:\/\/agora.xtec.cat\/inselstresturons\/wp-json\/wp\/v2\/pages\/6446\/revisions"}],"predecessor-version":[{"id":6488,"href":"https:\/\/agora.xtec.cat\/inselstresturons\/wp-json\/wp\/v2\/pages\/6446\/revisions\/6488"}],"up":[{"embeddable":true,"href":"https:\/\/agora.xtec.cat\/inselstresturons\/wp-json\/wp\/v2\/pages\/489"}],"wp:attachment":[{"href":"https:\/\/agora.xtec.cat\/inselstresturons\/wp-json\/wp\/v2\/media?parent=6446"}],"curies":[{"name":"wp","href":"https:\/\/api.w.org\/{rel}","templated":true}]}}