{"id":6372,"date":"2021-09-06T17:26:59","date_gmt":"2021-09-06T15:26:59","guid":{"rendered":"https:\/\/agora.xtec.cat\/inselstresturons\/?page_id=6372"},"modified":"2025-10-01T19:12:59","modified_gmt":"2025-10-01T17:12:59","slug":"leso","status":"publish","type":"page","link":"https:\/\/agora.xtec.cat\/inselstresturons\/estudisdelcentre\/leso\/","title":{"rendered":"L&#8217;ESO"},"content":{"rendered":"<p><strong>Objectius de l&#8217;etapa<\/strong><\/p>\n<ul>\n<li>Formar persones preparades per a la vida en societat<\/li>\n<li>Preparar l&#8217;alumnat per als estudis superiors o <span style=\"font-family: inherit; font-size: 1em;\">la vida laboral<\/span><\/li>\n<li>Atendre tota la diversitat per poder acreditar un graduat en estudis secundaris<\/li>\n<\/ul>\n<p><strong>Informacions generals<\/strong><\/p>\n<ul>\n<li>L&#8217;horari lectiu \u00e9s de dilluns a divendres de 8h a 14.30h.\u00a0 Pati de les 11h a les 11.30h.<\/li>\n<li>Hi ha tres o quatre grups classe per nivell.<\/li>\n<li><a style=\"color: #2795b6;\" href=\"https:\/\/agora.xtec.cat\/inselstresturons\/projecte-educatiu\/\">Projectes propis del centre<\/a>: Franc\u00e8s com a segona llengua estrangera, Astronomia, Programa radiof\u00f2nic Instifonies, Aula d&#8217;acollida, Aula oberta, SIEI.<\/li>\n<li>Grups de refor\u00e7 en les mat\u00e8ries instrumentals.<\/li>\n<li>Es realitzen projectes dins de les mat\u00e8ries.<\/li>\n<li>A trav\u00e9s del Pla d&#8217;Acci\u00f3 Tutorial es treballen aspectes acad\u00e8mics generals, temes d&#8217;inter\u00e8s per a l&#8217;alumnat i orientaci\u00f3 acad\u00e8mica i professional.<\/li>\n<\/ul>\n<p><strong>\u00das de les TIC<\/strong><\/p>\n<ul>\n<li>Ordinadors port\u00e0tils a tota la secund\u00e0ria per aprendre&#8217;n les utilitats i fer-ne un \u00fas responsable.<\/li>\n<li>Treballem de manera diversa: amb paper i bol\u00edgraf, llibres impresos i llic\u00e8ncies digitals.<\/li>\n<li><a href=\"https:\/\/agora.xtec.cat\/inselstresturons\/wp-content\/uploads\/usu1101\/2021\/11\/Apps-3.pdf\">Llista dels recursos digitals utilitzats<\/a><\/li>\n<\/ul>\n<p><strong>Mat\u00e8ries<\/strong><\/p>\n<ul>\n<li>Mat\u00e8ries comunes de 1r, 2n i 3r d&#8217;ESO<\/li>\n<\/ul>\n<table style=\"border-collapse: collapse; width: 99.4233%; height: 101px;\">\n<tbody>\n<tr style=\"height: 137px;\">\n<td style=\"width: 43.1715%; height: 101px;\">\n<ul style=\"list-style-type: circle;\">\n<li>Llengua catalana i literatura<\/li>\n<li>Llengua castellana i literatura<\/li>\n<li>Llengua anglesa<\/li>\n<li>Ci\u00e8ncies socials<\/li>\n<li>Cultura i valors \u00e8tics<\/li>\n<li>Educaci\u00f3 f\u00edsica<\/li>\n<li>Tecnologia<\/li>\n<li>Matem\u00e0tiques<\/li>\n<\/ul>\n<\/td>\n<td style=\"width: 84.1426%; height: 101px;\">\n<ul style=\"list-style-type: circle;\">\n<li>Ci\u00e8ncies de la Naturalesa- Biologia i Geologia (1r i 3r d&#8217;ESO)<\/li>\n<li>Ci\u00e8ncies de la Naturalesa &#8211; F\u00edsica i Qu\u00edmica (2n i 3r d&#8217;ESO)<\/li>\n<li>Educaci\u00f3 Visual i Pl\u00e0stica (1r i 3r d&#8217;ESO)<\/li>\n<li>M\u00fasica (1r i 2n d&#8217;ESO)<\/li>\n<\/ul>\n<\/td>\n<\/tr>\n<\/tbody>\n<\/table>\n<ul>\n<li>Tria de mat\u00e8ries espec\u00edfiques pr\u00f2pies del centre, de refor\u00e7 o d&#8217;ampliaci\u00f3 a 1r, 2n i\u00a0 3r d&#8217;ESO. Poden variar segons el curs acad\u00e8mic.<\/li>\n<\/ul>\n<table style=\"border-collapse: collapse; width: 95.6405%; height: 130px;\">\n<tbody>\n<tr style=\"height: 32px;\">\n<td style=\"width: 27.4545%; height: 32px;\">1r d&#8217;ESO (trimestrals)<\/td>\n<td style=\"width: 28.6766%; height: 32px;\">2n d&#8217;ESO (quadrimestrals)<\/td>\n<td style=\"width: 32.5071%; height: 32px;\">3r d&#8217;ESO (quadrimestrals)<\/td>\n<\/tr>\n<tr style=\"height: 150px;\">\n<td style=\"width: 27.4545%; height: 98px;\">\n<ul style=\"list-style-type: circle;\">\n<li dir=\"auto\">Observant el cel<\/li>\n<li dir=\"auto\">Emociona&#8217;t<\/li>\n<li dir=\"auto\">Aprendre a aprendre<\/li>\n<li dir=\"auto\">Franc\u00e8s<\/li>\n<li dir=\"auto\">Adaptaci\u00f3 i pr\u00e0ctica musical<\/li>\n<li dir=\"auto\">Escola verda<\/li>\n<\/ul>\n<\/td>\n<td style=\"width: 28.6766%; height: 98px;\">\n<ul style=\"list-style-type: circle;\">\n<li dir=\"auto\">Franc\u00e8s (Anual)<\/li>\n<li dir=\"auto\">Impulsem la rob\u00f2tica<\/li>\n<li dir=\"auto\">Investiguem el Sistema Solar<\/li>\n<li dir=\"auto\">Benestar emocional<\/li>\n<li dir=\"auto\">Conjunt instrumental i\/o vocal<\/li>\n<\/ul>\n<\/td>\n<td style=\"width: 32.5071%; height: 98px;\">\n<ul style=\"list-style-type: circle;\">\n<li dir=\"auto\">Franc\u00e8s (Anual)<\/li>\n<li dir=\"auto\">Emprenedoria<\/li>\n<li dir=\"auto\">\n<div dir=\"auto\">Cultura Cl\u00e0ssica: la Guerra de Troia<\/div>\n<\/li>\n<li dir=\"auto\">Instifonies<\/li>\n<li dir=\"auto\">Investiguem fora del Sistema Solar<\/li>\n<\/ul>\n<\/td>\n<\/tr>\n<\/tbody>\n<\/table>\n<ul>\n<li>Mat\u00e8ries comunes a 4t d&#8217;ESO<\/li>\n<\/ul>\n<table style=\"border-collapse: collapse; width: 41.2541%; height: 200px;\">\n<tbody>\n<tr style=\"height: 200px;\">\n<td style=\"width: 100%; height: 200px;\">\n<ul style=\"list-style-type: circle;\">\n<li>Llengua catalana i literatura<\/li>\n<li>Llengua castellana i literatura<\/li>\n<li>Llengua anglesa<\/li>\n<li>Ci\u00e8ncies socials<\/li>\n<li>Educaci\u00f3 f\u00edsica<\/li>\n<li>Matem\u00e0tiques<\/li>\n<li>Pla lector<\/li>\n<li>Projectes<\/li>\n<\/ul>\n<\/td>\n<\/tr>\n<\/tbody>\n<\/table>\n<ul>\n<li>Tria de mat\u00e8ries espec\u00edfiques a 4t segons els interessos i les aptituds de l&#8217;alumnat.<\/li>\n<\/ul>\n<p><img loading=\"lazy\" decoding=\"async\" class=\"aligncenter wp-image-12045\" src=\"https:\/\/agora.xtec.cat\/inselstresturons\/wp-content\/uploads\/usu1101\/2025\/10\/Itineraris-4t-25-26.png\" alt=\"\" width=\"687\" height=\"274\" srcset=\"https:\/\/agora.xtec.cat\/inselstresturons\/wp-content\/uploads\/usu1101\/2025\/10\/Itineraris-4t-25-26.png 2336w, https:\/\/agora.xtec.cat\/inselstresturons\/wp-content\/uploads\/usu1101\/2025\/10\/Itineraris-4t-25-26-300x120.png 300w, https:\/\/agora.xtec.cat\/inselstresturons\/wp-content\/uploads\/usu1101\/2025\/10\/Itineraris-4t-25-26-1024x409.png 1024w, https:\/\/agora.xtec.cat\/inselstresturons\/wp-content\/uploads\/usu1101\/2025\/10\/Itineraris-4t-25-26-768x306.png 768w, https:\/\/agora.xtec.cat\/inselstresturons\/wp-content\/uploads\/usu1101\/2025\/10\/Itineraris-4t-25-26-1536x613.png 1536w, https:\/\/agora.xtec.cat\/inselstresturons\/wp-content\/uploads\/usu1101\/2025\/10\/Itineraris-4t-25-26-2048x817.png 2048w\" sizes=\"auto, (max-width: 687px) 100vw, 687px\" \/><\/p>\n","protected":false},"excerpt":{"rendered":"<p>Objectius de l&#8217;etapa<\/p>\n<ul>\n<li>Formar persones preparades per a la vida en societat<\/li>\n<li>Preparar l&#8217;alumnat per als estudis superiors o la vida laboral<\/li>\n<li>Atendre tota la diversitat per poder acreditar un graduat en estudis secundaris<\/li>\n<\/ul>\n<p>Informacions generals<\/p>\n<ul>\n<li>L&#8217;horari lectiu \u00e9s de dilluns a divendres de 8h a 14.30h.\u00a0 Pati de les&hellip;  <a href=\"https:\/\/agora.xtec.cat\/inselstresturons\/estudisdelcentre\/leso\/\" title=\"Read L&#8217;ESO\">Llegeix m\u00e9s\u00bb<\/a><br \/>\n","protected":false},"author":1,"featured_media":0,"parent":195,"menu_order":1,"comment_status":"closed","ping_status":"closed","template":"page-templates\/side-menu.php","meta":{"_bbp_topic_count":0,"_bbp_reply_count":0,"_bbp_total_topic_count":0,"_bbp_total_reply_count":0,"_bbp_voice_count":0,"_bbp_anonymous_reply_count":0,"_bbp_topic_count_hidden":0,"_bbp_reply_count_hidden":0,"_bbp_forum_subforum_count":0,"footnotes":""},"class_list":["post-6372","page","type-page","status-publish","hentry"],"post_mailing_queue_ids":[],"_links":{"self":[{"href":"https:\/\/agora.xtec.cat\/inselstresturons\/wp-json\/wp\/v2\/pages\/6372","targetHints":{"allow":["GET"]}}],"collection":[{"href":"https:\/\/agora.xtec.cat\/inselstresturons\/wp-json\/wp\/v2\/pages"}],"about":[{"href":"https:\/\/agora.xtec.cat\/inselstresturons\/wp-json\/wp\/v2\/types\/page"}],"author":[{"embeddable":true,"href":"https:\/\/agora.xtec.cat\/inselstresturons\/wp-json\/wp\/v2\/users\/1"}],"replies":[{"embeddable":true,"href":"https:\/\/agora.xtec.cat\/inselstresturons\/wp-json\/wp\/v2\/comments?post=6372"}],"version-history":[{"count":7,"href":"https:\/\/agora.xtec.cat\/inselstresturons\/wp-json\/wp\/v2\/pages\/6372\/revisions"}],"predecessor-version":[{"id":12049,"href":"https:\/\/agora.xtec.cat\/inselstresturons\/wp-json\/wp\/v2\/pages\/6372\/revisions\/12049"}],"up":[{"embeddable":true,"href":"https:\/\/agora.xtec.cat\/inselstresturons\/wp-json\/wp\/v2\/pages\/195"}],"wp:attachment":[{"href":"https:\/\/agora.xtec.cat\/inselstresturons\/wp-json\/wp\/v2\/media?parent=6372"}],"curies":[{"name":"wp","href":"https:\/\/api.w.org\/{rel}","templated":true}]}}