{"id":6347,"date":"2021-09-03T17:18:45","date_gmt":"2021-09-03T15:18:45","guid":{"rendered":"https:\/\/agora.xtec.cat\/inselstresturons\/?page_id=6347"},"modified":"2021-09-20T12:24:17","modified_gmt":"2021-09-20T10:24:17","slug":"organitzacio-del-curs","status":"publish","type":"page","link":"https:\/\/agora.xtec.cat\/inselstresturons\/organitzacio-del-curs\/","title":{"rendered":"Organitzaci\u00f3 del curs escolar"},"content":{"rendered":"<p>Al men\u00fa lateral podeu trobar informaci\u00f3 sobre aspectes relacionats amb la gesti\u00f3 general i de diversos nivells educatius referents al curs escolar actual:<\/p>\n<ul>\n<li>Organigrama<\/li>\n<li>Llibres i material<\/li>\n<li>Calendari del curs<\/li>\n<li>Informacions i autoritzacions<\/li>\n<li>Reunions de fam\u00edlies<\/li>\n<li>Criteris d&#8217;avaluaci\u00f3<\/li>\n<li>Recomanacions d&#8217;estiu<\/li>\n<\/ul>\n<p>&nbsp;<\/p>\n","protected":false},"excerpt":{"rendered":"<p>Al men\u00fa lateral podeu trobar informaci\u00f3 sobre aspectes relacionats amb la gesti\u00f3 general i de diversos nivells educatius referents al curs escolar actual:<\/p>\n<ul>\n<li>Organigrama<\/li>\n<li>Llibres i material<\/li>\n<li>Calendari del curs<\/li>\n<li>Informacions i autoritzacions<\/li>\n<li>Reunions de fam\u00edlies<\/li>\n<li>Criteris d&#8217;avaluaci\u00f3<\/li>\n<li>Recomanacions d&#8217;estiu<\/li>\n<\/ul>\n<p>&nbsp;<\/p>\n","protected":false},"author":1,"featured_media":0,"parent":0,"menu_order":0,"comment_status":"closed","ping_status":"closed","template":"page-templates\/side-menu.php","meta":{"_bbp_topic_count":0,"_bbp_reply_count":0,"_bbp_total_topic_count":0,"_bbp_total_reply_count":0,"_bbp_voice_count":0,"_bbp_anonymous_reply_count":0,"_bbp_topic_count_hidden":0,"_bbp_reply_count_hidden":0,"_bbp_forum_subforum_count":0,"footnotes":""},"class_list":["post-6347","page","type-page","status-publish","hentry"],"post_mailing_queue_ids":[],"_links":{"self":[{"href":"https:\/\/agora.xtec.cat\/inselstresturons\/wp-json\/wp\/v2\/pages\/6347","targetHints":{"allow":["GET"]}}],"collection":[{"href":"https:\/\/agora.xtec.cat\/inselstresturons\/wp-json\/wp\/v2\/pages"}],"about":[{"href":"https:\/\/agora.xtec.cat\/inselstresturons\/wp-json\/wp\/v2\/types\/page"}],"author":[{"embeddable":true,"href":"https:\/\/agora.xtec.cat\/inselstresturons\/wp-json\/wp\/v2\/users\/1"}],"replies":[{"embeddable":true,"href":"https:\/\/agora.xtec.cat\/inselstresturons\/wp-json\/wp\/v2\/comments?post=6347"}],"version-history":[{"count":3,"href":"https:\/\/agora.xtec.cat\/inselstresturons\/wp-json\/wp\/v2\/pages\/6347\/revisions"}],"predecessor-version":[{"id":6589,"href":"https:\/\/agora.xtec.cat\/inselstresturons\/wp-json\/wp\/v2\/pages\/6347\/revisions\/6589"}],"wp:attachment":[{"href":"https:\/\/agora.xtec.cat\/inselstresturons\/wp-json\/wp\/v2\/media?parent=6347"}],"curies":[{"name":"wp","href":"https:\/\/api.w.org\/{rel}","templated":true}]}}