{"id":5518,"date":"2021-02-16T13:32:16","date_gmt":"2021-02-16T12:32:16","guid":{"rendered":"http:\/\/agora.xtec.cat\/inselstresturons\/?page_id=5518"},"modified":"2022-07-08T16:57:06","modified_gmt":"2022-07-08T14:57:06","slug":"tpv","status":"publish","type":"page","link":"https:\/\/agora.xtec.cat\/inselstresturons\/linstitut\/tpv\/","title":{"rendered":"TPV"},"content":{"rendered":"<p>L&#8217;aplicaci\u00f3 TPVEscola \u00e9s la nostra eina de comunicaci\u00f3 amb les fam\u00edlies pel que respecta a aquests tres usos:<\/p>\n<ul>\n<li>informacions<\/li>\n<li>pagaments<\/li>\n<li>autoritzacions<\/li>\n<\/ul>\n<p>De moment, tots els missatges es reben tamb\u00e9 per correu electr\u00f2nic. Si teniu l&#8217;aplicaci\u00f3 descarregada al m\u00f2bil podeu gestionar-ho tot des de la mateixa aplicaci\u00f3.<\/p>\n<ul>\n<li><a href=\"http:\/\/www.tpvescola.com\">Enlla\u00e7 a la p\u00e0gina de TPVEscola<\/a><\/li>\n<li><a href=\"https:\/\/agora.xtec.cat\/inselstresturons\/wp-content\/uploads\/usu1101\/2022\/07\/tpv-escola.pdf\">Com accedir a TPVEscola per internet i per l&#8217;aplicaci\u00f3, i fer pagaments<\/a><\/li>\n<li><a href=\"https:\/\/agora.xtec.cat\/inselstresturons\/wp-content\/uploads\/usu1101\/2021\/04\/Bizum_a_TPVEscola.pdf\">Com pagar per Bizum a trav\u00e9s de l&#8217;aplicaci\u00f3<\/a><\/li>\n<\/ul>\n<p>&nbsp;<\/p>\n","protected":false},"excerpt":{"rendered":"<p>L&#8217;aplicaci\u00f3 TPVEscola \u00e9s la nostra eina de comunicaci\u00f3 amb les fam\u00edlies pel que respecta a aquests tres usos:<\/p>\n<ul>\n<li>informacions<\/li>\n<li>pagaments<\/li>\n<li>autoritzacions<\/li>\n<\/ul>\n<p>De moment, tots els missatges es reben tamb\u00e9 per correu electr\u00f2nic. Si teniu l&#8217;aplicaci\u00f3 descarregada al m\u00f2bil podeu gestionar-ho tot des de la mateixa aplicaci\u00f3.<\/p>\n<ul>\n<li><a href=\"http:\/\/www.tpvescola.com\">Enlla\u00e7 a la&hellip;  <a href=\"https:\/\/agora.xtec.cat\/inselstresturons\/linstitut\/tpv\/\" title=\"Read TPV\">Llegeix m\u00e9s\u00bb<\/a><br \/>\n","protected":false},"author":1,"featured_media":0,"parent":19,"menu_order":8,"comment_status":"closed","ping_status":"closed","template":"page-templates\/side-menu.php","meta":{"_bbp_topic_count":0,"_bbp_reply_count":0,"_bbp_total_topic_count":0,"_bbp_total_reply_count":0,"_bbp_voice_count":0,"_bbp_anonymous_reply_count":0,"_bbp_topic_count_hidden":0,"_bbp_reply_count_hidden":0,"_bbp_forum_subforum_count":0,"footnotes":""},"class_list":["post-5518","page","type-page","status-publish","hentry"],"post_mailing_queue_ids":[],"_links":{"self":[{"href":"https:\/\/agora.xtec.cat\/inselstresturons\/wp-json\/wp\/v2\/pages\/5518","targetHints":{"allow":["GET"]}}],"collection":[{"href":"https:\/\/agora.xtec.cat\/inselstresturons\/wp-json\/wp\/v2\/pages"}],"about":[{"href":"https:\/\/agora.xtec.cat\/inselstresturons\/wp-json\/wp\/v2\/types\/page"}],"author":[{"embeddable":true,"href":"https:\/\/agora.xtec.cat\/inselstresturons\/wp-json\/wp\/v2\/users\/1"}],"replies":[{"embeddable":true,"href":"https:\/\/agora.xtec.cat\/inselstresturons\/wp-json\/wp\/v2\/comments?post=5518"}],"version-history":[{"count":3,"href":"https:\/\/agora.xtec.cat\/inselstresturons\/wp-json\/wp\/v2\/pages\/5518\/revisions"}],"predecessor-version":[{"id":7996,"href":"https:\/\/agora.xtec.cat\/inselstresturons\/wp-json\/wp\/v2\/pages\/5518\/revisions\/7996"}],"up":[{"embeddable":true,"href":"https:\/\/agora.xtec.cat\/inselstresturons\/wp-json\/wp\/v2\/pages\/19"}],"wp:attachment":[{"href":"https:\/\/agora.xtec.cat\/inselstresturons\/wp-json\/wp\/v2\/media?parent=5518"}],"curies":[{"name":"wp","href":"https:\/\/api.w.org\/{rel}","templated":true}]}}