{"id":5510,"date":"2021-02-15T07:34:30","date_gmt":"2021-02-15T06:34:30","guid":{"rendered":"http:\/\/agora.xtec.cat\/inselstresturons\/?page_id=5510"},"modified":"2024-10-25T18:58:57","modified_gmt":"2024-10-25T16:58:57","slug":"siei","status":"publish","type":"page","link":"https:\/\/agora.xtec.cat\/inselstresturons\/projecte-educatiu\/atencio-a-la-diversitat-2\/siei\/","title":{"rendered":"SIEI"},"content":{"rendered":"<h5>SUPORT INTENSIU PER A L&#8217;ESCOLA INCLUSIVA<\/h5>\n<p>&nbsp;<\/p>\n<p>QU\u00c8 ENTENEM COM A SIEI<\/p>\n<p>L\u2019entenem com una dotaci\u00f3 extraordin\u00e0ria de professionals que s\u2019adscriuen a la plantilla de centre. Aquests especialistes tenen l\u2019objectiu d\u2019atendre els alumnes amb necessitats educatives especials, fomentar la seva inclusi\u00f3 a les aules, aix\u00ed com de forma excepcional, establir espais d\u2019atenci\u00f3 individualitzada i tutoritzaci\u00f3, sempre que ho necessitin.<\/p>\n<p>Aquesta mesura es vertebra a partir del Decret 150\/2017 de l\u2019atenci\u00f3 educativa a l\u2019alumnat, en el marc d\u2019un sistema educatiu inclusiu i t\u00e9 per objecte garantir que tots els centres educatius sostinguts amb fons p\u00fablics dins de l\u2019ensenyament no universitari siguin inclusius. Aix\u00ed doncs, regula i estableix l\u2019atenci\u00f3 a la diversitat com un fet universal i persegueix un canvi de paradigma<br \/>\non es garanteixi l\u2019acc\u00e9s a l\u2019educaci\u00f3 i fomentin espais d\u2019\u00e8xit educatiu en condicions d\u2019igualtat.<\/p>\n<p>Finalment, el suport intensiu estableix coordinacions integrals i de continu\u00eftat amb els serveis externs de centre, un d\u2019ells el Departament de Salut a trav\u00e9s dels centres de salut mental infantil i juvenil (CSMIJ). I es realitza una coordinaci\u00f3 exhaustiva a trav\u00e9s de la Comissi\u00f3 d\u2019atenci\u00f3 educativa inclusiva (CAEI) per dissenyar itineraris individualitzats i inclusius de forma mancomunada.<\/p>\n<p>FUNCI\u00d3 DEL PROFESSORAT DEL SIEI<\/p>\n<p>El suport intensiu compta amb dos professionals d\u2019orientaci\u00f3 educativa (un d\u2019ells a mitja jornada) i una educadora d\u2019Educaci\u00f3 Especial. Aquests s\u00f3n responsables d\u2019atendre i fer el seguiment de l\u2019alumnat amb Necessitats Espec\u00edfiques de Suport Educatiu (NESE) que gaudeix del suport del recurs durant el seu itinerari formatiu. Afavorint al m\u00e0xim la inclusi\u00f3 a l\u2019aula ordin\u00e0ria.<\/p>\n<p>El document per a l\u2019organitzaci\u00f3 i la gesti\u00f3 de centre (Departament d\u2019Ensenyament 2023) indica que el professorat del suport intensiu per a l\u2019escolaritzaci\u00f3 inclusiva ha de centrar la intervenci\u00f3 en les seg\u00fcents actuacions:<\/p>\n<ul style=\"list-style-type: square;\">\n<li>Col\u00b7laborar amb l&#8217;equip directiu del centre en totes les actuacions per a la inclusi\u00f3 de l&#8217;alumnat.<\/li>\n<li>Participar en les diferents comissions pedag\u00f2giques del centre (CAEI).<\/li>\n<li>Planificar amb els docents activitats d&#8217;aprenentatge amb metodologies flexibles que permetin l&#8217;atenci\u00f3 a l&#8217;alumnat i col\u00b7laborar en la seva implementaci\u00f3 a l\u2019aula.<\/li>\n<li>Donar suport a l&#8217;equip docent dins l&#8217;aula per promoure la participaci\u00f3 i els aprenentatges dels alumnes amb necessitats espec\u00edfiques de suport educatiu; de forma excepcional, oferir suport individual (o en altres formes d&#8217;agrupament) dins o fora de l&#8217;aula.<\/li>\n<li>Col\u00b7laborar en l\u2019elaboraci\u00f3, seguiment i avaluaci\u00f3 del Pla Individualitzat.<\/li>\n<li>Afavorir el seguiment i avaluaci\u00f3 de l&#8217;alumnat, de forma sistem\u00e0tica, en relaci\u00f3 a l&#8217;assoliment de les compet\u00e8ncies.<\/li>\n<li>Col\u00b7laborar amb les fam\u00edlies i l&#8217;alumnat, en la mesura del possible, fent-los part\u00edcips de l&#8217;itinerari formatiu de l&#8217;alumne o alumna.<\/li>\n<\/ul>\n<p>ALUMNAT DEL SUPORT<\/p>\n<p>L\u2019alumnat a qui fem refer\u00e8ncia requereix ajudes espec\u00edfiques de suport educatiu. Al llarg de tota la seva escolaritat, tenen el dret d\u2019obtenir mesures i suports intensius per poder-se relacionar, participar i aprendre. \u00c9s tasca de l\u2019equip docent i dels especialistes vetllar, promoure i garantir la seva inclusi\u00f3 i els seus aprenentatges en entorns ordinaris de qualitat.<br \/>\nEnguany, la r\u00e0tio d\u2019alumnes que at\u00e9n el recurs es troba en els par\u00e0metres raonables de 7 persones. Es distribueixen a 2n d\u2019ESO amb dos alumnes, a 3r amb una alumna i a 4t amb quatre alumnes m\u00e9s.<\/p>\n<p>OBJECTIUS<\/p>\n<p>L\u2019atenci\u00f3 a la diversitat \u00e9s un fet i una necessitat. A mesura que s\u2019implementa el SIEI al centre, el recurs tamb\u00e9 ha de poder fer-se extensible a la resta de l\u2019alumnat. \u00c9s per aix\u00f2 que aquest curs 23-24 volem continuar oferint suport a l\u2019aula ordin\u00e0ria, l\u2019elaboraci\u00f3 de materials espec\u00edfics i adaptats, treballar en codoc\u00e8ncia a l\u2019aula de refer\u00e8ncia i donar suport a les fam\u00edlies amb l&#8217;orientaci\u00f3 i els itineraris formatius en etapa postobligat\u00f2ria.<\/p>\n<p>Un altre objectiu que perseguim \u00e9s el de configurar un espai de suport de car\u00e0cter h\u00edbrid i compartit. Una aula m\u00e9s de centre on poder configurar din\u00e0miques d\u2019atenci\u00f3 individualitzada i petit grup, si es requereix per necessitats.<\/p>\n<p>ORIENTACIONS METODOL\u00d2GIQUES<\/p>\n<p>S\u2019elaboraran en funci\u00f3 de les necessitats, l\u2019entorn, el context i els principis d\u2019inclusi\u00f3.<br \/>\nL&#8217;educaci\u00f3 inclusiva t\u00e9 per objectiu modificar aquelles orientacions d\u2019una societat cada cop m\u00e9s excloent i m\u00e9s dispar en recursos, obligant les persones a viure en la desigualtat i per sota dels nivells de dignitat, una clara amena\u00e7a a la cohesi\u00f3 social (Echeita, 2016). Cal entendre el concepte com un proc\u00e9s de recerca interminable amb l\u2019objectiu de donar la millor resposta a la<br \/>\ndiversitat, participaci\u00f3 i \u00e8xit de tot l\u2019alumnat. (Echeita i Ainscow, 2011).<\/p>\n<p><img loading=\"lazy\" decoding=\"async\" class=\"aligncenter wp-image-10698\" src=\"https:\/\/agora.xtec.cat\/inselstresturons\/wp-content\/uploads\/usu1101\/2024\/06\/Captura-siei.jpg\" alt=\"\" width=\"706\" height=\"331\" srcset=\"https:\/\/agora.xtec.cat\/inselstresturons\/wp-content\/uploads\/usu1101\/2024\/06\/Captura-siei.jpg 1772w, https:\/\/agora.xtec.cat\/inselstresturons\/wp-content\/uploads\/usu1101\/2024\/06\/Captura-siei-300x141.jpg 300w, https:\/\/agora.xtec.cat\/inselstresturons\/wp-content\/uploads\/usu1101\/2024\/06\/Captura-siei-1024x481.jpg 1024w, https:\/\/agora.xtec.cat\/inselstresturons\/wp-content\/uploads\/usu1101\/2024\/06\/Captura-siei-768x361.jpg 768w, https:\/\/agora.xtec.cat\/inselstresturons\/wp-content\/uploads\/usu1101\/2024\/06\/Captura-siei-1536x721.jpg 1536w\" sizes=\"auto, (max-width: 706px) 100vw, 706px\" \/><\/p>\n<p><img loading=\"lazy\" decoding=\"async\" class=\"aligncenter wp-image-10699\" src=\"https:\/\/agora.xtec.cat\/inselstresturons\/wp-content\/uploads\/usu1101\/2024\/06\/PHOTO-2024-06-03-12-37-07.jpg\" alt=\"\" width=\"702\" height=\"526\" srcset=\"https:\/\/agora.xtec.cat\/inselstresturons\/wp-content\/uploads\/usu1101\/2024\/06\/PHOTO-2024-06-03-12-37-07.jpg 1600w, https:\/\/agora.xtec.cat\/inselstresturons\/wp-content\/uploads\/usu1101\/2024\/06\/PHOTO-2024-06-03-12-37-07-300x225.jpg 300w, https:\/\/agora.xtec.cat\/inselstresturons\/wp-content\/uploads\/usu1101\/2024\/06\/PHOTO-2024-06-03-12-37-07-1024x768.jpg 1024w, https:\/\/agora.xtec.cat\/inselstresturons\/wp-content\/uploads\/usu1101\/2024\/06\/PHOTO-2024-06-03-12-37-07-768x576.jpg 768w, https:\/\/agora.xtec.cat\/inselstresturons\/wp-content\/uploads\/usu1101\/2024\/06\/PHOTO-2024-06-03-12-37-07-1536x1152.jpg 1536w, https:\/\/agora.xtec.cat\/inselstresturons\/wp-content\/uploads\/usu1101\/2024\/06\/PHOTO-2024-06-03-12-37-07-200x150.jpg 200w\" sizes=\"auto, (max-width: 702px) 100vw, 702px\" \/><\/p>\n<p>&nbsp;<\/p>\n<p>&nbsp;<\/p>\n<p>&nbsp;<\/p>\n<p>&nbsp;<\/p>\n<p>&nbsp;<\/p>\n<p>&nbsp;<\/p>\n<p>&nbsp;<\/p>\n<p>&nbsp;<\/p>\n","protected":false},"excerpt":{"rendered":"<p>SUPORT INTENSIU PER A L&#8217;ESCOLA INCLUSIVA<br \/>\n&nbsp;<br \/>\nQU\u00c8 ENTENEM COM A SIEI<br \/>\nL\u2019entenem com una dotaci\u00f3 extraordin\u00e0ria de professionals que s\u2019adscriuen a la plantilla de centre. Aquests especialistes tenen l\u2019objectiu d\u2019atendre els alumnes amb necessitats educatives especials, fomentar la seva inclusi\u00f3 a les aules, aix\u00ed com de forma&hellip;  <a href=\"https:\/\/agora.xtec.cat\/inselstresturons\/projecte-educatiu\/atencio-a-la-diversitat-2\/siei\/\" title=\"Read SIEI\">Llegeix m\u00e9s\u00bb<\/a><\/p>\n","protected":false},"author":1,"featured_media":0,"parent":782,"menu_order":1,"comment_status":"closed","ping_status":"closed","template":"page-templates\/side-menu.php","meta":{"_bbp_topic_count":0,"_bbp_reply_count":0,"_bbp_total_topic_count":0,"_bbp_total_reply_count":0,"_bbp_voice_count":0,"_bbp_anonymous_reply_count":0,"_bbp_topic_count_hidden":0,"_bbp_reply_count_hidden":0,"_bbp_forum_subforum_count":0,"footnotes":""},"class_list":["post-5510","page","type-page","status-publish","hentry"],"post_mailing_queue_ids":[],"_links":{"self":[{"href":"https:\/\/agora.xtec.cat\/inselstresturons\/wp-json\/wp\/v2\/pages\/5510","targetHints":{"allow":["GET"]}}],"collection":[{"href":"https:\/\/agora.xtec.cat\/inselstresturons\/wp-json\/wp\/v2\/pages"}],"about":[{"href":"https:\/\/agora.xtec.cat\/inselstresturons\/wp-json\/wp\/v2\/types\/page"}],"author":[{"embeddable":true,"href":"https:\/\/agora.xtec.cat\/inselstresturons\/wp-json\/wp\/v2\/users\/1"}],"replies":[{"embeddable":true,"href":"https:\/\/agora.xtec.cat\/inselstresturons\/wp-json\/wp\/v2\/comments?post=5510"}],"version-history":[{"count":5,"href":"https:\/\/agora.xtec.cat\/inselstresturons\/wp-json\/wp\/v2\/pages\/5510\/revisions"}],"predecessor-version":[{"id":10700,"href":"https:\/\/agora.xtec.cat\/inselstresturons\/wp-json\/wp\/v2\/pages\/5510\/revisions\/10700"}],"up":[{"embeddable":true,"href":"https:\/\/agora.xtec.cat\/inselstresturons\/wp-json\/wp\/v2\/pages\/782"}],"wp:attachment":[{"href":"https:\/\/agora.xtec.cat\/inselstresturons\/wp-json\/wp\/v2\/media?parent=5510"}],"curies":[{"name":"wp","href":"https:\/\/api.w.org\/{rel}","templated":true}]}}