{"id":5461,"date":"2021-02-14T10:28:21","date_gmt":"2021-02-14T09:28:21","guid":{"rendered":"http:\/\/agora.xtec.cat\/inselstresturons\/?page_id=5461"},"modified":"2026-01-29T15:10:49","modified_gmt":"2026-01-29T14:10:49","slug":"portes-obertes","status":"publish","type":"page","link":"https:\/\/agora.xtec.cat\/inselstresturons\/linstitut\/portes-obertes\/","title":{"rendered":"Portes obertes"},"content":{"rendered":"<p align=\"justify\"><span style=\"color: #000000;\"><strong><span style=\"font-family: Calibri, sans-serif;\"><b>Formant joves des de 1979<\/b><\/span><\/strong><\/span><\/p>\n<p align=\"justify\">L\u2018Institut Els Tres Turons neix, ara fa m\u00e9s de quaranta anys, amb una clara intenci\u00f3 de servei p\u00fablic. Des dels seus inicis, l\u2019objectiu prioritari de tots els equips directius del centre ha estat\u00a0 i \u00e9s <span style=\"font-family: inherit; font-size: 1em;\">garantir una educaci\u00f3 de qualitat per a tothom.<\/span><\/p>\n<p align=\"justify\">Al llarg d\u2019aquestes quatre d\u00e8cades, hem estat un referent de formaci\u00f3 dels joves de la zona. Aquest fet ens impulsa i ens obliga a millorar dia a dia en benefici de l\u2019alumnat, de les fam\u00edlies que ens dipositen la seva confian\u00e7a i de la pr\u00f2pia societat.<\/p>\n<p align=\"justify\">Vivim en una societat canviant, que presenta grans reptes. Aix\u00f2 exigeix revisar de forma constant i reorientar el nostre plantejament pedag\u00f2gic per tal que els nostres estudiants puguin fer front a aquests desafiaments de la societat del segle XXI.<\/p>\n<p align=\"justify\">Entenem l\u2019educaci\u00f3 com un acompanyament en el creixement personal cap a una formaci\u00f3 integral de l\u2019alumnat per tal que esdevinguin persones aut\u00f2nomes, amb la capacitat d\u2019avan\u00e7ar-se als problemes i prendre les mesures per afrontar-los de manera positiva. En aquest sentit, es respecta i at\u00e9n la individualitat i la diversitat de l\u2019alumnat.<\/p>\n<p align=\"justify\">Per arribar a aquests objectius, el projecte pedag\u00f2gic del centre es basa en dos eixos vertebradors: la conviv\u00e8ncia i la metodologia basada en la digitalitzaci\u00f3 i la innovaci\u00f3.<\/p>\n<p align=\"justify\">La conviv\u00e8ncia en el centre \u00e9s per a nosaltres un valor fonamental. \u00c9s l\u2019eina clau per millorar les interrelacions humanes, el benestar emocional i la integritat f\u00edsica. Per aconseguir aquest objectiu, treballem aquest valor dins d\u2019un clima de mediaci\u00f3 i mesures restauratives. La conviv\u00e8ncia \u00e9s la clau per treballar en un entorn que afavoreixi l\u2019aprenentatge i acompanyi el creixement i la individualitat de cada jove.<\/p>\n<p align=\"justify\">La innovaci\u00f3 pedag\u00f2gica dota l\u2019alumnat de les eines imprescindibles per tal que percebi les seves habilitats i les potenci\u00ef, aix\u00ed com tamb\u00e9 prengui consci\u00e8ncia que t\u00e9 un paper important en la millora de la societat. Es fomenta el treball cooperatiu i els projectes pedag\u00f2gics com a recurs d\u2019aprenentatge i assoliment competencial.<\/p>\n<p align=\"justify\">Aquests eixos vertebradors nom\u00e9s es poden assolir gestionant el centre des de totes les vessants, de manera transversal, escoltant a tothom, analitzant les dades, valorant les experi\u00e8ncies, atenent les propostes i decidint com a equip impulsor sempre amb el suport de tothom.<\/p>\n<p align=\"justify\">Per poder portar a terme els nostres prop\u00f2sits, per tant, necessitem el suport de tota la comunitat educativa, de la qual formen part les fam\u00edlies, que s\u00f3n un eix fonamental de l\u2019educaci\u00f3 dels joves. En aquest sentit, \u00e9s imprescindible que hi hagi una comunicaci\u00f3 flu\u00efda entre aquestes fam\u00edlies i el centre.<\/p>\n<p align=\"justify\">Els Tres Turons avan\u00e7a amb propostes fermes que compten amb el suport de tots els membres que en formen part i amb l\u2019objectiu d\u2019avan\u00e7ar-se i adaptar-se a les necessitats dels nostres joves del segle XXI. Necessitem que ens continueu donant suport per seguir formant i preparant els i les nostres joves.<\/p>\n<p><strong>Consulta:<\/strong><\/p>\n<p>Presentaci\u00f3 de les portes obertes 2026<\/p>\n<ul>\n<li><a href=\"https:\/\/agora.xtec.cat\/inselstresturons\/linstitut\/qui-som\/\">Qui som i qu\u00e8 fem?<\/a><\/li>\n<li><a href=\"https:\/\/agora.xtec.cat\/inselstresturons\/linstitut\/instal%c2%b7lacions\/\">Les instal\u00b7lacions\u00a0<\/a><\/li>\n<li><a href=\"https:\/\/agora.xtec.cat\/inselstresturons\/estudisdelcentre\/\">Els estudis<\/a><\/li>\n<li><a href=\"https:\/\/agora.xtec.cat\/inselstresturons\/categoria\/linstitut\/afa\/\">L&#8217;AFA<\/a><\/li>\n<\/ul>\n<p>&nbsp;<\/p>\n<p>&nbsp;<\/p>\n","protected":false},"excerpt":{"rendered":"<p>Formant joves des de 1979<br \/>\nL\u2018Institut Els Tres Turons neix, ara fa m\u00e9s de quaranta anys, amb una clara intenci\u00f3 de servei p\u00fablic. Des dels seus inicis, l\u2019objectiu prioritari de tots els equips directius del centre ha estat\u00a0 i \u00e9s garantir una educaci\u00f3 de qualitat per&hellip;  <a href=\"https:\/\/agora.xtec.cat\/inselstresturons\/linstitut\/portes-obertes\/\" title=\"Read Portes obertes\">Llegeix m\u00e9s\u00bb<\/a><\/p>\n","protected":false},"author":1,"featured_media":0,"parent":19,"menu_order":1,"comment_status":"closed","ping_status":"closed","template":"page-templates\/side-menu.php","meta":{"_bbp_topic_count":0,"_bbp_reply_count":0,"_bbp_total_topic_count":0,"_bbp_total_reply_count":0,"_bbp_voice_count":0,"_bbp_anonymous_reply_count":0,"_bbp_topic_count_hidden":0,"_bbp_reply_count_hidden":0,"_bbp_forum_subforum_count":0,"footnotes":""},"class_list":["post-5461","page","type-page","status-publish","hentry"],"post_mailing_queue_ids":[],"_links":{"self":[{"href":"https:\/\/agora.xtec.cat\/inselstresturons\/wp-json\/wp\/v2\/pages\/5461","targetHints":{"allow":["GET"]}}],"collection":[{"href":"https:\/\/agora.xtec.cat\/inselstresturons\/wp-json\/wp\/v2\/pages"}],"about":[{"href":"https:\/\/agora.xtec.cat\/inselstresturons\/wp-json\/wp\/v2\/types\/page"}],"author":[{"embeddable":true,"href":"https:\/\/agora.xtec.cat\/inselstresturons\/wp-json\/wp\/v2\/users\/1"}],"replies":[{"embeddable":true,"href":"https:\/\/agora.xtec.cat\/inselstresturons\/wp-json\/wp\/v2\/comments?post=5461"}],"version-history":[{"count":6,"href":"https:\/\/agora.xtec.cat\/inselstresturons\/wp-json\/wp\/v2\/pages\/5461\/revisions"}],"predecessor-version":[{"id":12463,"href":"https:\/\/agora.xtec.cat\/inselstresturons\/wp-json\/wp\/v2\/pages\/5461\/revisions\/12463"}],"up":[{"embeddable":true,"href":"https:\/\/agora.xtec.cat\/inselstresturons\/wp-json\/wp\/v2\/pages\/19"}],"wp:attachment":[{"href":"https:\/\/agora.xtec.cat\/inselstresturons\/wp-json\/wp\/v2\/media?parent=5461"}],"curies":[{"name":"wp","href":"https:\/\/api.w.org\/{rel}","templated":true}]}}