{"id":5381,"date":"2021-01-26T05:57:44","date_gmt":"2021-01-26T04:57:44","guid":{"rendered":"http:\/\/agora.xtec.cat\/inselstresturons\/?page_id=5381"},"modified":"2025-05-14T18:39:52","modified_gmt":"2025-05-14T16:39:52","slug":"el-ptt","status":"publish","type":"page","link":"https:\/\/agora.xtec.cat\/inselstresturons\/estudisdelcentre\/el-ptt\/","title":{"rendered":"El PFI &#8211; PTT Auxiliar en Comer\u00e7 i atenci\u00f3 al p\u00fablic"},"content":{"rendered":"<h4><span style=\"color: #000000;\">PFI. Per als alumnes sense graduat en secund\u00e0ria<\/span><\/h4>\n<p>Els\u00a0<strong>programes de formaci\u00f3 i inserci\u00f3 (PFI)<\/strong>, que s\u00f3n\u00a0<strong>voluntaris<\/strong>\u00a0i duren un curs acad\u00e8mic, estan pensats per a\u00a0<strong>joves d&#8217;entre 16 i 21 anys<\/strong>\u00a0que han deixat l&#8217;educaci\u00f3 secund\u00e0ria obligat\u00f2ria i no segueixen estudis en el sistema educatiu ni participen en cap acci\u00f3 formativa. L&#8217;objectiu\u00a0dels PFI \u00e9s proporcionar-los, d&#8217;una banda, la possibilitat de\u00a0<strong>tornar al sistema educatiu<\/strong>\u00a0(a la formaci\u00f3 professional) i, de l&#8217;altra, l&#8217;aprenentatge imprescindible per\u00a0<strong>accedir al mercat de treball<\/strong>.<\/p>\n<p>Cal tenir 16 anys o fer-los l&#8217;any natural de la preinscripci\u00f3.<\/p>\n<p>Els PFI s&#8217;adscriuen a diferents\u00a0<strong>fam\u00edlies professionals<\/strong>. A l&#8217;Institut <strong>Els Tres Turons<\/strong> d&#8217;Arenys de Mar podeu cursar el Plans de Transici\u00f3 al Treball (PTT) <span style=\"font-family: inherit; font-size: 1em;\">d&#8217;<\/span><strong style=\"font-family: inherit; font-size: 1em;\">Auxiliar de vendes, oficina i atenci\u00f3 al p\u00fablic<\/strong><\/p>\n<p>M\u00e9s informaci\u00f3 a:<\/p>\n<ul>\n<li><a href=\"https:\/\/agora.xtec.cat\/inselstresturons\/wp-content\/uploads\/usu1101\/2025\/05\/Presentacio_PFI.pdf\">Presentaci\u00f3 dels PTT d&#8217;Arenys de Mar<\/a><\/li>\n<li><a href=\"https:\/\/sites.google.com\/xtec.cat\/pttarenysdemar\/\">P\u00e0gina web PTT Arenys de Mar<\/a><\/li>\n<li><a href=\"https:\/\/agora.xtec.cat\/inselstresturons\/wp-content\/uploads\/usu1101\/2024\/03\/Diptic-difusio-2425-Ptt-Arenys-de-Mar-1-2.pdf\">D\u00edptic PTT Arenys de Mar<\/a><\/li>\n<li><a style=\"color: #2795b6;\" href=\"https:\/\/triaeducativa.gencat.cat\/ca\/fp\/pfi\/\">Triaeducativa<\/a><\/li>\n<\/ul>\n<ul>\n<li><a href=\"http:\/\/queestudiar.gencat.cat\/ca\/estudis\/pfi\/\">Informaci\u00f3 de tots els Programes de Formaci\u00f3 i Inserci\u00f3 (Estudiar a Catalunya),<\/a> i <a href=\"https:\/\/agora.xtec.cat\/inselstresturons\/wp-content\/uploads\/usu1101\/2023\/03\/oferta-places-PFI-2022-2023.pdf\">Actualitzaci\u00f3 de l&#8217;oferta d&#8217;estudis 2022-2023<\/a> (els del Maresme comencen a la p\u00e0gina 42).<\/li>\n<li><a href=\"https:\/\/agora.xtec.cat\/inselstresturons\/wp-content\/uploads\/usu1101\/2020\/05\/Formaci\u00f3-Professional-Alt-Maresme.pdf\">Llista de Formaci\u00f3 Professional (CFGM; CFGS; PFI) de l&#8217;Alt Maresme per al 2020-2021<\/a><\/li>\n<\/ul>\n<p>&nbsp;<\/p>\n<h3><\/h3>\n","protected":false},"excerpt":{"rendered":"<p>PFI. Per als alumnes sense graduat en secund\u00e0ria<br \/>\nEls\u00a0programes de formaci\u00f3 i inserci\u00f3 (PFI), que s\u00f3n\u00a0voluntaris\u00a0i duren un curs acad\u00e8mic, estan pensats per a\u00a0joves d&#8217;entre 16 i 21 anys\u00a0que han deixat l&#8217;educaci\u00f3 secund\u00e0ria obligat\u00f2ria i no segueixen estudis en el sistema educatiu ni participen en cap&hellip;  <a href=\"https:\/\/agora.xtec.cat\/inselstresturons\/estudisdelcentre\/el-ptt\/\" title=\"Read El PFI &#8211; PTT Auxiliar en Comer\u00e7 i atenci\u00f3 al p\u00fablic\">Llegeix m\u00e9s\u00bb<\/a><\/p>\n","protected":false},"author":1,"featured_media":0,"parent":195,"menu_order":6,"comment_status":"closed","ping_status":"closed","template":"page-templates\/side-menu.php","meta":{"_bbp_topic_count":0,"_bbp_reply_count":0,"_bbp_total_topic_count":0,"_bbp_total_reply_count":0,"_bbp_voice_count":0,"_bbp_anonymous_reply_count":0,"_bbp_topic_count_hidden":0,"_bbp_reply_count_hidden":0,"_bbp_forum_subforum_count":0,"footnotes":""},"class_list":["post-5381","page","type-page","status-publish","hentry"],"post_mailing_queue_ids":[],"_links":{"self":[{"href":"https:\/\/agora.xtec.cat\/inselstresturons\/wp-json\/wp\/v2\/pages\/5381","targetHints":{"allow":["GET"]}}],"collection":[{"href":"https:\/\/agora.xtec.cat\/inselstresturons\/wp-json\/wp\/v2\/pages"}],"about":[{"href":"https:\/\/agora.xtec.cat\/inselstresturons\/wp-json\/wp\/v2\/types\/page"}],"author":[{"embeddable":true,"href":"https:\/\/agora.xtec.cat\/inselstresturons\/wp-json\/wp\/v2\/users\/1"}],"replies":[{"embeddable":true,"href":"https:\/\/agora.xtec.cat\/inselstresturons\/wp-json\/wp\/v2\/comments?post=5381"}],"version-history":[{"count":6,"href":"https:\/\/agora.xtec.cat\/inselstresturons\/wp-json\/wp\/v2\/pages\/5381\/revisions"}],"predecessor-version":[{"id":11666,"href":"https:\/\/agora.xtec.cat\/inselstresturons\/wp-json\/wp\/v2\/pages\/5381\/revisions\/11666"}],"up":[{"embeddable":true,"href":"https:\/\/agora.xtec.cat\/inselstresturons\/wp-json\/wp\/v2\/pages\/195"}],"wp:attachment":[{"href":"https:\/\/agora.xtec.cat\/inselstresturons\/wp-json\/wp\/v2\/media?parent=5381"}],"curies":[{"name":"wp","href":"https:\/\/api.w.org\/{rel}","templated":true}]}}