{"id":5379,"date":"2021-01-26T05:57:35","date_gmt":"2021-01-26T04:57:35","guid":{"rendered":"http:\/\/agora.xtec.cat\/inselstresturons\/?page_id=5379"},"modified":"2021-09-08T19:06:16","modified_gmt":"2021-09-08T17:06:16","slug":"proves-dacces-a-cfgm","status":"publish","type":"page","link":"https:\/\/agora.xtec.cat\/inselstresturons\/estudisdelcentre\/orientacio-academica\/proves-dacces-a-cfgm\/","title":{"rendered":"Proves d&#8217;acc\u00e9s a CFGM"},"content":{"rendered":"<p>El Departament d&#8217;Educaci\u00f3 convoca la prova d&#8217;acc\u00e9s a cicles formatius de grau mitj\u00e0 per a les persones que no tenen el t\u00edtol de graduat en educaci\u00f3 secund\u00e0ria obligat\u00f2ria (o un altre d&#8217;equivalent a efectes d&#8217;acc\u00e9s a aquests ensenyaments).<\/p>\n<p>Per inscriure&#8217;s a la prova cal tenir 17 anys o m\u00e9s (o complir-los durant l&#8217;any natural de la preinscripci\u00f3).<\/p>\n<p>No poden inscriure&#8217;s les persones que tenen la titulaci\u00f3 acad\u00e8mica o els ensenyaments que permeten l&#8217;acc\u00e9s directe als cicles formatius de grau mitj\u00e0\u00a0(ESO o equivalent, el curs espec\u00edfic d&#8217;acc\u00e9s,\u00a0formaci\u00f3 professional b\u00e0sica o un PQPI)<\/p>\n<p><a href=\"http:\/\/educacio.gencat.cat\/ca\/serveis-tramits\/proves\/proves-acces\/gm-fp\/calendari\/\">http:\/\/educacio.gencat.cat\/ca\/serveis-tramits\/proves\/proves-acces\/gm-fp\/calendari\/<\/a><\/p>\n<p><a style=\"color: #2795b6;\" href=\"https:\/\/meet.google.com\/linkredirect?authuser=0&amp;dest=http%3A%2F%2Fwww.milaifontanals.cat%2Fexamen%2Fexamen.htm\">Clica aqu\u00ed per veure models de les proves\u00a0<\/a><\/p>\n<p><strong>Prova del curs 2020-2021<\/strong><\/p>\n<ul>\n<li><strong>Inscripci\u00f3<\/strong>:\u00a0del\u00a015 (a partir de les 9 h)\u00a0al\u00a025 de\u00a0mar\u00e7 de\u00a02021<\/li>\n<li>Pagament de la taxa: fins al\u00a026 de\u00a0mar\u00e7 de\u00a02021 (abans de les 22 h)<\/li>\n<li>Llista provisional d&#8217;admesos i exclosos: a partir del 13 d&#8217;abril de\u00a02021<\/li>\n<li>Presentaci\u00f3 de la documentaci\u00f3\u00a0al centre: del 14 al 27 d&#8217;abril de\u00a02021 (en horari d&#8217;atenci\u00f3 al p\u00fablic)<\/li>\n<li>Llista definitiva d&#8217;admesos i exclosos: a partir del 30 d&#8217;abril de\u00a02021<\/li>\n<li><strong>Prova<\/strong>: 5\u00a0de maig de\u00a02021<\/li>\n<\/ul>\n<p>&#8211; 15.30 h Verificaci\u00f3 de la identitat dels aspirants<br \/>\n&#8211; 16 h Primer bloc: parts comunicativa i social<br \/>\n&#8211; 18 h Descans<br \/>\n&#8211; 18.30 h Segon bloc: parts cientificotecnol\u00f2gica i matem\u00e0tica<\/p>\n<ul>\n<li>Qualificacions provisionals: a partir\u00a0del 21 de\u00a0maig de\u00a02021<\/li>\n<li>Termini per presentar reclamacions\u00a0al centre: del 24 al 26 de maig de\u00a02021 (en horari d&#8217;atenci\u00f3 al p\u00fablic)<\/li>\n<li>Qualificacions definitives: 28 de maig de 2021<\/li>\n<li>Emissi\u00f3 de certificats: a partir del 31 de maig de\u00a02021<\/li>\n<\/ul>\n<p><strong>M\u00e9s informaci\u00f3<\/strong> (continguts, temaris, resultats, exempcions, sol\u00b7licitud, etc.) a <a href=\"http:\/\/educacio.gencat.cat\/ca\/serveis-tramits\/proves\/proves-acces\/gm-fp\/\">Formaci\u00f3 professional. Grau mitj\u00e0.<\/a><\/p>\n","protected":false},"excerpt":{"rendered":"<p>El Departament d&#8217;Educaci\u00f3 convoca la prova d&#8217;acc\u00e9s a cicles formatius de grau mitj\u00e0 per a les persones que no tenen el t\u00edtol de graduat en educaci\u00f3 secund\u00e0ria obligat\u00f2ria (o un altre d&#8217;equivalent a efectes d&#8217;acc\u00e9s a aquests ensenyaments).<br \/>\nPer inscriure&#8217;s a la prova cal tenir 17&hellip;  <a href=\"https:\/\/agora.xtec.cat\/inselstresturons\/estudisdelcentre\/orientacio-academica\/proves-dacces-a-cfgm\/\" title=\"Read Proves d&#8217;acc\u00e9s a CFGM\">Llegeix m\u00e9s\u00bb<\/a><\/p>\n","protected":false},"author":1,"featured_media":0,"parent":4436,"menu_order":4,"comment_status":"closed","ping_status":"closed","template":"page-templates\/side-menu.php","meta":{"_bbp_topic_count":0,"_bbp_reply_count":0,"_bbp_total_topic_count":0,"_bbp_total_reply_count":0,"_bbp_voice_count":0,"_bbp_anonymous_reply_count":0,"_bbp_topic_count_hidden":0,"_bbp_reply_count_hidden":0,"_bbp_forum_subforum_count":0,"footnotes":""},"class_list":["post-5379","page","type-page","status-publish","hentry"],"post_mailing_queue_ids":[],"_links":{"self":[{"href":"https:\/\/agora.xtec.cat\/inselstresturons\/wp-json\/wp\/v2\/pages\/5379","targetHints":{"allow":["GET"]}}],"collection":[{"href":"https:\/\/agora.xtec.cat\/inselstresturons\/wp-json\/wp\/v2\/pages"}],"about":[{"href":"https:\/\/agora.xtec.cat\/inselstresturons\/wp-json\/wp\/v2\/types\/page"}],"author":[{"embeddable":true,"href":"https:\/\/agora.xtec.cat\/inselstresturons\/wp-json\/wp\/v2\/users\/1"}],"replies":[{"embeddable":true,"href":"https:\/\/agora.xtec.cat\/inselstresturons\/wp-json\/wp\/v2\/comments?post=5379"}],"version-history":[{"count":4,"href":"https:\/\/agora.xtec.cat\/inselstresturons\/wp-json\/wp\/v2\/pages\/5379\/revisions"}],"predecessor-version":[{"id":5755,"href":"https:\/\/agora.xtec.cat\/inselstresturons\/wp-json\/wp\/v2\/pages\/5379\/revisions\/5755"}],"up":[{"embeddable":true,"href":"https:\/\/agora.xtec.cat\/inselstresturons\/wp-json\/wp\/v2\/pages\/4436"}],"wp:attachment":[{"href":"https:\/\/agora.xtec.cat\/inselstresturons\/wp-json\/wp\/v2\/media?parent=5379"}],"curies":[{"name":"wp","href":"https:\/\/api.w.org\/{rel}","templated":true}]}}