{"id":5375,"date":"2021-01-26T05:56:44","date_gmt":"2021-01-26T04:56:44","guid":{"rendered":"http:\/\/agora.xtec.cat\/inselstresturons\/?page_id=5375"},"modified":"2025-01-22T09:25:59","modified_gmt":"2025-01-22T08:25:59","slug":"el-batxillerat","status":"publish","type":"page","link":"https:\/\/agora.xtec.cat\/inselstresturons\/estudisdelcentre\/el-batxillerat\/","title":{"rendered":"El batxillerat"},"content":{"rendered":"<p>A l&#8217;Institut Els Tres Turons impartim els batxillerats Human\u00edstic- Social i Cient\u00edfic-Tecnol\u00f2gic.<\/p>\n<p>L&#8217;horari lectiu \u00e9s de dilluns a divendres de 8 h a 14.30 h. El pati, de les 11 h\u00a0 a les 11.30 h. L&#8217;assist\u00e8ncia \u00e9s obligat\u00f2ria.<\/p>\n<h5>Consulta:<\/h5>\n<ul style=\"font-size: 16px; font-family: 'Helvetica Neue', Helvetica, Helvetica, Arial, sans-serif;\">\n<li><a href=\"https:\/\/agora.xtec.cat\/inselstresturons\/wp-content\/uploads\/usu1101\/2025\/01\/Disseny-curricular-2024-25.pdf\">El disseny curricular del nostre batxillerat 2024-2025<\/a><\/li>\n<li><a href=\"https:\/\/agora.xtec.cat\/inselstresturons\/wp-content\/uploads\/usu1101\/2025\/01\/ORIENTACIO-ACADEMICA-I-PROFESSIONAL-1.pdf\">Orientaci\u00f3 acad\u00e8mica i professional<\/a><\/li>\n<li><a href=\"https:\/\/agora.xtec.cat\/inselstresturons\/wp-content\/uploads\/usu1101\/2025\/01\/batxillerat.pdf\">Batxillerat (infografia de la Generalitat de Catalunya)<\/a><\/li>\n<li><a href=\"https:\/\/agora.xtec.cat\/inselstresturons\/estudisdelcentre\/el-batxillerat\/treballs-de-recerca\/\">El Treball de Recerca<\/a><\/li>\n<li><a href=\"https:\/\/agora.xtec.cat\/inselstresturons\/estudisdelcentre\/el-batxillerat\/estada-a-lempresa\/\">L&#8217;Estada a l&#8217;Empresa<\/a><\/li>\n<\/ul>\n<p><img loading=\"lazy\" decoding=\"async\" class=\"size-full wp-image-4653 alignleft\" src=\"https:\/\/agora.xtec.cat\/inselstresturons\/wp-content\/uploads\/usu1101\/2020\/05\/Estudiar-a-Catalunya.jpg\" alt=\"\" width=\"370\" height=\"126\" srcset=\"https:\/\/agora.xtec.cat\/inselstresturons\/wp-content\/uploads\/usu1101\/2020\/05\/Estudiar-a-Catalunya.jpg 370w, https:\/\/agora.xtec.cat\/inselstresturons\/wp-content\/uploads\/usu1101\/2020\/05\/Estudiar-a-Catalunya-300x102.jpg 300w\" sizes=\"auto, (max-width: 370px) 100vw, 370px\" \/><\/p>\n<p>&nbsp;<\/p>\n<p>&nbsp;<\/p>\n<p>&nbsp;<\/p>\n<p>&nbsp;<\/p>\n<ul>\n<li>Informaci\u00f3 general dels batxillerats: <a href=\"https:\/\/triaeducativa.gencat.cat\/ca\/batxillerat\/\">Tria educativa<\/a><\/li>\n<\/ul>\n","protected":false},"excerpt":{"rendered":"<p>A l&#8217;Institut Els Tres Turons impartim els batxillerats Human\u00edstic- Social i Cient\u00edfic-Tecnol\u00f2gic.<br \/>\nL&#8217;horari lectiu \u00e9s de dilluns a divendres de 8 h a 14.30 h. El pati, de les 11 h\u00a0 a les 11.30 h. L&#8217;assist\u00e8ncia \u00e9s obligat\u00f2ria.<br \/>\nConsulta:<\/p>\n<ul style=\"font-size: 16px; font-family: 'Helvetica Neue', Helvetica, Helvetica, Arial,&hellip;  <a href=\"https:\/\/agora.xtec.cat\/inselstresturons\/estudisdelcentre\/el-batxillerat\/\" title=\"Read El batxillerat\">Llegeix m\u00e9s\u00bb<\/a><\/p>\n","protected":false},"author":1,"featured_media":0,"parent":195,"menu_order":2,"comment_status":"closed","ping_status":"closed","template":"page-templates\/side-menu.php","meta":{"_bbp_topic_count":0,"_bbp_reply_count":0,"_bbp_total_topic_count":0,"_bbp_total_reply_count":0,"_bbp_voice_count":0,"_bbp_anonymous_reply_count":0,"_bbp_topic_count_hidden":0,"_bbp_reply_count_hidden":0,"_bbp_forum_subforum_count":0,"footnotes":""},"class_list":["post-5375","page","type-page","status-publish","hentry"],"post_mailing_queue_ids":[],"_links":{"self":[{"href":"https:\/\/agora.xtec.cat\/inselstresturons\/wp-json\/wp\/v2\/pages\/5375","targetHints":{"allow":["GET"]}}],"collection":[{"href":"https:\/\/agora.xtec.cat\/inselstresturons\/wp-json\/wp\/v2\/pages"}],"about":[{"href":"https:\/\/agora.xtec.cat\/inselstresturons\/wp-json\/wp\/v2\/types\/page"}],"author":[{"embeddable":true,"href":"https:\/\/agora.xtec.cat\/inselstresturons\/wp-json\/wp\/v2\/users\/1"}],"replies":[{"embeddable":true,"href":"https:\/\/agora.xtec.cat\/inselstresturons\/wp-json\/wp\/v2\/comments?post=5375"}],"version-history":[{"count":6,"href":"https:\/\/agora.xtec.cat\/inselstresturons\/wp-json\/wp\/v2\/pages\/5375\/revisions"}],"predecessor-version":[{"id":11327,"href":"https:\/\/agora.xtec.cat\/inselstresturons\/wp-json\/wp\/v2\/pages\/5375\/revisions\/11327"}],"up":[{"embeddable":true,"href":"https:\/\/agora.xtec.cat\/inselstresturons\/wp-json\/wp\/v2\/pages\/195"}],"wp:attachment":[{"href":"https:\/\/agora.xtec.cat\/inselstresturons\/wp-json\/wp\/v2\/media?parent=5375"}],"curies":[{"name":"wp","href":"https:\/\/api.w.org\/{rel}","templated":true}]}}