{"id":5296,"date":"2021-01-24T16:58:15","date_gmt":"2021-01-24T15:58:15","guid":{"rendered":"http:\/\/agora.xtec.cat\/inselstresturons\/?page_id=5296"},"modified":"2026-04-09T12:47:07","modified_gmt":"2026-04-09T10:47:07","slug":"matricula-ptt","status":"publish","type":"page","link":"https:\/\/agora.xtec.cat\/inselstresturons\/secretaria-2\/preinscripcio-i-matricula\/matricula-ptt\/","title":{"rendered":"Matr\u00edcula PFI"},"content":{"rendered":"<p><strong>MATR\u00cdCULA 2026-2027<\/strong><\/p>\n<p>Els alumnes preinscrits amb pla\u00e7a assignada han de formalitzar la matr\u00edcula.<\/p>\n<ul>\n<li>Dates de matriculaci\u00f3: del 6 a l&#8217;10 de juliol de 2026<\/li>\n<li>Informaci\u00f3: <a href=\"https:\/\/preinscripcio.gencat.cat\/ca\/estudis\/pfi\/inici\/\">Generalitat. Preinscripci\u00f3 i matr\u00edcula PFI<\/a><\/li>\n<\/ul>\n<p>Es considera que les persones que no es matriculen renuncien a la pla\u00e7a adjudicada, llevat que es produeixi un endarreriment per causes justificades i aix\u00ed ho comuniquin al centre.<\/p>\n<p>Quan, despr\u00e9s del proc\u00e9s ordinari de matr\u00edcula, quedin places vacants, el centre les ofereix als participants que en el proc\u00e9s de preinscripci\u00f3 no hagin estat assignats, tot respectant l&#8217;ordre obtingut en el proc\u00e9s de preinscripci\u00f3.<\/p>\n","protected":false},"excerpt":{"rendered":"<p>MATR\u00cdCULA 2026-2027<br \/>\nEls alumnes preinscrits amb pla\u00e7a assignada han de formalitzar la matr\u00edcula.<\/p>\n<ul>\n<li>Dates de matriculaci\u00f3: del 6 a l&#8217;10 de juliol de 2026<\/li>\n<li>Informaci\u00f3: <a href=\"https:\/\/preinscripcio.gencat.cat\/ca\/estudis\/pfi\/inici\/\">Generalitat. Preinscripci\u00f3 i matr\u00edcula PFI<\/a><\/li>\n<\/ul>\n<p>Es considera que les persones que no es matriculen renuncien a la pla\u00e7a adjudicada, llevat que es produeixi&hellip;  <a href=\"https:\/\/agora.xtec.cat\/inselstresturons\/secretaria-2\/preinscripcio-i-matricula\/matricula-ptt\/\" title=\"Read Matr\u00edcula PFI\">Llegeix m\u00e9s\u00bb<\/a><\/p>\n","protected":false},"author":1,"featured_media":0,"parent":499,"menu_order":10,"comment_status":"closed","ping_status":"closed","template":"page-templates\/side-menu.php","meta":{"_bbp_topic_count":0,"_bbp_reply_count":0,"_bbp_total_topic_count":0,"_bbp_total_reply_count":0,"_bbp_voice_count":0,"_bbp_anonymous_reply_count":0,"_bbp_topic_count_hidden":0,"_bbp_reply_count_hidden":0,"_bbp_forum_subforum_count":0,"footnotes":""},"class_list":["post-5296","page","type-page","status-publish","hentry"],"post_mailing_queue_ids":[],"_links":{"self":[{"href":"https:\/\/agora.xtec.cat\/inselstresturons\/wp-json\/wp\/v2\/pages\/5296","targetHints":{"allow":["GET"]}}],"collection":[{"href":"https:\/\/agora.xtec.cat\/inselstresturons\/wp-json\/wp\/v2\/pages"}],"about":[{"href":"https:\/\/agora.xtec.cat\/inselstresturons\/wp-json\/wp\/v2\/types\/page"}],"author":[{"embeddable":true,"href":"https:\/\/agora.xtec.cat\/inselstresturons\/wp-json\/wp\/v2\/users\/1"}],"replies":[{"embeddable":true,"href":"https:\/\/agora.xtec.cat\/inselstresturons\/wp-json\/wp\/v2\/comments?post=5296"}],"version-history":[{"count":7,"href":"https:\/\/agora.xtec.cat\/inselstresturons\/wp-json\/wp\/v2\/pages\/5296\/revisions"}],"predecessor-version":[{"id":12685,"href":"https:\/\/agora.xtec.cat\/inselstresturons\/wp-json\/wp\/v2\/pages\/5296\/revisions\/12685"}],"up":[{"embeddable":true,"href":"https:\/\/agora.xtec.cat\/inselstresturons\/wp-json\/wp\/v2\/pages\/499"}],"wp:attachment":[{"href":"https:\/\/agora.xtec.cat\/inselstresturons\/wp-json\/wp\/v2\/media?parent=5296"}],"curies":[{"name":"wp","href":"https:\/\/api.w.org\/{rel}","templated":true}]}}